{"id":15,"date":"2025-06-11T01:52:18","date_gmt":"2025-06-11T04:52:18","guid":{"rendered":"https:\/\/hospitalariars.com.br\/index.php\/cart\/"},"modified":"2025-06-11T12:49:25","modified_gmt":"2025-06-11T15:49:25","slug":"carrinho","status":"publish","type":"page","link":"https:\/\/hospitalariars.com.br\/index.php\/carrinho\/","title":{"rendered":"Carrinho"},"content":{"rendered":"\n<div data-block-name=\"woocommerce\/cart\" class=\"wp-block-woocommerce-cart alignwide is-loading\">\n<div data-block-name=\"woocommerce\/filled-cart-block\" class=\"wp-block-woocommerce-filled-cart-block\">\n<div data-block-name=\"woocommerce\/cart-items-block\" class=\"wp-block-woocommerce-cart-items-block\">\n<div data-block-name=\"woocommerce\/cart-line-items-block\" class=\"wp-block-woocommerce-cart-line-items-block\"><\/div>\n\n\n\n<div data-block-name=\"woocommerce\/cart-cross-sells-block\" class=\"wp-block-woocommerce-cart-cross-sells-block\">\n<h2 class=\"wp-block-heading has-large-font-size\">You may be interested in\u2026<\/h2>\n\n\n\n<div data-block-name=\"woocommerce\/cart-cross-sells-products-block\" class=\"wp-block-woocommerce-cart-cross-sells-products-block\"><\/div>\n<\/div>\n<\/div>\n\n\n\n<div data-block-name=\"woocommerce\/cart-totals-block\" class=\"wp-block-woocommerce-cart-totals-block\">\n<div data-block-name=\"woocommerce\/cart-order-summary-block\" class=\"wp-block-woocommerce-cart-order-summary-block\">\n<div data-block-name=\"woocommerce\/cart-order-summary-heading-block\" class=\"wp-block-woocommerce-cart-order-summary-heading-block\"><\/div><div data-block-name=\"woocommerce\/cart-order-summary-coupon-form-block\" class=\"wp-block-woocommerce-cart-order-summary-coupon-form-block\"><\/div><div data-block-name=\"woocommerce\/cart-order-summary-totals-block\" class=\"wp-block-woocommerce-cart-order-summary-totals-block\">\n<div data-block-name=\"woocommerce\/cart-order-summary-subtotal-block\" class=\"wp-block-woocommerce-cart-order-summary-subtotal-block\"><\/div>\n<div data-block-name=\"woocommerce\/cart-order-summary-discount-block\" class=\"wp-block-woocommerce-cart-order-summary-discount-block\"><\/div>\n<div data-block-name=\"woocommerce\/cart-order-summary-fee-block\" class=\"wp-block-woocommerce-cart-order-summary-fee-block\"><\/div>\n<div data-block-name=\"woocommerce\/cart-order-summary-shipping-block\" class=\"wp-block-woocommerce-cart-order-summary-shipping-block\"><\/div>\n<div data-block-name=\"woocommerce\/cart-order-summary-taxes-block\" class=\"wp-block-woocommerce-cart-order-summary-taxes-block\"><\/div><\/div>\n<\/div>\n\n\n\n<div data-block-name=\"woocommerce\/cart-express-payment-block\" class=\"wp-block-woocommerce-cart-express-payment-block\"><\/div>\n\n\n\n<div data-block-name=\"woocommerce\/proceed-to-checkout-block\" class=\"wp-block-woocommerce-proceed-to-checkout-block\"><\/div>\n\n\n\n<div data-block-name=\"woocommerce\/cart-accepted-payment-methods-block\" class=\"wp-block-woocommerce-cart-accepted-payment-methods-block\"><\/div>\n<\/div>\n<\/div>\n\n\n\n<div data-block-name=\"woocommerce\/empty-cart-block\" class=\"wp-block-woocommerce-empty-cart-block\">\n<h2 class=\"wp-block-heading has-text-align-center with-empty-cart-icon wc-block-cart__empty-cart__title\">Your cart is currently empty!<\/h2>\n\n\n\n<hr class=\"wp-block-separator has-alpha-channel-opacity is-style-dots\"\/>\n\n\n\n<h2 class=\"wp-block-heading has-text-align-center\">New in store<\/h2>\n\n\n<div data-block-name=\"woocommerce\/product-new\" data-columns=\"4\" data-rows=\"1\" class=\"wc-block-grid wp-block-product-new wp-block-woocommerce-product-new wc-block-product-new has-4-columns\"><ul class=\"wc-block-grid__products\"><li class=\"wc-block-grid__product\">\n\t\t\t\t<a href=\"https:\/\/hospitalariars.com.br\/index.php\/produto\/seringa-descartavel-para-insulina-1-ml-c-agulha-fixa-8x030-30g-medix\/\" class=\"wc-block-grid__product-link\">\n\t\t\t\t\t\n\t\t\t\t\t<div class=\"wc-block-grid__product-image\"><img loading=\"lazy\" decoding=\"async\" width=\"500\" height=\"308\" src=\"https:\/\/hospitalariars.com.br\/wp-content\/uploads\/2026\/02\/D_NQ_NP_2X_625306-MLU70102441689_062023-F.webp\" class=\"attachment-woocommerce_thumbnail size-woocommerce_thumbnail\" alt=\"D nq np 2x 625306 mlu70102441689 062023 f\" srcset=\"https:\/\/hospitalariars.com.br\/wp-content\/uploads\/2026\/02\/D_NQ_NP_2X_625306-MLU70102441689_062023-F.webp 500w, https:\/\/hospitalariars.com.br\/wp-content\/uploads\/2026\/02\/D_NQ_NP_2X_625306-MLU70102441689_062023-F-300x185.webp 300w, https:\/\/hospitalariars.com.br\/wp-content\/uploads\/2026\/02\/D_NQ_NP_2X_625306-MLU70102441689_062023-F-306x188.webp 306w\" sizes=\"auto, (max-width: 500px) 100vw, 500px\" \/><\/div>\n\t\t\t\t\t<div class=\"wc-block-grid__product-title\">Seringa descart\u00e1vel para Insulina 1 ml c\/ Agulha Fixa (8&#215;0,30 30G) &#8211; Medix<\/div>\n\t\t\t\t<\/a>\n\t\t\t\t<div class=\"wc-block-grid__product-price price\"><button type=\"button\" class=\"btn-consulte-valores\" data-product=\"9162\">Consulte valores<\/button><\/div>\n\t\t\t\t\n\t\t\t\t<div class=\"wp-block-button wc-block-grid__product-add-to-cart\"><a href=\"https:\/\/hospitalariars.com.br\/index.php\/produto\/seringa-descartavel-para-insulina-1-ml-c-agulha-fixa-8x030-30g-medix\/\" aria-label=\"Leia mais sobre &ldquo;Seringa descart\u00e1vel para Insulina 1 ml c\/ Agulha Fixa (8x0,30 30G) - Medix&rdquo;\" data-quantity=\"1\" data-product_id=\"9162\" data-product_sku=\"\" data-price=\"0\" rel=\"nofollow\" class=\"wp-block-button__link  add_to_cart_button\">Leia mais<\/a><\/div>\n\t\t\t<\/li><li class=\"wc-block-grid__product\">\n\t\t\t\t<a href=\"https:\/\/hospitalariars.com.br\/index.php\/produto\/luva-latex-com-po-caixa-com-100-un-descarpack\/\" class=\"wc-block-grid__product-link\">\n\t\t\t\t\t<div class=\"wc-block-grid__product-onsale\">\n\t\t\t<span aria-hidden=\"true\">Oferta<\/span>\n\t\t\t<span class=\"screen-reader-text\">Produto em promo\u00e7\u00e3o<\/span>\n\t\t<\/div>\n\t\t\t\t\t<div class=\"wc-block-grid__product-image\"><img loading=\"lazy\" decoding=\"async\" width=\"600\" height=\"600\" src=\"https:\/\/hospitalariars.com.br\/wp-content\/uploads\/2025\/11\/luva-procedimento-nao-cirurgico-com-po-p-descarpack-0530201-1-600x600.webp\" class=\"attachment-woocommerce_thumbnail size-woocommerce_thumbnail\" alt=\"Luva procedimento nao cirurgico com po p descarpack 0530201 1\" srcset=\"https:\/\/hospitalariars.com.br\/wp-content\/uploads\/2025\/11\/luva-procedimento-nao-cirurgico-com-po-p-descarpack-0530201-1-600x600.webp 600w, https:\/\/hospitalariars.com.br\/wp-content\/uploads\/2025\/11\/luva-procedimento-nao-cirurgico-com-po-p-descarpack-0530201-1-300x300.webp 300w, https:\/\/hospitalariars.com.br\/wp-content\/uploads\/2025\/11\/luva-procedimento-nao-cirurgico-com-po-p-descarpack-0530201-1-150x150.webp 150w, https:\/\/hospitalariars.com.br\/wp-content\/uploads\/2025\/11\/luva-procedimento-nao-cirurgico-com-po-p-descarpack-0530201-1-768x768.webp 768w, https:\/\/hospitalariars.com.br\/wp-content\/uploads\/2025\/11\/luva-procedimento-nao-cirurgico-com-po-p-descarpack-0530201-1-100x100.webp 100w, https:\/\/hospitalariars.com.br\/wp-content\/uploads\/2025\/11\/luva-procedimento-nao-cirurgico-com-po-p-descarpack-0530201-1-200x200.webp 200w, https:\/\/hospitalariars.com.br\/wp-content\/uploads\/2025\/11\/luva-procedimento-nao-cirurgico-com-po-p-descarpack-0530201-1-306x306.webp 306w, https:\/\/hospitalariars.com.br\/wp-content\/uploads\/2025\/11\/luva-procedimento-nao-cirurgico-com-po-p-descarpack-0530201-1-612x612.webp 612w, https:\/\/hospitalariars.com.br\/wp-content\/uploads\/2025\/11\/luva-procedimento-nao-cirurgico-com-po-p-descarpack-0530201-1-856x856.webp 856w, https:\/\/hospitalariars.com.br\/wp-content\/uploads\/2025\/11\/luva-procedimento-nao-cirurgico-com-po-p-descarpack-0530201-1.webp 1000w\" sizes=\"auto, (max-width: 600px) 100vw, 600px\" \/><\/div>\n\t\t\t\t\t<div class=\"wc-block-grid__product-title\">Luva L\u00e1tex Com P\u00f3 &#8211; Caixa com 100 un &#8211; Descarpack<\/div>\n\t\t\t\t<\/a>\n\t\t\t\t<div class=\"wc-block-grid__product-price price\"><button type=\"button\" class=\"btn-consulte-valores\" data-product=\"9047\">Consulte valores<\/button><\/div>\n\t\t\t\t\n\t\t\t\t<div class=\"wp-block-button wc-block-grid__product-add-to-cart\"><a href=\"https:\/\/hospitalariars.com.br\/index.php\/produto\/luva-latex-com-po-caixa-com-100-un-descarpack\/\" aria-label=\"Selecione as op\u00e7\u00f5es para &ldquo;Luva L\u00e1tex Com P\u00f3 - Caixa com 100 un - Descarpack&rdquo;\" data-quantity=\"1\" data-product_id=\"9047\" data-product_sku=\"\" data-price=\"23.99\" rel=\"nofollow\" class=\"wp-block-button__link  add_to_cart_button\">Comprar Agora<\/a><\/div>\n\t\t\t<\/li><li class=\"wc-block-grid__product\">\n\t\t\t\t<a href=\"https:\/\/hospitalariars.com.br\/index.php\/produto\/luva-vinil-sem-po-caixa-com-100-un-descarpack\/\" class=\"wc-block-grid__product-link\">\n\t\t\t\t\t<div class=\"wc-block-grid__product-onsale\">\n\t\t\t<span aria-hidden=\"true\">Oferta<\/span>\n\t\t\t<span class=\"screen-reader-text\">Produto em promo\u00e7\u00e3o<\/span>\n\t\t<\/div>\n\t\t\t\t\t<div class=\"wc-block-grid__product-image\"><img loading=\"lazy\" decoding=\"async\" width=\"600\" height=\"600\" src=\"https:\/\/hospitalariars.com.br\/wp-content\/uploads\/2025\/11\/luva-vinil-procedimento-nao-cirurgico-sem-po-p-descarpack-0541101-1-para-que-indicado_2-600x600.webp\" class=\"attachment-woocommerce_thumbnail size-woocommerce_thumbnail\" alt=\"Luva vinil procedimento nao cirurgico sem po p descarpack 0541101 1 para que indicado 2\" srcset=\"https:\/\/hospitalariars.com.br\/wp-content\/uploads\/2025\/11\/luva-vinil-procedimento-nao-cirurgico-sem-po-p-descarpack-0541101-1-para-que-indicado_2-600x600.webp 600w, https:\/\/hospitalariars.com.br\/wp-content\/uploads\/2025\/11\/luva-vinil-procedimento-nao-cirurgico-sem-po-p-descarpack-0541101-1-para-que-indicado_2-300x300.webp 300w, https:\/\/hospitalariars.com.br\/wp-content\/uploads\/2025\/11\/luva-vinil-procedimento-nao-cirurgico-sem-po-p-descarpack-0541101-1-para-que-indicado_2-150x150.webp 150w, https:\/\/hospitalariars.com.br\/wp-content\/uploads\/2025\/11\/luva-vinil-procedimento-nao-cirurgico-sem-po-p-descarpack-0541101-1-para-que-indicado_2-768x768.webp 768w, https:\/\/hospitalariars.com.br\/wp-content\/uploads\/2025\/11\/luva-vinil-procedimento-nao-cirurgico-sem-po-p-descarpack-0541101-1-para-que-indicado_2-100x100.webp 100w, https:\/\/hospitalariars.com.br\/wp-content\/uploads\/2025\/11\/luva-vinil-procedimento-nao-cirurgico-sem-po-p-descarpack-0541101-1-para-que-indicado_2-200x200.webp 200w, https:\/\/hospitalariars.com.br\/wp-content\/uploads\/2025\/11\/luva-vinil-procedimento-nao-cirurgico-sem-po-p-descarpack-0541101-1-para-que-indicado_2-306x306.webp 306w, https:\/\/hospitalariars.com.br\/wp-content\/uploads\/2025\/11\/luva-vinil-procedimento-nao-cirurgico-sem-po-p-descarpack-0541101-1-para-que-indicado_2-612x612.webp 612w, https:\/\/hospitalariars.com.br\/wp-content\/uploads\/2025\/11\/luva-vinil-procedimento-nao-cirurgico-sem-po-p-descarpack-0541101-1-para-que-indicado_2-856x856.webp 856w, https:\/\/hospitalariars.com.br\/wp-content\/uploads\/2025\/11\/luva-vinil-procedimento-nao-cirurgico-sem-po-p-descarpack-0541101-1-para-que-indicado_2.webp 1000w\" sizes=\"auto, (max-width: 600px) 100vw, 600px\" \/><\/div>\n\t\t\t\t\t<div class=\"wc-block-grid__product-title\">Luva de vinil para procedimentos n\u00e3o cir\u00fargicos sem p\u00f3 &#8211; DESCARPACK com 100 unidades<\/div>\n\t\t\t\t<\/a>\n\t\t\t\t<div class=\"wc-block-grid__product-price price\"><button type=\"button\" class=\"btn-consulte-valores\" data-product=\"9041\">Consulte valores<\/button><\/div>\n\t\t\t\t\n\t\t\t\t<div class=\"wp-block-button wc-block-grid__product-add-to-cart\"><a href=\"https:\/\/hospitalariars.com.br\/index.php\/produto\/luva-vinil-sem-po-caixa-com-100-un-descarpack\/\" aria-label=\"Selecione as op\u00e7\u00f5es para &ldquo;Luva de vinil para procedimentos n\u00e3o cir\u00fargicos sem p\u00f3 - DESCARPACK com 100 unidades&rdquo;\" data-quantity=\"1\" data-product_id=\"9041\" data-product_sku=\"\" data-price=\"14.99\" rel=\"nofollow\" class=\"wp-block-button__link  add_to_cart_button\">Comprar Agora<\/a><\/div>\n\t\t\t<\/li><li class=\"wc-block-grid__product\">\n\t\t\t\t<a href=\"https:\/\/hospitalariars.com.br\/index.php\/produto\/seringa-hipodermica-esteril-luer-lock-sem-agulha-10-ml-rymco\/\" class=\"wc-block-grid__product-link\">\n\t\t\t\t\t<div class=\"wc-block-grid__product-onsale\">\n\t\t\t<span aria-hidden=\"true\">Oferta<\/span>\n\t\t\t<span class=\"screen-reader-text\">Produto em promo\u00e7\u00e3o<\/span>\n\t\t<\/div>\n\t\t\t\t\t<div class=\"wc-block-grid__product-image\"><img loading=\"lazy\" decoding=\"async\" width=\"600\" height=\"600\" src=\"https:\/\/hospitalariars.com.br\/wp-content\/uploads\/2025\/11\/243049000-600x600.webp\" class=\"attachment-woocommerce_thumbnail size-woocommerce_thumbnail\" alt=\"243049000\" srcset=\"https:\/\/hospitalariars.com.br\/wp-content\/uploads\/2025\/11\/243049000-600x600.webp 600w, https:\/\/hospitalariars.com.br\/wp-content\/uploads\/2025\/11\/243049000-300x300.webp 300w, https:\/\/hospitalariars.com.br\/wp-content\/uploads\/2025\/11\/243049000-150x150.webp 150w, https:\/\/hospitalariars.com.br\/wp-content\/uploads\/2025\/11\/243049000-768x768.webp 768w, https:\/\/hospitalariars.com.br\/wp-content\/uploads\/2025\/11\/243049000-100x100.webp 100w, https:\/\/hospitalariars.com.br\/wp-content\/uploads\/2025\/11\/243049000-200x200.webp 200w, https:\/\/hospitalariars.com.br\/wp-content\/uploads\/2025\/11\/243049000-306x306.webp 306w, https:\/\/hospitalariars.com.br\/wp-content\/uploads\/2025\/11\/243049000-612x612.webp 612w, https:\/\/hospitalariars.com.br\/wp-content\/uploads\/2025\/11\/243049000-856x856.webp 856w, https:\/\/hospitalariars.com.br\/wp-content\/uploads\/2025\/11\/243049000.webp 1000w\" sizes=\"auto, (max-width: 600px) 100vw, 600px\" \/><\/div>\n\t\t\t\t\t<div class=\"wc-block-grid__product-title\">Seringa hipod\u00e9rmica est\u00e9ril Luer Lock sem agulha 10 ml &#8211; RYMCO<\/div>\n\t\t\t\t<\/a>\n\t\t\t\t<div class=\"wc-block-grid__product-price price\"><button type=\"button\" class=\"btn-consulte-valores\" data-product=\"9033\">Consulte valores<\/button><\/div>\n\t\t\t\t\n\t\t\t\t<div class=\"wp-block-button wc-block-grid__product-add-to-cart\"><a href=\"https:\/\/hospitalariars.com.br\/index.php\/produto\/seringa-hipodermica-esteril-luer-lock-sem-agulha-10-ml-rymco\/\" aria-label=\"Leia mais sobre &ldquo;Seringa hipod\u00e9rmica est\u00e9ril Luer Lock sem agulha 10 ml - RYMCO&rdquo;\" data-quantity=\"1\" data-product_id=\"9033\" data-product_sku=\"\" data-price=\"0.35\" rel=\"nofollow\" class=\"wp-block-button__link  add_to_cart_button\">Leia mais<\/a><\/div>\n\t\t\t<\/li><\/ul><\/div><\/div>\n<\/div>\n","protected":false},"excerpt":{"rendered":"","protected":false},"author":1,"featured_media":0,"parent":0,"menu_order":0,"comment_status":"closed","ping_status":"closed","template":"","meta":{"slim_seo":{"title":"Carrinho - Hospitalaria RS","description":""},"footnotes":""},"class_list":{"0":"post-15","1":"page","2":"type-page","3":"status-publish","5":"mbf-entry"},"_links":{"self":[{"href":"https:\/\/hospitalariars.com.br\/index.php\/wp-json\/wp\/v2\/pages\/15","targetHints":{"allow":["GET"]}}],"collection":[{"href":"https:\/\/hospitalariars.com.br\/index.php\/wp-json\/wp\/v2\/pages"}],"about":[{"href":"https:\/\/hospitalariars.com.br\/index.php\/wp-json\/wp\/v2\/types\/page"}],"author":[{"embeddable":true,"href":"https:\/\/hospitalariars.com.br\/index.php\/wp-json\/wp\/v2\/users\/1"}],"replies":[{"embeddable":true,"href":"https:\/\/hospitalariars.com.br\/index.php\/wp-json\/wp\/v2\/comments?post=15"}],"version-history":[{"count":1,"href":"https:\/\/hospitalariars.com.br\/index.php\/wp-json\/wp\/v2\/pages\/15\/revisions"}],"predecessor-version":[{"id":7209,"href":"https:\/\/hospitalariars.com.br\/index.php\/wp-json\/wp\/v2\/pages\/15\/revisions\/7209"}],"wp:attachment":[{"href":"https:\/\/hospitalariars.com.br\/index.php\/wp-json\/wp\/v2\/media?parent=15"}],"curies":[{"name":"wp","href":"https:\/\/api.w.org\/{rel}","templated":true}]}}