{"id":18,"date":"2025-06-12T01:37:26","date_gmt":"2025-06-12T04:37:26","guid":{"rendered":"https:\/\/hospitalariars.com.br\/?page_id=18"},"modified":"2025-06-21T20:04:48","modified_gmt":"2025-06-21T23:04:48","slug":"politica-de-frete","status":"publish","type":"page","link":"https:\/\/hospitalariars.com.br\/index.php\/politica-de-frete\/","title":{"rendered":"Politica de Frete"},"content":{"rendered":"<div style=\"border: 1px solid #ddd; border-radius: 8px; padding: 24px; background: #f9f9f9; font-family: sans-serif;\">\n<h2 style=\"margin-top: 0; font-size: 24px;\">\ud83d\udce6 Como funciona o <em>frete<\/em> na <strong>Hospitalaria<\/strong>?<\/h2>\n<p>Enviamos para <strong>todas as regi\u00f5es do Brasil!<\/strong> Confira abaixo as condi\u00e7\u00f5es:<\/p>\n<h3 style=\"margin-top: 20px; color: green;\">\ud83d\udfe2 Frete Gr\u00e1tis<\/h3>\n<p><strong>Pedidos acima de R$ 200,00<\/strong> em <strong>Porto Alegre<\/strong> e Regi\u00e3o Metropolitana \u2013 v\u00e1lido apenas para:<\/p>\n<ul style=\"padding-left: 20px; margin-top: 10px;\">\n<li>Cachoeirinha<\/li>\n<li>Canoas<\/li>\n<li>Esteio<\/li>\n<li>Gravata\u00ed<\/li>\n<li>Nova Santa Rita<\/li>\n<li>Novo Hamburgo<\/li>\n<li>Porto Alegre<\/li>\n<li>S\u00e3o Leopoldo<\/li>\n<li>Sapucaia do Sul<\/li>\n<\/ul>\n<p style=\"margin-top: 10px;\"><strong>Pedidos abaixo de R$ 200,00<\/strong> nessas mesmas cidades: <span style=\"color: #333;\">frete fixo de <strong>R$ 25,00<\/strong><\/span>.<\/p>\n<h3 style=\"margin-top: 20px;\">\ud83d\udccd Outras Regi\u00f5es do Brasil<\/h3>\n<p>O valor do frete ser\u00e1 calculado automaticamente com base nas seguintes vari\u00e1veis:<\/p>\n<ul style=\"padding-left: 20px;\">\n<li>Local da entrega (CEP)<\/li>\n<li>Valor total do pedido<\/li>\n<li>Peso<\/li>\n<li>Dimens\u00f5es \/ cubagem<\/li>\n<\/ul>\n<p style=\"margin-top: 20px; background-color: #fff8dc; padding: 12px; border-left: 4px solid #ffae00;\"><strong>Importante:<\/strong><br \/>\nCaso voc\u00ea utilize um cupom de desconto ou opte por pagamento \u00e0 vista com desconto, e o valor final fique abaixo de R$ 200,00, <strong>o frete gr\u00e1tis n\u00e3o ser\u00e1 aplicado<\/strong> \u2013 mesmo que o subtotal tenha atingido esse valor antes dos descontos.<\/p>\n<\/div>\n","protected":false},"excerpt":{"rendered":"\ud83d\udce6 Como funciona o frete na Hospitalaria? Enviamos para todas as regi\u00f5es do Brasil! Confira abaixo as condi\u00e7\u00f5es:&hellip;","protected":false},"author":1,"featured_media":0,"parent":0,"menu_order":0,"comment_status":"closed","ping_status":"closed","template":"","meta":{"slim_seo":{"title":"Politica de Frete - Hospitalaria RS","description":"\ud83d\udce6 Como funciona o frete na Hospitalaria ? Enviamos para todas as regi\u00f5es do Brasil! Confira abaixo as condi\u00e7\u00f5es: \ud83d\udfe2 Frete Gr\u00e1tis Pedidos acima de R$ 200,00 em Po"},"footnotes":""},"class_list":{"0":"post-18","1":"page","2":"type-page","3":"status-publish","5":"mbf-entry"},"_links":{"self":[{"href":"https:\/\/hospitalariars.com.br\/index.php\/wp-json\/wp\/v2\/pages\/18","targetHints":{"allow":["GET"]}}],"collection":[{"href":"https:\/\/hospitalariars.com.br\/index.php\/wp-json\/wp\/v2\/pages"}],"about":[{"href":"https:\/\/hospitalariars.com.br\/index.php\/wp-json\/wp\/v2\/types\/page"}],"author":[{"embeddable":true,"href":"https:\/\/hospitalariars.com.br\/index.php\/wp-json\/wp\/v2\/users\/1"}],"replies":[{"embeddable":true,"href":"https:\/\/hospitalariars.com.br\/index.php\/wp-json\/wp\/v2\/comments?post=18"}],"version-history":[{"count":3,"href":"https:\/\/hospitalariars.com.br\/index.php\/wp-json\/wp\/v2\/pages\/18\/revisions"}],"predecessor-version":[{"id":7752,"href":"https:\/\/hospitalariars.com.br\/index.php\/wp-json\/wp\/v2\/pages\/18\/revisions\/7752"}],"wp:attachment":[{"href":"https:\/\/hospitalariars.com.br\/index.php\/wp-json\/wp\/v2\/media?parent=18"}],"curies":[{"name":"wp","href":"https:\/\/api.w.org\/{rel}","templated":true}]}}