{"id":7290,"date":"2025-06-11T21:54:26","date_gmt":"2025-06-12T00:54:26","guid":{"rendered":"https:\/\/hospitalariars.com.br\/?post_type=product&#038;p=7290"},"modified":"2026-03-27T16:03:45","modified_gmt":"2026-03-27T19:03:45","slug":"luva-nitrilica-rosa-caixa-com-100-un-tamanho-m","status":"publish","type":"product","link":"https:\/\/hospitalariars.com.br\/index.php\/produto\/luva-nitrilica-rosa-caixa-com-100-un-tamanho-m\/","title":{"rendered":"Luva Nitr\u00edlica Rosa &#8211; Caixa com 100 un &#8211; Medix"},"content":{"rendered":"<div class=\"card__header\">\n<h2 class=\"card__title heading h3\">Descri\u00e7\u00e3o<\/h2>\n<\/div>\n<div class=\"card__section\">\n<div class=\"rte text--pull\">\n<p>Produzida em nitrilo, a Luva Nitr\u00edlica\u00a0Rosa \u00e9 destinada para a seguran\u00e7a e prote\u00e7\u00e3o durante procedimentos.<br \/>\nLevemente texturizada nas pontas dos dedos, \u00e9 ambidestra e possui punho com acabamento enrolado que facilita sua coloca\u00e7\u00e3o e retirada.<\/p>\n<h2>Benef\u00edcios<\/h2>\n<ul>\n<li>Levemente texturizada nas pontas dos dedos;<\/li>\n<li>Possui punho com acabamento enrolado;<\/li>\n<li>Sem p\u00f3.<\/li>\n<\/ul>\n<h2>Modo de uso<\/h2>\n<ol>\n<li>Verifique o tamanho adequado para suas m\u00e3os conforme indica\u00e7\u00e3o*;<\/li>\n<li>Verifique a integridade da embalagem;<\/li>\n<li>Realize a higiene das m\u00e3os, assegure que as m\u00e3os estejam limpas e secas para o passo seguinte;<\/li>\n<li>Retire a luva da embalagem o mais pr\u00f3ximo poss\u00edvel do momento do uso;<\/li>\n<li>Calce a luva cuidadosamente, sem an\u00e9is, pulseiras, rel\u00f3gios ou outros acess\u00f3rios que possam perfurar o produto;<\/li>\n<li>Ap\u00f3s o uso, retire a luva e descarte-a imediatamente em local adequado;<\/li>\n<li>Realize a higiene das m\u00e3os;<\/li>\n<li>N\u00e3o reutilizar ou esterilizar ap\u00f3s o uso. PROIBIDO REPROCESSAR.<\/li>\n<\/ol>\n<h2>Especifica\u00e7\u00f5es t\u00e9cnicas<\/h2>\n<ul>\n<li>Levemente texturizada nas pontas dos dedos;<\/li>\n<li>Possui punho com acabamento enrolado;<\/li>\n<li>Descart\u00e1vel e de uso \u00fanico;<\/li>\n<li>Ambidestra;<\/li>\n<li>N\u00e3o est\u00e9ril;<\/li>\n<li>Sem p\u00f3;<\/li>\n<li>Material: borracha sint\u00e9tica (nitrilo);<\/li>\n<li>Cor:\u00a0Rosa;<\/li>\n<li>Validade: 3 anos ap\u00f3s a data de fabrica\u00e7\u00e3o;<\/li>\n<li>Embalagem: caixa com 100 unidades;<\/li>\n<li>Dimens\u00f5es embalagem: 20,5cm(c) x 11cm(l) x 6cm(a);<\/li>\n<li>Peso embalagem: M(420g)<\/li>\n<li>Possui Registro Anvisa<\/li>\n<li>Possui CA de prote\u00e7\u00e3o contra riscos biol\u00f3gicos<\/li>\n<\/ul>\n<\/div>\n<\/div>\n","protected":false},"excerpt":{"rendered":"Descri\u00e7\u00e3o Produzida em nitrilo, a Luva Nitr\u00edlica\u00a0Rosa \u00e9 destinada para a seguran\u00e7a e prote\u00e7\u00e3o durante procedimentos. Levemente texturizada&hellip;","protected":false},"featured_media":7320,"comment_status":"open","ping_status":"closed","template":"","meta":{"slim_seo":{"title":"Luva Nitr\u00edlica Rosa - Caixa com 100 un - Medix - Hospitalaria RS","description":"Descri\u00e7\u00e3o Produzida em nitrilo, a Luva Nitr\u00edlica\u00a0Rosa \u00e9 destinada para a seguran\u00e7a e prote\u00e7\u00e3o durante procedimentos. Levemente texturizada nas pontas dos dedos,"}},"product_brand":[77],"product_cat":[36],"product_tag":[285,282,283,286,284],"class_list":{"0":"post-7290","1":"product","2":"type-product","3":"status-publish","4":"has-post-thumbnail","6":"product_brand-medix","7":"product_cat-materiais-de-consumo","8":"product_tag-luva-ambidestra-descartavel","9":"product_tag-luva-com-punho-enrolado","10":"product_tag-luva-nitrilica-rosa","11":"product_tag-luva-protecao-nao-esteril","12":"product_tag-luva-sem-po-texturizada","13":"mbf-entry","15":"first","16":"outofstock","17":"sale","18":"shipping-taxable","19":"purchasable","20":"product-type-simple"},"_links":{"self":[{"href":"https:\/\/hospitalariars.com.br\/index.php\/wp-json\/wp\/v2\/product\/7290","targetHints":{"allow":["GET"]}}],"collection":[{"href":"https:\/\/hospitalariars.com.br\/index.php\/wp-json\/wp\/v2\/product"}],"about":[{"href":"https:\/\/hospitalariars.com.br\/index.php\/wp-json\/wp\/v2\/types\/product"}],"replies":[{"embeddable":true,"href":"https:\/\/hospitalariars.com.br\/index.php\/wp-json\/wp\/v2\/comments?post=7290"}],"wp:featuredmedia":[{"embeddable":true,"href":"https:\/\/hospitalariars.com.br\/index.php\/wp-json\/wp\/v2\/media\/7320"}],"wp:attachment":[{"href":"https:\/\/hospitalariars.com.br\/index.php\/wp-json\/wp\/v2\/media?parent=7290"}],"wp:term":[{"taxonomy":"product_brand","embeddable":true,"href":"https:\/\/hospitalariars.com.br\/index.php\/wp-json\/wp\/v2\/product_brand?post=7290"},{"taxonomy":"product_cat","embeddable":true,"href":"https:\/\/hospitalariars.com.br\/index.php\/wp-json\/wp\/v2\/product_cat?post=7290"},{"taxonomy":"product_tag","embeddable":true,"href":"https:\/\/hospitalariars.com.br\/index.php\/wp-json\/wp\/v2\/product_tag?post=7290"}],"curies":[{"name":"wp","href":"https:\/\/api.w.org\/{rel}","templated":true}]}}