{"id":7292,"date":"2025-06-11T21:54:26","date_gmt":"2025-06-12T00:54:26","guid":{"rendered":"https:\/\/hospitalariars.com.br\/?post_type=product&#038;p=7292"},"modified":"2026-03-27T16:03:45","modified_gmt":"2026-03-27T19:03:45","slug":"luva-nitrilica-azul-caixa-com-100-un-tamanho-m","status":"publish","type":"product","link":"https:\/\/hospitalariars.com.br\/index.php\/produto\/luva-nitrilica-azul-caixa-com-100-un-tamanho-m\/","title":{"rendered":"Luva Nitr\u00edlica Azul &#8211; Caixa com 100 un &#8211; Medix"},"content":{"rendered":"<div class=\"card__header\">\n<h2 class=\"card__title heading h3\"><span style=\"vertical-align: inherit;\"><span style=\"vertical-align: inherit;\">Descri\u00e7\u00e3o<\/span><\/span><\/h2>\n<\/div>\n<div class=\"card__section\">\n<div class=\"rte text--pull\">\n<p><strong><span style=\"vertical-align: inherit;\"><span style=\"vertical-align: inherit;\">Descri\u00e7\u00e3o<\/span><\/span><\/strong><\/p>\n<p><strong><span style=\"vertical-align: inherit;\"><span style=\"vertical-align: inherit;\">Apresenta\u00e7\u00e3o<\/span><\/span><\/strong><\/p>\n<p><span style=\"vertical-align: inherit;\"><span style=\"vertical-align: inherit;\">Produzida em nitrilo, a Luva Nitr\u00edlica Azul \u00e9 projetada para seguran\u00e7a e prote\u00e7\u00e3o durante procedimentos n\u00e3o cir\u00fargicos. <\/span><\/span><br \/>\n<span style=\"vertical-align: inherit;\"><span style=\"vertical-align: inherit;\">Ambidestra e com punho de acabamento enrolado, \u00e9 de f\u00e1cil coloca\u00e7\u00e3o e retirada.<\/span><\/span><\/p>\n<p><strong><span style=\"vertical-align: inherit;\"><span style=\"vertical-align: inherit;\">Benef\u00edcios<\/span><\/span><\/strong><\/p>\n<ul>\n<li><span style=\"vertical-align: inherit;\"><span style=\"vertical-align: inherit;\">Possui punho com acabamento enrolado;<\/span><\/span><\/li>\n<li><span style=\"vertical-align: inherit;\"><span style=\"vertical-align: inherit;\">Sem p\u00f3.<\/span><\/span><\/li>\n<\/ul>\n<p><strong><span style=\"vertical-align: inherit;\"><span style=\"vertical-align: inherit;\">Modo de uso<\/span><\/span><\/strong><\/p>\n<ol>\n<li><span style=\"vertical-align: inherit;\"><span style=\"vertical-align: inherit;\">Verifique o tamanho adequado para suas m\u00e3os conforme indica\u00e7\u00e3o*;<\/span><\/span><\/li>\n<li><span style=\"vertical-align: inherit;\"><span style=\"vertical-align: inherit;\">Verifique a integridade da embalagem;<\/span><\/span><\/li>\n<li><span style=\"vertical-align: inherit;\"><span style=\"vertical-align: inherit;\">Realize a higiene das m\u00e3os, certifique-se de que as m\u00e3os estejam limpas e secas para o passo seguinte;<\/span><\/span><\/li>\n<li><span style=\"vertical-align: inherit;\"><span style=\"vertical-align: inherit;\">Retire a luva da embalagem o mais pr\u00f3ximo poss\u00edvel do momento do uso;<\/span><\/span><\/li>\n<li><span style=\"vertical-align: inherit;\"><span style=\"vertical-align: inherit;\">Calce a luva com cuidado, sem an\u00e9is, pulseiras, rel\u00f3gios ou outros acess\u00f3rios que possam perfurar o produto;<\/span><\/span><\/li>\n<li><span style=\"vertical-align: inherit;\"><span style=\"vertical-align: inherit;\">Ap\u00f3s o uso, retire a luva e descarte-a imediatamente no local adequado;<\/span><\/span><\/li>\n<li><span style=\"vertical-align: inherit;\"><span style=\"vertical-align: inherit;\">Realizar a higiene das m\u00e3os;<\/span><\/span><\/li>\n<\/ol>\n<p><span style=\"vertical-align: inherit;\"><span style=\"vertical-align: inherit;\">N\u00e3o reutilize ou esterilize ap\u00f3s o uso. PROIBIDO REPROCESSAR.<\/span><\/span><\/p>\n<p><strong><span style=\"vertical-align: inherit;\"><span style=\"vertical-align: inherit;\">respostas t\u00e9cnicas<\/span><\/span><\/strong><\/p>\n<ul>\n<li><span style=\"vertical-align: inherit;\"><span style=\"vertical-align: inherit;\">Possui punho com acabamento enrolado;<\/span><\/span><\/li>\n<li><span style=\"vertical-align: inherit;\"><span style=\"vertical-align: inherit;\">Descart\u00e1vel e de uso \u00fanico;<\/span><\/span><\/li>\n<li><span style=\"vertical-align: inherit;\"><span style=\"vertical-align: inherit;\">Ambidestra;<\/span><\/span><\/li>\n<li><span style=\"vertical-align: inherit;\"><span style=\"vertical-align: inherit;\">N\u00e3o est\u00e9ril;<\/span><\/span><\/li>\n<li><span style=\"vertical-align: inherit;\"><span style=\"vertical-align: inherit;\">Sem p\u00f3.<\/span><\/span><\/li>\n<li><span style=\"vertical-align: inherit;\"><span style=\"vertical-align: inherit;\">Material: borracha sint\u00e9tica (nitrilo)<\/span><\/span><\/li>\n<li><span style=\"vertical-align: inherit;\"><span style=\"vertical-align: inherit;\">Cor: azul<\/span><\/span><\/li>\n<li><span style=\"vertical-align: inherit;\"><span style=\"vertical-align: inherit;\">Validade: 3 anos ap\u00f3s a data de fabrica\u00e7\u00e3o.<\/span><\/span><\/li>\n<li><span style=\"vertical-align: inherit;\"><span style=\"vertical-align: inherit;\">Embalagem: caixa 100 unidades (50 pares)<\/span><\/span><\/li>\n<li><span style=\"vertical-align: inherit;\"><span style=\"vertical-align: inherit;\">Dimens\u00f5es embalagem interna: 12,5cm(c) x 24,5cm(l) x 4cm(a)<\/span><\/span><\/li>\n<li><span style=\"vertical-align: inherit;\"><span style=\"vertical-align: inherit;\">Embalagem de peso: M (350g)<\/span><\/span><\/li>\n<li><span style=\"vertical-align: inherit;\"><span style=\"vertical-align: inherit;\">Possui Registro Anvisa<\/span><\/span><\/li>\n<li><span style=\"vertical-align: inherit;\"><span style=\"vertical-align: inherit;\">Possui CA 44951 de prote\u00e7\u00e3o contra riscos biol\u00f3gicos<\/span><\/span><\/li>\n<\/ul>\n<\/div>\n<\/div>\n","protected":false},"excerpt":{"rendered":"Descri\u00e7\u00e3o Descri\u00e7\u00e3o Apresenta\u00e7\u00e3o Produzida em nitrilo, a Luva Nitr\u00edlica Azul \u00e9 projetada para seguran\u00e7a e prote\u00e7\u00e3o durante procedimentos&hellip;","protected":false},"featured_media":7322,"comment_status":"open","ping_status":"closed","template":"","meta":{"slim_seo":{"title":"Luva Nitr\u00edlica Azul - Caixa com 100 un - Medix - Hospitalaria RS","description":"Descri\u00e7\u00e3o Descri\u00e7\u00e3o Apresenta\u00e7\u00e3o Produzida em nitrilo, a Luva Nitr\u00edlica Azul \u00e9 projetada para seguran\u00e7a e prote\u00e7\u00e3o durante procedimentos n\u00e3o cir\u00fargicos. Ambides"}},"product_brand":[77],"product_cat":[36],"product_tag":[280,279,282,278,281],"class_list":{"0":"post-7292","1":"product","2":"type-product","3":"status-publish","4":"has-post-thumbnail","6":"product_brand-medix","7":"product_cat-materiais-de-consumo","8":"product_tag-luva-ambidestra-nitrilo","9":"product_tag-luva-azul-sem-po","10":"product_tag-luva-com-punho-enrolado","11":"product_tag-luva-nitrilica-descartavel","12":"product_tag-luva-protecao-nao-cirurgica","13":"mbf-entry","15":"first","16":"outofstock","17":"sale","18":"shipping-taxable","19":"purchasable","20":"product-type-simple"},"_links":{"self":[{"href":"https:\/\/hospitalariars.com.br\/index.php\/wp-json\/wp\/v2\/product\/7292","targetHints":{"allow":["GET"]}}],"collection":[{"href":"https:\/\/hospitalariars.com.br\/index.php\/wp-json\/wp\/v2\/product"}],"about":[{"href":"https:\/\/hospitalariars.com.br\/index.php\/wp-json\/wp\/v2\/types\/product"}],"replies":[{"embeddable":true,"href":"https:\/\/hospitalariars.com.br\/index.php\/wp-json\/wp\/v2\/comments?post=7292"}],"wp:featuredmedia":[{"embeddable":true,"href":"https:\/\/hospitalariars.com.br\/index.php\/wp-json\/wp\/v2\/media\/7322"}],"wp:attachment":[{"href":"https:\/\/hospitalariars.com.br\/index.php\/wp-json\/wp\/v2\/media?parent=7292"}],"wp:term":[{"taxonomy":"product_brand","embeddable":true,"href":"https:\/\/hospitalariars.com.br\/index.php\/wp-json\/wp\/v2\/product_brand?post=7292"},{"taxonomy":"product_cat","embeddable":true,"href":"https:\/\/hospitalariars.com.br\/index.php\/wp-json\/wp\/v2\/product_cat?post=7292"},{"taxonomy":"product_tag","embeddable":true,"href":"https:\/\/hospitalariars.com.br\/index.php\/wp-json\/wp\/v2\/product_tag?post=7292"}],"curies":[{"name":"wp","href":"https:\/\/api.w.org\/{rel}","templated":true}]}}