{"id":7297,"date":"2025-06-11T21:54:26","date_gmt":"2025-06-12T00:54:26","guid":{"rendered":"https:\/\/hospitalariars.com.br\/?post_type=product&#038;p=7297"},"modified":"2026-03-27T16:03:45","modified_gmt":"2026-03-27T19:03:45","slug":"prope-descartavel-pacote-com-100-un","status":"publish","type":"product","link":"https:\/\/hospitalariars.com.br\/index.php\/produto\/prope-descartavel-pacote-com-100-un\/","title":{"rendered":"Prop\u00e9 Descart\u00e1vel 01 un &#8211; Pacote com 100 un &#8211; Medix"},"content":{"rendered":"<div class=\"card__header\">\n<h2 class=\"card__title heading h3\"><span style=\"vertical-align: inherit;\"><span style=\"vertical-align: inherit;\"><span style=\"vertical-align: inherit;\"><span style=\"vertical-align: inherit;\">Descri\u00e7\u00e3o<\/span><\/span><\/span><\/span><\/h2>\n<\/div>\n<div class=\"card__section\">\n<div class=\"rte text--pull\">\n<p><span style=\"vertical-align: inherit;\"><span style=\"vertical-align: inherit;\"><span style=\"vertical-align: inherit;\"><span style=\"vertical-align: inherit;\">\u00c9 utilizado em sapatos em hospitais, no centro cir\u00fargico, unidades de isolamento, cl\u00ednicas e pronto socorro, quando do ingresso em \u00e1reas com controle de infec\u00e7\u00e3o.<\/span><\/span><\/span><\/span><\/p>\n<p><strong><span style=\"vertical-align: inherit;\"><span style=\"vertical-align: inherit;\"><span style=\"vertical-align: inherit;\"><span style=\"vertical-align: inherit;\">Modo de Uso<\/span><\/span><\/span><\/span><\/strong><\/p>\n<ol>\n<li><span style=\"vertical-align: inherit;\"><span style=\"vertical-align: inherit;\"><span style=\"vertical-align: inherit;\"><span style=\"vertical-align: inherit;\">Retirar os requisitos da embalagem;<\/span><\/span><\/span><\/span><\/li>\n<li><span style=\"vertical-align: inherit;\"><span style=\"vertical-align: inherit;\"><span style=\"vertical-align: inherit;\"><span style=\"vertical-align: inherit;\">Cal\u00e7ar o adequado, cobrindo todo o cal\u00e7ado;<\/span><\/span><\/span><\/span><\/li>\n<li><span style=\"vertical-align: inherit;\"><span style=\"vertical-align: inherit;\"><span style=\"vertical-align: inherit;\"><span style=\"vertical-align: inherit;\">Descartar ap\u00f3s o uso.<\/span><\/span><\/span><\/span><\/li>\n<\/ol>\n<p><strong><span style=\"vertical-align: inherit;\"><span style=\"vertical-align: inherit;\"><span style=\"vertical-align: inherit;\"><span style=\"vertical-align: inherit;\">\u201cPRODUTO DE USO \u00daNICO; PROTEJA ESTE PRODUTO DO CALOR, UMIDADE E DA LUZ\u201d<\/span><\/span><\/span><\/span><\/strong><\/p>\n<p><strong><span style=\"vertical-align: inherit;\"><span style=\"vertical-align: inherit;\"><span style=\"vertical-align: inherit;\"><span style=\"vertical-align: inherit;\">Especifica\u00e7\u00f5es T\u00e9cnicas<\/span><\/span><\/span><\/span><\/strong><\/p>\n<ul>\n<li><span style=\"vertical-align: inherit;\"><span style=\"vertical-align: inherit;\"><span style=\"vertical-align: inherit;\"><span style=\"vertical-align: inherit;\">Produzido em TNT Spunbond, com gramatura de 8g\/m2;<\/span><\/span><\/span><\/span><\/li>\n<li><span style=\"vertical-align: inherit;\"><span style=\"vertical-align: inherit;\"><span style=\"vertical-align: inherit;\"><span style=\"vertical-align: inherit;\">Possui duplo elastano resistente e selagem t\u00e9rmica;<\/span><\/span><\/span><\/span><\/li>\n<li><span style=\"vertical-align: inherit;\"><span style=\"vertical-align: inherit;\"><span style=\"vertical-align: inherit;\"><span style=\"vertical-align: inherit;\">Descart\u00e1vel e recomendado para uso \u00fanico;<\/span><\/span><\/span><\/span><\/li>\n<li><span style=\"vertical-align: inherit;\"><span style=\"vertical-align: inherit;\"><span style=\"vertical-align: inherit;\"><span style=\"vertical-align: inherit;\">Tamanho: 46cm x 49cm;<\/span><\/span><\/span><\/span><\/li>\n<li><span style=\"vertical-align: inherit;\"><span style=\"vertical-align: inherit;\"><span style=\"vertical-align: inherit;\"><span style=\"vertical-align: inherit;\">Validade: 5 anos.<\/span><\/span><\/span><\/span><\/li>\n<\/ul>\n<\/div>\n<\/div>\n","protected":false},"excerpt":{"rendered":"Descri\u00e7\u00e3o \u00c9 utilizado em sapatos em hospitais, no centro cir\u00fargico, unidades de isolamento, cl\u00ednicas e pronto socorro, quando&hellip;","protected":false},"featured_media":7330,"comment_status":"open","ping_status":"closed","template":"","meta":{"slim_seo":{"title":"Prop\u00e9 Descart\u00e1vel 01 un - Pacote com 100 un - Medix - Hospitalaria RS","description":"Descri\u00e7\u00e3o \u00c9 utilizado em sapatos em hospitais, no centro cir\u00fargico, unidades de isolamento, cl\u00ednicas e pronto socorro, quando do ingresso em \u00e1reas com controle"}},"product_brand":[77],"product_cat":[36],"product_tag":[340,342,341,343,344],"class_list":{"0":"post-7297","1":"product","2":"type-product","3":"status-publish","4":"has-post-thumbnail","6":"product_brand-medix","7":"product_cat-materiais-de-consumo","8":"product_tag-cobre-sapato-descartavel","9":"product_tag-epi-descartavel","10":"product_tag-protecao-para-calcado-hospitalar","11":"product_tag-tnt-spunbond-8g-m2","12":"product_tag-uso-unico-hospitalar","13":"mbf-entry","15":"first","16":"outofstock","17":"shipping-taxable","18":"purchasable","19":"product-type-simple"},"_links":{"self":[{"href":"https:\/\/hospitalariars.com.br\/index.php\/wp-json\/wp\/v2\/product\/7297","targetHints":{"allow":["GET"]}}],"collection":[{"href":"https:\/\/hospitalariars.com.br\/index.php\/wp-json\/wp\/v2\/product"}],"about":[{"href":"https:\/\/hospitalariars.com.br\/index.php\/wp-json\/wp\/v2\/types\/product"}],"replies":[{"embeddable":true,"href":"https:\/\/hospitalariars.com.br\/index.php\/wp-json\/wp\/v2\/comments?post=7297"}],"wp:featuredmedia":[{"embeddable":true,"href":"https:\/\/hospitalariars.com.br\/index.php\/wp-json\/wp\/v2\/media\/7330"}],"wp:attachment":[{"href":"https:\/\/hospitalariars.com.br\/index.php\/wp-json\/wp\/v2\/media?parent=7297"}],"wp:term":[{"taxonomy":"product_brand","embeddable":true,"href":"https:\/\/hospitalariars.com.br\/index.php\/wp-json\/wp\/v2\/product_brand?post=7297"},{"taxonomy":"product_cat","embeddable":true,"href":"https:\/\/hospitalariars.com.br\/index.php\/wp-json\/wp\/v2\/product_cat?post=7297"},{"taxonomy":"product_tag","embeddable":true,"href":"https:\/\/hospitalariars.com.br\/index.php\/wp-json\/wp\/v2\/product_tag?post=7297"}],"curies":[{"name":"wp","href":"https:\/\/api.w.org\/{rel}","templated":true}]}}