{"id":7299,"date":"2025-06-11T21:54:26","date_gmt":"2025-06-12T00:54:26","guid":{"rendered":"https:\/\/hospitalariars.com.br\/?post_type=product&#038;p=7299"},"modified":"2026-03-27T16:03:45","modified_gmt":"2026-03-27T19:03:45","slug":"avental-descartavel-manga-longa-16g-pacote-com-10-un","status":"publish","type":"product","link":"https:\/\/hospitalariars.com.br\/index.php\/produto\/avental-descartavel-manga-longa-16g-pacote-com-10-un\/","title":{"rendered":"Avental Descart\u00e1vel Manga Longa 16g &#8211; Pacote com 10 un Medix"},"content":{"rendered":"<div class=\"card__header\">\n<h2 class=\"card__title heading h3\">Descri\u00e7\u00e3o<\/h2>\n<\/div>\n<div class=\"card__section\">\n<div class=\"rte text--pull\">\n<p>O Avental Descart\u00e1vel Manga Longa 16g promove a higiene e a prote\u00e7\u00e3o contra poss\u00edveis contamina\u00e7\u00f5es durante procedimentos em geral.<\/p>\n<p>Descart\u00e1vel, \u00e9 inteiramente confeccionado em tecido n\u00e3o tecido (TNT) 100% polipropileno do tipo agulhado, por processo de costura overloque.<\/p>\n<p>Possui manga longa, punho com el\u00e1stico e pr\u00e1tico fechamento com tiras.<\/p>\n<p><strong>Benef\u00edcios<\/strong><\/p>\n<ul>\n<li>Hipoalerg\u00eanico;<\/li>\n<li>Apirog\u00eanico;<\/li>\n<li>At\u00f3xico.<\/li>\n<\/ul>\n<p><strong>Modo de Uso<\/strong><\/p>\n<ol>\n<li>Verifique a integridade da embalagem;<\/li>\n<li>Coloque o produto sobre o corpo, ajustando na regi\u00e3o do dorso;<\/li>\n<li>Amarre as tiras de maneira firme e confort\u00e1vel.<\/li>\n<\/ol>\n<p>N\u00e3o reutilizar ou esterilizar ap\u00f3s o uso. PROIBIDO REPROCESSAR.<\/p>\n<p><strong>Especifica\u00e7\u00f5es T\u00e9cnicas<\/strong><\/p>\n<ul>\n<li>At\u00f3xico<\/li>\n<li>Uso \u00fanico;<\/li>\n<li>N\u00e3o est\u00e9ril;<\/li>\n<li>Descart\u00e1vel;<\/li>\n<li>Apirog\u00eanico;<\/li>\n<li>Hipoalerg\u00eanico;<\/li>\n<li>Fechamento com tiras;<\/li>\n<li>Fechado com costuras overloque em todo o per\u00edmetro;<\/li>\n<li>Com mangas longas que possuem termina\u00e7\u00e3o nos punhos com el\u00e1stico.<\/li>\n<li>Material: tecido n\u00e3o tecido (TNT) 100% polipropileno do tipo agulhado.<\/li>\n<li>Gramatura: 16g\/m2<\/li>\n<li>Cor: branco.<\/li>\n<li>Tamanho: \u00fanico 1,30\u00b15cm largura e 100\u00b15cm comprimento aproximadamente<\/li>\n<li>Validade: 5 anos ap\u00f3s a data de fabrica\u00e7\u00e3o.<\/li>\n<li>Embalagem: pacote com 10 unidades.<\/li>\n<li>Dimens\u00f5es embalagem: 31cm(c) x\u00a05cm(l) x 42cm(a).<\/li>\n<li>Peso embalagem: 360g.<\/li>\n<li>ANVISA: 80495510128<\/li>\n<\/ul>\n<\/div>\n<\/div>\n","protected":false},"excerpt":{"rendered":"Descri\u00e7\u00e3o O Avental Descart\u00e1vel Manga Longa 16g promove a higiene e a prote\u00e7\u00e3o contra poss\u00edveis contamina\u00e7\u00f5es durante procedimentos&hellip;","protected":false},"featured_media":7332,"comment_status":"open","ping_status":"closed","template":"","meta":{"slim_seo":{"title":"Avental Descart\u00e1vel Manga Longa 16g - Pacote com 10 un Medix - Hospitalaria RS","description":"Descri\u00e7\u00e3o O Avental Descart\u00e1vel Manga Longa 16g promove a higiene e a prote\u00e7\u00e3o contra poss\u00edveis contamina\u00e7\u00f5es durante procedimentos em geral. Descart\u00e1vel, \u00e9 int"}},"product_brand":[77],"product_cat":[36],"product_tag":[199,200,201,202,203],"class_list":{"0":"post-7299","1":"product","2":"type-product","3":"status-publish","4":"has-post-thumbnail","6":"product_brand-medix","7":"product_cat-materiais-de-consumo","8":"product_tag-avental-descartavel","9":"product_tag-avental-hipoalergenico","10":"product_tag-epi-hospitalar","11":"product_tag-tecido-nao-tecido-tnt","12":"product_tag-uso-odontologico","13":"mbf-entry","15":"first","16":"outofstock","17":"shipping-taxable","18":"purchasable","19":"product-type-simple"},"_links":{"self":[{"href":"https:\/\/hospitalariars.com.br\/index.php\/wp-json\/wp\/v2\/product\/7299","targetHints":{"allow":["GET"]}}],"collection":[{"href":"https:\/\/hospitalariars.com.br\/index.php\/wp-json\/wp\/v2\/product"}],"about":[{"href":"https:\/\/hospitalariars.com.br\/index.php\/wp-json\/wp\/v2\/types\/product"}],"replies":[{"embeddable":true,"href":"https:\/\/hospitalariars.com.br\/index.php\/wp-json\/wp\/v2\/comments?post=7299"}],"wp:featuredmedia":[{"embeddable":true,"href":"https:\/\/hospitalariars.com.br\/index.php\/wp-json\/wp\/v2\/media\/7332"}],"wp:attachment":[{"href":"https:\/\/hospitalariars.com.br\/index.php\/wp-json\/wp\/v2\/media?parent=7299"}],"wp:term":[{"taxonomy":"product_brand","embeddable":true,"href":"https:\/\/hospitalariars.com.br\/index.php\/wp-json\/wp\/v2\/product_brand?post=7299"},{"taxonomy":"product_cat","embeddable":true,"href":"https:\/\/hospitalariars.com.br\/index.php\/wp-json\/wp\/v2\/product_cat?post=7299"},{"taxonomy":"product_tag","embeddable":true,"href":"https:\/\/hospitalariars.com.br\/index.php\/wp-json\/wp\/v2\/product_tag?post=7299"}],"curies":[{"name":"wp","href":"https:\/\/api.w.org\/{rel}","templated":true}]}}