{"id":7302,"date":"2025-06-11T21:54:26","date_gmt":"2025-06-12T00:54:26","guid":{"rendered":"https:\/\/hospitalariars.com.br\/?post_type=product&#038;p=7302"},"modified":"2026-03-27T16:03:45","modified_gmt":"2026-03-27T19:03:45","slug":"compressa-gaze-hidrofila-13-fios-nobre","status":"publish","type":"product","link":"https:\/\/hospitalariars.com.br\/index.php\/produto\/compressa-gaze-hidrofila-13-fios-nobre\/","title":{"rendered":"Compressa de Gaze Hidr\u00f3fila 13 fios 01 un &#8211; Nobre"},"content":{"rendered":"<div class=\"description__title\">\n<h2>Descri\u00e7\u00e3o do Produto<\/h2>\n<\/div>\n<div id=\"tp1\" class=\"informacao-abas ui-slider-tabs\" style=\"margin: 0px; padding: 0px; border: 0px; color: #7e7e7e; font-family: Poppins, Arial, Helvetica, sans-serif; font-size: 16px; font-style: normal; font-weight: 400; letter-spacing: normal; text-align: start; text-indent: 0px; text-transform: none;\" data-componente-fbits-id=\"56\" data-componente-fbits-config=\"tipoExibicao: aberta&lt;br \/&gt;ignorar: Informa\u00e7\u00f5es, Carrinho, Benef\u00edcios, Especifica\u00e7\u00f5es, Dados T\u00e9cnicos, Composi\u00e7\u00e3o, Modo de Usar, Cuidados, Itens Inclusos, Dicas, V\u00eddeo, Valor Referente, PopUp Referente, Prescri\u00e7\u00e3o, Tabela de Medidas, Spot, Sinopse\">\n<div class=\"ui-slider-tabs-content-container\">\n<div id=\"conteudo-0\" class=\"ui-slider-tab-content selected\">\n<div class=\"conteudoAbasProduto\">\n<div class=\"paddingbox\">\n<p>Compressa de Gaze 7,5&#215;7,5cm 13 Fios c\/ 500 un. Nobre<\/p>\n<p>As Compressas de Gaze da Nobre Fortclean s\u00e3o uma excelente op\u00e7\u00e3o para profissionais, cl\u00ednicas, hospitais e pacientes que buscam qualidade, seguran\u00e7a e bom pre\u00e7o.<\/p>\n<p>As Compressas Cir\u00fargicas de Gaze Hidr\u00f3fila s\u00e3o fabricadas com a mais alta qualidade, s\u00e3o isentas de subst\u00e2ncias gordurosas, corantes corretivos, amido, alvejantes \u00f3pticos e impurezas em geral. Esses agentes quando presentes contaminam o produto favorecendo sobremaneira a infec\u00e7\u00e3o hospitalar e a contamina\u00e7\u00e3o em geral.<\/p>\n<p>Indica\u00e7\u00e3o de Uso:<br \/>\nAs compressas podem ser utilizadas em primeiros socorros para assepsias e curativos, e em cirurgias para absor\u00e7\u00e3o de sangue e secre\u00e7\u00f5es l\u00edquidas.<\/p>\n<p>Instru\u00e7\u00f5es:<br \/>\nCompressas de gaze descart\u00e1veis, para sua esteriliza\u00e7\u00e3o pode ser utilizada autoclave, \u00f3xido de etileno e raios gama.<\/p>\n<p>Produto de uso \u00fanico, destruir ap\u00f3s o uso.<\/p>\n<p>Garantia contra defeitos de fabrica\u00e7\u00e3o.<\/p>\n<p>&#8211; Tamanho: 7,5&#215;7,5 cm<br \/>\n&#8211; Quantidade: 500 unidades.<br \/>\n&#8211; Quantidade de fios: 13 fios.<br \/>\n&#8211; Material: 100% algod\u00e3o.<br \/>\n&#8211; 8 dobras.<br \/>\n&#8211; N\u00e3o est\u00e9ril.<\/p>\n<\/div>\n<\/div>\n<\/div>\n<\/div>\n<\/div>\n","protected":false},"excerpt":{"rendered":"Descri\u00e7\u00e3o do Produto Compressa de Gaze 7,5&#215;7,5cm 13 Fios c\/ 500 un. Nobre As Compressas de Gaze da&hellip;","protected":false},"featured_media":7337,"comment_status":"open","ping_status":"closed","template":"","meta":{"slim_seo":{"title":"Compressa de Gaze Hidr\u00f3fila 13 fios 01 un - Nobre - Hospitalaria RS","description":"Descri\u00e7\u00e3o do Produto Compressa de Gaze 7,5x7,5cm 13 Fios c\/ 500 un. Nobre As Compressas de Gaze da Nobre Fortclean s\u00e3o uma excelente op\u00e7\u00e3o para profissionais, c"}},"product_brand":[209],"product_cat":[36],"product_tag":[212,210,211,213,214],"class_list":{"0":"post-7302","1":"product","2":"type-product","3":"status-publish","4":"has-post-thumbnail","6":"product_brand-nobre","7":"product_cat-materiais-de-consumo","8":"product_tag-13-fios-100-algodao","9":"product_tag-compressa-de-gaze","10":"product_tag-curativo-hospitalar","11":"product_tag-nao-esteril","12":"product_tag-uso-cirurgico","13":"mbf-entry","15":"first","16":"outofstock","17":"shipping-taxable","18":"purchasable","19":"product-type-simple"},"_links":{"self":[{"href":"https:\/\/hospitalariars.com.br\/index.php\/wp-json\/wp\/v2\/product\/7302","targetHints":{"allow":["GET"]}}],"collection":[{"href":"https:\/\/hospitalariars.com.br\/index.php\/wp-json\/wp\/v2\/product"}],"about":[{"href":"https:\/\/hospitalariars.com.br\/index.php\/wp-json\/wp\/v2\/types\/product"}],"replies":[{"embeddable":true,"href":"https:\/\/hospitalariars.com.br\/index.php\/wp-json\/wp\/v2\/comments?post=7302"}],"wp:featuredmedia":[{"embeddable":true,"href":"https:\/\/hospitalariars.com.br\/index.php\/wp-json\/wp\/v2\/media\/7337"}],"wp:attachment":[{"href":"https:\/\/hospitalariars.com.br\/index.php\/wp-json\/wp\/v2\/media?parent=7302"}],"wp:term":[{"taxonomy":"product_brand","embeddable":true,"href":"https:\/\/hospitalariars.com.br\/index.php\/wp-json\/wp\/v2\/product_brand?post=7302"},{"taxonomy":"product_cat","embeddable":true,"href":"https:\/\/hospitalariars.com.br\/index.php\/wp-json\/wp\/v2\/product_cat?post=7302"},{"taxonomy":"product_tag","embeddable":true,"href":"https:\/\/hospitalariars.com.br\/index.php\/wp-json\/wp\/v2\/product_tag?post=7302"}],"curies":[{"name":"wp","href":"https:\/\/api.w.org\/{rel}","templated":true}]}}