{"id":7303,"date":"2025-06-11T21:54:26","date_gmt":"2025-06-12T00:54:26","guid":{"rendered":"https:\/\/hospitalariars.com.br\/?post_type=product&#038;p=7303"},"modified":"2026-03-27T16:03:45","modified_gmt":"2026-03-27T19:03:45","slug":"alcool-zeppelin-70o-inpm-1l","status":"publish","type":"product","link":"https:\/\/hospitalariars.com.br\/index.php\/produto\/alcool-zeppelin-70o-inpm-1l\/","title":{"rendered":"\u00c1lcool 70\u00ba INPM 1L 01un &#8211;  Zeppelin"},"content":{"rendered":"<div class=\"pr0 items-stretch vtex-flex-layout-0-x-stretchChildrenWidth flex\">\n<div class=\"vtex-flex-layout-0-x-flexCol ml0 mr0 pl0 pr0 flex flex-column h-100 w-100\">\n<div class=\"vtex-flex-layout-0-x-flexColChild pb0\">\n<div class=\"vtex-rich-text-0-x-container vtex-rich-text-0-x-container--product-description-title flex tl items-start justify-start t-body c-on-base\">\n<div class=\"vtex-rich-text-0-x-wrapper vtex-rich-text-0-x-wrapper--product-description-title\">\n<p class=\"lh-copy vtex-rich-text-0-x-paragraph vtex-rich-text-0-x-paragraph--product-description-title\"><span style=\"vertical-align: inherit;\"><span style=\"vertical-align: inherit;\">Detalhes do Produto<\/span><\/span><\/p>\n<\/div>\n<\/div>\n<\/div>\n<\/div>\n<\/div>\n<div class=\"pr0 items-stretch vtex-flex-layout-0-x-stretchChildrenWidth flex\">\n<div class=\"vtex-flex-layout-0-x-flexCol ml0 mr0 pl0 pr0 flex flex-column h-100 w-100\">\n<div class=\"vtex-flex-layout-0-x-flexColChild pb0\">\n<div class=\"vtex-store-components-3-x-productDescriptionContainer\">\n<div class=\"vtex-store-components-3-x-productDescriptionText c-muted-1\">\n<div><span style=\"vertical-align: inherit;\"><span style=\"vertical-align: inherit;\">\u00c1lcool L\u00edquido 70% INPM, da marca Zeppelin, em embalagem com 1 litro. \u00c9 essencial para a higieniza\u00e7\u00e3o e a prote\u00e7\u00e3o em diversas situa\u00e7\u00f5es.<\/span><\/span><\/div>\n<div><\/div>\n<div><span style=\"vertical-align: inherit;\"><span style=\"vertical-align: inherit;\">Produzido com alto padr\u00e3o de qualidade, cada litro \u00e9 formulado com precis\u00e3o para garantir efic\u00e1cia e seguran\u00e7a. \u00c9 ideal para a privacidade de superf\u00edcies em ambientes dom\u00e9sticos, comerciais e industriais, fabricado por meio de um processo cuidadoso que garante a concentra\u00e7\u00e3o ideal de \u00e1lcool isoprop\u00edlico (INPM).<\/span><\/span><\/div>\n<div><\/div>\n<div><span style=\"vertical-align: inherit;\"><span style=\"vertical-align: inherit;\">Isso garante uma a\u00e7\u00e3o eficaz contra microrganismos contratados, proporcionando uma limpeza confi\u00e1vel. Pode ser utilizado para limpeza de objetos pessoais, como celulares e teclados, al\u00e9m de ser um aliado na higieniza\u00e7\u00e3o das m\u00e3os quando \u00e1gua e sab\u00e3o n\u00e3o est\u00e3o dispon\u00edveis. Evite o contato direto com os olhos e mucosas.<\/span><\/span><\/div>\n<div><\/div>\n<div><span style=\"vertical-align: inherit;\"><span style=\"vertical-align: inherit;\">Mantenha fora do alcance de crian\u00e7as e animais dom\u00e9sticos.<\/span><\/span><\/div>\n<div><\/div>\n<div><span style=\"vertical-align: inherit;\"><span style=\"vertical-align: inherit;\">Para produto de conserva\u00e7\u00e3o, \u00e9 recomendado que seja armazenado em local seco e fresco, longe da incid\u00eancia de luz solar direta.<\/span><\/span><\/div>\n<\/div>\n<\/div>\n<\/div>\n<\/div>\n<\/div>\n","protected":false},"excerpt":{"rendered":"Detalhes do Produto \u00c1lcool L\u00edquido 70% INPM, da marca Zeppelin, em embalagem com 1 litro. \u00c9 essencial para&hellip;","protected":false},"featured_media":7345,"comment_status":"open","ping_status":"closed","template":"","meta":{"slim_seo":{"title":"\u00c1lcool 70\u00ba INPM 1L 01un - Zeppelin - Hospitalaria RS","description":"Detalhes do Produto \u00c1lcool L\u00edquido 70% INPM, da marca Zeppelin, em embalagem com 1 litro. \u00c9 essencial para a higieniza\u00e7\u00e3o e a prote\u00e7\u00e3o em diversas situa\u00e7\u00f5es. Pr"}},"product_brand":[195],"product_cat":[36],"product_tag":[504,502,505,503,506],"class_list":{"0":"post-7303","1":"product","2":"type-product","3":"status-publish","4":"has-post-thumbnail","6":"product_brand-zeppelinn","7":"product_cat-materiais-de-consumo","8":"product_tag-alcool-isopropilico-inpm","9":"product_tag-alcool-liquido-70","10":"product_tag-embalagem-1-litro","11":"product_tag-higienizacao-e-desinfeccao","12":"product_tag-limpeza-de-superficies-e-maos","13":"mbf-entry","15":"first","16":"outofstock","17":"sale","18":"shipping-taxable","19":"purchasable","20":"product-type-simple"},"_links":{"self":[{"href":"https:\/\/hospitalariars.com.br\/index.php\/wp-json\/wp\/v2\/product\/7303","targetHints":{"allow":["GET"]}}],"collection":[{"href":"https:\/\/hospitalariars.com.br\/index.php\/wp-json\/wp\/v2\/product"}],"about":[{"href":"https:\/\/hospitalariars.com.br\/index.php\/wp-json\/wp\/v2\/types\/product"}],"replies":[{"embeddable":true,"href":"https:\/\/hospitalariars.com.br\/index.php\/wp-json\/wp\/v2\/comments?post=7303"}],"wp:featuredmedia":[{"embeddable":true,"href":"https:\/\/hospitalariars.com.br\/index.php\/wp-json\/wp\/v2\/media\/7345"}],"wp:attachment":[{"href":"https:\/\/hospitalariars.com.br\/index.php\/wp-json\/wp\/v2\/media?parent=7303"}],"wp:term":[{"taxonomy":"product_brand","embeddable":true,"href":"https:\/\/hospitalariars.com.br\/index.php\/wp-json\/wp\/v2\/product_brand?post=7303"},{"taxonomy":"product_cat","embeddable":true,"href":"https:\/\/hospitalariars.com.br\/index.php\/wp-json\/wp\/v2\/product_cat?post=7303"},{"taxonomy":"product_tag","embeddable":true,"href":"https:\/\/hospitalariars.com.br\/index.php\/wp-json\/wp\/v2\/product_tag?post=7303"}],"curies":[{"name":"wp","href":"https:\/\/api.w.org\/{rel}","templated":true}]}}