{"id":7304,"date":"2025-06-11T21:54:27","date_gmt":"2025-06-12T00:54:27","guid":{"rendered":"https:\/\/hospitalariars.com.br\/?post_type=product&#038;p=7304"},"modified":"2026-03-27T16:23:38","modified_gmt":"2026-03-27T19:23:38","slug":"borrifador-descartavel-para-aplicacao-de-lidocaina","status":"publish","type":"product","link":"https:\/\/hospitalariars.com.br\/index.php\/produto\/borrifador-descartavel-para-aplicacao-de-lidocaina\/","title":{"rendered":"Borrifador descart\u00e1vel para aplica\u00e7\u00e3o de Lidoca\u00edna &#8211; 01 un"},"content":{"rendered":"<p>Borrifador descart\u00e1vel para aplica\u00e7\u00e3o de Lidoca\u00edna<\/p>\n<p>O ambiente hospitalar exige cuidados sanit\u00e1rios rigorosos, principalmente relativos a infec\u00e7\u00e3o hospitalar.\u00a0 Evitar as infec\u00e7\u00f5es hospitalares se torna cada dia mais importante no atual contexto das bact\u00e9rias multirresistentes, reduzindo tanto o tempo de interna\u00e7\u00e3o quanto os custos assistenciais.<\/p>\n<p>O uso do BORRIFADOR DESCART\u00c1VEL \u00e9 primordial para o controle das infec\u00e7\u00f5es relacionadas a assist\u00eancia a sa\u00fade. O ambiente hospitalar exige cuidados sanit\u00e1rios rigorosos principalmente relativos a infec\u00e7\u00e3o hospitalar.<\/p>\n<p>Comprimento: 12CM<br \/>\nEncaixe universal para frasco spray<br \/>\nAplica\u00e7\u00e3o externa ou interna<br \/>\nVALIDADE INDETERMINADA.<br \/>\nPeso: 2G.<br \/>\n1 BORRIFADA = 0, 1ML.<br \/>\nPRODUTO DESCART\u00c1VEL<\/p>\n<p>&nbsp;<\/p>\n","protected":false},"excerpt":{"rendered":"Borrifador descart\u00e1vel para aplica\u00e7\u00e3o de Lidoca\u00edna O ambiente hospitalar exige cuidados sanit\u00e1rios rigorosos, principalmente relativos a infec\u00e7\u00e3o hospitalar.\u00a0&hellip;","protected":false},"featured_media":7757,"comment_status":"open","ping_status":"closed","template":"","meta":{"slim_seo":{"title":"Borrifador descart\u00e1vel para aplica\u00e7\u00e3o de Lidoca\u00edna - 01 un - Hospitalaria RS","description":"Borrifador descart\u00e1vel para aplica\u00e7\u00e3o de Lidoca\u00edna O ambiente hospitalar exige cuidados sanit\u00e1rios rigorosos, principalmente relativos a infec\u00e7\u00e3o hospitalar.\u00a0 E"}},"product_brand":[],"product_cat":[36],"product_tag":[206,204,205,207,208],"class_list":{"0":"post-7304","1":"product","2":"type-product","3":"status-publish","4":"has-post-thumbnail","6":"product_cat-materiais-de-consumo","7":"product_tag-aplicacao-de-lidocaina","8":"product_tag-borrifador-descartavel","9":"product_tag-controle-de-infeccao-hospitalar","10":"product_tag-encaixe-universal-spray","11":"product_tag-uso-hospitalar","12":"mbf-entry","14":"first","15":"instock","16":"shipping-taxable","17":"purchasable","18":"product-type-simple"},"_links":{"self":[{"href":"https:\/\/hospitalariars.com.br\/index.php\/wp-json\/wp\/v2\/product\/7304","targetHints":{"allow":["GET"]}}],"collection":[{"href":"https:\/\/hospitalariars.com.br\/index.php\/wp-json\/wp\/v2\/product"}],"about":[{"href":"https:\/\/hospitalariars.com.br\/index.php\/wp-json\/wp\/v2\/types\/product"}],"replies":[{"embeddable":true,"href":"https:\/\/hospitalariars.com.br\/index.php\/wp-json\/wp\/v2\/comments?post=7304"}],"wp:featuredmedia":[{"embeddable":true,"href":"https:\/\/hospitalariars.com.br\/index.php\/wp-json\/wp\/v2\/media\/7757"}],"wp:attachment":[{"href":"https:\/\/hospitalariars.com.br\/index.php\/wp-json\/wp\/v2\/media?parent=7304"}],"wp:term":[{"taxonomy":"product_brand","embeddable":true,"href":"https:\/\/hospitalariars.com.br\/index.php\/wp-json\/wp\/v2\/product_brand?post=7304"},{"taxonomy":"product_cat","embeddable":true,"href":"https:\/\/hospitalariars.com.br\/index.php\/wp-json\/wp\/v2\/product_cat?post=7304"},{"taxonomy":"product_tag","embeddable":true,"href":"https:\/\/hospitalariars.com.br\/index.php\/wp-json\/wp\/v2\/product_tag?post=7304"}],"curies":[{"name":"wp","href":"https:\/\/api.w.org\/{rel}","templated":true}]}}