{"id":7306,"date":"2025-06-11T21:54:27","date_gmt":"2025-06-12T00:54:27","guid":{"rendered":"https:\/\/hospitalariars.com.br\/?post_type=product&#038;p=7306"},"modified":"2026-03-27T16:03:44","modified_gmt":"2026-03-27T19:03:44","slug":"frasco-de-nutricao-enteral-300ml-cpl","status":"publish","type":"product","link":"https:\/\/hospitalariars.com.br\/index.php\/produto\/frasco-de-nutricao-enteral-300ml-cpl\/","title":{"rendered":"Frasco de nutri\u00e7\u00e3o enteral 300ml &#8211; CPL"},"content":{"rendered":"<p>Frasco de nutri\u00e7\u00e3o enteral 300ml &#8211; CPL<\/p>\n<p>Destinado \u00e0 administra\u00e7\u00e3o de solu\u00e7\u00f5es enterais para pacientes por sonda ou via oral;<br \/>\nFabricado em polietileno de baixa densidade, graduado em escala de 50 ml;<br \/>\nEmbalagem individual;<br \/>\nEsterilizado a \u00d3xido de Etileno<br \/>\nNotifica\u00e7\u00e3o ANVISA: 10014160054<\/p>\n","protected":false},"excerpt":{"rendered":"Frasco de nutri\u00e7\u00e3o enteral 300ml &#8211; CPL Destinado \u00e0 administra\u00e7\u00e3o de solu\u00e7\u00f5es enterais para pacientes por sonda ou&hellip;","protected":false},"featured_media":9221,"comment_status":"open","ping_status":"closed","template":"","meta":{"slim_seo":{"title":"Frasco de nutri\u00e7\u00e3o enteral 300ml - CPL - Hospitalaria RS","description":"Frasco de nutri\u00e7\u00e3o enteral 300ml - CPL Destinado \u00e0 administra\u00e7\u00e3o de solu\u00e7\u00f5es enterais para pacientes por sonda ou via oral; Fabricado em polietileno de baixa de"}},"product_brand":[241],"product_cat":[36],"product_tag":[244,246,245,242,243],"class_list":{"0":"post-7306","1":"product","2":"type-product","3":"status-publish","4":"has-post-thumbnail","6":"product_brand-cpl","7":"product_cat-materiais-de-consumo","8":"product_tag-administracao-por-sonda","9":"product_tag-embalagem-individual","10":"product_tag-esterilizado-oxido-de-etileno","11":"product_tag-frasco-de-nutricao-enteral","12":"product_tag-frasco-polietileno-graduado","13":"mbf-entry","15":"first","16":"outofstock","17":"sale","18":"shipping-taxable","19":"purchasable","20":"product-type-simple"},"_links":{"self":[{"href":"https:\/\/hospitalariars.com.br\/index.php\/wp-json\/wp\/v2\/product\/7306","targetHints":{"allow":["GET"]}}],"collection":[{"href":"https:\/\/hospitalariars.com.br\/index.php\/wp-json\/wp\/v2\/product"}],"about":[{"href":"https:\/\/hospitalariars.com.br\/index.php\/wp-json\/wp\/v2\/types\/product"}],"replies":[{"embeddable":true,"href":"https:\/\/hospitalariars.com.br\/index.php\/wp-json\/wp\/v2\/comments?post=7306"}],"wp:featuredmedia":[{"embeddable":true,"href":"https:\/\/hospitalariars.com.br\/index.php\/wp-json\/wp\/v2\/media\/9221"}],"wp:attachment":[{"href":"https:\/\/hospitalariars.com.br\/index.php\/wp-json\/wp\/v2\/media?parent=7306"}],"wp:term":[{"taxonomy":"product_brand","embeddable":true,"href":"https:\/\/hospitalariars.com.br\/index.php\/wp-json\/wp\/v2\/product_brand?post=7306"},{"taxonomy":"product_cat","embeddable":true,"href":"https:\/\/hospitalariars.com.br\/index.php\/wp-json\/wp\/v2\/product_cat?post=7306"},{"taxonomy":"product_tag","embeddable":true,"href":"https:\/\/hospitalariars.com.br\/index.php\/wp-json\/wp\/v2\/product_tag?post=7306"}],"curies":[{"name":"wp","href":"https:\/\/api.w.org\/{rel}","templated":true}]}}