{"id":7307,"date":"2025-06-11T21:54:27","date_gmt":"2025-06-12T00:54:27","guid":{"rendered":"https:\/\/hospitalariars.com.br\/?post_type=product&#038;p=7307"},"modified":"2026-03-27T16:03:44","modified_gmt":"2026-03-27T19:03:44","slug":"cardioversor-cardiomax-8-instramed","status":"publish","type":"product","link":"https:\/\/hospitalariars.com.br\/index.php\/produto\/cardioversor-cardiomax-8-instramed\/","title":{"rendered":"Cardioversor Cardiomax 8 &#8211; Instramed"},"content":{"rendered":"<p>Cardioversor Cardiomax 8 &#8211; Instramed<\/p>\n<div class=\"elementor-element elementor-element-6b2692c e-con-full e-flex e-con e-child\" data-id=\"6b2692c\" data-element_type=\"container\">\n<div class=\"elementor-element elementor-element-4e522140 elementor-widget elementor-widget-heading\" data-id=\"4e522140\" data-element_type=\"widget\" data-widget_type=\"heading.default\">\n<div class=\"elementor-widget-container\">\n<div class=\"elementor-element elementor-element-6b2692c e-con-full e-flex e-con e-child\" data-id=\"6b2692c\" data-element_type=\"container\">\n<div class=\"elementor-element elementor-element-4e522140 elementor-widget elementor-widget-heading\" data-id=\"4e522140\" data-element_type=\"widget\" data-widget_type=\"heading.default\">\n<div class=\"elementor-widget-container\">\n<h2 class=\"elementor-heading-title elementor-size-default\">Pr\u00e1tico e vers\u00e1til<\/h2>\n<\/div>\n<\/div>\n<\/div>\n<div class=\"elementor-element elementor-element-6666e934 e-con-full e-flex e-con e-child\" data-id=\"6666e934\" data-element_type=\"container\">\n<div class=\"elementor-element elementor-element-771d738b elementor-widget elementor-widget-text-editor\" data-id=\"771d738b\" data-element_type=\"widget\" data-widget_type=\"text-editor.default\">\n<div class=\"elementor-widget-container\">\n<p>O cardioversor\/desfibrilador\/monitor com o\u00a0<strong>carregamento mais r\u00e1pido do mercado<\/strong>, atendendo pacientes adultos, pedi\u00e1tricos e neonatais, oferecendo facilidade e versatilidade no seu uso.<\/p>\n<\/div>\n<\/div>\n<\/div>\n<\/div>\n<\/div>\n<\/div>\n<h2 class=\"elementor-heading-title elementor-size-default\">Pr\u00e1tico e intuitivo<\/h2>\n<p>Painel de acesso r\u00e1pido \u00e0s principais fun\u00e7\u00f5es e display colorido de 8.4\u201d que se ajusta ao n\u00famero de par\u00e2metros automaticamente, apresentando as informa\u00e7\u00f5es de forma clara e organizada.<\/p>\n<h2 class=\"elementor-heading-title elementor-size-default\">Otimizando cada segundo<\/h2>\n<p>Tecnologia de \u00faltima gera\u00e7\u00e3o e softwares criados para atender as necessidades do atendimento de<br \/>\nemerg\u00eancia, onde quer que ocorram.<\/p>\n<div class=\"elementor-element elementor-element-2aa3f98 elementor-widget elementor-widget-text-editor\" data-id=\"2aa3f98\" data-element_type=\"widget\" data-widget_type=\"text-editor.default\">\n<div class=\"elementor-widget-container\">\n<h2 class=\"elementor-heading-title elementor-size-default\">Par\u00e2metros inclusos<\/h2>\n<p>Cardioversor<\/p>\n<p>Desfibrilador<\/p>\n<\/div>\n<\/div>\n<div class=\"elementor-element elementor-element-8337a88 elementor-widget-divider--view-line elementor-widget elementor-widget-divider\" data-id=\"8337a88\" data-element_type=\"widget\" data-widget_type=\"divider.default\">\n<div class=\"elementor-widget-container\">\n<div class=\"elementor-divider\">Desfibrilador Externo Autom\u00e1tico (DEA)<\/div>\n<div><\/div>\n<\/div>\n<\/div>\n<div class=\"elementor-element elementor-element-963bde0 elementor-widget-divider--view-line elementor-widget elementor-widget-divider\" data-id=\"963bde0\" data-element_type=\"widget\" data-widget_type=\"divider.default\">\n<div class=\"elementor-widget-container\">\n<div class=\"elementor-divider\">Monitoriza\u00e7\u00e3o de ECG 3D e 7D<\/div>\n<div><\/div>\n<\/div>\n<\/div>\n<div class=\"elementor-element elementor-element-c6e1c52 elementor-widget-divider--view-line elementor-widget elementor-widget-divider\" data-id=\"c6e1c52\" data-element_type=\"widget\" data-widget_type=\"divider.default\">\n<div class=\"elementor-widget-container\">\n<div class=\"elementor-divider\">Monitoriza\u00e7\u00e3o de respira\u00e7\u00e3o<\/div>\n<div><\/div>\n<\/div>\n<\/div>\n<div class=\"elementor-element elementor-element-ff4bdb9 elementor-widget-divider--view-line elementor-widget elementor-widget-divider\" data-id=\"ff4bdb9\" data-element_type=\"widget\" data-widget_type=\"divider.default\">\n<div class=\"elementor-widget-container\">\n<div class=\"elementor-divider\">ASC \u2013 Fun\u00e7\u00e3o Auto Sequ\u00eancia de Carga<\/div>\n<div><\/div>\n<\/div>\n<\/div>\n<div class=\"elementor-element elementor-element-1d4befd elementor-widget-divider--view-line elementor-widget elementor-widget-divider\" data-id=\"1d4befd\" data-element_type=\"widget\" data-widget_type=\"divider.default\">\n<div class=\"elementor-widget-container\">\n<div class=\"elementor-divider\">PMS \u2013 Fun\u00e7\u00e3o Preven\u00e7\u00e3o de Morte S\u00fabita<\/div>\n<div><\/div>\n<\/div>\n<\/div>\n<div class=\"elementor-element elementor-element-fbd046c elementor-widget-divider--view-line elementor-widget elementor-widget-divider\" data-id=\"fbd046c\" data-element_type=\"widget\" data-widget_type=\"divider.default\">\n<div class=\"elementor-widget-container\">\n<div class=\"elementor-divider\">Bateria Li-Ion 4.4 Ah ou 6 Ah<\/div>\n<\/div>\n<div>\n<h2 class=\"elementor-heading-title elementor-size-default\">Par\u00e2metros Opcionais<\/h2>\n<div class=\"elementor-element elementor-element-4de4728 elementor-widget elementor-widget-text-editor\" data-id=\"4de4728\" data-element_type=\"widget\" data-widget_type=\"text-editor.default\">\n<div class=\"elementor-widget-container\">\n<p>Monitoriza\u00e7\u00e3o de ECG 12D<\/p>\n<\/div>\n<\/div>\n<div class=\"elementor-element elementor-element-6f23768 e-con-full e-flex e-con e-child\" data-id=\"6f23768\" data-element_type=\"container\">\n<div class=\"elementor-element elementor-element-b8ddd16 e-con-full e-flex e-con e-child\" data-id=\"b8ddd16\" data-element_type=\"container\">\n<div class=\"elementor-element elementor-element-fd864a5 elementor-widget elementor-widget-text-editor\" data-id=\"fd864a5\" data-element_type=\"widget\" data-widget_type=\"text-editor.default\">\n<div class=\"elementor-widget-container\">\n<p>RCP Maestro<\/p>\n<\/div>\n<\/div>\n<\/div>\n<\/div>\n<div class=\"elementor-element elementor-element-c5b043b elementor-widget-divider--view-line elementor-widget elementor-widget-divider\" data-id=\"c5b043b\" data-element_type=\"widget\" data-widget_type=\"divider.default\">\n<div class=\"elementor-widget-container\">\n<div class=\"elementor-divider\">Marcapasso externo<\/div>\n<div><\/div>\n<\/div>\n<\/div>\n<div class=\"elementor-element elementor-element-09fa050 elementor-widget-divider--view-line elementor-widget elementor-widget-divider\" data-id=\"09fa050\" data-element_type=\"widget\" data-widget_type=\"divider.default\">\n<div class=\"elementor-widget-container\">\n<div class=\"elementor-divider\">Press\u00e3o N\u00e3o Invasiva (PANI)<\/div>\n<\/div>\n<\/div>\n<div class=\"elementor-element elementor-element-cb1b407 elementor-widget elementor-widget-text-editor\" data-id=\"cb1b407\" data-element_type=\"widget\" data-widget_type=\"text-editor.default\">\n<div class=\"elementor-widget-container\">\n<p>Oximetria (SPO2)<\/p>\n<\/div>\n<\/div>\n<div class=\"elementor-element elementor-element-d9cdd93 elementor-widget elementor-widget-text-editor\" data-id=\"d9cdd93\" data-element_type=\"widget\" data-widget_type=\"text-editor.default\">\n<div class=\"elementor-widget-container\">\n<p>Capnografia (EtCO2)<\/p>\n<\/div>\n<\/div>\n<div class=\"elementor-element elementor-element-72ba0cd elementor-widget elementor-widget-text-editor\" data-id=\"72ba0cd\" data-element_type=\"widget\" data-widget_type=\"text-editor.default\">\n<div class=\"elementor-widget-container\">\n<p>Impressora<\/p>\n<\/div>\n<\/div>\n<div class=\"elementor-element elementor-element-c326b27 e-con-full e-flex e-con e-child\" data-id=\"c326b27\" data-element_type=\"container\">\n<div class=\"elementor-element elementor-element-7d96ca5 e-con-full e-flex e-con e-child\" data-id=\"7d96ca5\" data-element_type=\"container\">\n<div class=\"elementor-element elementor-element-821fc87 elementor-widget elementor-widget-text-editor\" data-id=\"821fc87\" data-element_type=\"widget\" data-widget_type=\"text-editor.default\">\n<div class=\"elementor-widget-container\">\n<p>CTR \u2013 Fun\u00e7\u00e3o de Checagem em Tempo Real<\/p>\n<\/div>\n<\/div>\n<\/div>\n<\/div>\n<div class=\"elementor-element elementor-element-49a4d58 elementor-widget elementor-widget-text-editor\" data-id=\"49a4d58\" data-element_type=\"widget\" data-widget_type=\"text-editor.default\">\n<div class=\"elementor-widget-container\">\n<p>Indicador de carga na bateria<\/p>\n<\/div>\n<\/div>\n<div class=\"elementor-element elementor-element-c8ca0ee elementor-widget elementor-widget-text-editor\" data-id=\"c8ca0ee\" data-element_type=\"widget\" data-widget_type=\"text-editor.default\">\n<div class=\"elementor-widget-container\">\n<p>\u00cdndice de prote\u00e7\u00e3o \u2013 IP44<\/p>\n<\/div>\n<\/div>\n<\/div>\n<div><\/div>\n<\/div>\n","protected":false},"excerpt":{"rendered":"Cardioversor Cardiomax 8 &#8211; Instramed Pr\u00e1tico e vers\u00e1til O cardioversor\/desfibrilador\/monitor com o\u00a0carregamento mais r\u00e1pido do mercado, atendendo pacientes&hellip;","protected":false},"featured_media":7763,"comment_status":"open","ping_status":"closed","template":"","meta":{"slim_seo":{"title":"Cardioversor Cardiomax 8 - Instramed - Hospitalaria RS","description":"Cardioversor Cardiomax 8 - Instramed Pr\u00e1tico e vers\u00e1til O cardioversor\/desfibrilador\/monitor com o\u00a0 carregamento mais r\u00e1pido do mercado , atendendo pacientes ad"}},"product_brand":[220],"product_cat":[34],"product_tag":[489,491,490,493,492],"class_list":{"0":"post-7307","1":"product","2":"type-product","3":"status-publish","4":"has-post-thumbnail","6":"product_brand-instramed","7":"product_cat-equipamentos","8":"product_tag-cardioversor-cardiomax-8","9":"product_tag-carregamento-rapido","10":"product_tag-desfibrilador-monitor","11":"product_tag-monitorizacao-ecg-3d-e-7d","12":"product_tag-painel-display-colorido-8-4","13":"mbf-entry","15":"first","16":"outofstock","17":"shipping-taxable","18":"product-type-simple"},"_links":{"self":[{"href":"https:\/\/hospitalariars.com.br\/index.php\/wp-json\/wp\/v2\/product\/7307","targetHints":{"allow":["GET"]}}],"collection":[{"href":"https:\/\/hospitalariars.com.br\/index.php\/wp-json\/wp\/v2\/product"}],"about":[{"href":"https:\/\/hospitalariars.com.br\/index.php\/wp-json\/wp\/v2\/types\/product"}],"replies":[{"embeddable":true,"href":"https:\/\/hospitalariars.com.br\/index.php\/wp-json\/wp\/v2\/comments?post=7307"}],"wp:featuredmedia":[{"embeddable":true,"href":"https:\/\/hospitalariars.com.br\/index.php\/wp-json\/wp\/v2\/media\/7763"}],"wp:attachment":[{"href":"https:\/\/hospitalariars.com.br\/index.php\/wp-json\/wp\/v2\/media?parent=7307"}],"wp:term":[{"taxonomy":"product_brand","embeddable":true,"href":"https:\/\/hospitalariars.com.br\/index.php\/wp-json\/wp\/v2\/product_brand?post=7307"},{"taxonomy":"product_cat","embeddable":true,"href":"https:\/\/hospitalariars.com.br\/index.php\/wp-json\/wp\/v2\/product_cat?post=7307"},{"taxonomy":"product_tag","embeddable":true,"href":"https:\/\/hospitalariars.com.br\/index.php\/wp-json\/wp\/v2\/product_tag?post=7307"}],"curies":[{"name":"wp","href":"https:\/\/api.w.org\/{rel}","templated":true}]}}