{"id":7308,"date":"2025-06-11T21:54:27","date_gmt":"2025-06-12T00:54:27","guid":{"rendered":"https:\/\/hospitalariars.com.br\/?post_type=product&#038;p=7308"},"modified":"2026-03-27T16:03:44","modified_gmt":"2026-03-27T19:03:44","slug":"dea-ion-desfibrilador-portatil-instramed","status":"publish","type":"product","link":"https:\/\/hospitalariars.com.br\/index.php\/produto\/dea-ion-desfibrilador-portatil-instramed\/","title":{"rendered":"DEA Ion &#8211; Desfibrilador port\u00e1til &#8211; Instramed"},"content":{"rendered":"<p>A linha de\u00a0<strong>DEAs<\/strong>\u00a0mais vers\u00e1til do mercado, que atendem das situa\u00e7\u00f5es mais simples as mais complexas, sem abrir m\u00e3o da qualidade e robustez j\u00e1 tradicionais dos produtos Instramed.<\/p>\n<p>O DEA mais r\u00e1pido do mercado, fornecendo cargas de at\u00e9 360 J em menos de 6 segundos, e o \u00fanico com apenas um bot\u00e3o que centraliza as principais fun\u00e7\u00f5es do equipamento, agilizando o processo de atendimento e facilitando o seu uso por leigos.<\/p>\n<p>A linha i.on disponibiliza uma vasta gama de fun\u00e7\u00f5es e recursos opcionais que permitem maior dinamismo e precis\u00e3o no atendimento, adequando-se perfeitamente \u00e0s suas necessidades. Conta tamb\u00e9m com a tecnologia in.track, exclusiva da Instramed, que fornece geolocaliza\u00e7\u00e3o e status de opera\u00e7\u00e3o do equipamento via internet m\u00f3vel.<\/p>\n<div class=\"ue-content-text\">\n<p><img loading=\"lazy\" decoding=\"async\" class=\"alignnone size-full wp-image-682\" src=\"https:\/\/www.instramed.com\/wp-content\/uploads\/2025\/03\/ion-led.png\" alt=\"\" width=\"146\" height=\"47\" \/><\/p>\n<p>A vers\u00e3o essencial da linha i.on, projetada para facilidade de uso em emerg\u00eancias. Equipado com LEDs indicativos, orienta\u00e7\u00e3o por \u00e1udio e bot\u00e3o \u00fanico de opera\u00e7\u00e3o, permitindo que qualquer pessoa possa intervir rapidamente em uma PCR.<\/p>\n<\/div>\n<div class=\"ue-tecnologias\">\n<div class=\"ue-content-inclusos\">\n<h3>Incluso<\/h3>\n<ul>\n<li>Bot\u00e3o \u00danico<\/li>\n<li>Orienta\u00e7\u00e3o por voz<\/li>\n<li>Grau de prote\u00e7\u00e3o IP56<\/li>\n<li>Bateria n\u00e3o recarreg\u00e1vel<\/li>\n<li>Cargas de at\u00e9 360J em menos de 6 segundos<\/li>\n<li>Bolsa de transporte funcional<\/li>\n<li>SoftDEA<\/li>\n<\/ul>\n<\/div>\n<div class=\"ue-content-opcionais\">\n<h3>Opcionais<\/h3>\n<ul>\n<li>Al\u00e7a de transporte<\/li>\n<li>Microfone interno<\/li>\n<li>Bot\u00e3o paciente<\/li>\n<li>In.track<\/li>\n<li>RCP Maestro<\/li>\n<\/ul>\n<\/div>\n<div class=\"ue-content-text\">\n<p><img loading=\"lazy\" decoding=\"async\" class=\"alignnone wp-image-692 size-full\" src=\"https:\/\/www.instramed.com\/wp-content\/uploads\/2025\/03\/ion-lcd-1.png\" alt=\"\" width=\"149\" height=\"48\" \/><\/p>\n<p>Esta vers\u00e3o conta com um display LCD colorido de 4.3\u201d, oferecendo orienta\u00e7\u00f5es visuais mais claras para o atendimento urgente. Para uma visualiza\u00e7\u00e3o ainda mais avan\u00e7ada, a fun\u00e7\u00e3o \u201c3V\u201d apresenta a frequ\u00eancia card\u00edaca e tra\u00e7ado de ECG do paciente, aumentando a precis\u00e3o do tratamento.<\/p>\n<\/div>\n<div class=\"ue-tecnologias\">\n<div class=\"ue-content-inclusos\">\n<h3>Incluso<\/h3>\n<ul>\n<li>Bot\u00e3o \u00danico<\/li>\n<li>Display de LCD 4.3\u201d<\/li>\n<li>Orienta\u00e7\u00e3o por voz<\/li>\n<li>Grau de prote\u00e7\u00e3o IP56<\/li>\n<li>Bateria n\u00e3o recarreg\u00e1vel<\/li>\n<li>Cargas de at\u00e9 360J em menos de 6 segundos<\/li>\n<li>Bolsa de transporte funcional<\/li>\n<li>SoftDEA<\/li>\n<\/ul>\n<\/div>\n<div class=\"ue-content-opcionais\">\n<h3>Opcionais<\/h3>\n<ul>\n<li>Fun\u00e7\u00e3o 3V<\/li>\n<li>Al\u00e7a de transporte<\/li>\n<li>Microfone interno<\/li>\n<li>Bot\u00e3o paciente<\/li>\n<li>In.track<\/li>\n<li>RCP Maestro<\/li>\n<\/ul>\n<\/div>\n<div class=\"ue-content-text\">\n<p><img loading=\"lazy\" decoding=\"async\" class=\"alignnone wp-image-698 size-full\" src=\"https:\/\/www.instramed.com\/wp-content\/uploads\/2025\/03\/ion-pro-1.png\" alt=\"i.on PRO\" width=\"95\" height=\"68\" \/><\/p>\n<p>Dedicado para uso de profissionais da sa\u00fade, permite a utiliza\u00e7\u00e3o do equipamento como DEA e como um desfibrilador convencional, possibilitando escolher a carga, de at\u00e9 360 J, a ser aplicada durante o atendimento, tornando- o a escolha perfeita para os atendimentos emergenciais. Tudo de maneira f\u00e1cil e clara, com as informa\u00e7\u00f5es e configura\u00e7\u00f5es realizadas atrav\u00e9s de seu display touchscreen.<\/p>\n<\/div>\n<div class=\"ue-tecnologias\">\n<div class=\"ue-content-inclusos\">\n<h3>Incluso<\/h3>\n<ul>\n<li>Display LCD de 4.3\u201d touchscreen<\/li>\n<li>Sele\u00e7\u00e3o manual de carga<\/li>\n<li>Orienta\u00e7\u00e3o por voz<\/li>\n<li>Grau de prote\u00e7\u00e3o IP56<\/li>\n<li>Bateria n\u00e3o recarreg\u00e1vel<\/li>\n<li>Cargas de at\u00e9 360J em menos de 6 segundos<\/li>\n<li>Bolsa de transporte funcional<\/li>\n<li>SoftDEA<\/li>\n<\/ul>\n<\/div>\n<div class=\"ue-content-opcionais\">\n<h3>Opcionais<\/h3>\n<ul>\n<li>Fun\u00e7\u00e3o 3V<\/li>\n<li>Al\u00e7a de transporte<\/li>\n<li>Microfone interno<\/li>\n<li>Bot\u00e3o paciente<\/li>\n<li>In.track<\/li>\n<li>RCP Maestro<\/li>\n<\/ul>\n<\/div>\n<div class=\"ue-content-text\">\n<p><img loading=\"lazy\" decoding=\"async\" class=\"alignnone wp-image-703 size-full\" src=\"https:\/\/www.instramed.com\/wp-content\/uploads\/2025\/03\/ion-auto-1.png\" alt=\"i.on AUTO\" width=\"95\" height=\"66\" \/><\/p>\n<p>I.on com tela LCD ou LED, com um \u00fanico bot\u00e3o de in\u00edcio, indicado para atendimentos profissionais e em especial para leigos.<\/p>\n<\/div>\n<div class=\"ue-tecnologias\">\n<div class=\"ue-content-inclusos\">\n<h3>Incluso<\/h3>\n<ul>\n<li>Sele\u00e7\u00e3o manual de carga<\/li>\n<li>Orienta\u00e7\u00e3o por voz<\/li>\n<li>Grau de prote\u00e7\u00e3o IP56<\/li>\n<li>Bateria n\u00e3o recarreg\u00e1vel<\/li>\n<li>Cargas de at\u00e9 360J em menos de 6 segundos<\/li>\n<li>Bolsa de transporte funcional<\/li>\n<li>SoftDEA<\/li>\n<\/ul>\n<\/div>\n<div class=\"ue-content-opcionais\">\n<h3>Opcionais<\/h3>\n<ul>\n<li>Fun\u00e7\u00e3o 3V<\/li>\n<li>Al\u00e7a de transporte<\/li>\n<li>Microfone interno<\/li>\n<li>Bot\u00e3o paciente<\/li>\n<li>In.track<\/li>\n<li>RCP Maestro<\/li>\n<\/ul>\n<\/div>\n<\/div>\n<\/div>\n<\/div>\n<\/div>\n","protected":false},"excerpt":{"rendered":"A linha de\u00a0DEAs\u00a0mais vers\u00e1til do mercado, que atendem das situa\u00e7\u00f5es mais simples as mais complexas, sem abrir m\u00e3o&hellip;","protected":false},"featured_media":7764,"comment_status":"open","ping_status":"closed","template":"","meta":{"slim_seo":{"title":"DEA Ion - Desfibrilador port\u00e1til - Instramed - Hospitalaria RS","description":"A linha de\u00a0 DEAs \u00a0mais vers\u00e1til do mercado, que atendem das situa\u00e7\u00f5es mais simples as mais complexas, sem abrir m\u00e3o da qualidade e robustez j\u00e1 tradicionais dos"}},"product_brand":[220],"product_cat":[34],"product_tag":[223,224,221,222,225],"class_list":{"0":"post-7308","1":"product","2":"type-product","3":"status-publish","4":"has-post-thumbnail","6":"product_brand-instramed","7":"product_cat-equipamentos","8":"product_tag-botao-unico-de-operacao","9":"product_tag-carga-ate-360j","10":"product_tag-dea-instramed","11":"product_tag-desfibrilador-com-orientacao-por-voz","12":"product_tag-display-lcd-4-3","13":"mbf-entry","15":"first","16":"outofstock","17":"sale","18":"shipping-taxable","19":"purchasable","20":"product-type-simple"},"_links":{"self":[{"href":"https:\/\/hospitalariars.com.br\/index.php\/wp-json\/wp\/v2\/product\/7308","targetHints":{"allow":["GET"]}}],"collection":[{"href":"https:\/\/hospitalariars.com.br\/index.php\/wp-json\/wp\/v2\/product"}],"about":[{"href":"https:\/\/hospitalariars.com.br\/index.php\/wp-json\/wp\/v2\/types\/product"}],"replies":[{"embeddable":true,"href":"https:\/\/hospitalariars.com.br\/index.php\/wp-json\/wp\/v2\/comments?post=7308"}],"wp:featuredmedia":[{"embeddable":true,"href":"https:\/\/hospitalariars.com.br\/index.php\/wp-json\/wp\/v2\/media\/7764"}],"wp:attachment":[{"href":"https:\/\/hospitalariars.com.br\/index.php\/wp-json\/wp\/v2\/media?parent=7308"}],"wp:term":[{"taxonomy":"product_brand","embeddable":true,"href":"https:\/\/hospitalariars.com.br\/index.php\/wp-json\/wp\/v2\/product_brand?post=7308"},{"taxonomy":"product_cat","embeddable":true,"href":"https:\/\/hospitalariars.com.br\/index.php\/wp-json\/wp\/v2\/product_cat?post=7308"},{"taxonomy":"product_tag","embeddable":true,"href":"https:\/\/hospitalariars.com.br\/index.php\/wp-json\/wp\/v2\/product_tag?post=7308"}],"curies":[{"name":"wp","href":"https:\/\/api.w.org\/{rel}","templated":true}]}}