{"id":7314,"date":"2025-06-11T21:54:27","date_gmt":"2025-06-12T00:54:27","guid":{"rendered":"https:\/\/hospitalariars.com.br\/?post_type=product&#038;p=7314"},"modified":"2026-03-27T16:03:44","modified_gmt":"2026-03-27T19:03:44","slug":"oximetro-fingertip-sb100-md","status":"publish","type":"product","link":"https:\/\/hospitalariars.com.br\/index.php\/produto\/oximetro-fingertip-sb100-md\/","title":{"rendered":"Ox\u00edmetro Fingertip SB100 MD"},"content":{"rendered":"<div class=\"flex-grid bloco-descricao\">\n<div class=\"left\">\n<h2 class=\"title1s border-title\">Benef\u00edcios<\/h2>\n<\/div>\n<div class=\"right\">\n<div class=\"text-box edit\">\n<ul>\n<li>Suavidade e ajuste perfeito ao dedo, mesmos em pacientes pedi\u00e1tricos (acima de 3 anos).<\/li>\n<li>Abas laterais eliminam a interfer\u00eancia da luz ambiente, proporcionando leituras mais precisas.<\/li>\n<li>Mesmo quando o n\u00edvel de oxig\u00eanio do paciente n\u00e3o est\u00e1 est\u00e1vel, sua aferi\u00e7\u00e3o \u00e9 precisa.<\/li>\n<li>Desligamento autom\u00e1tico ap\u00f3s 8 segundos sem atividade.<\/li>\n<li>Bot\u00e3o \u00fanico para f\u00e1cil opera\u00e7\u00e3o do equipamento.<\/li>\n<li>Visor grande de LED colorido com informa\u00e7\u00f5es claras, mesmo em variadas condi\u00e7\u00f5es de luz.<\/li>\n<li>Corpo fabricado em ABS proporciona maior resist\u00eancia e leveza.<\/li>\n<li>Almofadas fabricadas em silicone, provendo maior durabilidade e evitando alergias por l\u00e1tex.<\/li>\n<li>Molas internas em inox, garante vida longa aos movimentos repetitivos e resist\u00eancia \u00e0 corros\u00e3o.<\/li>\n<\/ul>\n<hr \/>\n<\/div>\n<\/div>\n<\/div>\n<div class=\"flex-grid bloco-descricao\">\n<div class=\"left\">\n<h2 class=\"title1s border-title\">Catacter\u00edsticas<\/h2>\n<\/div>\n<div class=\"right\">\n<div class=\"text-box edit\">\n<ul>\n<li>Mede e exibe valores confi\u00e1veis da SpO2 e Frequ\u00eancia de Pulso.<\/li>\n<li>Bot\u00e3o \u00fanico de Liga \/ Desliga para facilitar a opera\u00e7\u00e3o.<\/li>\n<li>Visor LED em 7 segmentos com alto n\u00edvel de brilho dos \u00edcones para f\u00e1cil visualiza\u00e7\u00e3o.<\/li>\n<li>Leve, Compacto e Port\u00e1til.<\/li>\n<li>Capacidade para uso cont\u00ednuo em aproximadamente 16 horas (podendo variar de acordo com a qualidade das pilhas utilizadas).<\/li>\n<li>Alimenta\u00e7\u00e3o atrav\u00e9s de 02 (duas) pilhas alcalinas &#8220;AAA&#8221;.<\/li>\n<li>Desligamento autom\u00e1tico ap\u00f3s 8 (oito) segundos sem atividade.<\/li>\n<\/ul>\n<hr \/>\n<\/div>\n<\/div>\n<\/div>\n<div class=\"flex-grid bloco-descricao\">\n<div class=\"left\">\n<h2 class=\"title1s border-title\">Especifica\u00e7\u00f5es T\u00e9cnicas<\/h2>\n<\/div>\n<div class=\"right\">\n<div class=\"text-box edit\">\n<ul>\n<li>De uso profissional exibe valores do estado vascular SpO2, Frequ\u00eancia Card\u00edaca (pulso) e N\u00edvel da Carga da Bateria.<\/li>\n<li>Faixa de Medi\u00e7\u00e3o da Oximetria (SpO2): 35% ~ 99%.<\/li>\n<li>Precis\u00e3o da SpO2: 70% ~ 99% (\u00b12%).<\/li>\n<li>Faixa de Frequ\u00eancia Card\u00edaca (pulso): 30 ~ 250 bpm (batimentos por minuto).<\/li>\n<li>Pulsa\u00e7\u00e3o: 30 ~ 250 bpm (\u00b13 bpm).<\/li>\n<li>Peso: 37g (excluindo as pilhas).<\/li>\n<li>Alimenta\u00e7\u00e3o atrav\u00e9s de duas pilhas &#8220;AAA\u201d, inclusas.<\/li>\n<\/ul>\n<\/div>\n<\/div>\n<\/div>\n","protected":false},"excerpt":{"rendered":"Benef\u00edcios Suavidade e ajuste perfeito ao dedo, mesmos em pacientes pedi\u00e1tricos (acima de 3 anos). Abas laterais eliminam&hellip;","protected":false},"featured_media":7361,"comment_status":"open","ping_status":"closed","template":"","meta":{"slim_seo":{"title":"Ox\u00edmetro Fingertip SB100 MD - Hospitalaria RS","description":"Benef\u00edcios Suavidade e ajuste perfeito ao dedo, mesmos em pacientes pedi\u00e1tricos (acima de 3 anos). Abas laterais eliminam a interfer\u00eancia da luz ambiente, propo"}},"product_brand":[78],"product_cat":[34],"product_tag":[337,336,323,339,338],"class_list":{"0":"post-7314","1":"product","2":"type-product","3":"status-publish","4":"has-post-thumbnail","6":"product_brand-md","7":"product_cat-equipamentos","8":"product_tag-desligamento-automatico","9":"product_tag-leitura-precisa","10":"product_tag-oximetro-portatil","11":"product_tag-uso-continuo-16h","12":"product_tag-visor-led-colorido","13":"mbf-entry","15":"first","16":"outofstock","17":"shipping-taxable","18":"product-type-simple"},"_links":{"self":[{"href":"https:\/\/hospitalariars.com.br\/index.php\/wp-json\/wp\/v2\/product\/7314","targetHints":{"allow":["GET"]}}],"collection":[{"href":"https:\/\/hospitalariars.com.br\/index.php\/wp-json\/wp\/v2\/product"}],"about":[{"href":"https:\/\/hospitalariars.com.br\/index.php\/wp-json\/wp\/v2\/types\/product"}],"replies":[{"embeddable":true,"href":"https:\/\/hospitalariars.com.br\/index.php\/wp-json\/wp\/v2\/comments?post=7314"}],"wp:featuredmedia":[{"embeddable":true,"href":"https:\/\/hospitalariars.com.br\/index.php\/wp-json\/wp\/v2\/media\/7361"}],"wp:attachment":[{"href":"https:\/\/hospitalariars.com.br\/index.php\/wp-json\/wp\/v2\/media?parent=7314"}],"wp:term":[{"taxonomy":"product_brand","embeddable":true,"href":"https:\/\/hospitalariars.com.br\/index.php\/wp-json\/wp\/v2\/product_brand?post=7314"},{"taxonomy":"product_cat","embeddable":true,"href":"https:\/\/hospitalariars.com.br\/index.php\/wp-json\/wp\/v2\/product_cat?post=7314"},{"taxonomy":"product_tag","embeddable":true,"href":"https:\/\/hospitalariars.com.br\/index.php\/wp-json\/wp\/v2\/product_tag?post=7314"}],"curies":[{"name":"wp","href":"https:\/\/api.w.org\/{rel}","templated":true}]}}