{"id":7316,"date":"2025-06-11T21:54:27","date_gmt":"2025-06-12T00:54:27","guid":{"rendered":"https:\/\/hospitalariars.com.br\/?post_type=product&#038;p=7316"},"modified":"2026-03-27T16:03:44","modified_gmt":"2026-03-27T19:03:44","slug":"oximetro-de-pulso-md-portatil-ut100","status":"publish","type":"product","link":"https:\/\/hospitalariars.com.br\/index.php\/produto\/oximetro-de-pulso-md-portatil-ut100\/","title":{"rendered":"Ox\u00edmetro de Pulso MD Port\u00e1til &#8211; UT100"},"content":{"rendered":"<div class=\"flex-grid bloco-descricao\">\n<div class=\"left\">\n<h2 class=\"title1s border-title\">Benef\u00edcios<\/h2>\n<\/div>\n<div class=\"right\">\n<div class=\"text-box edit\">\n<p><strong>LEITURA R\u00c1PIDA E CONFI\u00c1VEL:<\/strong>\u00a0O UT100 fornece leituras de SpO2, frequ\u00eancia card\u00edaca e for\u00e7a de pulso de maneira r\u00e1pida e precisa, permitindo um monitoramento eficiente dos pacientes.<\/p>\n<p><strong>VERSATILIDADE:<\/strong>\u00a0Esse dispositivo \u00e9 adequado para uso em unidades de triagem, ambulat\u00f3rios, salas de emerg\u00eancia e durante o transporte de emerg\u00eancia, adaptando-se perfeitamente \u00e0s necessidades m\u00e9dicas em diferentes cen\u00e1rios.<\/p>\n<p><strong>PORTABILIDADE:<\/strong>\u00a0Com um design leve e compacto, pesando apenas 258 gramas, o UT100 \u00e9 altamente port\u00e1til e f\u00e1cil de transportar, proporcionando praticidade e mobilidade aos profissionais de sa\u00fade.<\/p>\n<p><strong>BATERIA DE LONGA DURA\u00c7\u00c3O:<\/strong>\u00a0Alimentado por quatro pilhas alcalinas &#8220;AA&#8221; ou baterias recarreg\u00e1veis Ni-MH, o UT100 possui uma dura\u00e7\u00e3o de bateria de aproximadamente 20 horas, garantindo um uso cont\u00ednuo e sem interrup\u00e7\u00f5es.<\/p>\n<p><strong>F\u00c1CIL LEITURA:<\/strong>\u00a0O UT100 possui uma tela de LCD brilhante e de f\u00e1cil leitura, que exibe as leituras de SpO2 e frequ\u00eancia card\u00edaca, al\u00e9m de apresentar a onda pletismogr\u00e1fica e tabela de tend\u00eancia, proporcionando informa\u00e7\u00f5es claras e acess\u00edveis.<\/p>\n<p><strong>MODOS DE MEDI\u00c7\u00c3O:<\/strong>\u00a0O UT100 oferece tr\u00eas modos de medi\u00e7\u00e3o para atender \u00e0s necessidades espec\u00edficas de monitoramento do paciente: modo de triagem (spot-check), modo de monitoramento cont\u00ednuo e modo de grava\u00e7\u00e3o.<\/p>\n<p><strong>ALARMES AJUST\u00c1VEIS:<\/strong>\u00a0O dispositivo permite ajustar os n\u00edveis de alarme para leituras de SpO2 e frequ\u00eancia card\u00edaca, fornecendo sinais visuais e aud\u00edveis para alertar o usu\u00e1rio sobre qualquer varia\u00e7\u00e3o significativa nos sinais vitais do paciente.<\/p>\n<p><strong>GERENCIAMENTO DE INFORMA\u00c7\u00d5ES DO PACIENTE:<\/strong>\u00a0O UT100 possibilita o registro de informa\u00e7\u00f5es importantes do paciente, como nome, sexo e tipo, permitindo uma identifica\u00e7\u00e3o positiva e organiza\u00e7\u00e3o eficiente dos dados coletados.<\/p>\n<hr \/>\n<\/div>\n<\/div>\n<\/div>\n<div class=\"flex-grid bloco-descricao\">\n<div class=\"left\">\n<h2 class=\"title1s border-title\">Especifica\u00e7\u00f5es T\u00e9cnicas<\/h2>\n<\/div>\n<div class=\"right\">\n<div class=\"text-box edit\">\n<ul>\n<li>Faixa de leitura de SpO2: 0-100% (funcional).<\/li>\n<li>Precis\u00e3o: \u00b1 2 a 70-100%; &lt;70% indefinido.<\/li>\n<li>Toler\u00e2ncia ao movimento ou baixa perfus\u00e3o: \u00b1 3%.<\/li>\n<li>Resolu\u00e7\u00e3o: 1%.<\/li>\n<\/ul>\n<ul>\n<li>Faixa de pulsa\u00e7\u00e3o: 30-250 bpm.<\/li>\n<li>Precis\u00e3o: \u00b1 2 a 30-250 bpm.<\/li>\n<li>Resolu\u00e7\u00e3o: 1 bpm.<\/li>\n<li>Toler\u00e2ncia ao movimento ou baixa perfus\u00e3o: \u00b1 3 bpm.<\/li>\n<\/ul>\n<ul>\n<li>Grau de mobilidade: Port\u00e1til.<\/li>\n<li>Dimens\u00f5es do dispositivo: 135mm x 75mm x 28mm.<\/li>\n<li>Peso: 258 gramas (com as baterias).<\/li>\n<\/ul>\n<ul>\n<li>Fonte de alimenta\u00e7\u00e3o: 4 pilhas alcalinas \u201cAA\u201d ou baterias tamanho \u201cAA\u201d tipo Ni-MH&#8221;.<\/li>\n<li>Autonomia: Pilhas alcalinas: 20 horas; Baterias: 18 horas.<\/li>\n<\/ul>\n<hr \/>\n<\/div>\n<\/div>\n<\/div>\n<div class=\"flex-grid bloco-descricao\">\n<div class=\"left\">\n<h2 class=\"title1s border-title\">Software<\/h2>\n<\/div>\n<div class=\"right\">\n<div class=\"text-box edit\">\n<p><a href=\"https:\/\/mdspirit.com.br\/mdspirit\/Software\/Software_UT100.zip\">Baixe\u00a0<strong>aqui<\/strong>\u00a0o SOFTWARE do Ox\u00edmetro de Pulso UT100.<\/a><\/p>\n<\/div>\n<\/div>\n<\/div>\n","protected":false},"excerpt":{"rendered":"Benef\u00edcios LEITURA R\u00c1PIDA E CONFI\u00c1VEL:\u00a0O UT100 fornece leituras de SpO2, frequ\u00eancia card\u00edaca e for\u00e7a de pulso de maneira&hellip;","protected":false},"featured_media":7364,"comment_status":"open","ping_status":"closed","template":"","meta":{"slim_seo":{"title":"Ox\u00edmetro de Pulso MD Port\u00e1til - UT100 - Hospitalaria RS","description":"Benef\u00edcios LEITURA R\u00c1PIDA E CONFI\u00c1VEL: \u00a0O UT100 fornece leituras de SpO2, frequ\u00eancia card\u00edaca e for\u00e7a de pulso de maneira r\u00e1pida e precisa, permitindo um monito"}},"product_brand":[78],"product_cat":[34],"product_tag":[324,325,319,322,323],"class_list":{"0":"post-7316","1":"product","2":"type-product","3":"status-publish","4":"has-post-thumbnail","6":"product_brand-md","7":"product_cat-equipamentos","8":"product_tag-dispositivo-com-alarme-ajustavel","9":"product_tag-monitor-de-pulso-portatil","10":"product_tag-monitor-frequencia-cardiaca","11":"product_tag-monitor-portatil-spo2","12":"product_tag-oximetro-portatil","13":"mbf-entry","15":"first","16":"outofstock","17":"shipping-taxable","18":"purchasable","19":"product-type-simple"},"_links":{"self":[{"href":"https:\/\/hospitalariars.com.br\/index.php\/wp-json\/wp\/v2\/product\/7316","targetHints":{"allow":["GET"]}}],"collection":[{"href":"https:\/\/hospitalariars.com.br\/index.php\/wp-json\/wp\/v2\/product"}],"about":[{"href":"https:\/\/hospitalariars.com.br\/index.php\/wp-json\/wp\/v2\/types\/product"}],"replies":[{"embeddable":true,"href":"https:\/\/hospitalariars.com.br\/index.php\/wp-json\/wp\/v2\/comments?post=7316"}],"wp:featuredmedia":[{"embeddable":true,"href":"https:\/\/hospitalariars.com.br\/index.php\/wp-json\/wp\/v2\/media\/7364"}],"wp:attachment":[{"href":"https:\/\/hospitalariars.com.br\/index.php\/wp-json\/wp\/v2\/media?parent=7316"}],"wp:term":[{"taxonomy":"product_brand","embeddable":true,"href":"https:\/\/hospitalariars.com.br\/index.php\/wp-json\/wp\/v2\/product_brand?post=7316"},{"taxonomy":"product_cat","embeddable":true,"href":"https:\/\/hospitalariars.com.br\/index.php\/wp-json\/wp\/v2\/product_cat?post=7316"},{"taxonomy":"product_tag","embeddable":true,"href":"https:\/\/hospitalariars.com.br\/index.php\/wp-json\/wp\/v2\/product_tag?post=7316"}],"curies":[{"name":"wp","href":"https:\/\/api.w.org\/{rel}","templated":true}]}}