{"id":7338,"date":"2025-06-11T21:54:49","date_gmt":"2025-06-12T00:54:49","guid":{"rendered":"https:\/\/hospitalariars.com.br\/?post_type=product&#038;p=7338"},"modified":"2026-03-27T16:03:43","modified_gmt":"2026-03-27T19:03:43","slug":"fotoforo-led-omni-md","status":"publish","type":"product","link":"https:\/\/hospitalariars.com.br\/index.php\/produto\/fotoforo-led-omni-md\/","title":{"rendered":"Fot\u00f3foro LED OMNI MD"},"content":{"rendered":"<div class=\"paragraph m-top2\">\n<p>O novo Fot\u00f3foro LED para Exames Cl\u00ednicos OMNI BT-410F MD \u00e9 super leve, super LED e super livre.<\/p>\n<p>Pessoas ganham mais vida quando bem iluminadas.<\/p>\n<div class=\"flex-grid bloco-descricao\">\n<div class=\"left\">\n<h2 class=\"title1s border-title\">Benef\u00edcios<\/h2>\n<\/div>\n<div class=\"right\">\n<div class=\"text-box edit\">\n<p><strong><span class=\"TextRun SCXW17458928 BCX9\" lang=\"PT-BR\" xml:lang=\"PT-BR\" data-contrast=\"auto\"><span class=\"NormalTextRun SCXW17458928 BCX9\">Ilumina\u00e7\u00e3o sem fio<\/span><span class=\"NormalTextRun SCXW17458928 BCX9\">,<\/span><span class=\"NormalTextRun SCXW17458928 BCX9\">\u00a0para melhor mobilidade e leveza.<\/span><\/span><\/strong><\/p>\n<p><strong>Ajust\u00e1vel e confort\u00e1vel, com controle de intensidade da luz.<\/strong><\/p>\n<hr \/>\n<\/div>\n<\/div>\n<\/div>\n<div class=\"flex-grid bloco-descricao\">\n<div class=\"left\">\n<h2 class=\"title1s border-title\">Descri\u00e7\u00e3o<\/h2>\n<\/div>\n<div class=\"right\">\n<div class=\"text-box edit\">\n<p><img decoding=\"async\" src=\"https:\/\/macrosul.com\/uploads\/editor\/9175d31d596c70e128c3f590a1177343.png\" height=\"500\" \/><\/p>\n<hr \/>\n<\/div>\n<\/div>\n<\/div>\n<div class=\"flex-grid bloco-descricao\">\n<div class=\"left\">\n<h2 class=\"title1s border-title\">Caracter\u00edsticas<\/h2>\n<\/div>\n<div class=\"right\">\n<div class=\"text-box edit\">\n<ul>\n<li>Compacto, leve e confort\u00e1vel.<\/li>\n<li>Ilumina\u00e7\u00e3o uniforme com estrutura multi-lentes que garante alto n\u00edvel de lumin\u00e2ncia homog\u00eanea no campo luminoso.<\/li>\n<li>Design Coaxial para ilumina\u00e7\u00e3o livre de sombras.<\/li>\n<li>\u00c2ngulo de lumin\u00e2ncia m\u00f3vel (para cima\/ baixo, para o lado esquerdo\/direito) atrav\u00e9s da articula\u00e7\u00e3o pivotante.<\/li>\n<li>Apresenta indicador LED para exibir o status da bateria.<\/li>\n<li>Intensidade luminosa do LED ajust\u00e1vel entre 15.000 \u2013 30.000 Lx.<\/li>\n<li>Ilumina\u00e7\u00e3o LED com temperatura de cor de 6.000 K.<\/li>\n<li>Tamanho do campo luminoso: 70mm (a 3 m).<\/li>\n<li>LED de alta pot\u00eancia com vida \u00fatil aproximada de 50.000 horas.<\/li>\n<li>Bateria L\u00edtio-\u00edon recarreg\u00e1vel em m\u00f3dulo acopl\u00e1vel, sem fios, de f\u00e1cil remo\u00e7\u00e3o para recarga.<\/li>\n<li>Autonomia da bateria aproximada de 4 horas.<\/li>\n<li>Lupa binocular opcional para amplifica\u00e7\u00e3o da imagem (vendido separadamente).<\/li>\n<\/ul>\n<hr \/>\n<\/div>\n<\/div>\n<\/div>\n<div class=\"flex-grid bloco-descricao\">\n<div class=\"left\">\n<h2 class=\"title1s border-title\">Acess\u00f3rios Opcionais<\/h2>\n<\/div>\n<div class=\"right\">\n<div class=\"swiper-afiliados swiper-initialized swiper-horizontal swiper-backface-hidden\">\n<div id=\"swiper-wrapper-a158645d910d82fb\" class=\"swiper-wrapper\" aria-live=\"polite\">\n<div class=\"swiper-slide swiper-slide-active\" role=\"group\" aria-label=\"1 \/ 2\">\n<p><a class=\"product-box\" href=\"https:\/\/macrosul.com\/produto\/bateria-fotoro-led-omni-bt-410f.html\"><img decoding=\"async\" src=\"https:\/\/macrosul.com\/uploads\/4de7cefde0b7c1e325e2483304f00e131675964147.png\" alt=\"Bateria Fot\u00f3ro LED OMNI BT-410F \" \/><\/a><\/p>\n<h3 class=\"title2s center\">Bateria Fot\u00f3ro LED OMNI BT-410F<\/h3>\n<\/div>\n<div class=\"swiper-slide swiper-slide-next\" role=\"group\" aria-label=\"2 \/ 2\">\n<p><a class=\"product-box\" href=\"https:\/\/macrosul.com\/produto\/lupa-binocular-fotoforo-led-omni-md-bt-410f.html\"><img decoding=\"async\" src=\"https:\/\/macrosul.com\/uploads\/e38e3a10eb199012b9141f3be82d119c1675963614.png\" alt=\"Lupa Binocular \u2013 Fot\u00f3foro LED OMNI MD BT 410F\" \/><\/a><\/p>\n<h3 class=\"title2s center\">Lupa Binocular \u2013 Fot\u00f3foro LED OMNI MD BT 410F<\/h3>\n<\/div>\n<\/div>\n<\/div>\n<\/div>\n<\/div>\n<\/div>\n","protected":false},"excerpt":{"rendered":"O novo Fot\u00f3foro LED para Exames Cl\u00ednicos OMNI BT-410F MD \u00e9 super leve, super LED e super livre.&hellip;","protected":false},"featured_media":7367,"comment_status":"open","ping_status":"closed","template":"","meta":{"slim_seo":{"title":"Fot\u00f3foro LED OMNI MD - Hospitalaria RS","description":"O novo Fot\u00f3foro LED para Exames Cl\u00ednicos OMNI BT-410F MD \u00e9 super leve, super LED e super livre. Pessoas ganham mais vida quando bem iluminadas. Benef\u00edcios Ilumi"}},"product_brand":[],"product_cat":[34],"product_tag":[558,559,555,556,557],"class_list":{"0":"post-7338","1":"product","2":"type-product","3":"status-publish","4":"has-post-thumbnail","6":"product_cat-equipamentos","7":"product_tag-bateria-recarregavel-litio","8":"product_tag-campo-luminoso-70mm","9":"product_tag-fotoforo-led-sem-fio","10":"product_tag-iluminacao-clinica-ajustavel","11":"product_tag-luz-coaxial-sem-sombras","12":"mbf-entry","14":"first","15":"outofstock","16":"shipping-taxable","17":"product-type-simple"},"_links":{"self":[{"href":"https:\/\/hospitalariars.com.br\/index.php\/wp-json\/wp\/v2\/product\/7338","targetHints":{"allow":["GET"]}}],"collection":[{"href":"https:\/\/hospitalariars.com.br\/index.php\/wp-json\/wp\/v2\/product"}],"about":[{"href":"https:\/\/hospitalariars.com.br\/index.php\/wp-json\/wp\/v2\/types\/product"}],"replies":[{"embeddable":true,"href":"https:\/\/hospitalariars.com.br\/index.php\/wp-json\/wp\/v2\/comments?post=7338"}],"wp:featuredmedia":[{"embeddable":true,"href":"https:\/\/hospitalariars.com.br\/index.php\/wp-json\/wp\/v2\/media\/7367"}],"wp:attachment":[{"href":"https:\/\/hospitalariars.com.br\/index.php\/wp-json\/wp\/v2\/media?parent=7338"}],"wp:term":[{"taxonomy":"product_brand","embeddable":true,"href":"https:\/\/hospitalariars.com.br\/index.php\/wp-json\/wp\/v2\/product_brand?post=7338"},{"taxonomy":"product_cat","embeddable":true,"href":"https:\/\/hospitalariars.com.br\/index.php\/wp-json\/wp\/v2\/product_cat?post=7338"},{"taxonomy":"product_tag","embeddable":true,"href":"https:\/\/hospitalariars.com.br\/index.php\/wp-json\/wp\/v2\/product_tag?post=7338"}],"curies":[{"name":"wp","href":"https:\/\/api.w.org\/{rel}","templated":true}]}}