{"id":7339,"date":"2025-06-11T21:54:49","date_gmt":"2025-06-12T00:54:49","guid":{"rendered":"https:\/\/hospitalariars.com.br\/?post_type=product&#038;p=7339"},"modified":"2026-03-27T16:03:43","modified_gmt":"2026-03-27T19:03:43","slug":"monitor-fetal-cardiotocografo-md-hi-bebe-bt-350e","status":"publish","type":"product","link":"https:\/\/hospitalariars.com.br\/index.php\/produto\/monitor-fetal-cardiotocografo-md-hi-bebe-bt-350e\/","title":{"rendered":"Monitor Fetal Cardiotoc\u00f3grafo MD HI-BEBE BT-350E &#8211; MD"},"content":{"rendered":"<div class=\"paragraph m-top2\">\n<p>Monitor fetal avan\u00e7ado dedicado ao monitoramento da sa\u00fade fetal.<\/p>\n<\/div>\n<div class=\"button-grid m-top3\">\n<div class=\"flex-grid bloco-descricao\">\n<div class=\"left\">\n<h2 class=\"title1s border-title\">Caracter\u00edsticas<\/h2>\n<\/div>\n<div class=\"right\">\n<div class=\"text-box edit\">\n<ul>\n<li>Alarme visual.<\/li>\n<li>Tela LED 7 segmentos (m\u00f3vel).<\/li>\n<li>Compacto com al\u00e7a acoplada.<\/li>\n<li>Opera\u00e7\u00e3o r\u00e1pida e f\u00e1cil.<\/li>\n<li>FCF gemelar (Doppler pulsado duplo).<\/li>\n<li>Acompanha: 01 transdutor doppler e 01 transdutor UC.<\/li>\n<li>Alta sensibilidade do transdutor \u00e0 prova d&#8217;\u00e1gua.<\/li>\n<li>Verifica\u00e7\u00e3o de canal cruzado.<\/li>\n<li>Impressora integrada.<\/li>\n<li>Bateria interna recarreg\u00e1vel.<\/li>\n<li>Pode ser usada na mesa ou fixado na parede.<\/li>\n<\/ul>\n<hr \/>\n<\/div>\n<\/div>\n<\/div>\n<div class=\"flex-grid bloco-descricao\">\n<div class=\"left\">\n<h2 class=\"title1s border-title\">Especifica\u00e7\u00f5es T\u00e9cnicas<\/h2>\n<\/div>\n<div class=\"right\">\n<div class=\"text-box edit\">\n<table>\n<tbody>\n<tr>\n<td><\/td>\n<td>Dimens\u00f5es<\/td>\n<td>9,6 cm X 32,6 cm X 27,6 cm<\/td>\n<\/tr>\n<tr>\n<td><\/td>\n<td>Peso<\/td>\n<td>Aproximadamente 5,5 kg<\/td>\n<\/tr>\n<tr>\n<td rowspan=\"3\">Monitoramento Frequ\u00eancia Card\u00edaca Fetal<\/td>\n<td>Faixa de BPM<\/td>\n<td>30 ~240 BPM<\/td>\n<\/tr>\n<tr>\n<td>Precis\u00e3o<\/td>\n<td>\u00b12%<\/td>\n<\/tr>\n<tr>\n<td>Dispers\u00e3o<\/td>\n<td>&lt;10\u03bcA @ 264 VAC aplicado ao transdutor<\/td>\n<\/tr>\n<tr>\n<td rowspan=\"3\">Monitoramento Contra\u00e7\u00e3o Uterina<\/td>\n<td>Faixa da Contra\u00e7\u00e3o<\/td>\n<td>0-100 unidades relativas<\/td>\n<\/tr>\n<tr>\n<td>Resolu\u00e7\u00e3o<\/td>\n<td>1 unidade relativa<\/td>\n<\/tr>\n<tr>\n<td>Dispers\u00e3o<\/td>\n<td>&lt;10\u03bcA @ 264 VAC aplicado ao transdutor<\/td>\n<\/tr>\n<tr>\n<td rowspan=\"6\">Papel<\/td>\n<td>Estilo do Papel<\/td>\n<td>Z-FOLD<\/td>\n<\/tr>\n<tr>\n<td>Tamanho do Papel<\/td>\n<td>150mm X 90mm X 15mm<\/td>\n<\/tr>\n<tr>\n<td>Precis\u00e3o<\/td>\n<td>\u00b11%<\/td>\n<\/tr>\n<tr>\n<td>Detector de papel<\/td>\n<td>Sim<\/td>\n<\/tr>\n<tr>\n<td rowspan=\"2\">Velocidade<\/td>\n<td>Normal,\u00a01, 2 e 3 cm\/min \u00b11%<\/td>\n<\/tr>\n<tr>\n<td>Acelerada,\u00a010 cm\/min (somente no modo tend\u00eancia)<\/td>\n<\/tr>\n<\/tbody>\n<\/table>\n<\/div>\n<\/div>\n<\/div>\n<\/div>\n","protected":false},"excerpt":{"rendered":"Monitor fetal avan\u00e7ado dedicado ao monitoramento da sa\u00fade fetal. Caracter\u00edsticas Alarme visual. Tela LED 7 segmentos (m\u00f3vel). Compacto&hellip;","protected":false},"featured_media":7369,"comment_status":"open","ping_status":"closed","template":"","meta":{"slim_seo":{"title":"Monitor Fetal Cardiotoc\u00f3grafo MD HI-BEBE BT-350E - MD - Hospitalaria RS","description":"Monitor fetal avan\u00e7ado dedicado ao monitoramento da sa\u00fade fetal. Caracter\u00edsticas Alarme visual. Tela LED 7 segmentos (m\u00f3vel). Compacto com al\u00e7a acoplada. Opera\u00e7"}},"product_brand":[78],"product_cat":[34],"product_tag":[297,296,298,299,300],"class_list":{"0":"post-7339","1":"product","2":"type-product","3":"status-publish","4":"has-post-thumbnail","6":"product_brand-md","7":"product_cat-equipamentos","8":"product_tag-doppler-pulsado-duplo","9":"product_tag-monitor-fetal-avancado","10":"product_tag-monitor-fetal-com-alarme-visual","11":"product_tag-monitor-fetal-com-impressora","12":"product_tag-monitor-fetal-portatil-recarregavel","13":"mbf-entry","15":"first","16":"outofstock","17":"shipping-taxable","18":"purchasable","19":"product-type-simple"},"_links":{"self":[{"href":"https:\/\/hospitalariars.com.br\/index.php\/wp-json\/wp\/v2\/product\/7339","targetHints":{"allow":["GET"]}}],"collection":[{"href":"https:\/\/hospitalariars.com.br\/index.php\/wp-json\/wp\/v2\/product"}],"about":[{"href":"https:\/\/hospitalariars.com.br\/index.php\/wp-json\/wp\/v2\/types\/product"}],"replies":[{"embeddable":true,"href":"https:\/\/hospitalariars.com.br\/index.php\/wp-json\/wp\/v2\/comments?post=7339"}],"wp:featuredmedia":[{"embeddable":true,"href":"https:\/\/hospitalariars.com.br\/index.php\/wp-json\/wp\/v2\/media\/7369"}],"wp:attachment":[{"href":"https:\/\/hospitalariars.com.br\/index.php\/wp-json\/wp\/v2\/media?parent=7339"}],"wp:term":[{"taxonomy":"product_brand","embeddable":true,"href":"https:\/\/hospitalariars.com.br\/index.php\/wp-json\/wp\/v2\/product_brand?post=7339"},{"taxonomy":"product_cat","embeddable":true,"href":"https:\/\/hospitalariars.com.br\/index.php\/wp-json\/wp\/v2\/product_cat?post=7339"},{"taxonomy":"product_tag","embeddable":true,"href":"https:\/\/hospitalariars.com.br\/index.php\/wp-json\/wp\/v2\/product_tag?post=7339"}],"curies":[{"name":"wp","href":"https:\/\/api.w.org\/{rel}","templated":true}]}}