{"id":7340,"date":"2025-06-11T21:54:49","date_gmt":"2025-06-12T00:54:49","guid":{"rendered":"https:\/\/hospitalariars.com.br\/?post_type=product&#038;p=7340"},"modified":"2026-03-27T16:03:44","modified_gmt":"2026-03-27T19:03:44","slug":"oscar-2-mapa-sphygmocor-md","status":"publish","type":"product","link":"https:\/\/hospitalariars.com.br\/index.php\/produto\/oscar-2-mapa-sphygmocor-md\/","title":{"rendered":"Oscar 2 MAPA SphygmoCor\u00ae MD"},"content":{"rendered":"<p>Monitor ambulatorial de press\u00e3o arterial (MAPA) n\u00e3o-invasivo de 24 horas para aferir, gravar e exibir os resultados da press\u00e3o sist\u00f3lica, press\u00e3o diast\u00f3lica e frequ\u00eancia card\u00edaca.<\/p>\n<div class=\"flex-grid bloco-descricao\">\n<div class=\"left\">\n<h2 class=\"title1s border-title\">Benef\u00edcios<\/h2>\n<\/div>\n<div class=\"right\">\n<div class=\"text-box edit\">\n<p><strong>Toler\u00e2ncia ao movimento<\/strong>: economize tempo e dinheiro com menos leituras falhadas<\/p>\n<p><strong>Valida\u00e7\u00f5es cl\u00ednicas<\/strong>: testados independentemente para atender aos requisitos de precis\u00e3o e desempenho do BHS, ESH ,AAMI: SP10 e INMETRO<\/p>\n<p><strong>Bra\u00e7adeiras\u00a0patenteadas Orbit ABPM<\/strong>: o design da bra\u00e7adeira ajust\u00e1vel assegura uma posi\u00e7\u00e3o precisa do manguito garantindo leituras consistentemente precisas<\/p>\n<p><strong>Software AccuWin Pro 4:<\/strong>\u00a0programa\u00e7\u00e3o e an\u00e1lise eficientes com op\u00e7\u00f5es avan\u00e7adas oferecem flexibilidade poderosa, para que voc\u00ea obtenha todos os pontos de dados.<\/p>\n<p><strong>SphygmoCor Inside:<\/strong>\u00a0com mais de 800 estudos publicados, incluindo valida\u00e7\u00e3o em exerc\u00edcio, a tecnologia SphygmoCor da AtCor \u00e9 simplesmente o padr\u00e3o-ouro<\/p>\n<p><strong>Medi\u00e7\u00e3o patenteada da forma de onda sub-diast\u00f3lica:<\/strong>\u00a0fornecendo uma forma de onda fisiol\u00f3gica completa com \u00edndice de aumento preciso em todos os pacientes com 18 anos ou mais<\/p>\n<hr \/>\n<\/div>\n<\/div>\n<\/div>\n<div class=\"flex-grid bloco-descricao\">\n<div class=\"left\">\n<h2 class=\"title1s border-title\">Caracter\u00edsticas<\/h2>\n<\/div>\n<div class=\"right\">\n<div class=\"text-box edit\">\n<ul>\n<li>M\u00e9todo de aferi\u00e7\u00e3o: oscilom\u00e9trico com desinfla\u00e7\u00e3o em etapas<\/li>\n<li>Tecnologia com toler\u00e2ncia a movimentos<\/li>\n<li>Visor de cristal l\u00edquido<\/li>\n<li>Per\u00edodos de amostragem da aferi\u00e7\u00e3o: 3 per\u00edodos ajust\u00e1veis (vig\u00edlia, sono e extra)<\/li>\n<li>Intervalos de tempo da amostragem em 24 horas: nenhum,5,10, 15, 20, 30, 45, 60, 90 e 120 min<\/li>\n<li>O software permite gerar os exames em formato padr\u00e3o DICOM e enviar diretamente para o PAC<\/li>\n<li>Fonte de alimenta\u00e7\u00e3o: 2 pilhas AA<\/li>\n<li>Interface de comunica\u00e7\u00e3o: USB<\/li>\n<li>Faixa de Medi\u00e7\u00e3o:<br \/>\nPress\u00e3o Arterial Sist\u00f3lica: 40 a 300mmHg<br \/>\nPress\u00e3o Arterial Diast\u00f3lica: 25 a 200 mmHg<br \/>\nFrequ\u00eancia Card\u00edaca: 40 a 200 bpm<\/li>\n<li>Press\u00e3o m\u00e1xima de insufla\u00e7\u00e3o: 300 mmHg<\/li>\n<\/ul>\n<\/div>\n<\/div>\n<\/div>\n","protected":false},"excerpt":{"rendered":"Monitor ambulatorial de press\u00e3o arterial (MAPA) n\u00e3o-invasivo de 24 horas para aferir, gravar e exibir os resultados da&hellip;","protected":false},"featured_media":7370,"comment_status":"open","ping_status":"closed","template":"","meta":{"slim_seo":{"title":"Oscar 2 MAPA SphygmoCor\u00ae MD - Hospitalaria RS","description":"Monitor ambulatorial de press\u00e3o arterial (MAPA) n\u00e3o-invasivo de 24 horas para aferir, gravar e exibir os resultados da press\u00e3o sist\u00f3lica, press\u00e3o diast\u00f3lica e f"}},"product_brand":[78],"product_cat":[34],"product_tag":[304,302,301,303,305],"class_list":{"0":"post-7340","1":"product","2":"type-product","3":"status-publish","4":"has-post-thumbnail","6":"product_brand-md","7":"product_cat-equipamentos","8":"product_tag-bracadeira-orbit-abpm","9":"product_tag-mapa-24-horas-nao-invasivo","10":"product_tag-monitor-ambulatorial-pressao-arterial","11":"product_tag-software-accuwin-pro","12":"product_tag-tecnologia-sphygmocor-inside","13":"mbf-entry","15":"first","16":"outofstock","17":"shipping-taxable","18":"product-type-simple"},"_links":{"self":[{"href":"https:\/\/hospitalariars.com.br\/index.php\/wp-json\/wp\/v2\/product\/7340","targetHints":{"allow":["GET"]}}],"collection":[{"href":"https:\/\/hospitalariars.com.br\/index.php\/wp-json\/wp\/v2\/product"}],"about":[{"href":"https:\/\/hospitalariars.com.br\/index.php\/wp-json\/wp\/v2\/types\/product"}],"replies":[{"embeddable":true,"href":"https:\/\/hospitalariars.com.br\/index.php\/wp-json\/wp\/v2\/comments?post=7340"}],"wp:featuredmedia":[{"embeddable":true,"href":"https:\/\/hospitalariars.com.br\/index.php\/wp-json\/wp\/v2\/media\/7370"}],"wp:attachment":[{"href":"https:\/\/hospitalariars.com.br\/index.php\/wp-json\/wp\/v2\/media?parent=7340"}],"wp:term":[{"taxonomy":"product_brand","embeddable":true,"href":"https:\/\/hospitalariars.com.br\/index.php\/wp-json\/wp\/v2\/product_brand?post=7340"},{"taxonomy":"product_cat","embeddable":true,"href":"https:\/\/hospitalariars.com.br\/index.php\/wp-json\/wp\/v2\/product_cat?post=7340"},{"taxonomy":"product_tag","embeddable":true,"href":"https:\/\/hospitalariars.com.br\/index.php\/wp-json\/wp\/v2\/product_tag?post=7340"}],"curies":[{"name":"wp","href":"https:\/\/api.w.org\/{rel}","templated":true}]}}