{"id":7341,"date":"2025-06-11T21:54:49","date_gmt":"2025-06-12T00:54:49","guid":{"rendered":"https:\/\/hospitalariars.com.br\/?post_type=product&#038;p=7341"},"modified":"2026-03-27T16:03:44","modified_gmt":"2026-03-27T19:03:44","slug":"doppler-fetal-de-mesa-digital-fd-300c-md","status":"publish","type":"product","link":"https:\/\/hospitalariars.com.br\/index.php\/produto\/doppler-fetal-de-mesa-digital-fd-300c-md\/","title":{"rendered":"Doppler Fetal de Mesa Digital FD-300C MD"},"content":{"rendered":"<p>Os detectores fetais MD da linha FD-300 s\u00e3o pr\u00e1ticos e vers\u00e1teis, possuem transdutores de alta sensibilidade e sua bateria recarreg\u00e1vel permite maior flexibilidade em diferentes ambientes de atendimento materno-fetal.<\/p>\n<div class=\"left\">\n<h2 class=\"title1s border-title\">Caracter\u00edsticas<\/h2>\n<\/div>\n<div class=\"right\">\n<div class=\"text-box edit\">\n<ul>\n<li>Transdutor de alta sensibilidade.<\/li>\n<li>Alto-falante de alta performance.<\/li>\n<li>Design ergon\u00f4mico e compartimento para transdutor.<\/li>\n<li>Entrada para fone de ouvido ou gravador de som ou computador.<\/li>\n<li>Bot\u00e3o liga\/desliga, controle de\u00a0volume, menu e confirmar par\u00e2metro.<\/li>\n<li>Tela de LCD colorida para visualiza\u00e7\u00e3o num\u00e9rica e da onda do batimento card\u00edaco fetal.<\/li>\n<li>Porta USB para transmiss\u00e3o de dados.<\/li>\n<li>Display Touchscreen com curva da FHR.<\/li>\n<li>Visor\u00a03,2&#8243; (65 x 50mm).<\/li>\n<li>Congelamento da imagem.<\/li>\n<li>Alarmes visuais\/sonoros ajust\u00e1veis e program\u00e1veis.<\/li>\n<li>Alimenta\u00e7\u00e3o bivolt autom\u00e1tico e atrav\u00e9s de baterias recarreg\u00e1veis com carregador integrado.<\/li>\n<li>Desligamento autom\u00e1tico ap\u00f3s 3 minutos sem utiliza\u00e7\u00e3o.<\/li>\n<li>Acompanha software de gerenciamento de dados.<\/li>\n<li>Certificado pelo INMETRO.<\/li>\n<\/ul>\n<\/div>\n<\/div>\n","protected":false},"excerpt":{"rendered":"Os detectores fetais MD da linha FD-300 s\u00e3o pr\u00e1ticos e vers\u00e1teis, possuem transdutores de alta sensibilidade e sua&hellip;","protected":false},"featured_media":7371,"comment_status":"open","ping_status":"closed","template":"","meta":{"slim_seo":{"title":"Doppler Fetal de Mesa Digital FD-300C MD - Hospitalaria RS","description":"Os detectores fetais MD da linha FD-300 s\u00e3o pr\u00e1ticos e vers\u00e1teis, possuem transdutores de alta sensibilidade e sua bateria recarreg\u00e1vel permite maior flexibilid"}},"product_brand":[78],"product_cat":[34],"product_tag":[230,227,81,226,73,74,229,228],"class_list":{"0":"post-7341","1":"product","2":"type-product","3":"status-publish","4":"has-post-thumbnail","6":"product_brand-md","7":"product_cat-equipamentos","8":"product_tag-bateria-recarregavel-bivolt","9":"product_tag-batimentos-cardiacos-do-bebe","10":"product_tag-detector-fetal","11":"product_tag-detector-fetal-digital","12":"product_tag-doppler","13":"product_tag-doppler-fetal","14":"product_tag-tela-lcd-com-curva-fhr","15":"product_tag-transdutor-de-alta-sensibilidade","16":"mbf-entry","18":"first","19":"outofstock","20":"shipping-taxable","21":"purchasable","22":"product-type-simple"},"_links":{"self":[{"href":"https:\/\/hospitalariars.com.br\/index.php\/wp-json\/wp\/v2\/product\/7341","targetHints":{"allow":["GET"]}}],"collection":[{"href":"https:\/\/hospitalariars.com.br\/index.php\/wp-json\/wp\/v2\/product"}],"about":[{"href":"https:\/\/hospitalariars.com.br\/index.php\/wp-json\/wp\/v2\/types\/product"}],"replies":[{"embeddable":true,"href":"https:\/\/hospitalariars.com.br\/index.php\/wp-json\/wp\/v2\/comments?post=7341"}],"wp:featuredmedia":[{"embeddable":true,"href":"https:\/\/hospitalariars.com.br\/index.php\/wp-json\/wp\/v2\/media\/7371"}],"wp:attachment":[{"href":"https:\/\/hospitalariars.com.br\/index.php\/wp-json\/wp\/v2\/media?parent=7341"}],"wp:term":[{"taxonomy":"product_brand","embeddable":true,"href":"https:\/\/hospitalariars.com.br\/index.php\/wp-json\/wp\/v2\/product_brand?post=7341"},{"taxonomy":"product_cat","embeddable":true,"href":"https:\/\/hospitalariars.com.br\/index.php\/wp-json\/wp\/v2\/product_cat?post=7341"},{"taxonomy":"product_tag","embeddable":true,"href":"https:\/\/hospitalariars.com.br\/index.php\/wp-json\/wp\/v2\/product_tag?post=7341"}],"curies":[{"name":"wp","href":"https:\/\/api.w.org\/{rel}","templated":true}]}}