{"id":7343,"date":"2025-06-11T21:54:49","date_gmt":"2025-06-12T00:54:49","guid":{"rendered":"https:\/\/hospitalariars.com.br\/?post_type=product&#038;p=7343"},"modified":"2026-03-27T16:03:44","modified_gmt":"2026-03-27T19:03:44","slug":"aspirador-portatil-de-secrecoes-dv-350","status":"publish","type":"product","link":"https:\/\/hospitalariars.com.br\/index.php\/produto\/aspirador-portatil-de-secrecoes-dv-350\/","title":{"rendered":"Aspirador Port\u00e1til de Secre\u00e7\u00f5es DV-350"},"content":{"rendered":"<p><strong>O DV-350 \u00e9 um aspirador port\u00e1til e vers\u00e1til de alto v\u00e1cuo,<br \/>\nindicado para suc\u00e7\u00e3o de secre\u00e7\u00f5es, fluidos corporais,<br \/>\ncorpos estranhos nas \u00e1reas nasais, faringe e traqu\u00e9ia.<\/strong><\/p>\n<p><strong>CARACTER\u00cdSTICAS<\/strong><\/p>\n<p>Silencioso e potente, com baixo ru\u00eddo de opera\u00e7\u00e3o.<br \/>\nBomba tipo pist\u00e3o totalmente isento de \u00f3leo.<br \/>\nAlto V\u00e1cuo de 0 &#8211; 620 mmHg.<br \/>\nAlta vaz\u00e3o de fluxo de ar acima de 20 litros por minuto.<br \/>\nLeve, pesa apenas 3.5 kg.<br \/>\nAl\u00e7a m\u00f3vel e integrada para melhor portabilidade.<br \/>\nAlimenta\u00e7\u00e3o DC (bateria recarreg\u00e1vel) e AC (rede el\u00e9trica bivolt).<br \/>\nBateria integrada recarreg\u00e1vel.<br \/>\nAutonomia da bateria aproximada de 40 minutos de suc\u00e7\u00e3o.<br \/>\nIndicador luminoso de carga da bateria e energia.<br \/>\nFrasco coletor de 800 ml com prote\u00e7\u00e3o antitransbordamento.<br \/>\nBot\u00e3o regulador de v\u00e1cuo para controle da pot\u00eancia de suc\u00e7\u00e3o.<br \/>\nVisor anal\u00f3gico de f\u00e1cil leitura da press\u00e3o (vacu\u00f4metro).<br \/>\nFiltro para prote\u00e7\u00e3o contra contamina\u00e7\u00e3o cruzada.<br \/>\nAcionamento atrav\u00e9s do bot\u00e3o liga\/desliga.<br \/>\nProte\u00e7\u00e3o IP22 para maior prote\u00e7\u00e3o do equipamento contra o ingresso de materiais particulados e l\u00edquidos.<\/p>\n","protected":false},"excerpt":{"rendered":"O DV-350 \u00e9 um aspirador port\u00e1til e vers\u00e1til de alto v\u00e1cuo, indicado para suc\u00e7\u00e3o de secre\u00e7\u00f5es, fluidos corporais,&hellip;","protected":false},"featured_media":7377,"comment_status":"open","ping_status":"closed","template":"","meta":{"slim_seo":{"title":"Aspirador Port\u00e1til de Secre\u00e7\u00f5es DV-350 - Hospitalaria RS","description":"O DV-350 \u00e9 um aspirador port\u00e1til e vers\u00e1til de alto v\u00e1cuo, indicado para suc\u00e7\u00e3o de secre\u00e7\u00f5es, fluidos corporais, corpos estranhos nas \u00e1reas nasais, faringe e tr"}},"product_brand":[],"product_cat":[34],"product_tag":[217,215,218,219,216],"class_list":{"0":"post-7343","1":"product","2":"type-product","3":"status-publish","4":"has-post-thumbnail","6":"product_cat-equipamentos","7":"product_tag-alto-vacuo-620-mmhg","8":"product_tag-aspirador-cirurgico-portatil","9":"product_tag-bivolt-com-bateria-recarregavel","10":"product_tag-frasco-coletor-800-ml","11":"product_tag-succao-de-secrecoes","12":"product_shipping_class-ate-10kg","13":"mbf-entry","15":"first","16":"outofstock","17":"shipping-taxable","18":"purchasable","19":"product-type-simple"},"_links":{"self":[{"href":"https:\/\/hospitalariars.com.br\/index.php\/wp-json\/wp\/v2\/product\/7343","targetHints":{"allow":["GET"]}}],"collection":[{"href":"https:\/\/hospitalariars.com.br\/index.php\/wp-json\/wp\/v2\/product"}],"about":[{"href":"https:\/\/hospitalariars.com.br\/index.php\/wp-json\/wp\/v2\/types\/product"}],"replies":[{"embeddable":true,"href":"https:\/\/hospitalariars.com.br\/index.php\/wp-json\/wp\/v2\/comments?post=7343"}],"wp:featuredmedia":[{"embeddable":true,"href":"https:\/\/hospitalariars.com.br\/index.php\/wp-json\/wp\/v2\/media\/7377"}],"wp:attachment":[{"href":"https:\/\/hospitalariars.com.br\/index.php\/wp-json\/wp\/v2\/media?parent=7343"}],"wp:term":[{"taxonomy":"product_brand","embeddable":true,"href":"https:\/\/hospitalariars.com.br\/index.php\/wp-json\/wp\/v2\/product_brand?post=7343"},{"taxonomy":"product_cat","embeddable":true,"href":"https:\/\/hospitalariars.com.br\/index.php\/wp-json\/wp\/v2\/product_cat?post=7343"},{"taxonomy":"product_tag","embeddable":true,"href":"https:\/\/hospitalariars.com.br\/index.php\/wp-json\/wp\/v2\/product_tag?post=7343"}],"curies":[{"name":"wp","href":"https:\/\/api.w.org\/{rel}","templated":true}]}}