{"id":7344,"date":"2025-06-11T21:54:49","date_gmt":"2025-06-12T00:54:49","guid":{"rendered":"https:\/\/hospitalariars.com.br\/?post_type=product&#038;p=7344"},"modified":"2026-03-27T16:03:44","modified_gmt":"2026-03-27T19:03:44","slug":"luvas-de-latex-para-procedimento-pouco-po-unigloves","status":"publish","type":"product","link":"https:\/\/hospitalariars.com.br\/index.php\/produto\/luvas-de-latex-para-procedimento-pouco-po-unigloves\/","title":{"rendered":"Luva Para Procedimento N\u00e3o Cir\u00fargico &#8211; Linha Cl\u00e1ssico Premium Quality &#8211; UniGloves"},"content":{"rendered":"<h5><span class=\"text-orange text-sm tracking-widest\"><span style=\"vertical-align: inherit;\"><span style=\"vertical-align: inherit;\">LUVA PARA PROCEDIMENTO N\u00c3O CIR\u00daRGICO &#8211;<\/span><\/span><\/span><span style=\"vertical-align: inherit;\"><span style=\"vertical-align: inherit;\"> LINHA CL\u00c1SSICO PREMIUM QUALITY<\/span><\/span><\/h5>\n<p>&nbsp;<\/p>\n<ul>\n<li><strong data-start=\"36\" data-end=\"58\"><span style=\"vertical-align: inherit;\"><span style=\"vertical-align: inherit;\"><span style=\"vertical-align: inherit;\"><span style=\"vertical-align: inherit;\">M\u00c1QUINA E QUALIDADE<\/span><\/span><\/span><\/span><\/strong><\/li>\n<\/ul>\n<p><br data-start=\"58\" data-end=\"61\" \/><span style=\"vertical-align: inherit;\"><span style=\"vertical-align: inherit;\"><span style=\"vertical-align: inherit;\"><span style=\"vertical-align: inherit;\">Fabricadas em l\u00e1tex de borracha natural, oferecem total sensibilidade t\u00e1til e um perfeito, al\u00e9m disso, apresentam grande barreira de prote\u00e7\u00e3o contra pat\u00f3genos e situa\u00e7\u00f5es de alto risco de contamina\u00e7\u00e3o. A utiliza\u00e7\u00e3o de amido de milho bioabsorv\u00edvel como p\u00f3 possibilita um f\u00e1cil cal\u00e7amento e remo\u00e7\u00e3o das luvas.<\/span><\/span><\/span><\/span><\/p>\n<ul>\n<li><strong data-start=\"29\" data-end=\"43\"><span style=\"vertical-align: inherit;\"><span style=\"vertical-align: inherit;\"><span style=\"vertical-align: inherit;\"><span style=\"vertical-align: inherit;\">COMPOSI\u00c7\u00c3O<\/span><\/span><\/span><\/span><\/strong><\/li>\n<\/ul>\n<p><span style=\"vertical-align: inherit;\"><span style=\"vertical-align: inherit;\">Confeccionadas com l\u00e1tex 100% natural, contendo um baixo teor de prote\u00ednas, minimizando o risco de alergias do tipo I. Contam ainda com p\u00f3 bioabsorv\u00edvel, que facilita o vestir e a retirada, evitando o ressecamento das m\u00e3os. A superf\u00edcie lisa possui microtexturas distribu\u00eddas, proporcionando melhor ader\u00eancia e precis\u00e3o no local. Al\u00e9m disso, uma op\u00e7\u00e3o colorida permite adequar-se ao estilo pessoal, ao perfil do p\u00fablico ou \u00e0 organiza\u00e7\u00e3o do ambiente de trabalho.<\/span><\/span><\/p>\n<p><span style=\"vertical-align: inherit;\"><span style=\"vertical-align: inherit;\">Al\u00e9m disso, uma op\u00e7\u00e3o colorida permite adequar-se ao estilo pessoal, ao perfil do p\u00fablico ou \u00e0 organiza\u00e7\u00e3o do ambiente de trabalho.<\/span><\/span><\/p>\n<p>&nbsp;<\/p>\n<p><span style=\"vertical-align: inherit;\"><span style=\"vertical-align: inherit;\">A linha Cl\u00e1ssica Premium oferece ainda mais conforto e praticidade:<\/span><\/span><\/p>\n<ul>\n<li><strong data-start=\"110\" data-end=\"130\"><span style=\"vertical-align: inherit;\"><span style=\"vertical-align: inherit;\">P\u00f3 bioabsorv\u00edvel<\/span><\/span><\/strong><span style=\"vertical-align: inherit;\"><span style=\"vertical-align: inherit;\"> : facilita vestir e remover, al\u00e9m de evitar o ressecamento das m\u00e3os.<\/span><\/span><\/li>\n<li><strong data-start=\"201\" data-end=\"238\"><span style=\"vertical-align: inherit;\"><span style=\"vertical-align: inherit;\">Superf\u00edcie lisa com microtexturas<\/span><\/span><\/strong><span style=\"vertical-align: inherit;\"><span style=\"vertical-align: inherit;\"><span style=\"vertical-align: inherit;\"> : melhora a ader\u00eancia e a precis\u00e3o n\u00e3o relacionadas.<br \/>\n<\/span><\/span><\/span><\/li>\n<\/ul>\n<p>&nbsp;<\/p>\n<p><span style=\"vertical-align: inherit;\"><span style=\"vertical-align: inherit;\"><span style=\"vertical-align: inherit;\"><br \/>\n<\/span><\/span><\/span><span style=\"vertical-align: inherit;\"><span style=\"vertical-align: inherit;\"><br \/>\n<\/span><\/span><\/p>\n","protected":false},"excerpt":{"rendered":"LUVA PARA PROCEDIMENTO N\u00c3O CIR\u00daRGICO &#8211; LINHA CL\u00c1SSICO PREMIUM QUALITY &nbsp; M\u00c1QUINA E QUALIDADE Fabricadas em l\u00e1tex de&hellip;","protected":false},"featured_media":7380,"comment_status":"open","ping_status":"closed","template":"","meta":{"slim_seo":{"title":"Luva Para Procedimento N\u00e3o Cir\u00fargico - Linha Cl\u00e1ssico Premium Quality - UniGloves - Hospitalaria RS","description":"LUVA PARA PROCEDIMENTO N\u00c3O CIR\u00daRGICO - LINHA CL\u00c1SSICO PREMIUM QUALITY &nbsp; M\u00c1QUINA E QUALIDADE Fabricadas em l\u00e1tex de borracha natural, oferecem total sensibi"}},"product_brand":[79],"product_cat":[36],"product_tag":[274,287,289,288,290],"class_list":{"0":"post-7344","1":"product","2":"type-product","3":"status-publish","4":"has-post-thumbnail","6":"product_brand-unigloves","7":"product_cat-materiais-de-consumo","8":"product_tag-luva-com-po-bioabsorvivel","9":"product_tag-luva-latex-natural","10":"product_tag-luva-microtexturizada","11":"product_tag-luva-procedimento-nao-cirurgico","12":"product_tag-luva-protecao-descartavel","13":"mbf-entry","15":"first","16":"outofstock","17":"sale","18":"shipping-taxable","19":"purchasable","20":"product-type-variable"},"_links":{"self":[{"href":"https:\/\/hospitalariars.com.br\/index.php\/wp-json\/wp\/v2\/product\/7344","targetHints":{"allow":["GET"]}}],"collection":[{"href":"https:\/\/hospitalariars.com.br\/index.php\/wp-json\/wp\/v2\/product"}],"about":[{"href":"https:\/\/hospitalariars.com.br\/index.php\/wp-json\/wp\/v2\/types\/product"}],"replies":[{"embeddable":true,"href":"https:\/\/hospitalariars.com.br\/index.php\/wp-json\/wp\/v2\/comments?post=7344"}],"wp:featuredmedia":[{"embeddable":true,"href":"https:\/\/hospitalariars.com.br\/index.php\/wp-json\/wp\/v2\/media\/7380"}],"wp:attachment":[{"href":"https:\/\/hospitalariars.com.br\/index.php\/wp-json\/wp\/v2\/media?parent=7344"}],"wp:term":[{"taxonomy":"product_brand","embeddable":true,"href":"https:\/\/hospitalariars.com.br\/index.php\/wp-json\/wp\/v2\/product_brand?post=7344"},{"taxonomy":"product_cat","embeddable":true,"href":"https:\/\/hospitalariars.com.br\/index.php\/wp-json\/wp\/v2\/product_cat?post=7344"},{"taxonomy":"product_tag","embeddable":true,"href":"https:\/\/hospitalariars.com.br\/index.php\/wp-json\/wp\/v2\/product_tag?post=7344"}],"curies":[{"name":"wp","href":"https:\/\/api.w.org\/{rel}","templated":true}]}}