{"id":7466,"date":"2025-06-16T14:54:54","date_gmt":"2025-06-16T17:54:54","guid":{"rendered":"https:\/\/hospitalariars.com.br\/?post_type=product&#038;p=7466"},"modified":"2026-03-27T16:03:43","modified_gmt":"2026-03-27T19:03:43","slug":"hidraliv-creme-protetor-hidratante-helianto","status":"publish","type":"product","link":"https:\/\/hospitalariars.com.br\/index.php\/produto\/hidraliv-creme-protetor-hidratante-helianto\/","title":{"rendered":"Hidraliv Creme Protetor | Hidratante 100g &#8211; Helianto"},"content":{"rendered":"<div class=\"elementor-element elementor-element-a5cc932 elementor-widget elementor-widget-text-editor\" data-id=\"a5cc932\" data-element_type=\"widget\" data-widget_type=\"text-editor.default\">\n<div class=\"elementor-widget-container\">\n<p>Creme para hidrata\u00e7\u00e3o profunda e prolongada, composto a base de cera e silicone respons\u00e1veis pela forma\u00e7\u00e3o de um filme protetor, n\u00e3o gorduroso, com toque seco, possui outros componentes emolientes e umectantes tais como \u00f3leo de girassol e ureia. Indicado para todos os tipos de pele, principalmente sens\u00edveis e extremamente ressecadas.<\/p>\n<ul>\n<li>Creme nutritivo;<\/li>\n<li>Rico em \u00e1cidos graxos essenciais;<\/li>\n<li>Promove prote\u00e7\u00e3o e hidrata\u00e7\u00e3o prolongada da pele;<\/li>\n<li>Textura delicada e toque seco;<\/li>\n<li>Cont\u00e9m silicone e ureia.<\/li>\n<\/ul>\n<p>Apresenta\u00e7\u00e3o: 100g<\/p>\n<\/div>\n<\/div>\n<div class=\"elementor-element elementor-element-c265ea8 elementor-widget elementor-widget-text-editor\" data-id=\"c265ea8\" data-element_type=\"widget\" data-widget_type=\"text-editor.default\">\n<div class=\"elementor-widget-container\">\n<p>Anvisa: Classe II 80225209003<\/p>\n<\/div>\n<\/div>\n","protected":false},"excerpt":{"rendered":"Creme para hidrata\u00e7\u00e3o profunda e prolongada, composto a base de cera e silicone respons\u00e1veis pela forma\u00e7\u00e3o de um&hellip;","protected":false},"featured_media":7467,"comment_status":"open","ping_status":"closed","template":"","meta":{"slim_seo":{"title":"Hidraliv Creme Protetor | Hidratante 100g - Helianto - Hospitalaria RS","description":"Creme para hidrata\u00e7\u00e3o profunda e prolongada, composto a base de cera e silicone respons\u00e1veis pela forma\u00e7\u00e3o de um filme protetor, n\u00e3o gorduroso, com toque seco,"}},"product_brand":[103],"product_cat":[102],"product_tag":[560,107,561,564,562,563],"class_list":{"0":"post-7466","1":"product","2":"type-product","3":"status-publish","4":"has-post-thumbnail","6":"product_brand-helianto","7":"product_cat-feridas-e-pele","8":"product_tag-creme-hidratante-para-pele","9":"product_tag-hidratacao","10":"product_tag-hidratacao-prolongada","11":"product_tag-indicado-para-pele-sensivel","12":"product_tag-protecao-com-silicone-e-ureia","13":"product_tag-rico-em-acidos-graxos","14":"mbf-entry","16":"first","17":"outofstock","18":"shipping-taxable","19":"purchasable","20":"product-type-simple"},"_links":{"self":[{"href":"https:\/\/hospitalariars.com.br\/index.php\/wp-json\/wp\/v2\/product\/7466","targetHints":{"allow":["GET"]}}],"collection":[{"href":"https:\/\/hospitalariars.com.br\/index.php\/wp-json\/wp\/v2\/product"}],"about":[{"href":"https:\/\/hospitalariars.com.br\/index.php\/wp-json\/wp\/v2\/types\/product"}],"replies":[{"embeddable":true,"href":"https:\/\/hospitalariars.com.br\/index.php\/wp-json\/wp\/v2\/comments?post=7466"}],"wp:featuredmedia":[{"embeddable":true,"href":"https:\/\/hospitalariars.com.br\/index.php\/wp-json\/wp\/v2\/media\/7467"}],"wp:attachment":[{"href":"https:\/\/hospitalariars.com.br\/index.php\/wp-json\/wp\/v2\/media?parent=7466"}],"wp:term":[{"taxonomy":"product_brand","embeddable":true,"href":"https:\/\/hospitalariars.com.br\/index.php\/wp-json\/wp\/v2\/product_brand?post=7466"},{"taxonomy":"product_cat","embeddable":true,"href":"https:\/\/hospitalariars.com.br\/index.php\/wp-json\/wp\/v2\/product_cat?post=7466"},{"taxonomy":"product_tag","embeddable":true,"href":"https:\/\/hospitalariars.com.br\/index.php\/wp-json\/wp\/v2\/product_tag?post=7466"}],"curies":[{"name":"wp","href":"https:\/\/api.w.org\/{rel}","templated":true}]}}