{"id":7474,"date":"2025-06-17T14:57:58","date_gmt":"2025-06-17T17:57:58","guid":{"rendered":"https:\/\/hospitalariars.com.br\/?post_type=product&#038;p=7474"},"modified":"2026-03-27T16:03:43","modified_gmt":"2026-03-27T19:03:43","slug":"hydrage-10-creme-hidratante-com-ureia-10-helianto","status":"publish","type":"product","link":"https:\/\/hospitalariars.com.br\/index.php\/produto\/hydrage-10-creme-hidratante-com-ureia-10-helianto\/","title":{"rendered":"Hydrage 10 Creme hidratante com Ureia 10% 100g &#8211; Helianto"},"content":{"rendered":"<p>Creme branco e viscoso composto de Ureia 10% que oferece hidrata\u00e7\u00e3o e esfolia\u00e7\u00e3o efetiva da pele. Desenvolvido especialmente para pele extremamente seca, com rachaduras, rigidez, descama\u00e7\u00e3o e calosidades. Indicado principalmente para pessoas com diabetes.<\/p>\n<ul>\n<li>A\u00e7\u00e3o umectante;<\/li>\n<li>Recupera a elasticidade e a umidade da pele;<\/li>\n<li>Maciez e leveza ao toque;<\/li>\n<li>Reduz o ac\u00famulo de queratina na regi\u00e3o afetada (evita a pele ficar grossa);<\/li>\n<li>Sem corantes.<\/li>\n<\/ul>\n<p>&nbsp;<\/p>\n<p>Apresenta\u00e7\u00e3o: 100g<\/p>\n<p>Anvisa: Classe II 80225200029<\/p>\n","protected":false},"excerpt":{"rendered":"Creme branco e viscoso composto de Ureia 10% que oferece hidrata\u00e7\u00e3o e esfolia\u00e7\u00e3o efetiva da pele. Desenvolvido especialmente&hellip;","protected":false},"featured_media":7475,"comment_status":"open","ping_status":"closed","template":"","meta":{"slim_seo":{"title":"Hydrage 10 Creme hidratante com Ureia 10% 100g - Helianto - Hospitalaria RS","description":"Creme branco e viscoso composto de Ureia 10% que oferece hidrata\u00e7\u00e3o e esfolia\u00e7\u00e3o efetiva da pele. Desenvolvido especialmente para pele extremamente seca, com ra"}},"product_brand":[103],"product_cat":[102],"product_tag":[116,113,115,107,117,109],"class_list":{"0":"post-7474","1":"product","2":"type-product","3":"status-publish","4":"has-post-thumbnail","6":"product_brand-helianto","7":"product_cat-feridas-e-pele","8":"product_tag-calosidades","9":"product_tag-creme-hidratante","10":"product_tag-descamacao","11":"product_tag-hidratacao","12":"product_tag-hidratacao-e-esfoliacao","13":"product_tag-rachaduras","14":"mbf-entry","16":"first","17":"outofstock","18":"shipping-taxable","19":"purchasable","20":"product-type-simple"},"_links":{"self":[{"href":"https:\/\/hospitalariars.com.br\/index.php\/wp-json\/wp\/v2\/product\/7474","targetHints":{"allow":["GET"]}}],"collection":[{"href":"https:\/\/hospitalariars.com.br\/index.php\/wp-json\/wp\/v2\/product"}],"about":[{"href":"https:\/\/hospitalariars.com.br\/index.php\/wp-json\/wp\/v2\/types\/product"}],"replies":[{"embeddable":true,"href":"https:\/\/hospitalariars.com.br\/index.php\/wp-json\/wp\/v2\/comments?post=7474"}],"wp:featuredmedia":[{"embeddable":true,"href":"https:\/\/hospitalariars.com.br\/index.php\/wp-json\/wp\/v2\/media\/7475"}],"wp:attachment":[{"href":"https:\/\/hospitalariars.com.br\/index.php\/wp-json\/wp\/v2\/media?parent=7474"}],"wp:term":[{"taxonomy":"product_brand","embeddable":true,"href":"https:\/\/hospitalariars.com.br\/index.php\/wp-json\/wp\/v2\/product_brand?post=7474"},{"taxonomy":"product_cat","embeddable":true,"href":"https:\/\/hospitalariars.com.br\/index.php\/wp-json\/wp\/v2\/product_cat?post=7474"},{"taxonomy":"product_tag","embeddable":true,"href":"https:\/\/hospitalariars.com.br\/index.php\/wp-json\/wp\/v2\/product_tag?post=7474"}],"curies":[{"name":"wp","href":"https:\/\/api.w.org\/{rel}","templated":true}]}}