{"id":7477,"date":"2025-06-17T16:27:35","date_gmt":"2025-06-17T19:27:35","guid":{"rendered":"https:\/\/hospitalariars.com.br\/?post_type=product&#038;p=7477"},"modified":"2026-03-27T16:03:43","modified_gmt":"2026-03-27T19:03:43","slug":"cadeira-de-rodas-modelo-avd-aluminio-dobravel-em-x-e-totalmente-desmontavel-ortobras","status":"publish","type":"product","link":"https:\/\/hospitalariars.com.br\/index.php\/produto\/cadeira-de-rodas-modelo-avd-aluminio-dobravel-em-x-e-totalmente-desmontavel-ortobras\/","title":{"rendered":"Cadeira de Rodas Modelo  AVD alum\u00ednio  Dobr\u00e1vel em x e totalmente  desmont\u00e1vel &#8211; Ortobras"},"content":{"rendered":"<h3 data-start=\"97\" data-end=\"153\">Informa\u00e7\u00f5es T\u00e9cnicas \u2013 Cadeira de Rodas Ortobras<\/h3>\n<ul data-start=\"155\" data-end=\"1193\">\n<li data-start=\"155\" data-end=\"247\">\n<p data-start=\"157\" data-end=\"247\">Estrutura em liga de alum\u00ednio aeron\u00e1utico temperado, garantindo leveza e resist\u00eancia<\/p>\n<\/li>\n<li data-start=\"248\" data-end=\"330\">\n<p data-start=\"250\" data-end=\"330\">Rolamentos blindados nas quatro rodas, inclusive no eixo vertical do garfo<\/p>\n<\/li>\n<li data-start=\"331\" data-end=\"373\">\n<p data-start=\"333\" data-end=\"373\">Pintura ep\u00f3xi de alta durabilidade<\/p>\n<\/li>\n<li data-start=\"374\" data-end=\"405\">\n<p data-start=\"376\" data-end=\"405\">Eixos refor\u00e7ados em a\u00e7o<\/p>\n<\/li>\n<li data-start=\"406\" data-end=\"463\">\n<p data-start=\"408\" data-end=\"463\">Assento e encosto acolchoados para maior conforto<\/p>\n<\/li>\n<li data-start=\"464\" data-end=\"498\">\n<p data-start=\"466\" data-end=\"498\">Acompanha almofada Balance<\/p>\n<\/li>\n<li data-start=\"499\" data-end=\"590\">\n<p data-start=\"501\" data-end=\"590\">Estrutura dobr\u00e1vel, com sistema de duplo \u201cX\u201d em a\u00e7o (mais seguran\u00e7a e estabilidade)<\/p>\n<\/li>\n<li data-start=\"591\" data-end=\"646\">\n<p data-start=\"593\" data-end=\"646\">Rodas traseiras com pneu infl\u00e1vel (24 x 1.3\/8&#8243;)<\/p>\n<\/li>\n<li data-start=\"647\" data-end=\"696\">\n<p data-start=\"649\" data-end=\"696\">Buchas dianteiras e traseiras em alum\u00ednio<\/p>\n<\/li>\n<li data-start=\"697\" data-end=\"731\">\n<p data-start=\"699\" data-end=\"731\">Aro de impulso em alum\u00ednio<\/p>\n<\/li>\n<li data-start=\"732\" data-end=\"799\">\n<p data-start=\"734\" data-end=\"799\">Rodas dianteiras de 6\u201d com pneu maci\u00e7o (maior durabilidade)<\/p>\n<\/li>\n<li data-start=\"800\" data-end=\"862\">\n<p data-start=\"802\" data-end=\"862\">Sistema Quick Release (desmontagem r\u00e1pida nas 4 rodas)<\/p>\n<\/li>\n<li data-start=\"863\" data-end=\"888\">\n<p data-start=\"865\" data-end=\"888\">Freios bilaterais<\/p>\n<\/li>\n<li data-start=\"889\" data-end=\"942\">\n<p data-start=\"891\" data-end=\"942\">Protetor de roupas em nylon com abas laterais<\/p>\n<\/li>\n<li data-start=\"943\" data-end=\"1006\">\n<p data-start=\"945\" data-end=\"1006\">Apoio de bra\u00e7os escamote\u00e1veis (facilita transfer\u00eancias)<\/p>\n<\/li>\n<li data-start=\"1007\" data-end=\"1063\">\n<p data-start=\"1009\" data-end=\"1063\">Pedal rebat\u00edvel com regulagem de altura e \u00e2ngulo<\/p>\n<\/li>\n<li data-start=\"1064\" data-end=\"1111\">\n<p data-start=\"1066\" data-end=\"1111\">Faixa de calcanhar para maior seguran\u00e7a<\/p>\n<\/li>\n<li data-start=\"1112\" data-end=\"1154\">\n<p data-start=\"1114\" data-end=\"1154\">Capacidade de peso: at\u00e9 140 kg<\/p>\n<\/li>\n<li data-start=\"1155\" data-end=\"1193\">\n<p data-start=\"1157\" data-end=\"1193\">Peso total da cadeira: 17 kg<\/p>\n<\/li>\n<\/ul>\n<hr data-start=\"1195\" data-end=\"1198\" \/>\n<h3 data-start=\"1200\" data-end=\"1243\">Tamanhos Dispon\u00edveis:<\/h3>\n<ul data-start=\"1245\" data-end=\"1404\">\n<li data-start=\"1245\" data-end=\"1300\">\n<p data-start=\"1247\" data-end=\"1300\">Largura do Assento (A): Largura &#8211; 36, 38, 40, 42 ou 44 cm<\/p>\n<\/li>\n<li data-start=\"1301\" data-end=\"1357\">\n<p data-start=\"1303\" data-end=\"1357\">Profundidade do Assento (B): Profundidade &#8211; 35, 40, 45 ou 50 cm<\/p>\n<\/li>\n<li data-start=\"1358\" data-end=\"1404\">\n<p data-start=\"1360\" data-end=\"1404\">Altura do Encosto (C): Altura &#8211; 40, 45 ou 50 cm<\/p>\n<\/li>\n<\/ul>\n","protected":false},"excerpt":{"rendered":"Informa\u00e7\u00f5es T\u00e9cnicas \u2013 Cadeira de Rodas Ortobras Estrutura em liga de alum\u00ednio aeron\u00e1utico temperado, garantindo leveza e resist\u00eancia&hellip;","protected":false},"featured_media":7480,"comment_status":"open","ping_status":"closed","template":"","meta":{"slim_seo":{"title":"Cadeira de Rodas Modelo AVD alum\u00ednio Dobr\u00e1vel em x e totalmente desmont\u00e1vel - Ortobras - Hospitalaria RS","description":"Informa\u00e7\u00f5es T\u00e9cnicas \u2013 Cadeira de Rodas Ortobras Estrutura em liga de alum\u00ednio aeron\u00e1utico temperado, garantindo leveza e resist\u00eancia Rolamentos blindados nas q"}},"product_brand":[131],"product_cat":[118],"product_tag":[445,139,449,447,448,446],"class_list":{"0":"post-7477","1":"product","2":"type-product","3":"status-publish","4":"has-post-thumbnail","6":"product_brand-ortobras","7":"product_cat-cadeira-de-rodas","8":"product_tag-aluminio-aeronautico","9":"product_tag-cadeira-de-rodas-ortobras","10":"product_tag-freios-bilaterais","11":"product_tag-pintura-epoxi","12":"product_tag-rodas-inflaveis-24","13":"product_tag-rolamentos-blindados","14":"mbf-entry","16":"first","17":"outofstock","18":"shipping-taxable","19":"product-type-simple"},"_links":{"self":[{"href":"https:\/\/hospitalariars.com.br\/index.php\/wp-json\/wp\/v2\/product\/7477","targetHints":{"allow":["GET"]}}],"collection":[{"href":"https:\/\/hospitalariars.com.br\/index.php\/wp-json\/wp\/v2\/product"}],"about":[{"href":"https:\/\/hospitalariars.com.br\/index.php\/wp-json\/wp\/v2\/types\/product"}],"replies":[{"embeddable":true,"href":"https:\/\/hospitalariars.com.br\/index.php\/wp-json\/wp\/v2\/comments?post=7477"}],"wp:featuredmedia":[{"embeddable":true,"href":"https:\/\/hospitalariars.com.br\/index.php\/wp-json\/wp\/v2\/media\/7480"}],"wp:attachment":[{"href":"https:\/\/hospitalariars.com.br\/index.php\/wp-json\/wp\/v2\/media?parent=7477"}],"wp:term":[{"taxonomy":"product_brand","embeddable":true,"href":"https:\/\/hospitalariars.com.br\/index.php\/wp-json\/wp\/v2\/product_brand?post=7477"},{"taxonomy":"product_cat","embeddable":true,"href":"https:\/\/hospitalariars.com.br\/index.php\/wp-json\/wp\/v2\/product_cat?post=7477"},{"taxonomy":"product_tag","embeddable":true,"href":"https:\/\/hospitalariars.com.br\/index.php\/wp-json\/wp\/v2\/product_tag?post=7477"}],"curies":[{"name":"wp","href":"https:\/\/api.w.org\/{rel}","templated":true}]}}