{"id":7483,"date":"2025-06-17T16:51:15","date_gmt":"2025-06-17T19:51:15","guid":{"rendered":"https:\/\/hospitalariars.com.br\/?post_type=product&#038;p=7483"},"modified":"2026-03-27T16:03:43","modified_gmt":"2026-03-27T19:03:43","slug":"cama-hospitalar-motorizada-bett-care-ortobras","status":"publish","type":"product","link":"https:\/\/hospitalariars.com.br\/index.php\/produto\/cama-hospitalar-motorizada-bett-care-ortobras\/","title":{"rendered":"Cama Hospitalar Motorizada Bett Care &#8211; Ortobras"},"content":{"rendered":"<p>Descri\u00e7\u00e3o do Produto<\/p>\n<div id=\"descricao\" class=\"tab rte description-ab active\">\n<p>Chegou a\u00a0<strong>Cama Hospitalar Motorizada Bett Care Ortobras<\/strong>!!!<\/p>\n<p>Trazendo muita inova\u00e7\u00e3o e qualidade m\u00e1xima! Ideal para colch\u00f5es de\u00a0<strong>88&#215;188 cm<\/strong>, flex\u00edveis ou articulados.<\/p>\n<p><strong>Regulagem:\u00a0<\/strong><\/p>\n<ul>\n<li>\u00a0Altura m\u00ednima do estrado:\u00a0<strong>43,5 cm<\/strong>\u00a0(+ altura do colch\u00e3o).<\/li>\n<li>Altura m\u00e1xima do estrado:\u00a0<strong>73,5 cm<\/strong>\u00a0(+ altura do colch\u00e3o).<\/li>\n<\/ul>\n<p>V\u00e3o livre de\u00a0<strong>17 cm<\/strong>\u00a0sob a cama: Facilitando o uso de guinchos hospitalares e permite o encaixe de mesas de refei\u00e7\u00e3o evitando adapta\u00e7\u00f5es, estrado composto por m\u00f3dulos injetados de alta resist\u00eancia,\u00a0m\u00f3dulos desmont\u00e1veis, permitindo: Total higieniza\u00e7\u00e3o e ventila\u00e7\u00e3o adequada para o colch\u00e3o.<\/p>\n<p>Desenvolvida com tecnologia Ortobras para proporcionar conforto, resist\u00eancia e seguran\u00e7a,\u00a0suporta at\u00e9\u00a0<strong>200 kg<\/strong>.<\/p>\n<p>Possui 3 movimentos: Articula\u00e7\u00e3o da cabeceira, articula\u00e7\u00e3o da peseira e eleva\u00e7\u00e3o total de altura do leito, permite m\u00faltiplas posi\u00e7\u00f5es atrav\u00e9s de controle remoto com fio, ajustando a cama conforme a necessidade do paciente.<\/p>\n<p>Grades laterais retr\u00e1teis com travas de seguran\u00e7a, espa\u00e7o interno com maior largura, que evita o contato direto do colch\u00e3o com as grades e facilita a coloca\u00e7\u00e3o das roupas de cama.<\/p>\n<p><strong>OBS: Cama n\u00e3o acompanha o colch\u00e3o, vendido separadamente!<\/strong><\/p>\n<p><img loading=\"lazy\" decoding=\"async\" class=\"wp-image-7490 alignleft\" src=\"https:\/\/hospitalariars.com.br\/wp-content\/uploads\/2025\/06\/Sem-titulo-13-289x300.png\" alt=\"\" width=\"561\" height=\"582\" srcset=\"https:\/\/hospitalariars.com.br\/wp-content\/uploads\/2025\/06\/Sem-titulo-13-289x300.png 289w, https:\/\/hospitalariars.com.br\/wp-content\/uploads\/2025\/06\/Sem-titulo-13-768x797.png 768w, https:\/\/hospitalariars.com.br\/wp-content\/uploads\/2025\/06\/Sem-titulo-13-306x318.png 306w, https:\/\/hospitalariars.com.br\/wp-content\/uploads\/2025\/06\/Sem-titulo-13-600x623.png 600w, https:\/\/hospitalariars.com.br\/wp-content\/uploads\/2025\/06\/Sem-titulo-13.png 793w\" sizes=\"auto, (max-width: 561px) 100vw, 561px\" \/><\/p>\n<\/div>\n<p>&nbsp;<\/p>\n<p>&nbsp;<\/p>\n<p>&nbsp;<\/p>\n<p>&nbsp;<\/p>\n<p>&nbsp;<\/p>\n<p>&nbsp;<\/p>\n<p>&nbsp;<\/p>\n<p>&nbsp;<\/p>\n<p>&nbsp;<\/p>\n<p>&nbsp;<\/p>\n<p>&nbsp;<\/p>\n<p>&nbsp;<\/p>\n<p>&nbsp;<\/p>\n<p>&nbsp;<\/p>\n<p>&nbsp;<\/p>\n<p>&nbsp;<\/p>\n<div id=\"descricao\" class=\"tab rte description-ab active\">\n<p><strong><img loading=\"lazy\" decoding=\"async\" class=\"alignnone size-medium wp-image-7491\" src=\"https:\/\/hospitalariars.com.br\/wp-content\/uploads\/2025\/06\/Sem-titulo-14-291x300.png\" alt=\"\" width=\"291\" height=\"300\" srcset=\"https:\/\/hospitalariars.com.br\/wp-content\/uploads\/2025\/06\/Sem-titulo-14-291x300.png 291w, https:\/\/hospitalariars.com.br\/wp-content\/uploads\/2025\/06\/Sem-titulo-14-306x316.png 306w, https:\/\/hospitalariars.com.br\/wp-content\/uploads\/2025\/06\/Sem-titulo-14.png 555w\" sizes=\"auto, (max-width: 291px) 100vw, 291px\" \/><\/strong><\/p>\n<p>Dispon\u00edvel a Pronta Entrega, os fechamento:<\/p>\n<ul>\n<li><strong>Pead Injetado<\/strong><\/li>\n<li><strong>MDF Tauri<\/strong><\/li>\n<\/ul>\n<p>Demais fechamento, somente sob encomenda!<\/p>\n<\/div>\n","protected":false},"excerpt":{"rendered":"Descri\u00e7\u00e3o do Produto Chegou a\u00a0Cama Hospitalar Motorizada Bett Care Ortobras!!! Trazendo muita inova\u00e7\u00e3o e qualidade m\u00e1xima! Ideal para&hellip;","protected":false},"featured_media":7484,"comment_status":"open","ping_status":"closed","template":"","meta":{"slim_seo":{"title":"Cama Hospitalar Motorizada Bett Care - Ortobras - Hospitalaria RS","description":"Descri\u00e7\u00e3o do Produto Chegou a\u00a0 Cama Hospitalar Motorizada Bett Care Ortobras !!! Trazendo muita inova\u00e7\u00e3o e qualidade m\u00e1xima! Ideal para colch\u00f5es de\u00a0 88x188 cm ,"}},"product_brand":[131],"product_cat":[132,37],"product_tag":[485,484,486,488,487],"class_list":{"0":"post-7483","1":"product","2":"type-product","3":"status-publish","4":"has-post-thumbnail","6":"product_brand-ortobras","7":"product_cat-cama-hospitalar-motorizada","8":"product_cat-moveis-hospitalares","9":"product_tag-cama-articulada-hospitalar","10":"product_tag-cama-hospitalar-motorizada","11":"product_tag-controle-remoto-fio","12":"product_tag-grades-laterais-retrateis","13":"product_tag-suporte-ate-200kg","14":"mbf-entry","16":"first","17":"outofstock","18":"shipping-taxable","19":"product-type-simple"},"_links":{"self":[{"href":"https:\/\/hospitalariars.com.br\/index.php\/wp-json\/wp\/v2\/product\/7483","targetHints":{"allow":["GET"]}}],"collection":[{"href":"https:\/\/hospitalariars.com.br\/index.php\/wp-json\/wp\/v2\/product"}],"about":[{"href":"https:\/\/hospitalariars.com.br\/index.php\/wp-json\/wp\/v2\/types\/product"}],"replies":[{"embeddable":true,"href":"https:\/\/hospitalariars.com.br\/index.php\/wp-json\/wp\/v2\/comments?post=7483"}],"wp:featuredmedia":[{"embeddable":true,"href":"https:\/\/hospitalariars.com.br\/index.php\/wp-json\/wp\/v2\/media\/7484"}],"wp:attachment":[{"href":"https:\/\/hospitalariars.com.br\/index.php\/wp-json\/wp\/v2\/media?parent=7483"}],"wp:term":[{"taxonomy":"product_brand","embeddable":true,"href":"https:\/\/hospitalariars.com.br\/index.php\/wp-json\/wp\/v2\/product_brand?post=7483"},{"taxonomy":"product_cat","embeddable":true,"href":"https:\/\/hospitalariars.com.br\/index.php\/wp-json\/wp\/v2\/product_cat?post=7483"},{"taxonomy":"product_tag","embeddable":true,"href":"https:\/\/hospitalariars.com.br\/index.php\/wp-json\/wp\/v2\/product_tag?post=7483"}],"curies":[{"name":"wp","href":"https:\/\/api.w.org\/{rel}","templated":true}]}}