{"id":7496,"date":"2025-06-17T17:19:03","date_gmt":"2025-06-17T20:19:03","guid":{"rendered":"https:\/\/hospitalariars.com.br\/?post_type=product&#038;p=7496"},"modified":"2026-03-27T16:03:43","modified_gmt":"2026-03-27T19:03:43","slug":"cadeira-de-rodas-ulx-ortobras","status":"publish","type":"product","link":"https:\/\/hospitalariars.com.br\/index.php\/produto\/cadeira-de-rodas-ulx-ortobras\/","title":{"rendered":"Cadeira de Rodas ULX &#8211; Ortobras"},"content":{"rendered":"<div class=\"pd-description\">\n<div class=\"pd-content\">\n<div class=\"std \">\n<div class=\"block-description w-100 mt-2 mb-2 \">\n<h3>F\u00e1cil de ajustar<\/h3>\n<p>A ULX conta com uma placa com 6 diferentes posi\u00e7\u00f5es do eixo traseiro que alternam entre regulagem de centro de gravidade e altura do assento.<\/p>\n<h3>Apoios de p\u00e9s rebat\u00edveis e ajust\u00e1veis em altura<\/h3>\n<p>Os apoios de p\u00e9s da ULX s\u00e3o muito leves e resistentes, al\u00e9m de serem rebat\u00edveis para fora e tamb\u00e9m facilmente removidos. Incorporam ainda um pr\u00e1tico sistema para regular a altura do apoio de p\u00e9s com m\u00faltiplos orif\u00edcios ao longo do tubo para um ajuste mais simples e preciso. Com cinta nos calcanhares para suporte mais confort\u00e1vel.<\/p>\n<h3>Conforto<\/h3>\n<p>Tecido acolchoado de nylon para maior conforto e apoio de bra\u00e7os rebat\u00edveis.<\/p>\n<\/div>\n<\/div>\n<\/div>\n<\/div>\n<div class=\"pd-additional\">\n<p><span class=\"h5\">Informa\u00e7\u00f5es adicionais<\/span><\/p>\n<div class=\"pd-content\">\n<ul>\n<li data-attr-code=\"marca\"><strong>Marca:\u00a0<\/strong>Ortobras<\/li>\n<li data-attr-code=\"almofada\"><strong>Almofada:\u00a0<\/strong>5cm de Alta Densidade<\/li>\n<li data-attr-code=\"altura_dianteira_assento_piso\"><strong>Altura Dianteira do Assento ao Piso:\u00a0<\/strong>50 cm<\/li>\n<li data-attr-code=\"altura_traseira_assento_piso\"><strong>Altura Traseira do Assento ao Piso:\u00a0<\/strong>48 cm<\/li>\n<li data-attr-code=\"angulos_ajuste_encosto\"><strong>\u00c2ngulos de ajuste do encosto:\u00a0<\/strong>N\u00e3o Aplic\u00e1vel<\/li>\n<li data-attr-code=\"apoio_braco\"><strong>Apoio de Bra\u00e7o:\u00a0<\/strong>Rebat\u00edvel<\/li>\n<li data-attr-code=\"apoio_pes\"><strong>Apoio de P\u00e9s:\u00a0<\/strong>Fixo 60\u00b0 Swing-Away Desmont\u00e1vel<\/li>\n<li data-attr-code=\"aro_impulso\"><strong>Aro de Impulso:\u00a0<\/strong>Alum\u00ednio Anodizado<\/li>\n<li data-attr-code=\"assento\"><strong>Assento:\u00a0<\/strong>60&#215;50<\/li>\n<li data-attr-code=\"cambagem\"><strong>Cambagem:\u00a0<\/strong>N\u00e3o Aplic\u00e1vel<\/li>\n<li data-attr-code=\"capacidade\"><strong>Capacidade:\u00a0<\/strong>160 Kg<\/li>\n<li data-attr-code=\"peso_a_partir\"><strong>Peso:\u00a0<\/strong>A partir de 16KG<\/li>\n<li data-attr-code=\"classificacao_riscos\"><strong>Classifica\u00e7\u00e3o de Risco:\u00a0<\/strong>I-Baixo Risco<\/li>\n<li data-attr-code=\"eixo_dianteiro\"><strong>Eixo Dianteiro:\u00a0<\/strong>Desmont\u00e1vel<\/li>\n<li data-attr-code=\"eixo_traseiro\"><strong>Eixo Traseiro:\u00a0<\/strong>Desmont\u00e1vel<\/li>\n<li data-attr-code=\"estofamento_assento\"><strong>Estofamento de Assento:\u00a0<\/strong>Nylon acolchoado<\/li>\n<li data-attr-code=\"estofamento_encosto\"><strong>Estofamento de Encosto:\u00a0<\/strong>Nylon Acolchoado<\/li>\n<li data-attr-code=\"freios\"><strong>Freios:\u00a0<\/strong>Acionamento para Frente<\/li>\n<li data-attr-code=\"material_quadro\"><strong>Material do quadro:\u00a0<\/strong>Alum\u00ednio<\/li>\n<li data-attr-code=\"opcoes_encosto\"><strong>Op\u00e7\u00f5es de Encosto:\u00a0<\/strong>N\u00e3o Aplic\u00e1vel<\/li>\n<li data-attr-code=\"pedal\"><strong>Pedal:\u00a0<\/strong>Fixo<\/li>\n<li data-attr-code=\"pneu_roda_traseira\"><strong>Pneu da Roda Traseira:\u00a0<\/strong>Infl\u00e1vel 24\u2033x 1 3\/8\u2033<\/li>\n<li data-attr-code=\"protetor_roupa\"><strong>Protetor de Roupa:\u00a0<\/strong>Nylon com Abas<\/li>\n<li data-attr-code=\"registro_anvisa\"><strong>Registro ANVISA:\u00a0<\/strong>80118040002<\/li>\n<li data-attr-code=\"regulagem_apoio_pes\"><strong>Regulagem do Apoio de P\u00e9s:\u00a0<\/strong>de 40 cm a 48 cm<\/li>\n<li data-attr-code=\"rodas_ianteiras\"><strong>Rodas Dianteiras:\u00a0<\/strong>6\u2033 Maci\u00e7a<\/li>\n<li data-attr-code=\"roda_traseira\"><strong>Rodas Traseiras:\u00a0<\/strong>24\u2033 Raiada<\/li>\n<li data-attr-code=\"suspensao\"><strong>Suspens\u00e3o:\u00a0<\/strong>N\u00e3o Aplic\u00e1vel<\/li>\n<li data-attr-code=\"tipo_quadro\"><strong>Tipo do Quadro:\u00a0<\/strong>Fechamento em Duplo X<\/li>\n<li data-attr-code=\"tipo_encosto\"><strong>Tipo do Encosto:\u00a0<\/strong>Fixo<\/li>\n<li data-attr-code=\"variacao_tilt\"><strong>Varia\u00e7\u00e3o do Tilt:\u00a0<\/strong>46 cm\/ 48 cm\/ 50 cm<\/li>\n<li data-attr-code=\"dimensao_caixa\"><strong>Dimens\u00e3o da caixa (cm):\u00a0<\/strong>L28 x C88 x A90<\/li>\n<\/ul>\n<\/div>\n<\/div>\n","protected":false},"excerpt":{"rendered":"F\u00e1cil de ajustar A ULX conta com uma placa com 6 diferentes posi\u00e7\u00f5es do eixo traseiro que alternam&hellip;","protected":false},"featured_media":7497,"comment_status":"open","ping_status":"closed","template":"","meta":{"slim_seo":{"title":"Cadeira de Rodas ULX - Ortobras - Hospitalaria RS","description":"F\u00e1cil de ajustar A ULX conta com uma placa com 6 diferentes posi\u00e7\u00f5es do eixo traseiro que alternam entre regulagem de centro de gravidade e altura do assento. A"}},"product_brand":[131],"product_cat":[118,34],"product_tag":[470,471,472,469,473],"class_list":{"0":"post-7496","1":"product","2":"type-product","3":"status-publish","4":"has-post-thumbnail","6":"product_brand-ortobras","7":"product_cat-cadeira-de-rodas","8":"product_cat-equipamentos","9":"product_tag-apoio-de-pes-rebativel","10":"product_tag-aro-de-impulso-aluminio-anodizado","11":"product_tag-assento-60x50-cm","12":"product_tag-cadeira-de-rodas-ajustavel","13":"product_tag-capacidade-160-kg","14":"mbf-entry","16":"first","17":"outofstock","18":"shipping-taxable","19":"product-type-simple"},"_links":{"self":[{"href":"https:\/\/hospitalariars.com.br\/index.php\/wp-json\/wp\/v2\/product\/7496","targetHints":{"allow":["GET"]}}],"collection":[{"href":"https:\/\/hospitalariars.com.br\/index.php\/wp-json\/wp\/v2\/product"}],"about":[{"href":"https:\/\/hospitalariars.com.br\/index.php\/wp-json\/wp\/v2\/types\/product"}],"replies":[{"embeddable":true,"href":"https:\/\/hospitalariars.com.br\/index.php\/wp-json\/wp\/v2\/comments?post=7496"}],"wp:featuredmedia":[{"embeddable":true,"href":"https:\/\/hospitalariars.com.br\/index.php\/wp-json\/wp\/v2\/media\/7497"}],"wp:attachment":[{"href":"https:\/\/hospitalariars.com.br\/index.php\/wp-json\/wp\/v2\/media?parent=7496"}],"wp:term":[{"taxonomy":"product_brand","embeddable":true,"href":"https:\/\/hospitalariars.com.br\/index.php\/wp-json\/wp\/v2\/product_brand?post=7496"},{"taxonomy":"product_cat","embeddable":true,"href":"https:\/\/hospitalariars.com.br\/index.php\/wp-json\/wp\/v2\/product_cat?post=7496"},{"taxonomy":"product_tag","embeddable":true,"href":"https:\/\/hospitalariars.com.br\/index.php\/wp-json\/wp\/v2\/product_tag?post=7496"}],"curies":[{"name":"wp","href":"https:\/\/api.w.org\/{rel}","templated":true}]}}