{"id":7499,"date":"2025-06-17T17:23:37","date_gmt":"2025-06-17T20:23:37","guid":{"rendered":"https:\/\/hospitalariars.com.br\/?post_type=product&#038;p=7499"},"modified":"2026-03-27T16:03:43","modified_gmt":"2026-03-27T19:03:43","slug":"cadeira-de-rodas-k3-ortobras","status":"publish","type":"product","link":"https:\/\/hospitalariars.com.br\/index.php\/produto\/cadeira-de-rodas-k3-ortobras\/","title":{"rendered":"Cadeira de Rodas K3 &#8211; Ortobras"},"content":{"rendered":"<div class=\"pd-description\">\n<div class=\"pd-content\">\n<div class=\"std \">\n<div class=\"block-description w-100 mt-2 mb-2 \">\n<h3>Cadeira K3 Ortobras<\/h3>\n<h4>Garfo Ajust\u00e1vel<\/h4>\n<p>Exclusivo sistema de ajuste do \u00e2ngulo do garfo, que permite regular o \u00e2ngulo do assento de 0\u00ba a 6\u00ba.<\/p>\n<h4>Eixo Ajust\u00e1vel<\/h4>\n<p>O seu sistema de regulagem do eixo traseiro, permite realizar na K3 v\u00e1rios ajustes, para adaptar a cadeira a diferentes tipos de necessidades: ajuste em altura de 46 a 50 cm e ajuste do centro de gravidade (de +5 cm a -5 cm)<\/p>\n<\/div>\n<\/div>\n<\/div>\n<\/div>\n<div class=\"pd-additional\">\n<p><span class=\"h5\">Informa\u00e7\u00f5es adicionais<\/span><\/p>\n<div class=\"pd-content\">\n<ul>\n<li data-attr-code=\"marca\"><strong>Marca:\u00a0<\/strong>Ortobras<\/li>\n<li data-attr-code=\"ajuste_centro_gravidade\"><strong>Ajuste do Centro de Gravidade:\u00a0<\/strong>Sim<\/li>\n<li data-attr-code=\"almofada\"><strong>Almofada:\u00a0<\/strong>5cm de Alta Densidade<\/li>\n<li data-attr-code=\"altura_dianteira_assento_piso\"><strong>Altura Dianteira do Assento ao Piso:\u00a0<\/strong>50 cm<\/li>\n<li data-attr-code=\"altura_traseira_assento_piso\"><strong>Altura Traseira do Assento ao Piso:\u00a0<\/strong>48 cm<\/li>\n<li data-attr-code=\"apoio_braco\"><strong>Apoio de Bra\u00e7o:\u00a0<\/strong>Escamote\u00e1vel<\/li>\n<li data-attr-code=\"apoio_pes\"><strong>Apoio de P\u00e9s:\u00a0<\/strong>Fixo 60\u00b0 Swing-Away Desmont\u00e1vel<\/li>\n<li data-attr-code=\"aro_impulso\"><strong>Aro de Impulso:\u00a0<\/strong>Alum\u00ednio Anodizado<\/li>\n<li data-attr-code=\"capacidade\"><strong>Capacidade:\u00a0<\/strong>120 Kg<\/li>\n<li data-attr-code=\"peso_a_partir\"><strong>Peso:\u00a0<\/strong>A partir de 18KG<\/li>\n<li data-attr-code=\"classificacao_riscos\"><strong>Classifica\u00e7\u00e3o de Risco:\u00a0<\/strong>I-Baixo Risco<\/li>\n<li data-attr-code=\"eixo_dianteiro\"><strong>Eixo Dianteiro:\u00a0<\/strong>Eixo Remov\u00edvel<\/li>\n<li data-attr-code=\"eixo_traseiro\"><strong>Eixo Traseiro:\u00a0<\/strong>Eixo Remov\u00edvel<\/li>\n<li data-attr-code=\"estofamento_assento\"><strong>Estofamento de Assento:\u00a0<\/strong>Flex\u00edvel com Ajuste de Tens\u00e3o<\/li>\n<li data-attr-code=\"estofamento_encosto\"><strong>Estofamento de Encosto:\u00a0<\/strong>Nylon com Ajuste de Tens\u00e3o<\/li>\n<li data-attr-code=\"freios\"><strong>Freios:\u00a0<\/strong>Acionamento para Frente<\/li>\n<li data-attr-code=\"material_quadro\"><strong>Material do quadro:\u00a0<\/strong>Alum\u00ednio Aeron\u00e1utico<\/li>\n<li data-attr-code=\"opcoes_encosto\"><strong>Op\u00e7\u00f5es de Encosto:\u00a0<\/strong>Flex\u00edvel<\/li>\n<li data-attr-code=\"pedal\"><strong>Pedal:\u00a0<\/strong>Remov\u00edvel<\/li>\n<li data-attr-code=\"pneu_roda_traseira\"><strong>Pneu da Roda Traseira:\u00a0<\/strong>Infl\u00e1vel 24\u2033x 1 3\/8\u2033<\/li>\n<li data-attr-code=\"protetor_roupa\"><strong>Protetor de Roupa:\u00a0<\/strong>Nylon Incorporado ao Apoio de Bra\u00e7o<\/li>\n<li data-attr-code=\"registro_anvisa\"><strong>Registro ANVISA:\u00a0<\/strong>80118040002<\/li>\n<li data-attr-code=\"regulagem_apoio_pes\"><strong>Regulagem do Apoio de P\u00e9s:\u00a0<\/strong>de 40 cm a 48 cm<\/li>\n<li data-attr-code=\"rodas_ianteiras\"><strong>Rodas Dianteiras:\u00a0<\/strong>6\u2033 Maci\u00e7a<\/li>\n<li data-attr-code=\"roda_traseira\"><strong>Rodas Traseiras:\u00a0<\/strong>24\u2033 Raiada com Protetor de Roupa<\/li>\n<li data-attr-code=\"tipo_quadro\"><strong>Tipo do Quadro:\u00a0<\/strong>Fechamento em Duplo X<\/li>\n<li data-attr-code=\"tipo_encosto\"><strong>Tipo do Encosto:\u00a0<\/strong>Fixo<\/li>\n<li data-attr-code=\"variacao_tilt\"><strong>Varia\u00e7\u00e3o do Tilt:\u00a0<\/strong>0\u00b0 \/ 3\u00b0 \/ 6\u00b0<\/li>\n<li data-attr-code=\"dimensao_caixa\"><strong>Dimens\u00e3o da caixa (cm):\u00a0<\/strong>L28 x C78 x A90<\/li>\n<\/ul>\n<\/div>\n<\/div>\n","protected":false},"excerpt":{"rendered":"Cadeira K3 Ortobras Garfo Ajust\u00e1vel Exclusivo sistema de ajuste do \u00e2ngulo do garfo, que permite regular o \u00e2ngulo&hellip;","protected":false},"featured_media":7500,"comment_status":"open","ping_status":"closed","template":"","meta":{"slim_seo":{"title":"Cadeira de Rodas K3 - Ortobras - Hospitalaria RS","description":"Cadeira K3 Ortobras Garfo Ajust\u00e1vel Exclusivo sistema de ajuste do \u00e2ngulo do garfo, que permite regular o \u00e2ngulo do assento de 0\u00ba a 6\u00ba. Eixo Ajust\u00e1vel O seu sis"}},"product_brand":[131],"product_cat":[118,34],"product_tag":[419,139,421,420,418],"class_list":{"0":"post-7499","1":"product","2":"type-product","3":"status-publish","4":"has-post-thumbnail","6":"product_brand-ortobras","7":"product_cat-cadeira-de-rodas","8":"product_cat-equipamentos","9":"product_tag-ajuste-de-centro-de-gravidade","10":"product_tag-cadeira-de-rodas-ortobras","11":"product_tag-encosto-com-ajuste-de-tensao","12":"product_tag-estrutura-em-aluminio-aeronautico","13":"product_tag-fechamento-duplo-x","14":"mbf-entry","16":"first","17":"outofstock","18":"sale","19":"shipping-taxable","20":"purchasable","21":"product-type-simple"},"_links":{"self":[{"href":"https:\/\/hospitalariars.com.br\/index.php\/wp-json\/wp\/v2\/product\/7499","targetHints":{"allow":["GET"]}}],"collection":[{"href":"https:\/\/hospitalariars.com.br\/index.php\/wp-json\/wp\/v2\/product"}],"about":[{"href":"https:\/\/hospitalariars.com.br\/index.php\/wp-json\/wp\/v2\/types\/product"}],"replies":[{"embeddable":true,"href":"https:\/\/hospitalariars.com.br\/index.php\/wp-json\/wp\/v2\/comments?post=7499"}],"wp:featuredmedia":[{"embeddable":true,"href":"https:\/\/hospitalariars.com.br\/index.php\/wp-json\/wp\/v2\/media\/7500"}],"wp:attachment":[{"href":"https:\/\/hospitalariars.com.br\/index.php\/wp-json\/wp\/v2\/media?parent=7499"}],"wp:term":[{"taxonomy":"product_brand","embeddable":true,"href":"https:\/\/hospitalariars.com.br\/index.php\/wp-json\/wp\/v2\/product_brand?post=7499"},{"taxonomy":"product_cat","embeddable":true,"href":"https:\/\/hospitalariars.com.br\/index.php\/wp-json\/wp\/v2\/product_cat?post=7499"},{"taxonomy":"product_tag","embeddable":true,"href":"https:\/\/hospitalariars.com.br\/index.php\/wp-json\/wp\/v2\/product_tag?post=7499"}],"curies":[{"name":"wp","href":"https:\/\/api.w.org\/{rel}","templated":true}]}}