{"id":7507,"date":"2025-06-17T17:36:32","date_gmt":"2025-06-17T20:36:32","guid":{"rendered":"https:\/\/hospitalariars.com.br\/?post_type=product&#038;p=7507"},"modified":"2026-03-27T16:03:43","modified_gmt":"2026-03-27T19:03:43","slug":"prevderm-desodorante-lubrificante-helianto","status":"publish","type":"product","link":"https:\/\/hospitalariars.com.br\/index.php\/produto\/prevderm-desodorante-lubrificante-helianto\/","title":{"rendered":"Prevderm Desodorante Lubrificante 50ml &#8211; Helianto"},"content":{"rendered":"<div class=\"elementor-element elementor-element-5297358d elementor-widget elementor-widget-text-editor\" data-id=\"5297358d\" data-element_type=\"widget\" data-widget_type=\"text-editor.default\">\n<div class=\"elementor-widget-container\">\n<p>Gel fluido \u00e0 base de \u00c1gua Purificada, Hidroxipropil Guar, \u00c1cido C\u00edtrico e Cocoamidopropil Beta\u00edna, que lubrifica, higieniza e reduz odores dos dejetos coletados na bolsa. Sua a\u00e7\u00e3o lubrificante auxilia o esvaziamento, evita o colabamento e auxilia na higieniza\u00e7\u00e3o das bolsas de colostomia e ileostomias.<\/p>\n<ul>\n<li>Higieniza\u00e7\u00e3o do equipamento coletor;<\/li>\n<li>Redu\u00e7\u00e3o do odor e ac\u00famulo de fezes ( efluentes);<\/li>\n<li>Usado em bolsas dren\u00e1veis e fechadas prolongada da pele;<\/li>\n<li>F\u00e1cil utiliza\u00e7\u00e3o;<\/li>\n<li>Evita que as fezes (efluentes) se acumulem ao redor do estoma;<\/li>\n<\/ul>\n<\/div>\n<\/div>\n<div class=\"elementor-element elementor-element-64bd45e4 elementor-widget elementor-widget-text-editor\" data-id=\"64bd45e4\" data-element_type=\"widget\" data-widget_type=\"text-editor.default\">\n<div class=\"elementor-widget-container\">\n<p>\u00a0Apresenta\u00e7\u00e3o: 240ml<\/p>\n<p>&nbsp;<\/p>\n<p>Anvisa: CLASSE I 80225200031<\/p>\n<\/div>\n<\/div>\n","protected":false},"excerpt":{"rendered":"Gel fluido \u00e0 base de \u00c1gua Purificada, Hidroxipropil Guar, \u00c1cido C\u00edtrico e Cocoamidopropil Beta\u00edna, que lubrifica, higieniza e&hellip;","protected":false},"featured_media":7513,"comment_status":"open","ping_status":"closed","template":"","meta":{"slim_seo":{"title":"Prevderm Desodorante Lubrificante 50ml - Helianto - Hospitalaria RS","description":"Gel fluido \u00e0 base de \u00c1gua Purificada, Hidroxipropil Guar, \u00c1cido C\u00edtrico e Cocoamidopropil Beta\u00edna, que lubrifica, higieniza e reduz odores dos dejetos coletados"}},"product_brand":[103],"product_cat":[102],"product_tag":[145,141,142,143,144],"class_list":{"0":"post-7507","1":"product","2":"type-product","3":"status-publish","4":"has-post-thumbnail","6":"product_brand-helianto","7":"product_cat-feridas-e-pele","8":"product_tag-colostomia","9":"product_tag-gel-fluido","10":"product_tag-higieniza-e-reduz-odores","11":"product_tag-higienizacao-das-bolsas-de-colostomia","12":"product_tag-ileostomias","13":"mbf-entry","15":"first","16":"outofstock","17":"shipping-taxable","18":"purchasable","19":"product-type-simple"},"_links":{"self":[{"href":"https:\/\/hospitalariars.com.br\/index.php\/wp-json\/wp\/v2\/product\/7507","targetHints":{"allow":["GET"]}}],"collection":[{"href":"https:\/\/hospitalariars.com.br\/index.php\/wp-json\/wp\/v2\/product"}],"about":[{"href":"https:\/\/hospitalariars.com.br\/index.php\/wp-json\/wp\/v2\/types\/product"}],"replies":[{"embeddable":true,"href":"https:\/\/hospitalariars.com.br\/index.php\/wp-json\/wp\/v2\/comments?post=7507"}],"wp:featuredmedia":[{"embeddable":true,"href":"https:\/\/hospitalariars.com.br\/index.php\/wp-json\/wp\/v2\/media\/7513"}],"wp:attachment":[{"href":"https:\/\/hospitalariars.com.br\/index.php\/wp-json\/wp\/v2\/media?parent=7507"}],"wp:term":[{"taxonomy":"product_brand","embeddable":true,"href":"https:\/\/hospitalariars.com.br\/index.php\/wp-json\/wp\/v2\/product_brand?post=7507"},{"taxonomy":"product_cat","embeddable":true,"href":"https:\/\/hospitalariars.com.br\/index.php\/wp-json\/wp\/v2\/product_cat?post=7507"},{"taxonomy":"product_tag","embeddable":true,"href":"https:\/\/hospitalariars.com.br\/index.php\/wp-json\/wp\/v2\/product_tag?post=7507"}],"curies":[{"name":"wp","href":"https:\/\/api.w.org\/{rel}","templated":true}]}}