{"id":7512,"date":"2025-06-17T17:39:35","date_gmt":"2025-06-17T20:39:35","guid":{"rendered":"https:\/\/hospitalariars.com.br\/?post_type=product&#038;p=7512"},"modified":"2026-03-27T16:03:43","modified_gmt":"2026-03-27T19:03:43","slug":"cadeira-de-rodas-ke-ortobras","status":"publish","type":"product","link":"https:\/\/hospitalariars.com.br\/index.php\/produto\/cadeira-de-rodas-ke-ortobras\/","title":{"rendered":"Cadeira de Rodas KE &#8211; Ortobras"},"content":{"rendered":"<div class=\"pd-description\">\n<div class=\"pd-content\">\n<div class=\"std \">\n<div class=\"block-description w-100 mt-2 mb-2 \">\n<p>Cadeira de Rodas KE<\/p>\n<p>A cadeira de rodas KE &#8211; Ortobras \u00e9 constru\u00edda em a\u00e7o carbono, possui oito op\u00e7\u00f5es de largura, duas op\u00e7\u00f5es de profundidade e duas op\u00e7\u00f5es de altura. Sua capacidade de peso \u00e9 de at\u00e9 120 kg.<\/p>\n<p>A cadeira de rodas KE \u00e9 a escolha perfeita para quem busca conforto, seguran\u00e7a e praticidade. Com um design moderno e resistente, ela oferece mobilidade e independ\u00eancia para pessoas com mobilidade reduzida.<\/p>\n<p>Fabricada com materiais de alta qualidade, a cadeira de rodas KE \u00e9 leve e f\u00e1cil de manusear, proporcionando maior conforto ao usu\u00e1rio. Seu assento acolchoado e apoios de bra\u00e7o ajust\u00e1veis garantem um encaixe perfeito e ergon\u00f4mico, evitando desconfortos e les\u00f5es.<\/p>\n<p>Al\u00e9m disso, a cadeira de rodas KE possui rodas resistentes e dur\u00e1veis, que proporcionam uma locomo\u00e7\u00e3o suave e segura em diferentes tipos de terrenos. Seu sistema de freios garante maior estabilidade e controle, tornando os deslocamentos mais seguros e tranquilos.<\/p>\n<\/div>\n<\/div>\n<\/div>\n<\/div>\n<div class=\"pd-additional\">\n<p><span class=\"h5\">Informa\u00e7\u00f5es adicionais<\/span><\/p>\n<div class=\"pd-content\">\n<ul>\n<li data-attr-code=\"marca\"><strong>Marca:\u00a0<\/strong>Ortobras<\/li>\n<li data-attr-code=\"almofada\"><strong>Almofada:\u00a0<\/strong>5cm de Alta Densidade<\/li>\n<li data-attr-code=\"altura_dianteira_assento_piso\"><strong>Altura Dianteira do Assento ao Piso:\u00a0<\/strong>50 cm<\/li>\n<li data-attr-code=\"altura_traseira_assento_piso\"><strong>Altura Traseira do Assento ao Piso:\u00a0<\/strong>48 cm<\/li>\n<li data-attr-code=\"apoio_braco\"><strong>Apoio de Bra\u00e7o:\u00a0<\/strong>Escamote\u00e1vel<\/li>\n<li data-attr-code=\"apoio_pes\"><strong>Apoio de P\u00e9s:\u00a0<\/strong>Fixo 60\u00b0 Swing-Away Desmont\u00e1vel e Ajust\u00e1vel em Altura<\/li>\n<li data-attr-code=\"aro_impulso\"><strong>Aro de Impulso:\u00a0<\/strong>Nylon<\/li>\n<li data-attr-code=\"capacidade\"><strong>Capacidade:\u00a0<\/strong>120kg<\/li>\n<li data-attr-code=\"peso_a_partir\"><strong>Peso:\u00a0<\/strong>A partir de 17KG<\/li>\n<li data-attr-code=\"classificacao_riscos\"><strong>Classifica\u00e7\u00e3o de Risco:\u00a0<\/strong>I-Baixo Risco<\/li>\n<li data-attr-code=\"eixo_dianteiro\"><strong>Eixo Dianteiro:\u00a0<\/strong>Fixo<\/li>\n<li data-attr-code=\"eixo_traseiro\"><strong>Eixo Traseiro:\u00a0<\/strong>Remov\u00edvel\/Fixo<\/li>\n<li data-attr-code=\"estofamento_assento\"><strong>Estofamento de Assento:\u00a0<\/strong>Nylon acolchoado<\/li>\n<li data-attr-code=\"estofamento_encosto\"><strong>Estofamento de Encosto:\u00a0<\/strong>Nylon Acolchoado<\/li>\n<li data-attr-code=\"freios\"><strong>Freios:\u00a0<\/strong>Acionamento para Frente<\/li>\n<li data-attr-code=\"material_quadro\"><strong>Material do quadro:\u00a0<\/strong>A\u00e7o Carbono<\/li>\n<li data-attr-code=\"opcoes_encosto\"><strong>Op\u00e7\u00f5es de Encosto:\u00a0<\/strong>Flex\u00edvel<\/li>\n<li data-attr-code=\"pedal\"><strong>Pedal:\u00a0<\/strong>Remov\u00edvel<\/li>\n<li data-attr-code=\"pneu_roda_traseira\"><strong>Pneu da Roda Traseira:\u00a0<\/strong>24\u201d Maci\u00e7a Cinza<\/li>\n<li data-attr-code=\"protetor_roupa\"><strong>Protetor de Roupa:\u00a0<\/strong>Nylon com Abas<\/li>\n<li data-attr-code=\"registro_anvisa\"><strong>Registro ANVISA:\u00a0<\/strong>80118040002<\/li>\n<li data-attr-code=\"regulagem_apoio_pes\"><strong>Regulagem do Apoio de P\u00e9s:\u00a0<\/strong>de 40 cm a 48 cm<\/li>\n<li data-attr-code=\"rodas_ianteiras\"><strong>Rodas Dianteiras:\u00a0<\/strong>6\u2033 Maci\u00e7a<\/li>\n<li data-attr-code=\"roda_traseira\"><strong>Rodas Traseiras:\u00a0<\/strong>24\u2033 Aro de nylon<\/li>\n<li data-attr-code=\"tipo_quadro\"><strong>Tipo do Quadro:\u00a0<\/strong>Fechamento em X<\/li>\n<li data-attr-code=\"tipo_encosto\"><strong>Tipo do Encosto:\u00a0<\/strong>Fixo<\/li>\n<li data-attr-code=\"dimensao_caixa\"><strong>Dimens\u00e3o da caixa (cm):\u00a0<\/strong>L28 x C78 x A90<\/li>\n<\/ul>\n<\/div>\n<\/div>\n","protected":false},"excerpt":{"rendered":"Cadeira de Rodas KE A cadeira de rodas KE &#8211; Ortobras \u00e9 constru\u00edda em a\u00e7o carbono, possui oito&hellip;","protected":false},"featured_media":7515,"comment_status":"open","ping_status":"closed","template":"","meta":{"slim_seo":{"title":"Cadeira de Rodas KE - Ortobras - Hospitalaria RS","description":"Cadeira de Rodas KE A cadeira de rodas KE - Ortobras \u00e9 constru\u00edda em a\u00e7o carbono, possui oito op\u00e7\u00f5es de largura, duas op\u00e7\u00f5es de profundidade e duas op\u00e7\u00f5es de al"}},"product_brand":[131],"product_cat":[118,34],"product_tag":[417,424,139,422,423],"class_list":{"0":"post-7512","1":"product","2":"type-product","3":"status-publish","4":"has-post-thumbnail","6":"product_brand-ortobras","7":"product_cat-cadeira-de-rodas","8":"product_cat-equipamentos","9":"product_tag-apoio-de-braco-escamoteavel","10":"product_tag-aro-de-impulso-em-nylon","11":"product_tag-cadeira-de-rodas-ortobras","12":"product_tag-estrutura-em-aco-carbono","13":"product_tag-fechamento-em-x","14":"mbf-entry","16":"first","17":"outofstock","18":"sale","19":"shipping-taxable","20":"purchasable","21":"product-type-simple"},"_links":{"self":[{"href":"https:\/\/hospitalariars.com.br\/index.php\/wp-json\/wp\/v2\/product\/7512","targetHints":{"allow":["GET"]}}],"collection":[{"href":"https:\/\/hospitalariars.com.br\/index.php\/wp-json\/wp\/v2\/product"}],"about":[{"href":"https:\/\/hospitalariars.com.br\/index.php\/wp-json\/wp\/v2\/types\/product"}],"replies":[{"embeddable":true,"href":"https:\/\/hospitalariars.com.br\/index.php\/wp-json\/wp\/v2\/comments?post=7512"}],"wp:featuredmedia":[{"embeddable":true,"href":"https:\/\/hospitalariars.com.br\/index.php\/wp-json\/wp\/v2\/media\/7515"}],"wp:attachment":[{"href":"https:\/\/hospitalariars.com.br\/index.php\/wp-json\/wp\/v2\/media?parent=7512"}],"wp:term":[{"taxonomy":"product_brand","embeddable":true,"href":"https:\/\/hospitalariars.com.br\/index.php\/wp-json\/wp\/v2\/product_brand?post=7512"},{"taxonomy":"product_cat","embeddable":true,"href":"https:\/\/hospitalariars.com.br\/index.php\/wp-json\/wp\/v2\/product_cat?post=7512"},{"taxonomy":"product_tag","embeddable":true,"href":"https:\/\/hospitalariars.com.br\/index.php\/wp-json\/wp\/v2\/product_tag?post=7512"}],"curies":[{"name":"wp","href":"https:\/\/api.w.org\/{rel}","templated":true}]}}