{"id":7518,"date":"2025-06-17T17:41:37","date_gmt":"2025-06-17T20:41:37","guid":{"rendered":"https:\/\/hospitalariars.com.br\/?post_type=product&#038;p=7518"},"modified":"2026-03-27T16:03:43","modified_gmt":"2026-03-27T19:03:43","slug":"cadeira-de-rodas-k2-preta-assento-de-48-cm-x-45-cm-lxp-e-encosto-de-40-cm-a-ortobras","status":"publish","type":"product","link":"https:\/\/hospitalariars.com.br\/index.php\/produto\/cadeira-de-rodas-k2-preta-assento-de-48-cm-x-45-cm-lxp-e-encosto-de-40-cm-a-ortobras\/","title":{"rendered":"Cadeira de Rodas K2 Preta &#8211; Ortobras"},"content":{"rendered":"<div class=\"pd-description\">\n<div class=\"pd-content\">\n<div class=\"std \">\n<div class=\"block-description w-100 mt-2 mb-2 \">\n<h2>Cadeira de Rodas K2<\/h2>\n<p>A cadeira de rodas K2 \u00e9 a escolha ideal para quem busca conforto, seguran\u00e7a e praticidade no dia a dia. Com um design moderno e resistente, ela oferece total mobilidade e independ\u00eancia para pessoas com mobilidade reduzida.<\/p>\n<p>Fabricada com materiais de alta qualidade, a cadeira de rodas K2 \u00e9 leve e f\u00e1cil de manusear, garantindo o m\u00e1ximo de conforto durante o uso. Seu assento acolchoado e ajust\u00e1vel proporciona uma experi\u00eancia ergon\u00f4mica e agrad\u00e1vel, enquanto suas rodas resistentes garantem estabilidade e seguran\u00e7a em diferentes tipos de terrenos.<\/p>\n<p>Al\u00e9m disso, a cadeira de rodas K2 conta com diversos recursos adicionais, como apoios de bra\u00e7o ajust\u00e1veis, freios de seguran\u00e7a e sistema de dobragem compacto, facilitando o transporte e armazenamento. Seja para uso di\u00e1rio ou em viagens, a K2 \u00e9 a escolha perfeita para quem busca praticidade e conforto em um \u00fanico produto.<\/p>\n<p>&nbsp;<\/p>\n<\/div>\n<\/div>\n<\/div>\n<\/div>\n<div class=\"pd-additional\">\n<p><span class=\"h5\">Informa\u00e7\u00f5es adicionais<\/span><\/p>\n<div class=\"pd-content\">\n<ul>\n<li data-attr-code=\"marca\"><strong>Marca:\u00a0<\/strong>Ortobras<\/li>\n<li data-attr-code=\"almofada\"><strong>Almofada:\u00a0<\/strong>5cm de Alta Densidade<\/li>\n<li data-attr-code=\"altura_dianteira_assento_piso\"><strong>Altura Dianteira do Assento ao Piso:\u00a0<\/strong>50 cm<\/li>\n<li data-attr-code=\"altura_traseira_assento_piso\"><strong>Altura Traseira do Assento ao Piso:\u00a0<\/strong>48 cm<\/li>\n<li data-attr-code=\"apoio_braco\"><strong>Apoio de Bra\u00e7o:\u00a0<\/strong>Escamote\u00e1vel<\/li>\n<li data-attr-code=\"apoio_pes\"><strong>Apoio de P\u00e9s:\u00a0<\/strong>Fixo 60\u00b0 Swing-Away Desmont\u00e1vel e Ajust\u00e1vel em Altura<\/li>\n<li data-attr-code=\"aro_impulso\"><strong>Aro de Impulso:\u00a0<\/strong>Alum\u00ednio Anodizado<\/li>\n<li data-attr-code=\"capacidade\"><strong>Capacidade:\u00a0<\/strong>120 Kg<\/li>\n<li data-attr-code=\"peso_a_partir\"><strong>Peso:\u00a0<\/strong>A partir de 17KG<\/li>\n<li data-attr-code=\"classificacao_riscos\"><strong>Classifica\u00e7\u00e3o de Risco:\u00a0<\/strong>I-Baixo Risco<\/li>\n<li data-attr-code=\"eixo_dianteiro\"><strong>Eixo Dianteiro:\u00a0<\/strong>Fixo<\/li>\n<li data-attr-code=\"eixo_traseiro\"><strong>Eixo Traseiro:\u00a0<\/strong>Remov\u00edvel\/Fixo<\/li>\n<li data-attr-code=\"estofamento_assento\"><strong>Estofamento de Assento:\u00a0<\/strong>Nylon acolchoado<\/li>\n<li data-attr-code=\"estofamento_encosto\"><strong>Estofamento de Encosto:\u00a0<\/strong>Nylon Acolchoado<\/li>\n<li data-attr-code=\"freios\"><strong>Freios:\u00a0<\/strong>Acionamento para Frente<\/li>\n<li data-attr-code=\"material_quadro\"><strong>Material do quadro:\u00a0<\/strong>Alum\u00ednio<\/li>\n<li data-attr-code=\"opcoes_encosto\"><strong>Op\u00e7\u00f5es de Encosto:\u00a0<\/strong>Flex\u00edvel<\/li>\n<li data-attr-code=\"pedal\"><strong>Pedal:\u00a0<\/strong>Remov\u00edvel<\/li>\n<li data-attr-code=\"pneu_roda_traseira\"><strong>Pneu da Roda Traseira:\u00a0<\/strong>Maci\u00e7a 24 x 1.3\/8\u201d<\/li>\n<li data-attr-code=\"protetor_roupa\"><strong>Protetor de Roupa:\u00a0<\/strong>Nylon com Abas<\/li>\n<li data-attr-code=\"registro_anvisa\"><strong>Registro ANVISA:\u00a0<\/strong>80118040002<\/li>\n<li data-attr-code=\"regulagem_apoio_pes\"><strong>Regulagem do Apoio de P\u00e9s:\u00a0<\/strong>de 40 cm a 48 cm<\/li>\n<li data-attr-code=\"rodas_ianteiras\"><strong>Rodas Dianteiras:\u00a0<\/strong>6\u2033 Maci\u00e7a<\/li>\n<li data-attr-code=\"roda_traseira\"><strong>Rodas Traseiras:\u00a0<\/strong>24\u2033 Raiada<\/li>\n<li data-attr-code=\"tipo_quadro\"><strong>Tipo do Quadro:\u00a0<\/strong>Fechamento em Duplo X<\/li>\n<li data-attr-code=\"tipo_encosto\"><strong>Tipo do Encosto:\u00a0<\/strong>Fixo<\/li>\n<li data-attr-code=\"dimensao_caixa\"><strong>Dimens\u00e3o da caixa (cm):\u00a0<\/strong>L28 x C78 x A90<\/li>\n<\/ul>\n<\/div>\n<\/div>\n","protected":false},"excerpt":{"rendered":"Cadeira de Rodas K2 A cadeira de rodas K2 \u00e9 a escolha ideal para quem busca conforto, seguran\u00e7a&hellip;","protected":false},"featured_media":7519,"comment_status":"open","ping_status":"closed","template":"","meta":{"slim_seo":{"title":"Cadeira de Rodas K2 Preta - Ortobras - Hospitalaria RS","description":"Cadeira de Rodas K2 A cadeira de rodas K2 \u00e9 a escolha ideal para quem busca conforto, seguran\u00e7a e praticidade no dia a dia. Com um design moderno e resistente,"}},"product_brand":[131],"product_cat":[118,34],"product_tag":[417,139,415,408,416],"class_list":{"0":"post-7518","1":"product","2":"type-product","3":"status-publish","4":"has-post-thumbnail","6":"product_brand-ortobras","7":"product_cat-cadeira-de-rodas","8":"product_cat-equipamentos","9":"product_tag-apoio-de-braco-escamoteavel","10":"product_tag-cadeira-de-rodas-ortobras","11":"product_tag-encosto-fixo","12":"product_tag-estrutura-em-aluminio","13":"product_tag-sistema-de-fechamento-duplo-x","14":"mbf-entry","16":"first","17":"outofstock","18":"sale","19":"shipping-taxable","20":"purchasable","21":"product-type-simple"},"_links":{"self":[{"href":"https:\/\/hospitalariars.com.br\/index.php\/wp-json\/wp\/v2\/product\/7518","targetHints":{"allow":["GET"]}}],"collection":[{"href":"https:\/\/hospitalariars.com.br\/index.php\/wp-json\/wp\/v2\/product"}],"about":[{"href":"https:\/\/hospitalariars.com.br\/index.php\/wp-json\/wp\/v2\/types\/product"}],"replies":[{"embeddable":true,"href":"https:\/\/hospitalariars.com.br\/index.php\/wp-json\/wp\/v2\/comments?post=7518"}],"wp:featuredmedia":[{"embeddable":true,"href":"https:\/\/hospitalariars.com.br\/index.php\/wp-json\/wp\/v2\/media\/7519"}],"wp:attachment":[{"href":"https:\/\/hospitalariars.com.br\/index.php\/wp-json\/wp\/v2\/media?parent=7518"}],"wp:term":[{"taxonomy":"product_brand","embeddable":true,"href":"https:\/\/hospitalariars.com.br\/index.php\/wp-json\/wp\/v2\/product_brand?post=7518"},{"taxonomy":"product_cat","embeddable":true,"href":"https:\/\/hospitalariars.com.br\/index.php\/wp-json\/wp\/v2\/product_cat?post=7518"},{"taxonomy":"product_tag","embeddable":true,"href":"https:\/\/hospitalariars.com.br\/index.php\/wp-json\/wp\/v2\/product_tag?post=7518"}],"curies":[{"name":"wp","href":"https:\/\/api.w.org\/{rel}","templated":true}]}}