{"id":7520,"date":"2025-06-17T17:43:45","date_gmt":"2025-06-17T20:43:45","guid":{"rendered":"https:\/\/hospitalariars.com.br\/?post_type=product&#038;p=7520"},"modified":"2026-03-27T16:03:42","modified_gmt":"2026-03-27T19:03:42","slug":"cadeira-de-rodas-litex-premium-ortobras","status":"publish","type":"product","link":"https:\/\/hospitalariars.com.br\/index.php\/produto\/cadeira-de-rodas-litex-premium-ortobras\/","title":{"rendered":"Cadeira de Rodas LiteX Premium &#8211; Ortobras"},"content":{"rendered":"<div class=\"pd-description\">\n<div class=\"pd-content\">\n<div class=\"std \">\n<div class=\"block-description w-100 mt-2 mb-2 \">\n<h2>Cadeira de Rodas Lite X Premium<\/h2>\n<p>A cadeira de rodas\u00a0<strong>Lite X Premium<\/strong>\u00a0<strong>da Ortobras<\/strong>\u00a0representa um salto da engenharia em mobilidade. Combinando leveza, conforto e praticidade, a cadeira \u00e9 a escolha ideal para quem busca qualidade superior e praticidade no dia a dia. Constru\u00edda com materiais de alta qualidade, oferece uma estrutura leve e resistente, capaz de suportar o uso di\u00e1rio sem comprometer o conforto. Surpreendentemente leve, \u00e9 ideal para transporte e manuseio, tornando-a perfeita para atividades cotidianas e viagens.<\/p>\n<p>O design ergon\u00f4mico garante conforto durante longos per\u00edodos de uso atrav\u00e9s da a almofada Balance.. Al\u00e9m disso, a Ortobras oferece uma ampla variedade de op\u00e7\u00f5es de personaliza\u00e7\u00e3o, desde cores at\u00e9 acess\u00f3rios, permitindo que voc\u00ea adapte suas cadeira de acordo com suas prefer\u00eancias individuais e necessidades espec\u00edficas.<\/p>\n<p><strong>Lite X Premium da Ortobras<\/strong>\u00a0\u00e9 a escolha perfeita para voc\u00ea que valoriza qualidade, conforto e praticidade na mobilidade di\u00e1ria.<\/p>\n<\/div>\n<\/div>\n<\/div>\n<\/div>\n<div class=\"pd-additional\">\n<p><span class=\"h5\">Informa\u00e7\u00f5es adicionais<\/span><\/p>\n<div class=\"pd-content\">\n<ul>\n<li data-attr-code=\"marca\"><strong>Marca:\u00a0<\/strong>Ortobras<\/li>\n<li data-attr-code=\"ajuste_centro_gravidade\"><strong>Ajuste do Centro de Gravidade:\u00a0<\/strong>Sim<\/li>\n<li data-attr-code=\"almofada\"><strong>Almofada:\u00a0<\/strong>Balance<\/li>\n<li data-attr-code=\"altura_dianteira_assento_piso\"><strong>Altura Dianteira do Assento ao Piso:\u00a0<\/strong>50 cm<\/li>\n<li data-attr-code=\"altura_traseira_assento_piso\"><strong>Altura Traseira do Assento ao Piso:\u00a0<\/strong>48 cm<\/li>\n<li data-attr-code=\"apoio_braco\"><strong>Apoio de Bra\u00e7o:\u00a0<\/strong>Tubular<\/li>\n<li data-attr-code=\"apoio_pes\"><strong>Apoio de P\u00e9s:\u00a0<\/strong>Fixo 60\u00b0<\/li>\n<li data-attr-code=\"aro_impulso\"><strong>Aro de Impulso:\u00a0<\/strong>Alum\u00ednio<\/li>\n<li data-attr-code=\"capacidade\"><strong>Capacidade:\u00a0<\/strong>120 Kg<\/li>\n<li data-attr-code=\"peso_a_partir\"><strong>Peso:\u00a0<\/strong>A partir de 14KG<\/li>\n<li data-attr-code=\"classificacao_riscos\"><strong>Classifica\u00e7\u00e3o de Risco:\u00a0<\/strong>I-Baixo Risco<\/li>\n<li data-attr-code=\"eixo_dianteiro\"><strong>Eixo Dianteiro:\u00a0<\/strong>Fixo<\/li>\n<li data-attr-code=\"eixo_traseiro\"><strong>Eixo Traseiro:\u00a0<\/strong>Eixo Remov\u00edvel<\/li>\n<li data-attr-code=\"estofamento_assento\"><strong>Estofamento de Assento:\u00a0<\/strong>Flex\u00edvel com Ajuste de Tens\u00e3o<\/li>\n<li data-attr-code=\"estofamento_encosto\"><strong>Estofamento de Encosto:\u00a0<\/strong>R\u00edgido<\/li>\n<li data-attr-code=\"freios\"><strong>Freios:\u00a0<\/strong>Acionamento para Frente<\/li>\n<li data-attr-code=\"material_quadro\"><strong>Material do quadro:\u00a0<\/strong>Alum\u00ednio<\/li>\n<li data-attr-code=\"opcoes_encosto\"><strong>Op\u00e7\u00f5es de Encosto:\u00a0<\/strong>R\u00edgido Balance Back<\/li>\n<li data-attr-code=\"pedal\"><strong>Pedal:\u00a0<\/strong>Rebat\u00edvel<\/li>\n<li data-attr-code=\"pneu_roda_traseira\"><strong>Pneu da Roda Traseira:\u00a0<\/strong>Infl\u00e1vel 24\u2033x 1\u2033<\/li>\n<li data-attr-code=\"protetor_roupa\"><strong>Protetor de Roupa:\u00a0<\/strong>Alum\u00ednio sem Abas<\/li>\n<li data-attr-code=\"registro_anvisa\"><strong>Registro ANVISA:\u00a0<\/strong>80118040002<\/li>\n<li data-attr-code=\"regulagem_apoio_pes\"><strong>Regulagem do Apoio de P\u00e9s:\u00a0<\/strong>de 40 cm a 48 cm<\/li>\n<li data-attr-code=\"rodas_ianteiras\"><strong>Rodas Dianteiras:\u00a0<\/strong>5 x 1,5\u201d<\/li>\n<li data-attr-code=\"roda_traseira\"><strong>Rodas Traseiras:\u00a0<\/strong>Sentinel 24\u2033 com 12 raios de tit\u00e2nio<\/li>\n<li data-attr-code=\"tipo_quadro\"><strong>Tipo do Quadro:\u00a0<\/strong>Fechamento em X<\/li>\n<li data-attr-code=\"tipo_encosto\"><strong>Tipo do Encosto:\u00a0<\/strong>Fixo<\/li>\n<li data-attr-code=\"variacao_tilt\"><strong>Varia\u00e7\u00e3o do Tilt:\u00a0<\/strong>0\u00b0 \/ 3\u00b0 \/ 6\u00b0<\/li>\n<li data-attr-code=\"dimensao_caixa\"><strong>Dimens\u00e3o da caixa (cm):\u00a0<\/strong>L28 x C78 x A90<\/li>\n<\/ul>\n<\/div>\n<\/div>\n","protected":false},"excerpt":{"rendered":"Cadeira de Rodas Lite X Premium A cadeira de rodas\u00a0Lite X Premium\u00a0da Ortobras\u00a0representa um salto da engenharia em&hellip;","protected":false},"featured_media":7521,"comment_status":"open","ping_status":"closed","template":"","meta":{"slim_seo":{"title":"Cadeira de Rodas LiteX Premium - Ortobras - Hospitalaria RS","description":"Cadeira de Rodas Lite X Premium A cadeira de rodas\u00a0 Lite X Premium \u00a0 da Ortobras \u00a0representa um salto da engenharia em mobilidade. Combinando leveza, conforto e"}},"product_brand":[131],"product_cat":[118,34],"product_tag":[119,434,433,435,135],"class_list":{"0":"post-7520","1":"product","2":"type-product","3":"status-publish","4":"has-post-thumbnail","6":"product_brand-ortobras","7":"product_cat-cadeira-de-rodas","8":"product_cat-equipamentos","9":"product_tag-cadeira-de-rodas","10":"product_tag-cadeira-leve","11":"product_tag-lite-x-premium","12":"product_tag-mobilidade-confortavel","13":"product_tag-ortobras","14":"mbf-entry","16":"first","17":"outofstock","18":"sale","19":"shipping-taxable","20":"purchasable","21":"product-type-simple"},"_links":{"self":[{"href":"https:\/\/hospitalariars.com.br\/index.php\/wp-json\/wp\/v2\/product\/7520","targetHints":{"allow":["GET"]}}],"collection":[{"href":"https:\/\/hospitalariars.com.br\/index.php\/wp-json\/wp\/v2\/product"}],"about":[{"href":"https:\/\/hospitalariars.com.br\/index.php\/wp-json\/wp\/v2\/types\/product"}],"replies":[{"embeddable":true,"href":"https:\/\/hospitalariars.com.br\/index.php\/wp-json\/wp\/v2\/comments?post=7520"}],"wp:featuredmedia":[{"embeddable":true,"href":"https:\/\/hospitalariars.com.br\/index.php\/wp-json\/wp\/v2\/media\/7521"}],"wp:attachment":[{"href":"https:\/\/hospitalariars.com.br\/index.php\/wp-json\/wp\/v2\/media?parent=7520"}],"wp:term":[{"taxonomy":"product_brand","embeddable":true,"href":"https:\/\/hospitalariars.com.br\/index.php\/wp-json\/wp\/v2\/product_brand?post=7520"},{"taxonomy":"product_cat","embeddable":true,"href":"https:\/\/hospitalariars.com.br\/index.php\/wp-json\/wp\/v2\/product_cat?post=7520"},{"taxonomy":"product_tag","embeddable":true,"href":"https:\/\/hospitalariars.com.br\/index.php\/wp-json\/wp\/v2\/product_tag?post=7520"}],"curies":[{"name":"wp","href":"https:\/\/api.w.org\/{rel}","templated":true}]}}