{"id":7523,"date":"2025-06-17T17:51:17","date_gmt":"2025-06-17T20:51:17","guid":{"rendered":"https:\/\/hospitalariars.com.br\/?post_type=product&#038;p=7523"},"modified":"2026-03-27T16:03:42","modified_gmt":"2026-03-27T19:03:42","slug":"cadeira-de-rodas-avd-hemiplegica-ortobras","status":"publish","type":"product","link":"https:\/\/hospitalariars.com.br\/index.php\/produto\/cadeira-de-rodas-avd-hemiplegica-ortobras\/","title":{"rendered":"Cadeira de Rodas AVD Hemipl\u00e9gica &#8211; Ortobras"},"content":{"rendered":"<div class=\"pd-description\">\n<div class=\"pd-content\">\n<div class=\"std \">\n<div class=\"block-description w-100 mt-2 mb-2 \">\n<h2>Cadeira de Rodas AVD Hemipl\u00e9gica<\/h2>\n<p>A\u00a0<strong>AVD hemipl\u00e9gica<\/strong>\u00a0\u00e9 a cadeira que se adapta para usu\u00e1rios com hemiplegia para a fun\u00e7\u00e3o m\u00f3vel no lado direito ou no lado esquerdo. Essa experi\u00eancia de mobilidade personalizada e confort\u00e1vel se d\u00e1 atrav\u00e9s do seu sistema exclusivo de transmiss\u00e3o cuidadosamente projetada, garantindo que voc\u00ea se move com liberdade!<\/p>\n<p>A singularidade desse sistema de transmiss\u00e3o reside na sua capacidade de oferecer uma resposta \u00e1gil, independentemente do lado afetado pela hemiplegia. Isso significa que voc\u00ea pode contar com uma condu\u00e7\u00e3o suave e eficiente, permitindo realizar suas atividades di\u00e1rias com confian\u00e7a e independ\u00eancia.<\/p>\n<p>Com o sistema de transmiss\u00e3o adaptado para cada lado do corpo, a\u00a0<strong>cadeira AVD hemipl\u00e9gica<\/strong>\u00a0oferece uma solu\u00e7\u00e3o completa e eficaz para os desafios enfrentados por usu\u00e1rios com hemiplegia. \u00c9 uma escolha confi\u00e1vel e pr\u00e1tica para promover a mobilidade e a independ\u00eancia em atividades di\u00e1rias.<\/p>\n<\/div>\n<\/div>\n<\/div>\n<\/div>\n<div class=\"pd-additional\">\n<p><span class=\"h5\">Informa\u00e7\u00f5es adicionais<\/span><\/p>\n<div class=\"pd-content\">\n<ul>\n<li data-attr-code=\"marca\"><strong>Marca:\u00a0<\/strong>Ortobras<\/li>\n<li data-attr-code=\"almofada\"><strong>Almofada:\u00a0<\/strong>5cm de espuma<\/li>\n<li data-attr-code=\"altura_dianteira_assento_piso\"><strong>Altura Dianteira do Assento ao Piso:\u00a0<\/strong>50 cm<\/li>\n<li data-attr-code=\"altura_traseira_assento_piso\"><strong>Altura Traseira do Assento ao Piso:\u00a0<\/strong>48 cm<\/li>\n<li data-attr-code=\"apoio_braco\"><strong>Apoio de Bra\u00e7o:\u00a0<\/strong>Escamote\u00e1vel<\/li>\n<li data-attr-code=\"apoio_pes\"><strong>Apoio de P\u00e9s:\u00a0<\/strong>Fixo 60\u00b0 Swing-Away Desmont\u00e1vel Ajustavel em altura<\/li>\n<li data-attr-code=\"aro_impulso\"><strong>Aro de Impulso:\u00a0<\/strong>Com Transmiss\u00e3o Direita ou Esquerda<\/li>\n<li data-attr-code=\"capacidade\"><strong>Capacidade:\u00a0<\/strong>120 Kg<\/li>\n<li data-attr-code=\"peso_a_partir\"><strong>Peso:\u00a0<\/strong>A partir de 19KG<\/li>\n<li data-attr-code=\"classificacao_riscos\"><strong>Classifica\u00e7\u00e3o de Risco:\u00a0<\/strong>I-Baixo Risco<\/li>\n<li data-attr-code=\"eixo_dianteiro\"><strong>Eixo Dianteiro:\u00a0<\/strong>Eixo Remov\u00edvel<\/li>\n<li data-attr-code=\"eixo_traseiro\"><strong>Eixo Traseiro:\u00a0<\/strong>Fixo<\/li>\n<li data-attr-code=\"estofamento_assento\"><strong>Estofamento de Assento:\u00a0<\/strong>Nylon acolchoado<\/li>\n<li data-attr-code=\"estofamento_encosto\"><strong>Estofamento de Encosto:\u00a0<\/strong>Nylon Acolchoado<\/li>\n<li data-attr-code=\"freios\"><strong>Freios:\u00a0<\/strong>Acionamento para Frente<\/li>\n<li data-attr-code=\"material_quadro\"><strong>Material do quadro:\u00a0<\/strong>Alum\u00ednio<\/li>\n<li data-attr-code=\"pedal\"><strong>Pedal:\u00a0<\/strong>Remov\u00edvel<\/li>\n<li data-attr-code=\"pneu_roda_traseira\"><strong>Pneu da Roda Traseira:\u00a0<\/strong>Infl\u00e1vel 24\u2033x 1 3\/8\u2033<\/li>\n<li data-attr-code=\"protetor_roupa\"><strong>Protetor de Roupa:\u00a0<\/strong>Alum\u00ednio com Abas<\/li>\n<li data-attr-code=\"registro_anvisa\"><strong>Registro ANVISA:\u00a0<\/strong>80118040002<\/li>\n<li data-attr-code=\"regulagem_apoio_pes\"><strong>Regulagem do Apoio de P\u00e9s:\u00a0<\/strong>de 40 cm a 48 cm<\/li>\n<li data-attr-code=\"rodas_ianteiras\"><strong>Rodas Dianteiras:\u00a0<\/strong>6\u2033 Maci\u00e7a<\/li>\n<li data-attr-code=\"roda_traseira\"><strong>Rodas Traseiras:\u00a0<\/strong>24\u2033 Raiada com Protetor de Roupa<\/li>\n<li data-attr-code=\"tipo_quadro\"><strong>Tipo do Quadro:\u00a0<\/strong>Fechamento em Duplo X<\/li>\n<li data-attr-code=\"tipo_encosto\"><strong>Tipo do Encosto:\u00a0<\/strong>Fixo<\/li>\n<li data-attr-code=\"dimensao_caixa\"><strong>Dimens\u00e3o da caixa (cm):\u00a0<\/strong>L28 x C78 x A90<\/li>\n<\/ul>\n<\/div>\n<\/div>\n","protected":false},"excerpt":{"rendered":"Cadeira de Rodas AVD Hemipl\u00e9gica A\u00a0AVD hemipl\u00e9gica\u00a0\u00e9 a cadeira que se adapta para usu\u00e1rios com hemiplegia para a&hellip;","protected":false},"featured_media":7524,"comment_status":"open","ping_status":"closed","template":"","meta":{"slim_seo":{"title":"Cadeira de Rodas AVD Hemipl\u00e9gica - Ortobras - Hospitalaria RS","description":"Cadeira de Rodas AVD Hemipl\u00e9gica A\u00a0 AVD hemipl\u00e9gica \u00a0\u00e9 a cadeira que se adapta para usu\u00e1rios com hemiplegia para a fun\u00e7\u00e3o m\u00f3vel no lado direito ou no lado esque"}},"product_brand":[131],"product_cat":[118,34],"product_tag":[385,387,389,386,388],"class_list":{"0":"post-7523","1":"product","2":"type-product","3":"status-publish","4":"has-post-thumbnail","6":"product_brand-ortobras","7":"product_cat-cadeira-de-rodas","8":"product_cat-equipamentos","9":"product_tag-almofada-espuma-5cm","10":"product_tag-cadeira-de-rodas-avd-hemiplegica","11":"product_tag-quadro-aluminio-fechamento-duplo-x","12":"product_tag-rodas-traseiras-24-raiada","13":"product_tag-sistema-transmissao-lado-direito-ou-esquerdo","14":"mbf-entry","16":"first","17":"outofstock","18":"shipping-taxable","19":"product-type-simple"},"_links":{"self":[{"href":"https:\/\/hospitalariars.com.br\/index.php\/wp-json\/wp\/v2\/product\/7523","targetHints":{"allow":["GET"]}}],"collection":[{"href":"https:\/\/hospitalariars.com.br\/index.php\/wp-json\/wp\/v2\/product"}],"about":[{"href":"https:\/\/hospitalariars.com.br\/index.php\/wp-json\/wp\/v2\/types\/product"}],"replies":[{"embeddable":true,"href":"https:\/\/hospitalariars.com.br\/index.php\/wp-json\/wp\/v2\/comments?post=7523"}],"wp:featuredmedia":[{"embeddable":true,"href":"https:\/\/hospitalariars.com.br\/index.php\/wp-json\/wp\/v2\/media\/7524"}],"wp:attachment":[{"href":"https:\/\/hospitalariars.com.br\/index.php\/wp-json\/wp\/v2\/media?parent=7523"}],"wp:term":[{"taxonomy":"product_brand","embeddable":true,"href":"https:\/\/hospitalariars.com.br\/index.php\/wp-json\/wp\/v2\/product_brand?post=7523"},{"taxonomy":"product_cat","embeddable":true,"href":"https:\/\/hospitalariars.com.br\/index.php\/wp-json\/wp\/v2\/product_cat?post=7523"},{"taxonomy":"product_tag","embeddable":true,"href":"https:\/\/hospitalariars.com.br\/index.php\/wp-json\/wp\/v2\/product_tag?post=7523"}],"curies":[{"name":"wp","href":"https:\/\/api.w.org\/{rel}","templated":true}]}}