{"id":7531,"date":"2025-06-17T18:05:43","date_gmt":"2025-06-17T21:05:43","guid":{"rendered":"https:\/\/hospitalariars.com.br\/?post_type=product&#038;p=7531"},"modified":"2026-03-27T16:03:42","modified_gmt":"2026-03-27T19:03:42","slug":"cadeira-de-rodas-star-lite-ortobras","status":"publish","type":"product","link":"https:\/\/hospitalariars.com.br\/index.php\/produto\/cadeira-de-rodas-star-lite-ortobras\/","title":{"rendered":"Cadeira de Rodas Star Lite &#8211; Ortobras"},"content":{"rendered":"<div class=\"pd-description\">\n<div class=\"pd-content\">\n<div class=\"std \">\n<div class=\"block-description w-100 mt-2 mb-2 \">\n<h2>Cadeira Star Lite<\/h2>\n<p>A nossa cadeira ativa mais leve com estrutura r\u00edgida soldada.<\/p>\n<p>A cadeira de rodas Star Lite \u00e9 o melhor custo benef\u00edcio, com o quadro totalmente soldado para garantir a m\u00e1xima rigidez e efic\u00e1cia na condu\u00e7\u00e3o. Sem regulagens nem folgas por onde possa perder a for\u00e7a de propuls\u00e3o, e com um peso de apenas 11,5 kg!<\/p>\n<h3>Rigidez e resist\u00eancia incr\u00edveis gra\u00e7as \u00e0 sua estrutura soldada<\/h3>\n<p>A Star Lite demonstrou n\u00e3o s\u00f3 ser a cadeira de rodas mais leve dentro da sua gama, como tamb\u00e9m a mais r\u00edgida, com a menor flex\u00e3o da estrutura. Isto deve-se ao seu quadro soldado que garantem a m\u00e1xima rigidez e efic\u00e1cia na condu\u00e7\u00e3o, sem regulagens nem folgas para n\u00e3o perder a for\u00e7a na propuls\u00e3o.<\/p>\n<h3>Quadro compacto<\/h3>\n<p>O quadro da Star Lite possui um \u00e2ngulo frontal mais pronunciado que permite posicionar as pernas mais para tr\u00e1s, deixando mais espa\u00e7o livre na parte dianteira da cadeira, o que diminui o raio de giro e facilita a manobrabilidade em espa\u00e7os reduzidos. Al\u00e9m disso, a sua cadeira ficar\u00e1 muito mais \u00e1gil e mais compacta para se transportar.<\/p>\n<h3>Cambagem<\/h3>\n<p>A Star Lite j\u00e1 oferece se s\u00e9rie cambagem de 3\u00b0 nas rodas traseiras. Al\u00e9m de oferecer um visual mais esportivo, a cambagem deixa a cadeira mais est\u00e1vel e \u00e1gil para a locomo\u00e7\u00e3o nas ruas.<\/p>\n<\/div>\n<\/div>\n<\/div>\n<\/div>\n<div class=\"pd-additional\">\n<p><span class=\"h5\">Informa\u00e7\u00f5es adicionais<\/span><\/p>\n<div class=\"pd-content\">\n<ul>\n<li data-attr-code=\"marca\"><strong>Marca:\u00a0<\/strong>Ortobras<\/li>\n<li data-attr-code=\"almofada\"><strong>Almofada:\u00a0<\/strong>5cm de Alta Densidade<\/li>\n<li data-attr-code=\"altura_dianteira_assento_piso\"><strong>Altura Dianteira do Assento ao Piso:\u00a0<\/strong>50 cm<\/li>\n<li data-attr-code=\"altura_traseira_assento_piso\"><strong>Altura Traseira do Assento ao Piso:\u00a0<\/strong>46 cm<\/li>\n<li data-attr-code=\"apoio_braco\"><strong>Apoio de Bra\u00e7o:\u00a0<\/strong>Tubular (opcional)<\/li>\n<li data-attr-code=\"apoio_pes\"><strong>Apoio de P\u00e9s:\u00a0<\/strong>Tipo plataforma<\/li>\n<li data-attr-code=\"aro_impulso\"><strong>Aro de Impulso:\u00a0<\/strong>Alum\u00ednio Anodizado<\/li>\n<li data-attr-code=\"cambagem\"><strong>Cambagem:\u00a0<\/strong>3\u00b0<\/li>\n<li data-attr-code=\"capacidade\"><strong>Capacidade:\u00a0<\/strong>120kg<\/li>\n<li data-attr-code=\"peso_a_partir\"><strong>Peso:\u00a0<\/strong>A partir de 11.5KG<\/li>\n<li data-attr-code=\"classificacao_riscos\"><strong>Classifica\u00e7\u00e3o de Risco:\u00a0<\/strong>I-Baixo Risco<\/li>\n<li data-attr-code=\"eixo_dianteiro\"><strong>Eixo Dianteiro:\u00a0<\/strong>Desmont\u00e1vel<\/li>\n<li data-attr-code=\"eixo_traseiro\"><strong>Eixo Traseiro:\u00a0<\/strong>Desmont\u00e1vel<\/li>\n<li data-attr-code=\"estofamento_assento\"><strong>Estofamento de Assento:\u00a0<\/strong>Flex\u00edvel<\/li>\n<li data-attr-code=\"estofamento_encosto\"><strong>Estofamento de Encosto:\u00a0<\/strong>Nylon Acolchoado<\/li>\n<li data-attr-code=\"freios\"><strong>Freios:\u00a0<\/strong>Bilateral<\/li>\n<li data-attr-code=\"material_quadro\"><strong>Material do quadro:\u00a0<\/strong>Alum\u00ednio<\/li>\n<li data-attr-code=\"pedal\"><strong>Pedal:\u00a0<\/strong>Regul\u00e1vel em altura<\/li>\n<li data-attr-code=\"pneu_roda_traseira\"><strong>Pneu da Roda Traseira:\u00a0<\/strong>Infl\u00e1vel 24\u2033x 1\u2033<\/li>\n<li data-attr-code=\"protetor_roupa\"><strong>Protetor de Roupa:\u00a0<\/strong>Alum\u00ednio com Abas<\/li>\n<li data-attr-code=\"registro_anvisa\"><strong>Registro ANVISA:\u00a0<\/strong>80118040002<\/li>\n<li data-attr-code=\"regulagem_apoio_pes\"><strong>Regulagem do Apoio de P\u00e9s:\u00a0<\/strong>de 40 cm a 48 cm<\/li>\n<li data-attr-code=\"rodas_ianteiras\"><strong>Rodas Dianteiras:\u00a0<\/strong>5\u2033 Maci\u00e7a<\/li>\n<li data-attr-code=\"roda_traseira\"><strong>Rodas Traseiras:\u00a0<\/strong>Raiada 36 raios<\/li>\n<li data-attr-code=\"tipo_quadro\"><strong>Tipo do Quadro:\u00a0<\/strong>Monobloco<\/li>\n<li data-attr-code=\"tipo_encosto\"><strong>Tipo do Encosto:\u00a0<\/strong>Flex\u00edvel ou R\u00edgido ajust\u00e1vel (Balance Back)<\/li>\n<li data-attr-code=\"dimensao_caixa\"><strong>Dimens\u00e3o da caixa (cm):\u00a0<\/strong>L62 x C80 x A62<\/li>\n<\/ul>\n<\/div>\n<\/div>\n","protected":false},"excerpt":{"rendered":"Cadeira Star Lite A nossa cadeira ativa mais leve com estrutura r\u00edgida soldada. A cadeira de rodas Star&hellip;","protected":false},"featured_media":7533,"comment_status":"open","ping_status":"closed","template":"","meta":{"slim_seo":{"title":"Cadeira de Rodas Star Lite - Ortobras - Hospitalaria RS","description":"Cadeira Star Lite A nossa cadeira ativa mais leve com estrutura r\u00edgida soldada. A cadeira de rodas Star Lite \u00e9 o melhor custo benef\u00edcio, com o quadro totalmente"}},"product_brand":[131],"product_cat":[118,34],"product_tag":[462,120,464,461,463],"class_list":{"0":"post-7531","1":"product","2":"type-product","3":"status-publish","4":"has-post-thumbnail","6":"product_brand-ortobras","7":"product_cat-cadeira-de-rodas","8":"product_cat-equipamentos","9":"product_tag-ajuste-de-encosto","10":"product_tag-aluminio","11":"product_tag-apoio-de-pes-bandeja","12":"product_tag-cadeira-de-rodas-postural","13":"product_tag-rodas-inflaveis","14":"mbf-entry","16":"first","17":"outofstock","18":"sale","19":"shipping-taxable","20":"purchasable","21":"product-type-simple"},"_links":{"self":[{"href":"https:\/\/hospitalariars.com.br\/index.php\/wp-json\/wp\/v2\/product\/7531","targetHints":{"allow":["GET"]}}],"collection":[{"href":"https:\/\/hospitalariars.com.br\/index.php\/wp-json\/wp\/v2\/product"}],"about":[{"href":"https:\/\/hospitalariars.com.br\/index.php\/wp-json\/wp\/v2\/types\/product"}],"replies":[{"embeddable":true,"href":"https:\/\/hospitalariars.com.br\/index.php\/wp-json\/wp\/v2\/comments?post=7531"}],"wp:featuredmedia":[{"embeddable":true,"href":"https:\/\/hospitalariars.com.br\/index.php\/wp-json\/wp\/v2\/media\/7533"}],"wp:attachment":[{"href":"https:\/\/hospitalariars.com.br\/index.php\/wp-json\/wp\/v2\/media?parent=7531"}],"wp:term":[{"taxonomy":"product_brand","embeddable":true,"href":"https:\/\/hospitalariars.com.br\/index.php\/wp-json\/wp\/v2\/product_brand?post=7531"},{"taxonomy":"product_cat","embeddable":true,"href":"https:\/\/hospitalariars.com.br\/index.php\/wp-json\/wp\/v2\/product_cat?post=7531"},{"taxonomy":"product_tag","embeddable":true,"href":"https:\/\/hospitalariars.com.br\/index.php\/wp-json\/wp\/v2\/product_tag?post=7531"}],"curies":[{"name":"wp","href":"https:\/\/api.w.org\/{rel}","templated":true}]}}