{"id":7537,"date":"2025-06-17T18:09:12","date_gmt":"2025-06-17T21:09:12","guid":{"rendered":"https:\/\/hospitalariars.com.br\/?post_type=product&#038;p=7537"},"modified":"2026-03-27T16:03:42","modified_gmt":"2026-03-27T19:03:42","slug":"cadeira-de-rodas-ortobras-gazela-plus-ortobras","status":"publish","type":"product","link":"https:\/\/hospitalariars.com.br\/index.php\/produto\/cadeira-de-rodas-ortobras-gazela-plus-ortobras\/","title":{"rendered":"Cadeira de Rodas Ortobras Gazela Plus &#8211; Ortobras"},"content":{"rendered":"<p data-start=\"149\" data-end=\"165\"><strong data-start=\"149\" data-end=\"163\">Estrutura:<\/strong><\/p>\n<ul data-start=\"166\" data-end=\"247\">\n<li data-start=\"166\" data-end=\"179\">\n<p data-start=\"168\" data-end=\"179\">Monobloco<\/p>\n<\/li>\n<li data-start=\"180\" data-end=\"214\">\n<p data-start=\"182\" data-end=\"214\">Alum\u00ednio aeron\u00e1utico temperado<\/p>\n<\/li>\n<li data-start=\"215\" data-end=\"247\">\n<p data-start=\"217\" data-end=\"247\">Acabamento com pintura ep\u00f3xi<\/p>\n<\/li>\n<\/ul>\n<p data-start=\"249\" data-end=\"263\"><strong data-start=\"249\" data-end=\"261\">Encosto:<\/strong><\/p>\n<ul data-start=\"264\" data-end=\"329\">\n<li data-start=\"264\" data-end=\"277\">\n<p data-start=\"266\" data-end=\"277\">Rebat\u00edvel<\/p>\n<\/li>\n<li data-start=\"278\" data-end=\"329\">\n<p data-start=\"280\" data-end=\"329\">Estofamento refor\u00e7ado, acolchoado e imperme\u00e1vel<\/p>\n<\/li>\n<\/ul>\n<p data-start=\"331\" data-end=\"345\"><strong data-start=\"331\" data-end=\"343\">Assento:<\/strong><\/p>\n<ul data-start=\"346\" data-end=\"397\">\n<li data-start=\"346\" data-end=\"397\">\n<p data-start=\"348\" data-end=\"397\">Estofamento refor\u00e7ado, acolchoado e imperme\u00e1vel<\/p>\n<\/li>\n<\/ul>\n<p data-start=\"399\" data-end=\"421\"><strong data-start=\"399\" data-end=\"419\">Apoio de Bra\u00e7os:<\/strong><\/p>\n<ul data-start=\"422\" data-end=\"436\">\n<li data-start=\"422\" data-end=\"436\">\n<p data-start=\"424\" data-end=\"436\">Remov\u00edveis<\/p>\n<\/li>\n<\/ul>\n<p data-start=\"438\" data-end=\"457\"><strong data-start=\"438\" data-end=\"455\">Apoio de P\u00e9s:<\/strong><\/p>\n<ul data-start=\"458\" data-end=\"543\">\n<li data-start=\"458\" data-end=\"484\">\n<p data-start=\"460\" data-end=\"484\">Rebat\u00edvel lateralmente<\/p>\n<\/li>\n<li data-start=\"485\" data-end=\"543\">\n<p data-start=\"487\" data-end=\"543\">Pedal rebat\u00edvel, desmont\u00e1vel e com regulagem de altura<\/p>\n<\/li>\n<\/ul>\n<p data-start=\"545\" data-end=\"557\"><strong data-start=\"545\" data-end=\"555\">Rodas:<\/strong><\/p>\n<ul data-start=\"558\" data-end=\"658\">\n<li data-start=\"558\" data-end=\"610\">\n<p data-start=\"560\" data-end=\"610\"><strong data-start=\"560\" data-end=\"573\">Traseira:<\/strong> Aro 24 x 1.3\/8&#8243; com eixo remov\u00edvel<\/p>\n<\/li>\n<li data-start=\"611\" data-end=\"658\">\n<p data-start=\"613\" data-end=\"658\"><strong data-start=\"613\" data-end=\"627\">Dianteira:<\/strong> Aro 200 x 50 com pneu maci\u00e7o<\/p>\n<\/li>\n<\/ul>\n<p data-start=\"660\" data-end=\"672\"><strong data-start=\"660\" data-end=\"670\">Pneus:<\/strong><\/p>\n<ul data-start=\"673\" data-end=\"720\">\n<li data-start=\"673\" data-end=\"720\">\n<p data-start=\"675\" data-end=\"720\">Maci\u00e7os (tanto traseiros quanto dianteiros)<\/p>\n<\/li>\n<\/ul>\n<p data-start=\"722\" data-end=\"748\"><strong data-start=\"722\" data-end=\"746\">Centro de Gravidade:<\/strong><\/p>\n<ul data-start=\"749\" data-end=\"780\">\n<li data-start=\"749\" data-end=\"780\">\n<p data-start=\"751\" data-end=\"780\">Regul\u00e1vel em at\u00e9 6 posi\u00e7\u00f5es<\/p>\n<\/li>\n<\/ul>\n<p data-start=\"782\" data-end=\"795\"><strong data-start=\"782\" data-end=\"793\">Freios:<\/strong><\/p>\n<ul data-start=\"796\" data-end=\"809\">\n<li data-start=\"796\" data-end=\"809\">\n<p data-start=\"798\" data-end=\"809\">Bilateral<\/p>\n<\/li>\n<\/ul>\n<p data-start=\"811\" data-end=\"836\"><strong data-start=\"811\" data-end=\"834\">Itens de Seguran\u00e7a:<\/strong><\/p>\n<ul data-start=\"837\" data-end=\"861\">\n<li data-start=\"837\" data-end=\"861\">\n<p data-start=\"839\" data-end=\"861\">Faixa de panturrilha<\/p>\n<\/li>\n<\/ul>\n<p data-start=\"863\" data-end=\"879\"><strong data-start=\"863\" data-end=\"877\">Dimens\u00f5es:<\/strong><\/p>\n<ul data-start=\"880\" data-end=\"979\">\n<li data-start=\"880\" data-end=\"909\">\n<p data-start=\"882\" data-end=\"909\">Largura do assento: 60 cm<\/p>\n<\/li>\n<li data-start=\"910\" data-end=\"944\">\n<p data-start=\"912\" data-end=\"944\">Profundidade do assento: 50 cm<\/p>\n<\/li>\n<li data-start=\"945\" data-end=\"979\">\n<p data-start=\"947\" data-end=\"979\">Altura do encosto: 45 ou 50 cm<\/p>\n<\/li>\n<\/ul>\n<p data-start=\"981\" data-end=\"1002\"><strong data-start=\"981\" data-end=\"1000\">Peso Suportado:<\/strong><\/p>\n<ul data-start=\"1003\" data-end=\"1017\">\n<li data-start=\"1003\" data-end=\"1017\">\n<p data-start=\"1005\" data-end=\"1017\">At\u00e9 200 kg<\/p>\n<\/li>\n<\/ul>\n<p data-start=\"1019\" data-end=\"1047\"><strong data-start=\"1019\" data-end=\"1045\">Peso Total da Cadeira:<\/strong><\/p>\n<ul data-start=\"1048\" data-end=\"1057\">\n<li data-start=\"1048\" data-end=\"1057\">\n<p data-start=\"1050\" data-end=\"1057\">21 kg<\/p>\n<\/li>\n<\/ul>\n<p data-start=\"1059\" data-end=\"1090\"><strong data-start=\"1059\" data-end=\"1088\">Opcionais (n\u00e3o inclusos):<\/strong><\/p>\n<ul data-start=\"1091\" data-end=\"1199\">\n<li data-start=\"1091\" data-end=\"1108\">\n<p data-start=\"1093\" data-end=\"1108\">Cinto p\u00e9lvico<\/p>\n<\/li>\n<li data-start=\"1109\" data-end=\"1127\">\n<p data-start=\"1111\" data-end=\"1127\">Cinto tor\u00e1cico<\/p>\n<\/li>\n<li data-start=\"1128\" data-end=\"1152\">\n<p data-start=\"1130\" data-end=\"1152\">Cinto abdutor em &#8220;Y&#8221;<\/p>\n<\/li>\n<li data-start=\"1153\" data-end=\"1173\">\n<p data-start=\"1155\" data-end=\"1173\">Rodas anti-tombo<\/p>\n<\/li>\n<li data-start=\"1174\" data-end=\"1199\">\n<p data-start=\"1176\" data-end=\"1199\">Aro para tetrapl\u00e9gico<\/p>\n<\/li>\n<\/ul>\n<p data-start=\"1201\" data-end=\"1248\"><strong data-start=\"1201\" data-end=\"1211\">Marca:<\/strong> Ortobras<br data-start=\"1220\" data-end=\"1223\" \/><strong data-start=\"1223\" data-end=\"1234\">Modelo:<\/strong> Gazela Plus<\/p>\n","protected":false},"excerpt":{"rendered":"Estrutura: Monobloco Alum\u00ednio aeron\u00e1utico temperado Acabamento com pintura ep\u00f3xi Encosto: Rebat\u00edvel Estofamento refor\u00e7ado, acolchoado e imperme\u00e1vel Assento: Estofamento&hellip;","protected":false},"featured_media":7538,"comment_status":"open","ping_status":"closed","template":"","meta":{"slim_seo":{"title":"Cadeira de Rodas Ortobras Gazela Plus - Ortobras - Hospitalaria RS","description":"Estrutura: Monobloco Alum\u00ednio aeron\u00e1utico temperado Acabamento com pintura ep\u00f3xi Encosto: Rebat\u00edvel Estofamento refor\u00e7ado, acolchoado e imperme\u00e1vel Assento: Est"}},"product_brand":[131],"product_cat":[118,34],"product_tag":[445,119,365,459,460],"class_list":{"0":"post-7537","1":"product","2":"type-product","3":"status-publish","4":"has-post-thumbnail","6":"product_brand-ortobras","7":"product_cat-cadeira-de-rodas","8":"product_cat-equipamentos","9":"product_tag-aluminio-aeronautico","10":"product_tag-cadeira-de-rodas","11":"product_tag-capacidade-200-kg","12":"product_tag-monobloco","13":"product_tag-regulagem-centro-de-gravidade","14":"mbf-entry","16":"first","17":"outofstock","18":"shipping-taxable","19":"product-type-simple"},"_links":{"self":[{"href":"https:\/\/hospitalariars.com.br\/index.php\/wp-json\/wp\/v2\/product\/7537","targetHints":{"allow":["GET"]}}],"collection":[{"href":"https:\/\/hospitalariars.com.br\/index.php\/wp-json\/wp\/v2\/product"}],"about":[{"href":"https:\/\/hospitalariars.com.br\/index.php\/wp-json\/wp\/v2\/types\/product"}],"replies":[{"embeddable":true,"href":"https:\/\/hospitalariars.com.br\/index.php\/wp-json\/wp\/v2\/comments?post=7537"}],"wp:featuredmedia":[{"embeddable":true,"href":"https:\/\/hospitalariars.com.br\/index.php\/wp-json\/wp\/v2\/media\/7538"}],"wp:attachment":[{"href":"https:\/\/hospitalariars.com.br\/index.php\/wp-json\/wp\/v2\/media?parent=7537"}],"wp:term":[{"taxonomy":"product_brand","embeddable":true,"href":"https:\/\/hospitalariars.com.br\/index.php\/wp-json\/wp\/v2\/product_brand?post=7537"},{"taxonomy":"product_cat","embeddable":true,"href":"https:\/\/hospitalariars.com.br\/index.php\/wp-json\/wp\/v2\/product_cat?post=7537"},{"taxonomy":"product_tag","embeddable":true,"href":"https:\/\/hospitalariars.com.br\/index.php\/wp-json\/wp\/v2\/product_tag?post=7537"}],"curies":[{"name":"wp","href":"https:\/\/api.w.org\/{rel}","templated":true}]}}