{"id":7543,"date":"2025-06-18T10:37:06","date_gmt":"2025-06-18T13:37:06","guid":{"rendered":"https:\/\/hospitalariars.com.br\/?post_type=product&#038;p=7543"},"modified":"2026-03-27T16:03:42","modified_gmt":"2026-03-27T19:03:42","slug":"cadeira-de-rodas-motorizada-e4-ortobras","status":"publish","type":"product","link":"https:\/\/hospitalariars.com.br\/index.php\/produto\/cadeira-de-rodas-motorizada-e4-ortobras\/","title":{"rendered":"Cadeira de Rodas Motorizada E4 &#8211; Ortobras"},"content":{"rendered":"<div class=\"pd-description\">\n<div class=\"pd-content\">\n<div class=\"std \">\n<div class=\"block-description w-100 mt-2 mb-2 \">\n<h2>Cadeira de Rodas Motorizada E4<\/h2>\n<p>E4 tem estrutura tubular de alum\u00ednio que lhe d\u00e1 grande resist\u00eancia e leveza.<\/p>\n<p>Como se podem retirar os apoios de p\u00e9s e as baterias, ela se torna muito pr\u00e1tica e f\u00e1cil de transportar<\/p>\n<p>Compacta, dobr\u00e1vel e desmont\u00e1vel.<\/p>\n<p><strong>Muito compacta quando fechada<\/strong><\/p>\n<p>As baterias s\u00e3o facilmente desmont\u00e1veis. As baterias (de 34 Amp de s\u00e9rie) est\u00e3o alojadas em uma caixa, para que seja mais c\u00f4modo de retirar, e a estrutura dobra-se para ocupar o m\u00ednimo espa\u00e7o e se poder transportar facilmente.<\/p>\n<p><strong>Esticador de encosto<\/strong><\/p>\n<p>Pensando no conforto do usu\u00e1rio, a Ortobras desenvolveu um esticador para garantir que o estofamento do encosto permane\u00e7a constantemente tensionado. Isso evita que, com o tempo, a postura do usu\u00e1rio seja prejudicada.<\/p>\n<p><strong>Simples ajuste do apoio de bra\u00e7os<\/strong><\/p>\n<p>A E4 conta com apoios de bra\u00e7os regul\u00e1veis em altura de s\u00e9rie para obter a posi\u00e7\u00e3o mais adequada para a comodidade e estabilidade do usu\u00e1rio. O joystick pode ser montado tanto no lado direito como no esquerdo.<\/p>\n<p><strong>M\u00faltiplas op\u00e7\u00f5es<\/strong><\/p>\n<p>Para adaptar a cadeira \u00e0s necessidades espec\u00edficas de cada usu\u00e1rio a E4 pode ser configurada com apoio de p\u00e9s elev\u00e1veis, assento e encosto anat\u00f4micos, apoio de cabe\u00e7a, cintos\u2026etc<\/p>\n<\/div>\n<\/div>\n<\/div>\n<\/div>\n<div class=\"pd-additional\">\n<p><span class=\"h5\">Informa\u00e7\u00f5es adicionais<\/span><\/p>\n<div class=\"pd-content\">\n<ul>\n<li data-attr-code=\"marca\"><strong>Marca:\u00a0<\/strong>Ortobras<\/li>\n<li data-attr-code=\"almofada\"><strong>Almofada:\u00a0<\/strong>Balance<\/li>\n<li data-attr-code=\"altura_dianteira_assento_piso\"><strong>Altura Dianteira do Assento ao Piso:\u00a0<\/strong>50 cm<\/li>\n<li data-attr-code=\"altura_traseira_assento_piso\"><strong>Altura Traseira do Assento ao Piso:\u00a0<\/strong>48 cm<\/li>\n<li data-attr-code=\"angulo_subida\"><strong>\u00c2ngulo m\u00e1ximo de subida:\u00a0<\/strong>12\u00b0<\/li>\n<li data-attr-code=\"apoio_braco\"><strong>Apoio de Bra\u00e7o:\u00a0<\/strong>Elev\u00e1vel com protetor de roupa incorporado<\/li>\n<li data-attr-code=\"apoio_pes\"><strong>Apoio de P\u00e9s:\u00a0<\/strong>Elev\u00e1vel Swing-Away Desmont\u00e1vel<\/li>\n<li data-attr-code=\"baterias\"><strong>Baterias:\u00a0<\/strong>34Ah tipo VRLA<\/li>\n<li data-attr-code=\"capacidade\"><strong>Capacidade:\u00a0<\/strong>140 Kg<\/li>\n<li data-attr-code=\"peso_a_partir\"><strong>Peso:\u00a0<\/strong>A partir de 46KG<\/li>\n<li data-attr-code=\"classificacao_riscos\"><strong>Classifica\u00e7\u00e3o de Risco:\u00a0<\/strong>I-Baixo Risco<\/li>\n<li data-attr-code=\"eixo_dianteiro\"><strong>Eixo Dianteiro:\u00a0<\/strong>Fixo<\/li>\n<li data-attr-code=\"estofamento_assento\"><strong>Estofamento de Assento:\u00a0<\/strong>Nylon acolchoado<\/li>\n<li data-attr-code=\"estofamento_encosto\"><strong>Estofamento de Encosto:\u00a0<\/strong>Nylon Acolchoado<\/li>\n<li data-attr-code=\"freios\"><strong>Freios:\u00a0<\/strong>Eletromagn\u00e9ticos<\/li>\n<li data-attr-code=\"material_quadro\"><strong>Material do quadro:\u00a0<\/strong>Alum\u00ednio<\/li>\n<li data-attr-code=\"opcoes_encosto\"><strong>Op\u00e7\u00f5es de Encosto:\u00a0<\/strong>Flex\u00edvel ou Balance Back<\/li>\n<li data-attr-code=\"pedal\"><strong>Pedal:\u00a0<\/strong>Ajust\u00e1vel<\/li>\n<li data-attr-code=\"registro_anvisa\"><strong>Registro ANVISA:\u00a0<\/strong>80118040005<\/li>\n<li data-attr-code=\"regulagem_apoio_pes\"><strong>Regulagem do Apoio de P\u00e9s:\u00a0<\/strong>de 40 cm a 48 cm<\/li>\n<li data-attr-code=\"roda_traseira\"><strong>Rodas Traseiras:\u00a0<\/strong>12\u2033 Aro de alum\u00ednio<\/li>\n<li data-attr-code=\"rodas_antitombo\"><strong>Rodas anti-tombo:\u00a0<\/strong>Sim<\/li>\n<li data-attr-code=\"tipo_quadro\"><strong>Tipo do Quadro:\u00a0<\/strong>Fechamento em X<\/li>\n<li data-attr-code=\"tipo_encosto\"><strong>Tipo do Encosto:\u00a0<\/strong>Rebat\u00edvel<\/li>\n<li data-attr-code=\"dimensao_caixa\"><strong>Dimens\u00e3o da caixa (cm):\u00a0<\/strong>L41 x C85 x A75<\/li>\n<\/ul>\n<\/div>\n<\/div>\n","protected":false},"excerpt":{"rendered":"Cadeira de Rodas Motorizada E4 E4 tem estrutura tubular de alum\u00ednio que lhe d\u00e1 grande resist\u00eancia e leveza.&hellip;","protected":false},"featured_media":7544,"comment_status":"open","ping_status":"closed","template":"","meta":{"slim_seo":{"title":"Cadeira de Rodas Motorizada E4 - Ortobras - Hospitalaria RS","description":"Cadeira de Rodas Motorizada E4 E4 tem estrutura tubular de alum\u00ednio que lhe d\u00e1 grande resist\u00eancia e leveza. Como se podem retirar os apoios de p\u00e9s e as baterias"}},"product_brand":[131],"product_cat":[118,34],"product_tag":[458,399,455,457,452],"class_list":{"0":"post-7543","1":"product","2":"type-product","3":"status-publish","4":"has-post-thumbnail","6":"product_brand-ortobras","7":"product_cat-cadeira-de-rodas","8":"product_cat-equipamentos","9":"product_tag-aluminio-leve","10":"product_tag-apoio-de-bracos-elevavel","11":"product_tag-bateria-34ah-vrla","12":"product_tag-cadeira-motorizada","13":"product_tag-freios-eletromagneticos","14":"mbf-entry","16":"first","17":"outofstock","18":"sale","19":"shipping-taxable","20":"purchasable","21":"product-type-simple"},"_links":{"self":[{"href":"https:\/\/hospitalariars.com.br\/index.php\/wp-json\/wp\/v2\/product\/7543","targetHints":{"allow":["GET"]}}],"collection":[{"href":"https:\/\/hospitalariars.com.br\/index.php\/wp-json\/wp\/v2\/product"}],"about":[{"href":"https:\/\/hospitalariars.com.br\/index.php\/wp-json\/wp\/v2\/types\/product"}],"replies":[{"embeddable":true,"href":"https:\/\/hospitalariars.com.br\/index.php\/wp-json\/wp\/v2\/comments?post=7543"}],"wp:featuredmedia":[{"embeddable":true,"href":"https:\/\/hospitalariars.com.br\/index.php\/wp-json\/wp\/v2\/media\/7544"}],"wp:attachment":[{"href":"https:\/\/hospitalariars.com.br\/index.php\/wp-json\/wp\/v2\/media?parent=7543"}],"wp:term":[{"taxonomy":"product_brand","embeddable":true,"href":"https:\/\/hospitalariars.com.br\/index.php\/wp-json\/wp\/v2\/product_brand?post=7543"},{"taxonomy":"product_cat","embeddable":true,"href":"https:\/\/hospitalariars.com.br\/index.php\/wp-json\/wp\/v2\/product_cat?post=7543"},{"taxonomy":"product_tag","embeddable":true,"href":"https:\/\/hospitalariars.com.br\/index.php\/wp-json\/wp\/v2\/product_tag?post=7543"}],"curies":[{"name":"wp","href":"https:\/\/api.w.org\/{rel}","templated":true}]}}