{"id":7549,"date":"2025-06-18T11:01:46","date_gmt":"2025-06-18T14:01:46","guid":{"rendered":"https:\/\/hospitalariars.com.br\/?post_type=product&#038;p=7549"},"modified":"2026-03-27T16:03:42","modified_gmt":"2026-03-27T19:03:42","slug":"elevador-de-transferencia-elev-gr180-ortobras","status":"publish","type":"product","link":"https:\/\/hospitalariars.com.br\/index.php\/produto\/elevador-de-transferencia-elev-gr180-ortobras\/","title":{"rendered":"Elevador de transfer\u00eancia ELEV GR180 &#8211; Ortobras"},"content":{"rendered":"<div class=\"pd-description\">\n<div class=\"pd-content\">\n<div class=\"std \">\n<div class=\"block-description w-100 mt-2 mb-2 \">\n<h2>Elevador de transfer\u00eancia ELEV GR180<\/h2>\n<p>usado para transfer\u00eancia e eleva\u00e7\u00e3o de pacientes com capacidade de at\u00e9 180 kg. Tem uma grande capacidade de eleva\u00e7\u00e3o e resist\u00eancia.<\/p>\n<p>Indicado para cl\u00ednicas e hospitais. Al\u00e9m disso, \u00e9 muito f\u00e1cil operar e manusear. O funcionamento por baterias, somente depende da energia da rede para recarregar as baterias.<\/p>\n<p>O ELEV GR180 \u00e9 o \u00fanico no mercado com abertura da base el\u00e9trica e tamb\u00e9m \u00e9 o \u00fanico que consegue chegar com o selete at\u00e9 a altura do ch\u00e3o.<\/p>\n<p><strong>M\u00e1xima Seguran\u00e7a<\/strong><\/p>\n<p>O selete, ou cesto de transfer\u00eancia \u00e9 feito com material resistente, confort\u00e1vel e lav\u00e1vel.<\/p>\n<p>Este elevador opera com baterias seladas de 12V.<\/p>\n<p><strong>Muito f\u00e1cil de manusear<\/strong><\/p>\n<p>Ampla qualidade na manopla de empurrar que facilita o manuseio sem a necessidade do cuidador fazer for\u00e7a.<\/p>\n<p><strong>Abertura da base<\/strong><\/p>\n<p>O ELEV GR180, \u00e9 o \u00fanico elevador do mercado com abertura el\u00e9trica da base, basta pressionar um bot\u00e3o para conseguir uma maior ou menor largura do elevador.<\/p>\n<p>Possui 4 rod\u00edzios dirig\u00edveis com trava que garantem a seguran\u00e7a do usu\u00e1rio.<\/p>\n<p><strong>Caracter\u00edsticas<\/strong><\/p>\n<ul>\n<li><strong>Estrutura<\/strong>: Desmont\u00e1vel<\/li>\n<li><strong>Abertura de pernas<\/strong>:El\u00e9trico<\/li>\n<li><strong>Atuador<\/strong>: El\u00e9trico com acionamento manual de emerg\u00eancia<\/li>\n<li><strong>Selete<\/strong>: Acolchoado, imperme\u00e1vel com 6 pontos de fixa\u00e7\u00e3o<\/li>\n<li><strong>Acionamento<\/strong>:Botoeira com chave de seguran\u00e7a<\/li>\n<li><\/li>\n<\/ul>\n<\/div>\n<\/div>\n<\/div>\n<\/div>\n<div class=\"pd-additional\">\n<p><span class=\"h5\">Informa\u00e7\u00f5es adicionais<\/span><\/p>\n<div class=\"pd-content\">\n<ul>\n<li data-attr-code=\"marca\"><strong>Marca:\u00a0<\/strong>Ortobras<\/li>\n<li data-attr-code=\"registro_anvisa\"><strong>Registro ANVISA:\u00a0<\/strong>80118049002<\/li>\n<li data-attr-code=\"classificacao_riscos\"><strong>Classifica\u00e7\u00e3o de Risco:\u00a0<\/strong>I-Baixo Risco<\/li>\n<li data-attr-code=\"material_quadro\"><strong>Material do quadro:\u00a0<\/strong>A\u00e7o Carbono<\/li>\n<li data-attr-code=\"capacidade\"><strong>Capacidade:\u00a0<\/strong>180kg<\/li>\n<li data-attr-code=\"rodas_ianteiras\"><strong>Rodas Dianteiras:\u00a0<\/strong>4\u2033 maci\u00e7a girat\u00f3rios<\/li>\n<li data-attr-code=\"roda_traseira\"><strong>Rodas Traseiras:\u00a0<\/strong>4\u2033 Maci\u00e7o girat\u00f3rios com freio<\/li>\n<li data-attr-code=\"pintura\"><strong>Pintura:\u00a0<\/strong>Ep\u00f3xi<\/li>\n<li data-attr-code=\"baterias\"><strong>Baterias:\u00a0<\/strong>2 x 12V 7Ah seladas<\/li>\n<li data-attr-code=\"carregador\"><strong>Carregador:\u00a0<\/strong>110V\/220V autom\u00e1tico<\/li>\n<li data-attr-code=\"dimensao_caixa\"><strong>Dimens\u00e3o da caixa (cm):\u00a0<\/strong>L 670 x C 1550 x A 590<\/li>\n<\/ul>\n<\/div>\n<\/div>\n","protected":false},"excerpt":{"rendered":"Elevador de transfer\u00eancia ELEV GR180 usado para transfer\u00eancia e eleva\u00e7\u00e3o de pacientes com capacidade de at\u00e9 180 kg.&hellip;","protected":false},"featured_media":7550,"comment_status":"open","ping_status":"closed","template":"","meta":{"slim_seo":{"title":"Elevador de transfer\u00eancia ELEV GR180 - Ortobras - Hospitalaria RS","description":"Elevador de transfer\u00eancia ELEV GR180 usado para transfer\u00eancia e eleva\u00e7\u00e3o de pacientes com capacidade de at\u00e9 180 kg. Tem uma grande capacidade de eleva\u00e7\u00e3o e resi"}},"product_brand":[131],"product_cat":[152,34],"product_tag":[544,539,543,546,545],"class_list":{"0":"post-7549","1":"product","2":"type-product","3":"status-publish","4":"has-post-thumbnail","6":"product_brand-ortobras","7":"product_cat-elevador-de-transferencia","8":"product_cat-equipamentos","9":"product_tag-abertura-base-eletrica","10":"product_tag-capacidade-180-kg","11":"product_tag-elevador-de-transferencia-eletrico","12":"product_tag-estrutura-aco-carbono-desmontavel","13":"product_tag-selete-acolchoado-6-pontos","14":"mbf-entry","16":"first","17":"outofstock","18":"sale","19":"shipping-taxable","20":"purchasable","21":"product-type-simple"},"_links":{"self":[{"href":"https:\/\/hospitalariars.com.br\/index.php\/wp-json\/wp\/v2\/product\/7549","targetHints":{"allow":["GET"]}}],"collection":[{"href":"https:\/\/hospitalariars.com.br\/index.php\/wp-json\/wp\/v2\/product"}],"about":[{"href":"https:\/\/hospitalariars.com.br\/index.php\/wp-json\/wp\/v2\/types\/product"}],"replies":[{"embeddable":true,"href":"https:\/\/hospitalariars.com.br\/index.php\/wp-json\/wp\/v2\/comments?post=7549"}],"wp:featuredmedia":[{"embeddable":true,"href":"https:\/\/hospitalariars.com.br\/index.php\/wp-json\/wp\/v2\/media\/7550"}],"wp:attachment":[{"href":"https:\/\/hospitalariars.com.br\/index.php\/wp-json\/wp\/v2\/media?parent=7549"}],"wp:term":[{"taxonomy":"product_brand","embeddable":true,"href":"https:\/\/hospitalariars.com.br\/index.php\/wp-json\/wp\/v2\/product_brand?post=7549"},{"taxonomy":"product_cat","embeddable":true,"href":"https:\/\/hospitalariars.com.br\/index.php\/wp-json\/wp\/v2\/product_cat?post=7549"},{"taxonomy":"product_tag","embeddable":true,"href":"https:\/\/hospitalariars.com.br\/index.php\/wp-json\/wp\/v2\/product_tag?post=7549"}],"curies":[{"name":"wp","href":"https:\/\/api.w.org\/{rel}","templated":true}]}}