{"id":7557,"date":"2025-06-18T11:15:50","date_gmt":"2025-06-18T14:15:50","guid":{"rendered":"https:\/\/hospitalariars.com.br\/?post_type=product&#038;p=7557"},"modified":"2026-03-27T16:03:42","modified_gmt":"2026-03-27T19:03:42","slug":"cadeira-de-banho-hygienika-ortobras","status":"publish","type":"product","link":"https:\/\/hospitalariars.com.br\/index.php\/produto\/cadeira-de-banho-hygienika-ortobras\/","title":{"rendered":"Cadeira de Banho Hygienika &#8211; Ortobras"},"content":{"rendered":"<div class=\"pd-description\">\n<div class=\"pd-content\">\n<div class=\"std \">\n<div class=\"block-description w-100 mt-2 mb-2 \">\n<h2>Cadeira de Banho Hygienika<\/h2>\n<p>Hygienika &#8211; a cadeira de banho desmont\u00e1vel mais leve<\/p>\n<p>A Hygienika \u00e9 a cadeira em alum\u00ednio mais compacta, leve e resistente. Estrutura em alum\u00ednio e rodas de nylon evitam a oxida\u00e7\u00e3o.<\/p>\n<p>As rodas traseiras desmont\u00e1veis e a estrutura com fechamento frontal deixam a Hygienika muito compacta para transportar facilmente em ve\u00edculos pequenos.<\/p>\n<\/div>\n<\/div>\n<\/div>\n<\/div>\n<div class=\"pd-additional\">\n<p><span class=\"h5\">Informa\u00e7\u00f5es adicionais<\/span><\/p>\n<div class=\"pd-content\">\n<ul>\n<li data-attr-code=\"marca\"><strong>Marca:\u00a0<\/strong>Ortobras<\/li>\n<li data-attr-code=\"altura_dianteira_assento_piso\"><strong>Altura Dianteira do Assento ao Piso:\u00a0<\/strong>50 cm<\/li>\n<li data-attr-code=\"altura_traseira_assento_piso\"><strong>Altura Traseira do Assento ao Piso:\u00a0<\/strong>48 cm<\/li>\n<li data-attr-code=\"apoio_braco\"><strong>Apoio de Bra\u00e7o:\u00a0<\/strong>Rebat\u00edvel<\/li>\n<li data-attr-code=\"apoio_pes\"><strong>Apoio de P\u00e9s:\u00a0<\/strong>Fixo<\/li>\n<li data-attr-code=\"assento\"><strong>Assento:\u00a0<\/strong>Pl\u00e1stico com abertura frontal<\/li>\n<li data-attr-code=\"peso_a_partir\"><strong>Peso:\u00a0<\/strong>A partir de 12KG<\/li>\n<li data-attr-code=\"classificacao_riscos\"><strong>Classifica\u00e7\u00e3o de Risco:\u00a0<\/strong>I-Baixo Risco<\/li>\n<li data-attr-code=\"cor\"><strong>Cor:\u00a0<\/strong>Branca<\/li>\n<li data-attr-code=\"eixo_dianteiro\"><strong>Eixo Dianteiro:\u00a0<\/strong>Fixo<\/li>\n<li data-attr-code=\"eixo_traseiro\"><strong>Eixo Traseiro:\u00a0<\/strong>Fixo<\/li>\n<li data-attr-code=\"freios\"><strong>Freios:\u00a0<\/strong>Acionamento para Frente<\/li>\n<li data-attr-code=\"material_quadro\"><strong>Material do quadro:\u00a0<\/strong>Alum\u00ednio<\/li>\n<li data-attr-code=\"pedal\"><strong>Pedal:\u00a0<\/strong>Desmont\u00e1vel<\/li>\n<li data-attr-code=\"registro_anvisa\"><strong>Registro ANVISA:\u00a0<\/strong>80118040001<\/li>\n<li data-attr-code=\"rodas_ianteiras\"><strong>Rodas Dianteiras:\u00a0<\/strong>5\u2033 Maci\u00e7a<\/li>\n<li data-attr-code=\"roda_traseira\"><strong>Rodas Traseiras:\u00a0<\/strong>20\u2033 Aro de Nylon<\/li>\n<\/ul>\n<\/div>\n<\/div>\n","protected":false},"excerpt":{"rendered":"Cadeira de Banho Hygienika Hygienika &#8211; a cadeira de banho desmont\u00e1vel mais leve A Hygienika \u00e9 a cadeira&hellip;","protected":false},"featured_media":7558,"comment_status":"open","ping_status":"closed","template":"","meta":{"slim_seo":{"title":"Cadeira de Banho Hygienika - Ortobras - Hospitalaria RS","description":"Cadeira de Banho Hygienika Hygienika - a cadeira de banho desmont\u00e1vel mais leve A Hygienika \u00e9 a cadeira em alum\u00ednio mais compacta, leve e resistente. Estrutura"}},"product_brand":[131],"product_cat":[156,34],"product_tag":[381,377,378,379,380],"class_list":{"0":"post-7557","1":"product","2":"type-product","3":"status-publish","4":"has-post-thumbnail","6":"product_brand-ortobras","7":"product_cat-cadeira-de-banho","8":"product_cat-equipamentos","9":"product_tag-assento-plastico-abertura-frontal","10":"product_tag-cadeira-de-banho-hygienika","11":"product_tag-desmontavel","12":"product_tag-estrutura-aluminio","13":"product_tag-rodas-nylon","14":"mbf-entry","16":"first","17":"outofstock","18":"sale","19":"shipping-taxable","20":"purchasable","21":"product-type-simple"},"_links":{"self":[{"href":"https:\/\/hospitalariars.com.br\/index.php\/wp-json\/wp\/v2\/product\/7557","targetHints":{"allow":["GET"]}}],"collection":[{"href":"https:\/\/hospitalariars.com.br\/index.php\/wp-json\/wp\/v2\/product"}],"about":[{"href":"https:\/\/hospitalariars.com.br\/index.php\/wp-json\/wp\/v2\/types\/product"}],"replies":[{"embeddable":true,"href":"https:\/\/hospitalariars.com.br\/index.php\/wp-json\/wp\/v2\/comments?post=7557"}],"wp:featuredmedia":[{"embeddable":true,"href":"https:\/\/hospitalariars.com.br\/index.php\/wp-json\/wp\/v2\/media\/7558"}],"wp:attachment":[{"href":"https:\/\/hospitalariars.com.br\/index.php\/wp-json\/wp\/v2\/media?parent=7557"}],"wp:term":[{"taxonomy":"product_brand","embeddable":true,"href":"https:\/\/hospitalariars.com.br\/index.php\/wp-json\/wp\/v2\/product_brand?post=7557"},{"taxonomy":"product_cat","embeddable":true,"href":"https:\/\/hospitalariars.com.br\/index.php\/wp-json\/wp\/v2\/product_cat?post=7557"},{"taxonomy":"product_tag","embeddable":true,"href":"https:\/\/hospitalariars.com.br\/index.php\/wp-json\/wp\/v2\/product_tag?post=7557"}],"curies":[{"name":"wp","href":"https:\/\/api.w.org\/{rel}","templated":true}]}}