{"id":7559,"date":"2025-06-18T11:28:34","date_gmt":"2025-06-18T14:28:34","guid":{"rendered":"https:\/\/hospitalariars.com.br\/?post_type=product&#038;p=7559"},"modified":"2026-03-27T16:03:42","modified_gmt":"2026-03-27T19:03:42","slug":"cadeira-de-banho-h2-ortobras","status":"publish","type":"product","link":"https:\/\/hospitalariars.com.br\/index.php\/produto\/cadeira-de-banho-h2-ortobras\/","title":{"rendered":"Cadeira de Banho H2 &#8211; Ortobras"},"content":{"rendered":"<div class=\"pd-description\">\n<div class=\"pd-content\">\n<div class=\"std \">\n<div class=\"block-description w-100 mt-2 mb-2 \">\n<h2>Cadeira de Banho H2 Ortobras<\/h2>\n<p>\u00c9 a cadeira de banho para crian\u00e7a com paralisia cerebral. Al\u00e9m de pr\u00e1tica e confort\u00e1vel \u00e9 resistente e extremamente pr\u00e1tica para guardar.<\/p>\n<p>Toda acolchoada e possui um cinto de posicionamento, al\u00e9m de ser de alum\u00ednio e tecido imperme\u00e1vel.<\/p>\n<p>Muito resistente e extremamente pr\u00e1tica para guardar.<\/p>\n<\/div>\n<\/div>\n<\/div>\n<\/div>\n<div class=\"pd-additional\">\n<p><span class=\"h5\">Informa\u00e7\u00f5es adicionais<\/span><\/p>\n<div class=\"pd-content\">\n<ul>\n<li data-attr-code=\"marca\"><strong>Marca:\u00a0<\/strong>Ortobras<\/li>\n<li data-attr-code=\"altura_dianteira_assento_piso\"><strong>Altura Dianteira do Assento ao Piso:\u00a0<\/strong>610 mm<\/li>\n<li data-attr-code=\"altura_traseira_assento_piso\"><strong>Altura Traseira do Assento ao Piso:\u00a0<\/strong>1180 mm<\/li>\n<li data-attr-code=\"assento\"><strong>Assento:\u00a0<\/strong>Flex\u00edvel imperme\u00e1vel<\/li>\n<li data-attr-code=\"capacidade\"><strong>Capacidade:\u00a0<\/strong>75kg<\/li>\n<li data-attr-code=\"peso_a_partir\"><strong>Peso:\u00a0<\/strong>A partir de 5KG<\/li>\n<li data-attr-code=\"classificacao_riscos\"><strong>Classifica\u00e7\u00e3o de Risco:\u00a0<\/strong>I-Baixo Risco<\/li>\n<li data-attr-code=\"largura_do_assento\"><strong>Largura do Assento:\u00a0<\/strong>52 cm<\/li>\n<li data-attr-code=\"material_quadro\"><strong>Material do quadro:\u00a0<\/strong>Alum\u00ednio<\/li>\n<li data-attr-code=\"registro_anvisa\"><strong>Registro ANVISA:\u00a0<\/strong>80118040001<\/li>\n<li data-attr-code=\"tipo_quadro\"><strong>Tipo do Quadro:\u00a0<\/strong>Fechamento frontal<\/li>\n<li data-attr-code=\"tipo_encosto\"><strong>Tipo do Encosto:\u00a0<\/strong>Flex\u00edvel imperme\u00e1vel<\/li>\n<li data-attr-code=\"dimensao_caixa\"><strong>Dimens\u00e3o da caixa (cm):\u00a0<\/strong>L63 x C18 x A90<\/li>\n<\/ul>\n<\/div>\n<\/div>\n","protected":false},"excerpt":{"rendered":"Cadeira de Banho H2 Ortobras \u00c9 a cadeira de banho para crian\u00e7a com paralisia cerebral. Al\u00e9m de pr\u00e1tica&hellip;","protected":false},"featured_media":7560,"comment_status":"open","ping_status":"closed","template":"","meta":{"slim_seo":{"title":"Cadeira de Banho H2 - Ortobras - Hospitalaria RS","description":"Cadeira de Banho H2 Ortobras \u00c9 a cadeira de banho para crian\u00e7a com paralisia cerebral. Al\u00e9m de pr\u00e1tica e confort\u00e1vel \u00e9 resistente e extremamente pr\u00e1tica para gu"}},"product_brand":[131],"product_cat":[156,34],"product_tag":[373,370,371,372,361],"class_list":{"0":"post-7559","1":"product","2":"type-product","3":"status-publish","4":"has-post-thumbnail","6":"product_brand-ortobras","7":"product_cat-cadeira-de-banho","8":"product_cat-equipamentos","9":"product_tag-assento-impermeavel","10":"product_tag-cadeira-de-banho-h2","11":"product_tag-cadeira-para-crianca","12":"product_tag-cinto-de-posicionamento","13":"product_tag-quadro-aluminio","14":"mbf-entry","16":"first","17":"outofstock","18":"shipping-taxable","19":"product-type-simple"},"_links":{"self":[{"href":"https:\/\/hospitalariars.com.br\/index.php\/wp-json\/wp\/v2\/product\/7559","targetHints":{"allow":["GET"]}}],"collection":[{"href":"https:\/\/hospitalariars.com.br\/index.php\/wp-json\/wp\/v2\/product"}],"about":[{"href":"https:\/\/hospitalariars.com.br\/index.php\/wp-json\/wp\/v2\/types\/product"}],"replies":[{"embeddable":true,"href":"https:\/\/hospitalariars.com.br\/index.php\/wp-json\/wp\/v2\/comments?post=7559"}],"wp:featuredmedia":[{"embeddable":true,"href":"https:\/\/hospitalariars.com.br\/index.php\/wp-json\/wp\/v2\/media\/7560"}],"wp:attachment":[{"href":"https:\/\/hospitalariars.com.br\/index.php\/wp-json\/wp\/v2\/media?parent=7559"}],"wp:term":[{"taxonomy":"product_brand","embeddable":true,"href":"https:\/\/hospitalariars.com.br\/index.php\/wp-json\/wp\/v2\/product_brand?post=7559"},{"taxonomy":"product_cat","embeddable":true,"href":"https:\/\/hospitalariars.com.br\/index.php\/wp-json\/wp\/v2\/product_cat?post=7559"},{"taxonomy":"product_tag","embeddable":true,"href":"https:\/\/hospitalariars.com.br\/index.php\/wp-json\/wp\/v2\/product_tag?post=7559"}],"curies":[{"name":"wp","href":"https:\/\/api.w.org\/{rel}","templated":true}]}}