{"id":7567,"date":"2025-06-18T11:39:14","date_gmt":"2025-06-18T14:39:14","guid":{"rendered":"https:\/\/hospitalariars.com.br\/?post_type=product&#038;p=7567"},"modified":"2026-03-27T16:03:42","modified_gmt":"2026-03-27T19:03:42","slug":"cadeira-de-rodas-conforma-tilt-reclinavel-ortobras","status":"publish","type":"product","link":"https:\/\/hospitalariars.com.br\/index.php\/produto\/cadeira-de-rodas-conforma-tilt-reclinavel-ortobras\/","title":{"rendered":"Cadeira de Rodas Conforma Tilt Reclin\u00e1vel &#8211; Ortobras"},"content":{"rendered":"<div class=\"pd-description\">\n<div class=\"pd-content\">\n<div class=\"std \">\n<div class=\"block-description w-100 mt-2 mb-2 \">\n<h2>Cadeira Conforma Tilt Reclin\u00e1vel<\/h2>\n<p>A cadeira infantil Conforma Tilt re\u00fane as vantagens cl\u00ednicas da bascula\u00e7\u00e3o (at\u00e9 45\u00ba), e praticidade para transportar gra\u00e7as \u00e0 sua estrutura compacta, as suas rodas com desmontagem r\u00e1pida e a poltrona desmont\u00e1vel. A Conforma Tilt fica t\u00e3o pequena que se pode transportar facilmente na mala do carro.<\/p>\n<p>&nbsp;<\/p>\n<h3>As vantagens de uma cadeira desmont\u00e1vel<\/h3>\n<p>A Conforma Tilt se desmonta para um f\u00e1cil transporte e armazenamento em espa\u00e7os reduzidos. A estrutura fica extremamente compacta e as rodas extraem-se mediante o sistema de desmontagem r\u00e1pido.<\/p>\n<p>&nbsp;<\/p>\n<h3>Bascula\u00e7\u00e3o at\u00e9 25\u00ba<\/h3>\n<p>A Conforma Tilt permite at\u00e9 25\u00ba de bascula\u00e7\u00e3o. A bascula\u00e7\u00e3o \u00e9 fundamental para crian\u00e7as que necessitam mudar de postura enquanto est\u00e3o sentadas na cadeira, para conseguirem al\u00edvio da press\u00e3o ou favorecer a digest\u00e3o. Al\u00e9m disso pode-se reclinar o encosto para aumentar ainda mais o conforto da crian\u00e7a.<\/p>\n<p>&nbsp;<\/p>\n<h3>In\u00fameras op\u00e7\u00f5es e cores<\/h3>\n<p>Com uma ampla variedade de op\u00e7\u00f5es e cores dispon\u00edveis. A Conforma Tilt permite selecionar por exemplo distintos tamanhos da poltrona: de 25cm a 44cm de largura para crian\u00e7as de todas as idades e gostos.<\/p>\n<\/div>\n<\/div>\n<\/div>\n<\/div>\n<div class=\"pd-additional\">\n<p><span class=\"h5\">Informa\u00e7\u00f5es adicionais<\/span><\/p>\n<div class=\"pd-content\">\n<ul>\n<li data-attr-code=\"marca\"><strong>Marca:\u00a0<\/strong>Ortobras<\/li>\n<li data-attr-code=\"almofada\"><strong>Almofada:\u00a0<\/strong>Espuma Injetada Conformada<\/li>\n<li data-attr-code=\"altura_dianteira_assento_piso\"><strong>Altura Dianteira do Assento ao Piso:\u00a0<\/strong>50 cm<\/li>\n<li data-attr-code=\"angulos_ajuste_encosto\"><strong>\u00c2ngulos de ajuste do encosto:\u00a0<\/strong>100\u00b0 \/ 115\u00b0 \/ 130\u00b0<\/li>\n<li data-attr-code=\"apoio_braco\"><strong>Apoio de Bra\u00e7o:\u00a0<\/strong>Elev\u00e1vel<\/li>\n<li data-attr-code=\"apoio_pes\"><strong>Apoio de P\u00e9s:\u00a0<\/strong>Bandeja Desmont\u00e1vel<\/li>\n<li data-attr-code=\"capacidade\"><strong>Capacidade:\u00a0<\/strong>75kg<\/li>\n<li data-attr-code=\"peso_a_partir\"><strong>Peso:\u00a0<\/strong>A partir de 19KG<\/li>\n<li data-attr-code=\"classificacao_riscos\"><strong>Classifica\u00e7\u00e3o de Risco:\u00a0<\/strong>I-Baixo Risco<\/li>\n<li data-attr-code=\"eixo_dianteiro\"><strong>Eixo Dianteiro:\u00a0<\/strong>Desmont\u00e1vel<\/li>\n<li data-attr-code=\"eixo_traseiro\"><strong>Eixo Traseiro:\u00a0<\/strong>Desmont\u00e1vel<\/li>\n<li data-attr-code=\"estofamento_assento\"><strong>Estofamento de Assento:\u00a0<\/strong>Poli\u00e9ster Acolchoado Remov\u00edvel<\/li>\n<li data-attr-code=\"estofamento_encosto\"><strong>Estofamento de Encosto:\u00a0<\/strong>Poli\u00e9ster Acolchoado Remov\u00edvel<\/li>\n<li data-attr-code=\"freios\"><strong>Freios:\u00a0<\/strong>Acionamento para Frente<\/li>\n<li data-attr-code=\"material_quadro\"><strong>Material do quadro:\u00a0<\/strong>Alum\u00ednio<\/li>\n<li data-attr-code=\"pedal\"><strong>Pedal:\u00a0<\/strong>Fixo<\/li>\n<li data-attr-code=\"pneu_roda_traseira\"><strong>Pneu da Roda Traseira:\u00a0<\/strong>Maci\u00e7o 16\u2033<\/li>\n<li data-attr-code=\"protetor_roupa\"><strong>Protetor de Roupa:\u00a0<\/strong>Nylon Incorporado ao Apoio de Bra\u00e7o<\/li>\n<li data-attr-code=\"registro_anvisa\"><strong>Registro ANVISA:\u00a0<\/strong>80118040003<\/li>\n<li data-attr-code=\"regulagem_apoio_pes\"><strong>Regulagem do Apoio de P\u00e9s:\u00a0<\/strong>de 20 cm a 48 cm<\/li>\n<li data-attr-code=\"rodas_ianteiras\"><strong>Rodas Dianteiras:\u00a0<\/strong>7\u2033 Maci\u00e7a<\/li>\n<li data-attr-code=\"roda_traseira\"><strong>Rodas Traseiras:\u00a0<\/strong>16\u2033 Aro de Nylon<\/li>\n<li data-attr-code=\"rodas_antitombo\"><strong>Rodas anti-tombo:\u00a0<\/strong>Sim<\/li>\n<li data-attr-code=\"tipo_quadro\"><strong>Tipo do Quadro:\u00a0<\/strong>Monobloco<\/li>\n<li data-attr-code=\"tipo_encosto\"><strong>Tipo do Encosto:\u00a0<\/strong>Reclin\u00e1vel em 3 Posi\u00e7\u00f5es<\/li>\n<li data-attr-code=\"variacao_tilt\"><strong>Varia\u00e7\u00e3o do Tilt:\u00a0<\/strong>0\u00b0 a 25\u00b0<\/li>\n<li data-attr-code=\"dimensao_caixa\"><strong>Dimens\u00e3o da caixa (cm):\u00a0<\/strong>L62 x C80 x A62<\/li>\n<\/ul>\n<\/div>\n<\/div>\n","protected":false},"excerpt":{"rendered":"Cadeira Conforma Tilt Reclin\u00e1vel A cadeira infantil Conforma Tilt re\u00fane as vantagens cl\u00ednicas da bascula\u00e7\u00e3o (at\u00e9 45\u00ba), e&hellip;","protected":false},"featured_media":7568,"comment_status":"open","ping_status":"closed","template":"","meta":{"slim_seo":{"title":"Cadeira de Rodas Conforma Tilt Reclin\u00e1vel - Ortobras - Hospitalaria RS","description":"Cadeira Conforma Tilt Reclin\u00e1vel A cadeira infantil Conforma Tilt re\u00fane as vantagens cl\u00ednicas da bascula\u00e7\u00e3o (at\u00e9 45\u00ba), e praticidade para transportar gra\u00e7as \u00e0 s"}},"product_brand":[131],"product_cat":[118,34],"product_tag":[399,401,395,400,402],"class_list":{"0":"post-7567","1":"product","2":"type-product","3":"status-publish","4":"has-post-thumbnail","6":"product_brand-ortobras","7":"product_cat-cadeira-de-rodas","8":"product_cat-equipamentos","9":"product_tag-apoio-de-bracos-elevavel","10":"product_tag-basculacao-ate-25-graus","11":"product_tag-cadeira-postural-infantil","12":"product_tag-conforma-tilt-reclinavel","13":"product_tag-estrutura-compacta-desmontavel","14":"mbf-entry","16":"first","17":"outofstock","18":"sale","19":"shipping-taxable","20":"purchasable","21":"product-type-simple"},"_links":{"self":[{"href":"https:\/\/hospitalariars.com.br\/index.php\/wp-json\/wp\/v2\/product\/7567","targetHints":{"allow":["GET"]}}],"collection":[{"href":"https:\/\/hospitalariars.com.br\/index.php\/wp-json\/wp\/v2\/product"}],"about":[{"href":"https:\/\/hospitalariars.com.br\/index.php\/wp-json\/wp\/v2\/types\/product"}],"replies":[{"embeddable":true,"href":"https:\/\/hospitalariars.com.br\/index.php\/wp-json\/wp\/v2\/comments?post=7567"}],"wp:featuredmedia":[{"embeddable":true,"href":"https:\/\/hospitalariars.com.br\/index.php\/wp-json\/wp\/v2\/media\/7568"}],"wp:attachment":[{"href":"https:\/\/hospitalariars.com.br\/index.php\/wp-json\/wp\/v2\/media?parent=7567"}],"wp:term":[{"taxonomy":"product_brand","embeddable":true,"href":"https:\/\/hospitalariars.com.br\/index.php\/wp-json\/wp\/v2\/product_brand?post=7567"},{"taxonomy":"product_cat","embeddable":true,"href":"https:\/\/hospitalariars.com.br\/index.php\/wp-json\/wp\/v2\/product_cat?post=7567"},{"taxonomy":"product_tag","embeddable":true,"href":"https:\/\/hospitalariars.com.br\/index.php\/wp-json\/wp\/v2\/product_tag?post=7567"}],"curies":[{"name":"wp","href":"https:\/\/api.w.org\/{rel}","templated":true}]}}