{"id":7571,"date":"2025-06-18T11:43:05","date_gmt":"2025-06-18T14:43:05","guid":{"rendered":"https:\/\/hospitalariars.com.br\/?post_type=product&#038;p=7571"},"modified":"2026-03-27T16:03:42","modified_gmt":"2026-03-27T19:03:42","slug":"cadeira-de-rodas-postural-t1-ortobras","status":"publish","type":"product","link":"https:\/\/hospitalariars.com.br\/index.php\/produto\/cadeira-de-rodas-postural-t1-ortobras\/","title":{"rendered":"Cadeira de Rodas Postural T1 &#8211; Ortobras"},"content":{"rendered":"<div class=\"pd-description\">\n<div class=\"pd-content\">\n<div class=\"std \">\n<div class=\"block-description w-100 mt-2 mb-2 \">\n<h2>Cadeira de Rodas Postural T1<\/h2>\n<p>A Cadeira de Rodas Postural T1 \u00e9 a escolha perfeita para quem busca conforto e praticidade no dia a dia. Com altura dianteira do assento ao piso de 50cm, essa cadeira oferece um ajuste personalizado para cada usu\u00e1rio, com \u00e2ngulos de ajuste do encosto de 100\u00b0, 115\u00b0 e 130\u00b0.<\/p>\n<p>Com capacidade de 75kg, essa cadeira \u00e9 leve e resistente, sendo ideal para uso di\u00e1rio. Seu eixo traseiro e dianteiro s\u00e3o desmont\u00e1veis, facilitando o transporte e armazenamento. O quadro \u00e9 feito em alum\u00ednio, garantindo durabilidade e seguran\u00e7a.<\/p>\n<p>O pedal \u00e9 regul\u00e1vel em \u00e2ngulo, proporcionando maior conforto ao usu\u00e1rio. As rodas dianteiras de 7&#8243; infl\u00e1vel e as rodas traseiras de 16&#8243; aro de nylon garantem uma condu\u00e7\u00e3o suave e est\u00e1vel em diferentes tipos de terreno.<\/p>\n<\/div>\n<\/div>\n<\/div>\n<\/div>\n<div class=\"pd-additional\">\n<p><span class=\"h5\">Informa\u00e7\u00f5es adicionais<\/span><\/p>\n<div class=\"pd-content\">\n<ul>\n<li data-attr-code=\"marca\"><strong>Marca:\u00a0<\/strong>Ortobras<\/li>\n<li data-attr-code=\"almofada\"><strong>Almofada:\u00a0<\/strong>Espuma Injetada Plana<\/li>\n<li data-attr-code=\"altura_dianteira_assento_piso\"><strong>Altura Dianteira do Assento ao Piso:\u00a0<\/strong>50 cm<\/li>\n<li data-attr-code=\"angulos_ajuste_encosto\"><strong>\u00c2ngulos de ajuste do encosto:\u00a0<\/strong>100\u00b0 \/ 115\u00b0 \/ 130\u00b0<\/li>\n<li data-attr-code=\"apoio_braco\"><strong>Apoio de Bra\u00e7o:\u00a0<\/strong>Elev\u00e1vel<\/li>\n<li data-attr-code=\"apoio_pes\"><strong>Apoio de P\u00e9s:\u00a0<\/strong>Bandeja Desmont\u00e1vel<\/li>\n<li data-attr-code=\"capacidade\"><strong>Capacidade:\u00a0<\/strong>75kg<\/li>\n<li data-attr-code=\"peso_a_partir\"><strong>Peso:\u00a0<\/strong>A partir de 27.5KG<\/li>\n<li data-attr-code=\"classificacao_riscos\"><strong>Classifica\u00e7\u00e3o de Risco:\u00a0<\/strong>I-Baixo Risco<\/li>\n<li data-attr-code=\"eixo_dianteiro\"><strong>Eixo Dianteiro:\u00a0<\/strong>Desmont\u00e1vel<\/li>\n<li data-attr-code=\"eixo_traseiro\"><strong>Eixo Traseiro:\u00a0<\/strong>Desmont\u00e1vel<\/li>\n<li data-attr-code=\"estofamento_assento\"><strong>Estofamento de Assento:\u00a0<\/strong>Poli\u00e9ster Acolchoado Remov\u00edvel<\/li>\n<li data-attr-code=\"estofamento_encosto\"><strong>Estofamento de Encosto:\u00a0<\/strong>Poli\u00e9ster Acolchoado Remov\u00edvel<\/li>\n<li data-attr-code=\"freios\"><strong>Freios:\u00a0<\/strong>Acionamento \u00danico<\/li>\n<li data-attr-code=\"material_quadro\"><strong>Material do quadro:\u00a0<\/strong>Alum\u00ednio<\/li>\n<li data-attr-code=\"pedal\"><strong>Pedal:\u00a0<\/strong>Regul\u00e1vel em \u00e2ngulo<\/li>\n<li data-attr-code=\"pneu_roda_traseira\"><strong>Pneu da Roda Traseira:\u00a0<\/strong>Maci\u00e7o 16\u2033<\/li>\n<li data-attr-code=\"protetor_roupa\"><strong>Protetor de Roupa:\u00a0<\/strong>Nylon Incorporado ao Apoio de Bra\u00e7o<\/li>\n<li data-attr-code=\"registro_anvisa\"><strong>Registro ANVISA:\u00a0<\/strong>80118040003<\/li>\n<li data-attr-code=\"regulagem_apoio_pes\"><strong>Regulagem do Apoio de P\u00e9s:\u00a0<\/strong>de 20 cm a 48 cm<\/li>\n<li data-attr-code=\"rodas_ianteiras\"><strong>Rodas Dianteiras:\u00a0<\/strong>7\u2033 Infl\u00e1vel<\/li>\n<li data-attr-code=\"rodas_antitombo\"><strong>Rodas anti-tombo:\u00a0<\/strong>Sim<\/li>\n<li data-attr-code=\"tipo_quadro\"><strong>Tipo do Quadro:\u00a0<\/strong>Monobloco<\/li>\n<li data-attr-code=\"tipo_encosto\"><strong>Tipo do Encosto:\u00a0<\/strong>Reclin\u00e1vel em 3 Posi\u00e7\u00f5es<\/li>\n<li data-attr-code=\"variacao_tilt\"><strong>Varia\u00e7\u00e3o do Tilt:\u00a0<\/strong>0\u00b0 a 25\u00b0<\/li>\n<li data-attr-code=\"dimensao_caixa\"><strong>Dimens\u00e3o da caixa (cm):\u00a0<\/strong>L62 x C80 x A62<\/li>\n<\/ul>\n<\/div>\n<\/div>\n","protected":false},"excerpt":{"rendered":"Cadeira de Rodas Postural T1 A Cadeira de Rodas Postural T1 \u00e9 a escolha perfeita para quem busca&hellip;","protected":false},"featured_media":7573,"comment_status":"open","ping_status":"closed","template":"","meta":{"slim_seo":{"title":"Cadeira de Rodas Postural T1 - Ortobras - Hospitalaria RS","description":"Cadeira de Rodas Postural T1 A Cadeira de Rodas Postural T1 \u00e9 a escolha perfeita para quem busca conforto e praticidade no dia a dia. Com altura dianteira do as"}},"product_brand":[131],"product_cat":[118,34],"product_tag":[462,120,464,461,463],"class_list":{"0":"post-7571","1":"product","2":"type-product","3":"status-publish","4":"has-post-thumbnail","6":"product_brand-ortobras","7":"product_cat-cadeira-de-rodas","8":"product_cat-equipamentos","9":"product_tag-ajuste-de-encosto","10":"product_tag-aluminio","11":"product_tag-apoio-de-pes-bandeja","12":"product_tag-cadeira-de-rodas-postural","13":"product_tag-rodas-inflaveis","14":"mbf-entry","16":"first","17":"outofstock","18":"sale","19":"shipping-taxable","20":"purchasable","21":"product-type-simple"},"_links":{"self":[{"href":"https:\/\/hospitalariars.com.br\/index.php\/wp-json\/wp\/v2\/product\/7571","targetHints":{"allow":["GET"]}}],"collection":[{"href":"https:\/\/hospitalariars.com.br\/index.php\/wp-json\/wp\/v2\/product"}],"about":[{"href":"https:\/\/hospitalariars.com.br\/index.php\/wp-json\/wp\/v2\/types\/product"}],"replies":[{"embeddable":true,"href":"https:\/\/hospitalariars.com.br\/index.php\/wp-json\/wp\/v2\/comments?post=7571"}],"wp:featuredmedia":[{"embeddable":true,"href":"https:\/\/hospitalariars.com.br\/index.php\/wp-json\/wp\/v2\/media\/7573"}],"wp:attachment":[{"href":"https:\/\/hospitalariars.com.br\/index.php\/wp-json\/wp\/v2\/media?parent=7571"}],"wp:term":[{"taxonomy":"product_brand","embeddable":true,"href":"https:\/\/hospitalariars.com.br\/index.php\/wp-json\/wp\/v2\/product_brand?post=7571"},{"taxonomy":"product_cat","embeddable":true,"href":"https:\/\/hospitalariars.com.br\/index.php\/wp-json\/wp\/v2\/product_cat?post=7571"},{"taxonomy":"product_tag","embeddable":true,"href":"https:\/\/hospitalariars.com.br\/index.php\/wp-json\/wp\/v2\/product_tag?post=7571"}],"curies":[{"name":"wp","href":"https:\/\/api.w.org\/{rel}","templated":true}]}}