{"id":7576,"date":"2025-06-18T11:48:46","date_gmt":"2025-06-18T14:48:46","guid":{"rendered":"https:\/\/hospitalariars.com.br\/?post_type=product&#038;p=7576"},"modified":"2026-03-27T16:03:41","modified_gmt":"2026-03-27T19:03:41","slug":"cadeira-de-rodas-kinder-ortobras","status":"publish","type":"product","link":"https:\/\/hospitalariars.com.br\/index.php\/produto\/cadeira-de-rodas-kinder-ortobras\/","title":{"rendered":"Cadeira de Rodas Kinder &#8211; Ortobras"},"content":{"rendered":"<div class=\"pd-description\">\n<div class=\"pd-content\">\n<div class=\"std \">\n<div class=\"block-description w-100 mt-2 mb-2 \">\n<p>O carrinho<strong>\u00a0Kinder Ortobras<\/strong>\u00a0foi especialmente projetado para acompanhar o crescimento do seu filho. Com um pr\u00e1tico sistema de ajuste de tamanho, o\u00a0<strong>Kinder<\/strong>\u00a0oferece a possibilidade de se adaptar conforme seu pequeno cresce, garantindo conforto e seguran\u00e7a em todas as fases do desenvolvimento. Al\u00e9m do ajuste ao crescimento, o carrinho valoriza o posicionamento correto para garantir uma postura adequada e prevenir o desenvolvimento de deformidades.<\/p>\n<p>Essas caracter\u00edsticas n\u00e3o apenas proporcionam conveni\u00eancia a voc\u00ea papai, mas tamb\u00e9m assegura que a cadeira permane\u00e7a adequada e confort\u00e1vel ao longo do tempo. Assim, o\u00a0<strong>Kinder<\/strong>\u00a0n\u00e3o \u00e9 apenas um carrinho postural infantil, mas sim um investimento em conforto, mobilidade e bem-estar que cresce junto com seu filho.<\/p>\n<\/div>\n<\/div>\n<\/div>\n<\/div>\n<div class=\"pd-additional\">\n<p><span class=\"h5\">Informa\u00e7\u00f5es adicionais<\/span><\/p>\n<div class=\"pd-content\">\n<ul>\n<li data-attr-code=\"marca\"><strong>Marca:\u00a0<\/strong>Ortobras<\/li>\n<li data-attr-code=\"altura_dianteira_assento_piso\"><strong>Altura Dianteira do Assento ao Piso:\u00a0<\/strong>50 cm<\/li>\n<li data-attr-code=\"angulos_ajuste_encosto\"><strong>\u00c2ngulos de ajuste do encosto:\u00a0<\/strong>90\u00b0 &#8211; 180\u00b0<\/li>\n<li data-attr-code=\"apoio_braco\"><strong>Apoio de Bra\u00e7o:\u00a0<\/strong>Fixo<\/li>\n<li data-attr-code=\"apoio_pes\"><strong>Apoio de P\u00e9s:\u00a0<\/strong>Bandeja Desmont\u00e1vel<\/li>\n<li data-attr-code=\"assento\"><strong>Assento:\u00a0<\/strong>Flex\u00edvel imperme\u00e1vel<\/li>\n<li data-attr-code=\"capacidade\"><strong>Capacidade:\u00a0<\/strong>75kg<\/li>\n<li data-attr-code=\"peso_a_partir\"><strong>Peso:\u00a0<\/strong>A partir de 19KG<\/li>\n<li data-attr-code=\"classificacao_riscos\"><strong>Classifica\u00e7\u00e3o de Risco:\u00a0<\/strong>I-Baixo Risco<\/li>\n<li data-attr-code=\"eixo_dianteiro\"><strong>Eixo Dianteiro:\u00a0<\/strong>Fixo<\/li>\n<li data-attr-code=\"eixo_traseiro\"><strong>Eixo Traseiro:\u00a0<\/strong>Fixo<\/li>\n<li data-attr-code=\"estofamento_assento\"><strong>Estofamento de Assento:\u00a0<\/strong>Poli\u00e9ster Acolchoado Remov\u00edvel<\/li>\n<li data-attr-code=\"freios\"><strong>Freios:\u00a0<\/strong>Acionamento para frente com o pe<\/li>\n<li data-attr-code=\"material_quadro\"><strong>Material do quadro:\u00a0<\/strong>Alum\u00ednio<\/li>\n<li data-attr-code=\"pedal\"><strong>Pedal:\u00a0<\/strong>Regul\u00e1vel em \u00e2ngulo<\/li>\n<li data-attr-code=\"pneu_roda_dianteira\"><strong>Pneu da Roda Dianteira:\u00a0<\/strong>Antifuro<\/li>\n<li data-attr-code=\"pneu_roda_traseira\"><strong>Pneu da Roda Traseira:\u00a0<\/strong>Maci\u00e7o 12\u2033<\/li>\n<li data-attr-code=\"protetor_roupa\"><strong>Protetor de Roupa:\u00a0<\/strong>Nylon Incorporado ao Apoio de Bra\u00e7o<\/li>\n<li data-attr-code=\"profundidade_do_assento\"><strong>Profundidade do Assento:\u00a0<\/strong>25-32 cm<\/li>\n<li data-attr-code=\"registro_anvisa\"><strong>Registro ANVISA:\u00a0<\/strong>80118040003<\/li>\n<li data-attr-code=\"regulagem_apoio_pes\"><strong>Regulagem do Apoio de P\u00e9s:\u00a0<\/strong>de 20 cm a 48 cm<\/li>\n<li data-attr-code=\"rodas_ianteiras\"><strong>Rodas Dianteiras:\u00a0<\/strong>7\u2033 Maci\u00e7a<\/li>\n<li data-attr-code=\"roda_traseira\"><strong>Rodas Traseiras:\u00a0<\/strong>12\u2033 Nylon<\/li>\n<li data-attr-code=\"tipo_quadro\"><strong>Tipo do Quadro:\u00a0<\/strong>Monobloco<\/li>\n<li data-attr-code=\"tipo_encosto\"><strong>Tipo do Encosto:\u00a0<\/strong>Reclinavel milimetricamente<\/li>\n<li data-attr-code=\"variacao_tilt\"><strong>Varia\u00e7\u00e3o do Tilt:\u00a0<\/strong>0\u00b0 a 25\u00b0<\/li>\n<li data-attr-code=\"dimensao_caixa\"><strong>Dimens\u00e3o da caixa (cm):\u00a0<\/strong>L62 x C80 x A62<\/li>\n<\/ul>\n<\/div>\n<\/div>\n","protected":false},"excerpt":{"rendered":"O carrinho\u00a0Kinder Ortobras\u00a0foi especialmente projetado para acompanhar o crescimento do seu filho. Com um pr\u00e1tico sistema de ajuste&hellip;","protected":false},"featured_media":7577,"comment_status":"open","ping_status":"closed","template":"","meta":{"slim_seo":{"title":"Cadeira de Rodas Kinder - Ortobras - Hospitalaria RS","description":"O carrinho \u00a0Kinder Ortobras \u00a0foi especialmente projetado para acompanhar o crescimento do seu filho. Com um pr\u00e1tico sistema de ajuste de tamanho, o\u00a0 Kinder \u00a0ofe"}},"product_brand":[131],"product_cat":[118,34],"product_tag":[428,426,425,408,427],"class_list":{"0":"post-7576","1":"product","2":"type-product","3":"status-publish","4":"has-post-thumbnail","6":"product_brand-ortobras","7":"product_cat-cadeira-de-rodas","8":"product_cat-equipamentos","9":"product_tag-apoio-de-pes-bandeja-desmontavel","10":"product_tag-cadeira-ortobras-kinder","11":"product_tag-carrinho-postural-infantil","12":"product_tag-estrutura-em-aluminio","13":"product_tag-reclinavel-com-tilt","14":"mbf-entry","16":"first","17":"outofstock","18":"sale","19":"shipping-taxable","20":"purchasable","21":"product-type-simple"},"_links":{"self":[{"href":"https:\/\/hospitalariars.com.br\/index.php\/wp-json\/wp\/v2\/product\/7576","targetHints":{"allow":["GET"]}}],"collection":[{"href":"https:\/\/hospitalariars.com.br\/index.php\/wp-json\/wp\/v2\/product"}],"about":[{"href":"https:\/\/hospitalariars.com.br\/index.php\/wp-json\/wp\/v2\/types\/product"}],"replies":[{"embeddable":true,"href":"https:\/\/hospitalariars.com.br\/index.php\/wp-json\/wp\/v2\/comments?post=7576"}],"wp:featuredmedia":[{"embeddable":true,"href":"https:\/\/hospitalariars.com.br\/index.php\/wp-json\/wp\/v2\/media\/7577"}],"wp:attachment":[{"href":"https:\/\/hospitalariars.com.br\/index.php\/wp-json\/wp\/v2\/media?parent=7576"}],"wp:term":[{"taxonomy":"product_brand","embeddable":true,"href":"https:\/\/hospitalariars.com.br\/index.php\/wp-json\/wp\/v2\/product_brand?post=7576"},{"taxonomy":"product_cat","embeddable":true,"href":"https:\/\/hospitalariars.com.br\/index.php\/wp-json\/wp\/v2\/product_cat?post=7576"},{"taxonomy":"product_tag","embeddable":true,"href":"https:\/\/hospitalariars.com.br\/index.php\/wp-json\/wp\/v2\/product_tag?post=7576"}],"curies":[{"name":"wp","href":"https:\/\/api.w.org\/{rel}","templated":true}]}}