{"id":7593,"date":"2025-06-18T12:04:49","date_gmt":"2025-06-18T15:04:49","guid":{"rendered":"https:\/\/hospitalariars.com.br\/?post_type=product&#038;p=7593"},"modified":"2026-03-27T16:03:41","modified_gmt":"2026-03-27T19:03:41","slug":"ipanema-ortobras","status":"publish","type":"product","link":"https:\/\/hospitalariars.com.br\/index.php\/produto\/ipanema-ortobras\/","title":{"rendered":"Ipanema &#8211; Ortobras"},"content":{"rendered":"<div class=\"pd-description\">\n<div class=\"pd-content\">\n<div class=\"std \">\n<div class=\"block-description w-100 mt-2 mb-2 \">\n<h3>Conforto para seu descanso<\/h3>\n<p>O encosto possui v\u00e1rios pontos de recl\u00ednio.<\/p>\n<p>Apoio de bra\u00e7o rebat\u00edvel para facilitar ao usu\u00e1rio fazer as transfer\u00eancias.<\/p>\n<p>A Ortobras sempre se preocupa na praticidade dos seus produtos e na Ipanema n\u00e3o poderia ser diferente.<\/p>\n<\/div>\n<\/div>\n<\/div>\n<\/div>\n<div class=\"pd-additional\">\n<p><span class=\"h5\">Informa\u00e7\u00f5es adicionais<\/span><\/p>\n<div class=\"pd-content\">\n<ul>\n<li data-attr-code=\"marca\"><strong>Marca:\u00a0<\/strong>Ortobras<\/li>\n<li data-attr-code=\"altura_dianteira_assento_piso\"><strong>Altura Dianteira do Assento ao Piso:\u00a0<\/strong>50 cm<\/li>\n<li data-attr-code=\"altura_do_encosto\"><strong>Altura do Encosto:\u00a0<\/strong>46 cm<\/li>\n<li data-attr-code=\"angulos_ajuste_encosto\"><strong>\u00c2ngulos de ajuste do encosto:\u00a0<\/strong>95\u00b0 \/ 115\u00b0 \/ 135\u00b0 \/ 155\u00b0<\/li>\n<li data-attr-code=\"apoio_braco\"><strong>Apoio de Bra\u00e7o:\u00a0<\/strong>Rebat\u00edvel<\/li>\n<li data-attr-code=\"apoio_pes\"><strong>Apoio de P\u00e9s:\u00a0<\/strong>Remov\u00edvel<\/li>\n<li data-attr-code=\"assento\"><strong>Assento:\u00a0<\/strong>Flex\u00edvel<\/li>\n<li data-attr-code=\"capacidade\"><strong>Capacidade:\u00a0<\/strong>110kg<\/li>\n<li data-attr-code=\"peso_a_partir\"><strong>Peso:\u00a0<\/strong>A partir de 19KG<\/li>\n<li data-attr-code=\"classificacao_riscos\"><strong>Classifica\u00e7\u00e3o de Risco:\u00a0<\/strong>I-Baixo Risco<\/li>\n<li data-attr-code=\"cor\"><strong>Cor:\u00a0<\/strong>Azul<\/li>\n<li data-attr-code=\"eixo_dianteiro\"><strong>Eixo Dianteiro:\u00a0<\/strong>Desmont\u00e1vel<\/li>\n<li data-attr-code=\"eixo_traseiro\"><strong>Eixo Traseiro:\u00a0<\/strong>Desmont\u00e1vel<\/li>\n<li data-attr-code=\"largura_total\"><strong>Largura total (cm):\u00a0<\/strong>70cm<\/li>\n<li data-attr-code=\"largura_do_assento\"><strong>Largura do Assento:\u00a0<\/strong>42 cm<\/li>\n<li data-attr-code=\"material_quadro\"><strong>Material do quadro:\u00a0<\/strong>Alum\u00ednio<\/li>\n<li data-attr-code=\"opcoes_encosto\"><strong>Op\u00e7\u00f5es de Encosto:\u00a0<\/strong>Flex\u00edvel<\/li>\n<li data-attr-code=\"pedal\"><strong>Pedal:\u00a0<\/strong>Fixo<\/li>\n<li data-attr-code=\"pneu_roda_dianteira\"><strong>Pneu da Roda Dianteira:\u00a0<\/strong>16\u2033 infl\u00e1vel<\/li>\n<li data-attr-code=\"pneu_roda_traseira\"><strong>Pneu da Roda Traseira:\u00a0<\/strong>Infl\u00e1vel 16\u2033<\/li>\n<li data-attr-code=\"profundidade_do_assento\"><strong>Profundidade do Assento:\u00a0<\/strong>50 cm<\/li>\n<li data-attr-code=\"registro_anvisa\"><strong>Registro ANVISA:\u00a0<\/strong>80118040002<\/li>\n<li data-attr-code=\"rodas_ianteiras\"><strong>Rodas Dianteiras:\u00a0<\/strong>16\u2033 aro de nylon<\/li>\n<li data-attr-code=\"roda_traseira\"><strong>Rodas Traseiras:\u00a0<\/strong>16\u2033 Aro de Nylon<\/li>\n<li data-attr-code=\"tipo_quadro\"><strong>Tipo do Quadro:\u00a0<\/strong>Fechamento frontal<\/li>\n<li data-attr-code=\"tipo_encosto\"><strong>Tipo do Encosto:\u00a0<\/strong>Reclin\u00e1vel e rebat\u00edvel<\/li>\n<li data-attr-code=\"dimensao_caixa\"><strong>Dimens\u00e3o da caixa (cm):\u00a0<\/strong>L40 x C95 x A120<\/li>\n<\/ul>\n<\/div>\n<\/div>\n","protected":false},"excerpt":{"rendered":"Conforto para seu descanso O encosto possui v\u00e1rios pontos de recl\u00ednio. Apoio de bra\u00e7o rebat\u00edvel para facilitar ao&hellip;","protected":false},"featured_media":7594,"comment_status":"open","ping_status":"closed","template":"","meta":{"slim_seo":{"title":"Ipanema - Ortobras - Hospitalaria RS","description":"Conforto para seu descanso O encosto possui v\u00e1rios pontos de recl\u00ednio. Apoio de bra\u00e7o rebat\u00edvel para facilitar ao usu\u00e1rio fazer as transfer\u00eancias. A Ortobras se"}},"product_brand":[131],"product_cat":[118,34],"product_tag":[566,567,565,569,568],"class_list":{"0":"post-7593","1":"product","2":"type-product","3":"status-publish","4":"has-post-thumbnail","6":"product_brand-ortobras","7":"product_cat-cadeira-de-rodas","8":"product_cat-equipamentos","9":"product_tag-apoio-de-braco-rebativel","10":"product_tag-cadeira-de-aluminio-leve","11":"product_tag-cadeira-de-rodas-reclinavel","12":"product_tag-cadeira-ortobras-azul","13":"product_tag-pneu-inflavel-16","14":"mbf-entry","16":"first","17":"outofstock","18":"sale","19":"shipping-taxable","20":"purchasable","21":"product-type-simple"},"_links":{"self":[{"href":"https:\/\/hospitalariars.com.br\/index.php\/wp-json\/wp\/v2\/product\/7593","targetHints":{"allow":["GET"]}}],"collection":[{"href":"https:\/\/hospitalariars.com.br\/index.php\/wp-json\/wp\/v2\/product"}],"about":[{"href":"https:\/\/hospitalariars.com.br\/index.php\/wp-json\/wp\/v2\/types\/product"}],"replies":[{"embeddable":true,"href":"https:\/\/hospitalariars.com.br\/index.php\/wp-json\/wp\/v2\/comments?post=7593"}],"wp:featuredmedia":[{"embeddable":true,"href":"https:\/\/hospitalariars.com.br\/index.php\/wp-json\/wp\/v2\/media\/7594"}],"wp:attachment":[{"href":"https:\/\/hospitalariars.com.br\/index.php\/wp-json\/wp\/v2\/media?parent=7593"}],"wp:term":[{"taxonomy":"product_brand","embeddable":true,"href":"https:\/\/hospitalariars.com.br\/index.php\/wp-json\/wp\/v2\/product_brand?post=7593"},{"taxonomy":"product_cat","embeddable":true,"href":"https:\/\/hospitalariars.com.br\/index.php\/wp-json\/wp\/v2\/product_cat?post=7593"},{"taxonomy":"product_tag","embeddable":true,"href":"https:\/\/hospitalariars.com.br\/index.php\/wp-json\/wp\/v2\/product_tag?post=7593"}],"curies":[{"name":"wp","href":"https:\/\/api.w.org\/{rel}","templated":true}]}}