{"id":7600,"date":"2025-06-18T12:17:55","date_gmt":"2025-06-18T15:17:55","guid":{"rendered":"https:\/\/hospitalariars.com.br\/?post_type=product&#038;p=7600"},"modified":"2026-03-27T16:03:41","modified_gmt":"2026-03-27T19:03:41","slug":"almofada-comfort-care-air-ortobras","status":"publish","type":"product","link":"https:\/\/hospitalariars.com.br\/index.php\/produto\/almofada-comfort-care-air-ortobras\/","title":{"rendered":"Almofada Comfort Care Air 01 un &#8211; Ortobras"},"content":{"rendered":"<h3 data-start=\"74\" data-end=\"120\">Principais caracter\u00edsticas da Comfort Air:<\/h3>\n<ul data-start=\"122\" data-end=\"270\">\n<li data-start=\"122\" data-end=\"178\">\n<p data-start=\"124\" data-end=\"178\"><strong data-start=\"124\" data-end=\"137\">Material:<\/strong> TPU (mais leve e resistente que o PVC)<\/p>\n<\/li>\n<li data-start=\"179\" data-end=\"211\">\n<p data-start=\"181\" data-end=\"211\"><strong data-start=\"181\" data-end=\"193\">V\u00e1lvula:<\/strong> Com trava f\u00e1cil<\/p>\n<\/li>\n<li data-start=\"212\" data-end=\"235\">\n<p data-start=\"214\" data-end=\"235\"><strong data-start=\"214\" data-end=\"223\">Capa:<\/strong> Poli\u00e9ster<\/p>\n<\/li>\n<li data-start=\"236\" data-end=\"270\">\n<p data-start=\"238\" data-end=\"270\"><strong data-start=\"238\" data-end=\"252\">Acompanha:<\/strong> Bomba de inflar<\/p>\n<\/li>\n<\/ul>\n<h3 data-start=\"272\" data-end=\"306\">Dimens\u00f5es (Grade de Tamanhos):<\/h3>\n<div class=\"_tableContainer_16hzy_1\">\n<div class=\"_tableWrapper_16hzy_14 group flex w-fit flex-col-reverse\" tabindex=\"-1\">\n<table class=\"w-fit min-w-(--thread-content-width)\" data-start=\"308\" data-end=\"446\">\n<thead data-start=\"308\" data-end=\"343\">\n<tr data-start=\"308\" data-end=\"343\">\n<th data-start=\"308\" data-end=\"318\" data-col-size=\"sm\">Largura<\/th>\n<th data-start=\"318\" data-end=\"333\" data-col-size=\"sm\">Profundidade<\/th>\n<th data-start=\"333\" data-end=\"343\" data-col-size=\"sm\">Altura<\/th>\n<\/tr>\n<\/thead>\n<tbody data-start=\"377\" data-end=\"446\">\n<tr data-start=\"377\" data-end=\"410\">\n<td data-start=\"377\" data-end=\"394\" data-col-size=\"sm\">40, 42 e 44 cm<\/td>\n<td data-start=\"394\" data-end=\"402\" data-col-size=\"sm\">40 cm<\/td>\n<td data-start=\"402\" data-end=\"410\" data-col-size=\"sm\">7 cm<\/td>\n<\/tr>\n<tr data-start=\"411\" data-end=\"446\">\n<td data-start=\"411\" data-end=\"424\" data-col-size=\"sm\">46 e 48 cm<\/td>\n<td data-start=\"424\" data-end=\"438\" data-col-size=\"sm\">40 ou 45 cm<\/td>\n<td data-start=\"438\" data-end=\"446\" data-col-size=\"sm\">7 cm<\/td>\n<\/tr>\n<\/tbody>\n<\/table>\n<\/div>\n<\/div>\n","protected":false},"excerpt":{"rendered":"Principais caracter\u00edsticas da Comfort Air: Material: TPU (mais leve e resistente que o PVC) V\u00e1lvula: Com trava f\u00e1cil&hellip;","protected":false},"featured_media":7601,"comment_status":"open","ping_status":"closed","template":"","meta":{"slim_seo":{"title":"Almofada Comfort Care Air 01 un - Ortobras - Hospitalaria RS","description":"Principais caracter\u00edsticas da Comfort Air: Material: TPU (mais leve e resistente que o PVC) V\u00e1lvula: Com trava f\u00e1cil Capa: Poli\u00e9ster Acompanha: Bomba de inflar"}},"product_brand":[131],"product_cat":[163,34],"product_tag":[514,516,512,515,352],"class_list":{"0":"post-7600","1":"product","2":"type-product","3":"status-publish","4":"has-post-thumbnail","6":"product_brand-ortobras","7":"product_cat-almofada","8":"product_cat-equipamentos","9":"product_tag-almofada-comfort-air","10":"product_tag-bomba-de-inflar","11":"product_tag-capa-poliester","12":"product_tag-material-tpu-resistente-e-leve","13":"product_tag-valvula-trava-facil","14":"mbf-entry","16":"first","17":"outofstock","18":"sale","19":"shipping-taxable","20":"purchasable","21":"product-type-simple"},"_links":{"self":[{"href":"https:\/\/hospitalariars.com.br\/index.php\/wp-json\/wp\/v2\/product\/7600","targetHints":{"allow":["GET"]}}],"collection":[{"href":"https:\/\/hospitalariars.com.br\/index.php\/wp-json\/wp\/v2\/product"}],"about":[{"href":"https:\/\/hospitalariars.com.br\/index.php\/wp-json\/wp\/v2\/types\/product"}],"replies":[{"embeddable":true,"href":"https:\/\/hospitalariars.com.br\/index.php\/wp-json\/wp\/v2\/comments?post=7600"}],"wp:featuredmedia":[{"embeddable":true,"href":"https:\/\/hospitalariars.com.br\/index.php\/wp-json\/wp\/v2\/media\/7601"}],"wp:attachment":[{"href":"https:\/\/hospitalariars.com.br\/index.php\/wp-json\/wp\/v2\/media?parent=7600"}],"wp:term":[{"taxonomy":"product_brand","embeddable":true,"href":"https:\/\/hospitalariars.com.br\/index.php\/wp-json\/wp\/v2\/product_brand?post=7600"},{"taxonomy":"product_cat","embeddable":true,"href":"https:\/\/hospitalariars.com.br\/index.php\/wp-json\/wp\/v2\/product_cat?post=7600"},{"taxonomy":"product_tag","embeddable":true,"href":"https:\/\/hospitalariars.com.br\/index.php\/wp-json\/wp\/v2\/product_tag?post=7600"}],"curies":[{"name":"wp","href":"https:\/\/api.w.org\/{rel}","templated":true}]}}