{"id":7616,"date":"2025-06-18T14:32:09","date_gmt":"2025-06-18T17:32:09","guid":{"rendered":"https:\/\/hospitalariars.com.br\/?post_type=product&#038;p=7616"},"modified":"2026-03-27T16:03:41","modified_gmt":"2026-03-27T19:03:41","slug":"cadeira-de-banho-bf-new-ortobras","status":"publish","type":"product","link":"https:\/\/hospitalariars.com.br\/index.php\/produto\/cadeira-de-banho-bf-new-ortobras\/","title":{"rendered":"Cadeira de Banho BF New &#8211; Ortobras"},"content":{"rendered":"<h3 data-start=\"55\" data-end=\"103\">Principais caracter\u00edsticas do modelo BT New:<\/h3>\n<ul data-start=\"104\" data-end=\"381\">\n<li data-start=\"104\" data-end=\"157\">\n<p data-start=\"106\" data-end=\"157\"><strong data-start=\"106\" data-end=\"123\">Apoio de p\u00e9s:<\/strong> Plataforma, remov\u00edvel e rebat\u00edvel<\/p>\n<\/li>\n<li data-start=\"158\" data-end=\"185\">\n<p data-start=\"160\" data-end=\"185\"><strong data-start=\"160\" data-end=\"180\">Apoio de bra\u00e7os:<\/strong> Fixo<\/p>\n<\/li>\n<li data-start=\"186\" data-end=\"230\">\n<p data-start=\"188\" data-end=\"230\"><strong data-start=\"188\" data-end=\"206\">Roda traseira:<\/strong> Rod\u00edzio de 4\u201d com freio<\/p>\n<\/li>\n<li data-start=\"231\" data-end=\"266\">\n<p data-start=\"233\" data-end=\"266\"><strong data-start=\"233\" data-end=\"252\">Roda dianteira:<\/strong> Rod\u00edzio de 4\u201d<\/p>\n<\/li>\n<li data-start=\"267\" data-end=\"312\">\n<p data-start=\"269\" data-end=\"312\"><strong data-start=\"269\" data-end=\"280\">Quadro:<\/strong> Alum\u00ednio com fechamento lateral<\/p>\n<\/li>\n<li data-start=\"313\" data-end=\"348\">\n<p data-start=\"315\" data-end=\"348\"><strong data-start=\"315\" data-end=\"327\">Encosto:<\/strong> Com ajuste de tens\u00e3o<\/p>\n<\/li>\n<li data-start=\"349\" data-end=\"381\">\n<p data-start=\"351\" data-end=\"381\"><strong data-start=\"351\" data-end=\"374\">Capacidade de peso:<\/strong> 150 kg<\/p>\n<\/li>\n<\/ul>\n<h3 data-start=\"383\" data-end=\"417\">Grade de tamanhos dispon\u00edveis:<\/h3>\n<ul data-start=\"418\" data-end=\"503\">\n<li data-start=\"418\" data-end=\"457\">\n<p data-start=\"420\" data-end=\"457\"><strong data-start=\"420\" data-end=\"443\">Largura do assento:<\/strong> 44 cm e 48 cm<\/p>\n<\/li>\n<li data-start=\"458\" data-end=\"483\">\n<p data-start=\"460\" data-end=\"483\"><strong data-start=\"460\" data-end=\"477\">Profundidade:<\/strong> 40 cm<\/p>\n<\/li>\n<li data-start=\"484\" data-end=\"503\">\n<p data-start=\"486\" data-end=\"503\"><strong data-start=\"486\" data-end=\"497\">Altura:<\/strong> 40 cm<\/p>\n<\/li>\n<\/ul>\n","protected":false},"excerpt":{"rendered":"Principais caracter\u00edsticas do modelo BT New: Apoio de p\u00e9s: Plataforma, remov\u00edvel e rebat\u00edvel Apoio de bra\u00e7os: Fixo Roda&hellip;","protected":false},"featured_media":7619,"comment_status":"open","ping_status":"closed","template":"","meta":{"slim_seo":{"title":"Cadeira de Banho BF New - Ortobras - Hospitalaria RS","description":"Principais caracter\u00edsticas do modelo BT New: Apoio de p\u00e9s: Plataforma, remov\u00edvel e rebat\u00edvel Apoio de bra\u00e7os: Fixo Roda traseira: Rod\u00edzio de 4\u201d com freio Roda d"}},"product_brand":[131],"product_cat":[156,34],"product_tag":[360,359,363,362,361],"class_list":{"0":"post-7616","1":"product","2":"type-product","3":"status-publish","4":"has-post-thumbnail","6":"product_brand-ortobras","7":"product_cat-cadeira-de-banho","8":"product_cat-equipamentos","9":"product_tag-apoio-de-pes-removivel","10":"product_tag-cadeira-de-banho-bt-new","11":"product_tag-capacidade-150-kg","12":"product_tag-encosto-ajustavel","13":"product_tag-quadro-aluminio","14":"mbf-entry","16":"first","17":"outofstock","18":"shipping-taxable","19":"product-type-simple"},"_links":{"self":[{"href":"https:\/\/hospitalariars.com.br\/index.php\/wp-json\/wp\/v2\/product\/7616","targetHints":{"allow":["GET"]}}],"collection":[{"href":"https:\/\/hospitalariars.com.br\/index.php\/wp-json\/wp\/v2\/product"}],"about":[{"href":"https:\/\/hospitalariars.com.br\/index.php\/wp-json\/wp\/v2\/types\/product"}],"replies":[{"embeddable":true,"href":"https:\/\/hospitalariars.com.br\/index.php\/wp-json\/wp\/v2\/comments?post=7616"}],"wp:featuredmedia":[{"embeddable":true,"href":"https:\/\/hospitalariars.com.br\/index.php\/wp-json\/wp\/v2\/media\/7619"}],"wp:attachment":[{"href":"https:\/\/hospitalariars.com.br\/index.php\/wp-json\/wp\/v2\/media?parent=7616"}],"wp:term":[{"taxonomy":"product_brand","embeddable":true,"href":"https:\/\/hospitalariars.com.br\/index.php\/wp-json\/wp\/v2\/product_brand?post=7616"},{"taxonomy":"product_cat","embeddable":true,"href":"https:\/\/hospitalariars.com.br\/index.php\/wp-json\/wp\/v2\/product_cat?post=7616"},{"taxonomy":"product_tag","embeddable":true,"href":"https:\/\/hospitalariars.com.br\/index.php\/wp-json\/wp\/v2\/product_tag?post=7616"}],"curies":[{"name":"wp","href":"https:\/\/api.w.org\/{rel}","templated":true}]}}