{"id":7622,"date":"2025-06-18T14:35:51","date_gmt":"2025-06-18T17:35:51","guid":{"rendered":"https:\/\/hospitalariars.com.br\/?post_type=product&#038;p=7622"},"modified":"2026-03-27T16:03:41","modified_gmt":"2026-03-27T19:03:41","slug":"cadeira-de-banho-bf-plus-ortobras","status":"publish","type":"product","link":"https:\/\/hospitalariars.com.br\/index.php\/produto\/cadeira-de-banho-bf-plus-ortobras\/","title":{"rendered":"Cadeira de Banho BF Plus &#8211; Ortobras"},"content":{"rendered":"<h3 data-start=\"61\" data-end=\"107\">Principais caracter\u00edsticas da BF New Plus:<\/h3>\n<ul data-start=\"109\" data-end=\"386\">\n<li data-start=\"109\" data-end=\"162\">\n<p data-start=\"111\" data-end=\"162\"><strong data-start=\"111\" data-end=\"128\">Apoio de p\u00e9s:<\/strong> Plataforma, remov\u00edvel e rebat\u00edvel<\/p>\n<\/li>\n<li data-start=\"163\" data-end=\"190\">\n<p data-start=\"165\" data-end=\"190\"><strong data-start=\"165\" data-end=\"185\">Apoio de bra\u00e7os:<\/strong> Fixo<\/p>\n<\/li>\n<li data-start=\"191\" data-end=\"235\">\n<p data-start=\"193\" data-end=\"235\"><strong data-start=\"193\" data-end=\"211\">Roda traseira:<\/strong> Rod\u00edzio de 4\u201d com freio<\/p>\n<\/li>\n<li data-start=\"236\" data-end=\"271\">\n<p data-start=\"238\" data-end=\"271\"><strong data-start=\"238\" data-end=\"257\">Roda dianteira:<\/strong> Rod\u00edzio de 4\u201d<\/p>\n<\/li>\n<li data-start=\"272\" data-end=\"317\">\n<p data-start=\"274\" data-end=\"317\"><strong data-start=\"274\" data-end=\"285\">Quadro:<\/strong> Alum\u00ednio com fechamento lateral<\/p>\n<\/li>\n<li data-start=\"318\" data-end=\"353\">\n<p data-start=\"320\" data-end=\"353\"><strong data-start=\"320\" data-end=\"332\">Encosto:<\/strong> Com ajuste de tens\u00e3o<\/p>\n<\/li>\n<li data-start=\"354\" data-end=\"386\">\n<p data-start=\"356\" data-end=\"386\"><strong data-start=\"356\" data-end=\"379\">Capacidade de peso:<\/strong> 200 kg<\/p>\n<\/li>\n<\/ul>\n<h3 data-start=\"388\" data-end=\"422\">Grade de tamanhos dispon\u00edveis:<\/h3>\n<ul data-start=\"423\" data-end=\"508\">\n<li data-start=\"423\" data-end=\"462\">\n<p data-start=\"425\" data-end=\"462\"><strong data-start=\"425\" data-end=\"448\">Largura do assento:<\/strong> 50 cm e 60 cm<\/p>\n<\/li>\n<li data-start=\"463\" data-end=\"488\">\n<p data-start=\"465\" data-end=\"488\"><strong data-start=\"465\" data-end=\"482\">Profundidade:<\/strong> 40 cm<\/p>\n<\/li>\n<li data-start=\"489\" data-end=\"508\">\n<p data-start=\"491\" data-end=\"508\"><strong data-start=\"491\" data-end=\"502\">Altura:<\/strong> 40 cm<\/p>\n<\/li>\n<\/ul>\n","protected":false},"excerpt":{"rendered":"Principais caracter\u00edsticas da BF New Plus: Apoio de p\u00e9s: Plataforma, remov\u00edvel e rebat\u00edvel Apoio de bra\u00e7os: Fixo Roda&hellip;","protected":false},"featured_media":7624,"comment_status":"open","ping_status":"closed","template":"","meta":{"slim_seo":{"title":"Cadeira de Banho BF Plus - Ortobras - Hospitalaria RS","description":"Principais caracter\u00edsticas da BF New Plus: Apoio de p\u00e9s: Plataforma, remov\u00edvel e rebat\u00edvel Apoio de bra\u00e7os: Fixo Roda traseira: Rod\u00edzio de 4\u201d com freio Roda dia"}},"product_brand":[131],"product_cat":[156,34],"product_tag":[360,364,365,362,361],"class_list":{"0":"post-7622","1":"product","2":"type-product","3":"status-publish","4":"has-post-thumbnail","6":"product_brand-ortobras","7":"product_cat-cadeira-de-banho","8":"product_cat-equipamentos","9":"product_tag-apoio-de-pes-removivel","10":"product_tag-cadeira-de-banho-bf-new-plus","11":"product_tag-capacidade-200-kg","12":"product_tag-encosto-ajustavel","13":"product_tag-quadro-aluminio","14":"mbf-entry","16":"first","17":"outofstock","18":"shipping-taxable","19":"product-type-simple"},"_links":{"self":[{"href":"https:\/\/hospitalariars.com.br\/index.php\/wp-json\/wp\/v2\/product\/7622","targetHints":{"allow":["GET"]}}],"collection":[{"href":"https:\/\/hospitalariars.com.br\/index.php\/wp-json\/wp\/v2\/product"}],"about":[{"href":"https:\/\/hospitalariars.com.br\/index.php\/wp-json\/wp\/v2\/types\/product"}],"replies":[{"embeddable":true,"href":"https:\/\/hospitalariars.com.br\/index.php\/wp-json\/wp\/v2\/comments?post=7622"}],"wp:featuredmedia":[{"embeddable":true,"href":"https:\/\/hospitalariars.com.br\/index.php\/wp-json\/wp\/v2\/media\/7624"}],"wp:attachment":[{"href":"https:\/\/hospitalariars.com.br\/index.php\/wp-json\/wp\/v2\/media?parent=7622"}],"wp:term":[{"taxonomy":"product_brand","embeddable":true,"href":"https:\/\/hospitalariars.com.br\/index.php\/wp-json\/wp\/v2\/product_brand?post=7622"},{"taxonomy":"product_cat","embeddable":true,"href":"https:\/\/hospitalariars.com.br\/index.php\/wp-json\/wp\/v2\/product_cat?post=7622"},{"taxonomy":"product_tag","embeddable":true,"href":"https:\/\/hospitalariars.com.br\/index.php\/wp-json\/wp\/v2\/product_tag?post=7622"}],"curies":[{"name":"wp","href":"https:\/\/api.w.org\/{rel}","templated":true}]}}