{"id":7645,"date":"2025-06-18T15:25:49","date_gmt":"2025-06-18T18:25:49","guid":{"rendered":"https:\/\/hospitalariars.com.br\/?post_type=product&#038;p=7645"},"modified":"2026-03-27T16:03:40","modified_gmt":"2026-03-27T19:03:40","slug":"cadeira-de-rodas-m3-ortobras","status":"publish","type":"product","link":"https:\/\/hospitalariars.com.br\/index.php\/produto\/cadeira-de-rodas-m3-ortobras\/","title":{"rendered":"Cadeira de Rodas M3 &#8211; Ortobras"},"content":{"rendered":"<div class=\"pd-description\">\n<div class=\"pd-content\">\n<div class=\"std \">\n<div class=\"block-description w-100 mt-2 mb-2 \">\n<p>A cadeira de rodas\u00a0<strong>M3 Ortobras<\/strong>\u00a0\u00e9 a op\u00e7\u00e3o ideal para quem busca conforto, seguran\u00e7a e praticidade no dia a dia. Fabricada com materiais de alta qualidade, ela oferece resist\u00eancia e durabilidade, garantindo a mobilidade e independ\u00eancia do usu\u00e1rio. A cadeira de rodas M3 \u00e9 ajust\u00e1vel e personaliz\u00e1vel, atendendo \u00e0s necessidades individuais de cada usu\u00e1rio. Seu design compacto e dobr\u00e1vel facilita o transporte e armazenamento, tornando-a pr\u00e1tica para ser levada para qualquer lugar. Invista na sua qualidade de vida e adquira agora a cadeira de rodas M3. Garanta mais conforto, seguran\u00e7a e autonomia em suas atividades di\u00e1rias. Aproveite nossas condi\u00e7\u00f5es especiais e adquira j\u00e1 a sua!<\/p>\n<\/div>\n<\/div>\n<\/div>\n<\/div>\n<div class=\"pd-additional\">\n<p><span class=\"h5\">Informa\u00e7\u00f5es adicionais<\/span><\/p>\n<div class=\"pd-content\">\n<ul>\n<li data-attr-code=\"marca\"><strong>Marca:\u00a0<\/strong>Ortobras<\/li>\n<li data-attr-code=\"ajuste_centro_gravidade\"><strong>Ajuste do Centro de Gravidade:\u00a0<\/strong>0 a 6 cm milim\u00e9trico<\/li>\n<li data-attr-code=\"almofada\"><strong>Almofada:\u00a0<\/strong>Balance<\/li>\n<li data-attr-code=\"altura_dianteira_assento_piso\"><strong>Altura Dianteira do Assento ao Piso:\u00a0<\/strong>49\/50\/51 cm<\/li>\n<li data-attr-code=\"altura_traseira_assento_piso\"><strong>Altura Traseira do Assento ao Piso:\u00a0<\/strong>44\/45\/46\/47\/48 cm<\/li>\n<li data-attr-code=\"apoio_braco\"><strong>Apoio de Bra\u00e7o:\u00a0<\/strong>Tubular (opcional)<\/li>\n<li data-attr-code=\"apoio_pes\"><strong>Apoio de P\u00e9s:\u00a0<\/strong>Um \u201cU\u201d plataforma<\/li>\n<li data-attr-code=\"aro_impulso\"><strong>Aro de Impulso:\u00a0<\/strong>Alum\u00ednio Anodizado<\/li>\n<li data-attr-code=\"cambagem\"><strong>Cambagem:\u00a0<\/strong>0\u00b0 e 3\u00b0<\/li>\n<li data-attr-code=\"capacidade\"><strong>Capacidade:\u00a0<\/strong>120 Kg<\/li>\n<li data-attr-code=\"peso_a_partir\"><strong>Peso:\u00a0<\/strong>A partir de 13KG<\/li>\n<li data-attr-code=\"classificacao_riscos\"><strong>Classifica\u00e7\u00e3o de Risco:\u00a0<\/strong>I-Baixo Risco<\/li>\n<li data-attr-code=\"eixo_dianteiro\"><strong>Eixo Dianteiro:\u00a0<\/strong>Fixo<\/li>\n<li data-attr-code=\"eixo_traseiro\"><strong>Eixo Traseiro:\u00a0<\/strong>Desmont\u00e1vel<\/li>\n<li data-attr-code=\"estofamento_assento\"><strong>Estofamento de Assento:\u00a0<\/strong>R\u00edgido<\/li>\n<li data-attr-code=\"estofamento_encosto\"><strong>Estofamento de Encosto:\u00a0<\/strong>Nylon Acolchoado<\/li>\n<li data-attr-code=\"freios\"><strong>Freios:\u00a0<\/strong>Acionamento para Frente<\/li>\n<li data-attr-code=\"material_quadro\"><strong>Material do quadro:\u00a0<\/strong>Alum\u00ednio<\/li>\n<li data-attr-code=\"opcoes_encosto\"><strong>Op\u00e7\u00f5es de Encosto:\u00a0<\/strong>Flex\u00edvel com ajuste de tens\u00e3o<\/li>\n<li data-attr-code=\"pedal\"><strong>Pedal:\u00a0<\/strong>\u00c2ngulo Ajust\u00e1vel<\/li>\n<li data-attr-code=\"pintura\"><strong>Pintura:\u00a0<\/strong>Ep\u00f3xi<\/li>\n<li data-attr-code=\"pneu_roda_traseira\"><strong>Pneu da Roda Traseira:\u00a0<\/strong>Infl\u00e1vel 24\u2033x 1\u2033<\/li>\n<li data-attr-code=\"protetor_roupa\"><strong>Protetor de Roupa:\u00a0<\/strong>Alum\u00ednio com Abas<\/li>\n<li data-attr-code=\"registro_anvisa\"><strong>Registro ANVISA:\u00a0<\/strong>80118040002<\/li>\n<li data-attr-code=\"regulagem_apoio_pes\"><strong>Regulagem do Apoio de P\u00e9s:\u00a0<\/strong>de 40 cm a 48 cm<\/li>\n<li data-attr-code=\"rodas_ianteiras\"><strong>Rodas Dianteiras:\u00a0<\/strong>5\u2033 maci\u00e7a aro de alum\u00ednio<\/li>\n<li data-attr-code=\"roda_traseira\"><strong>Rodas Traseiras:\u00a0<\/strong>Raiada 36 raios<\/li>\n<li data-attr-code=\"tipo_quadro\"><strong>Tipo do Quadro:\u00a0<\/strong>Monobloco<\/li>\n<li data-attr-code=\"tipo_encosto\"><strong>Tipo do Encosto:\u00a0<\/strong>Flex\u00edvel<\/li>\n<li data-attr-code=\"dimensao_caixa\"><strong>Dimens\u00e3o da caixa (cm):\u00a0<\/strong>L62 x C80 x A62<\/li>\n<\/ul>\n<\/div>\n<\/div>\n","protected":false},"excerpt":{"rendered":"A cadeira de rodas\u00a0M3 Ortobras\u00a0\u00e9 a op\u00e7\u00e3o ideal para quem busca conforto, seguran\u00e7a e praticidade no dia a&hellip;","protected":false},"featured_media":7647,"comment_status":"open","ping_status":"closed","template":"","meta":{"slim_seo":{"title":"Cadeira de Rodas M3 - Ortobras - Hospitalaria RS","description":"A cadeira de rodas\u00a0 M3 Ortobras \u00a0\u00e9 a op\u00e7\u00e3o ideal para quem busca conforto, seguran\u00e7a e praticidade no dia a dia. Fabricada com materiais de alta qualidade, ela"}},"product_brand":[131],"product_cat":[118,34],"product_tag":[437,119,434,436,435],"class_list":{"0":"post-7645","1":"product","2":"type-product","3":"status-publish","4":"has-post-thumbnail","6":"product_brand-ortobras","7":"product_cat-cadeira-de-rodas","8":"product_cat-equipamentos","9":"product_tag-ajuste-centro-de-gravidade","10":"product_tag-cadeira-de-rodas","11":"product_tag-cadeira-leve","12":"product_tag-m3-ortobras","13":"product_tag-mobilidade-confortavel","14":"mbf-entry","16":"first","17":"outofstock","18":"sale","19":"shipping-taxable","20":"purchasable","21":"product-type-simple"},"_links":{"self":[{"href":"https:\/\/hospitalariars.com.br\/index.php\/wp-json\/wp\/v2\/product\/7645","targetHints":{"allow":["GET"]}}],"collection":[{"href":"https:\/\/hospitalariars.com.br\/index.php\/wp-json\/wp\/v2\/product"}],"about":[{"href":"https:\/\/hospitalariars.com.br\/index.php\/wp-json\/wp\/v2\/types\/product"}],"replies":[{"embeddable":true,"href":"https:\/\/hospitalariars.com.br\/index.php\/wp-json\/wp\/v2\/comments?post=7645"}],"wp:featuredmedia":[{"embeddable":true,"href":"https:\/\/hospitalariars.com.br\/index.php\/wp-json\/wp\/v2\/media\/7647"}],"wp:attachment":[{"href":"https:\/\/hospitalariars.com.br\/index.php\/wp-json\/wp\/v2\/media?parent=7645"}],"wp:term":[{"taxonomy":"product_brand","embeddable":true,"href":"https:\/\/hospitalariars.com.br\/index.php\/wp-json\/wp\/v2\/product_brand?post=7645"},{"taxonomy":"product_cat","embeddable":true,"href":"https:\/\/hospitalariars.com.br\/index.php\/wp-json\/wp\/v2\/product_cat?post=7645"},{"taxonomy":"product_tag","embeddable":true,"href":"https:\/\/hospitalariars.com.br\/index.php\/wp-json\/wp\/v2\/product_tag?post=7645"}],"curies":[{"name":"wp","href":"https:\/\/api.w.org\/{rel}","templated":true}]}}