{"id":7649,"date":"2025-06-18T15:29:53","date_gmt":"2025-06-18T18:29:53","guid":{"rendered":"https:\/\/hospitalariars.com.br\/?post_type=product&#038;p=7649"},"modified":"2026-03-27T16:03:40","modified_gmt":"2026-03-27T19:03:40","slug":"cadeira-de-rodas-m3-premium-ortobras","status":"publish","type":"product","link":"https:\/\/hospitalariars.com.br\/index.php\/produto\/cadeira-de-rodas-m3-premium-ortobras\/","title":{"rendered":"Cadeira de Rodas M3 Premium &#8211; Ortobras"},"content":{"rendered":"<div class=\"pd-description\">\n<div class=\"pd-content\">\n<div class=\"std \">\n<div class=\"block-description w-100 mt-2 mb-2 \">\n<h2>Cadeira M3 Ortobras<\/h2>\n<p>Descubra com a nova cadeira de rodas ativa M3 Premium uma nova forma de viver. Com um peso incrivelmente leve e um espirito jovem e esportivo.<\/p>\n<p>Muito f\u00e1cil de manejar, totalmente ajust\u00e1vel e redesenhada, a cadeira de rodas M3 Premium incorpora os materiais mais leves e inovadores em todos os seus componentes.<\/p>\n<p>V\u00e1 onde for, fa\u00e7a o que fizer, confie na M3 Premium e Viva sem limites!<\/p>\n<p>&nbsp;<\/p>\n<h3>Incrivelmente leve, resist\u00eancia e durabilidade comprovadas<\/h3>\n<p>A M3 Premium incorpora os materiais mais leves e inovadores em todos os seus componentes. O resultado \u00e9 uma cadeira de rodas ultra-leve, que se adapta as medidas do usu\u00e1rio. Assim, poder\u00e1 percorrer grandes dist\u00e2ncias e mover-se com o m\u00ednimo esfor\u00e7o.<\/p>\n<p>A M3 Premium caracteriza-se pela sua estrutura monobloco, que proporciona maior agilidade, para que possa ter mais velocidade em cada impulsionada. Al\u00e9m disso, mediante todos os ajustes que a M3 Premium oferece, a cadeira se molda perfeitamente ao usu\u00e1rio. Muito mais qualidade de vida para voc\u00ea!<\/p>\n<p>&nbsp;<\/p>\n<h3>Suporte e liberdade de movimentos com o encosto Balance Back<\/h3>\n<p>&nbsp;<\/p>\n<p>O inovador encosto Balance n\u00e3o s\u00f3 melhora a estabilidade do tronco, como tamb\u00e9m permite desfrutar de 360\u00ba graus de movimento no tronco superior (sem a restri\u00e7\u00e3o que os tubos dos encostos convencionais). Assim, ter\u00e1 maior liberdade de movimentos e obter\u00e1 melhor acesso \u00e0s rodas traseiras, o que melhora a propuls\u00e3o.Com certeza, o encosto Balance dar\u00e1 a sua cadeira um toque inconfund\u00edvel e dar\u00e1 a estabilidade e conforto que voc\u00ea precisa para se sentir ativo. Ir\u00e1 senti a diferen\u00e7a!<\/p>\n<p>&nbsp;<\/p>\n<h3>A cadeira de rodas r\u00edgida mais ajust\u00e1vel<\/h3>\n<p>&nbsp;<\/p>\n<p>A M3 Premium, mesmo sendo uma estrutura r\u00edgida, permite uma s\u00e9rie de ajustes ergon\u00f4micos, o que a faz da M3 Premium a cadeira de rodas ativa com ajustes mais leve do mercado. Entre estes ajustes encontra-se por exemplo, o \u00e2ngulo do encosto, que se pode colocar em m\u00faltiplas posi\u00e7\u00f5es desde -10\u00b0 a + 10\u00b0 ou o centro de gravidade para que possa tornar a cadeira mais \u00e1gil ou est\u00e1vel dependendo das suas necessidades pessoais. Tamb\u00e9m poder\u00e1 regular a altura traseira e a altura dianteira do assento. A M3 Premium adapta-se \u00e0s suas necessidades!<\/p>\n<\/div>\n<\/div>\n<\/div>\n<\/div>\n<div class=\"pd-additional\">\n<p><span class=\"h5\">Informa\u00e7\u00f5es adicionais<\/span><\/p>\n<div class=\"pd-content\">\n<ul>\n<li data-attr-code=\"marca\"><strong>Marca:\u00a0<\/strong>Ortobras<\/li>\n<li data-attr-code=\"ajuste_centro_gravidade\"><strong>Ajuste do Centro de Gravidade:\u00a0<\/strong>0 a 6 cm milim\u00e9trico<\/li>\n<li data-attr-code=\"almofada\"><strong>Almofada:\u00a0<\/strong>Balance<\/li>\n<li data-attr-code=\"altura_dianteira_assento_piso\"><strong>Altura Dianteira do Assento ao Piso:\u00a0<\/strong>49\/50\/51 cm<\/li>\n<li data-attr-code=\"altura_traseira_assento_piso\"><strong>Altura Traseira do Assento ao Piso:\u00a0<\/strong>44\/45\/46\/47\/48 cm<\/li>\n<li data-attr-code=\"apoio_braco\"><strong>Apoio de Bra\u00e7o:\u00a0<\/strong>Tubular (opcional)<\/li>\n<li data-attr-code=\"apoio_pes\"><strong>Apoio de P\u00e9s:\u00a0<\/strong>Um \u201cU\u201d plataforma<\/li>\n<li data-attr-code=\"aro_impulso\"><strong>Aro de Impulso:\u00a0<\/strong>Alum\u00ednio Anodizado<\/li>\n<li data-attr-code=\"cambagem\"><strong>Cambagem:\u00a0<\/strong>0\u00b0 e 3\u00b0<\/li>\n<li data-attr-code=\"capacidade\"><strong>Capacidade:\u00a0<\/strong>120 Kg<\/li>\n<li data-attr-code=\"peso_a_partir\"><strong>Peso:\u00a0<\/strong>A partir de 13KG<\/li>\n<li data-attr-code=\"classificacao_riscos\"><strong>Classifica\u00e7\u00e3o de Risco:\u00a0<\/strong>I-Baixo Risco<\/li>\n<li data-attr-code=\"eixo_dianteiro\"><strong>Eixo Dianteiro:\u00a0<\/strong>Fixo<\/li>\n<li data-attr-code=\"eixo_traseiro\"><strong>Eixo Traseiro:\u00a0<\/strong>Desmont\u00e1vel<\/li>\n<li data-attr-code=\"estofamento_assento\"><strong>Estofamento de Assento:\u00a0<\/strong>R\u00edgido<\/li>\n<li data-attr-code=\"estofamento_encosto\"><strong>Estofamento de Encosto:\u00a0<\/strong>R\u00edgido<\/li>\n<li data-attr-code=\"freios\"><strong>Freios:\u00a0<\/strong>Acionamento para Frente<\/li>\n<li data-attr-code=\"largura_total\"><strong>Largura total (cm):\u00a0<\/strong>Largura + 20 cm (0\u00b0)<\/li>\n<li data-attr-code=\"material_quadro\"><strong>Material do quadro:\u00a0<\/strong>Alum\u00ednio<\/li>\n<li data-attr-code=\"opcoes_encosto\"><strong>Op\u00e7\u00f5es de Encosto:\u00a0<\/strong>R\u00edgido Balance Back<\/li>\n<li data-attr-code=\"pedal\"><strong>Pedal:\u00a0<\/strong>\u00c2ngulo Ajust\u00e1vel<\/li>\n<li data-attr-code=\"pintura\"><strong>Pintura:\u00a0<\/strong>Ep\u00f3xi<\/li>\n<li data-attr-code=\"pneu_roda_traseira\"><strong>Pneu da Roda Traseira:\u00a0<\/strong>Infl\u00e1vel 24\u2033x 1\u2033<\/li>\n<li data-attr-code=\"protetor_roupa\"><strong>Protetor de Roupa:\u00a0<\/strong>Alum\u00ednio com Abas<\/li>\n<li data-attr-code=\"registro_anvisa\"><strong>Registro ANVISA:\u00a0<\/strong>80118040002<\/li>\n<li data-attr-code=\"regulagem_apoio_pes\"><strong>Regulagem do Apoio de P\u00e9s:\u00a0<\/strong>de 40 cm a 48 cm<\/li>\n<li data-attr-code=\"rodas_ianteiras\"><strong>Rodas Dianteiras:\u00a0<\/strong>5\u2033 maci\u00e7a aro de alum\u00ednio<\/li>\n<li data-attr-code=\"roda_traseira\"><strong>Rodas Traseiras:\u00a0<\/strong>Sentinel 24\u2033 com 12 raios de tit\u00e2nio<\/li>\n<li data-attr-code=\"tipo_quadro\"><strong>Tipo do Quadro:\u00a0<\/strong>Monobloco<\/li>\n<li data-attr-code=\"tipo_encosto\"><strong>Tipo do Encosto:\u00a0<\/strong>R\u00edgido Ajust\u00e1vel (Balance Back)<\/li>\n<li data-attr-code=\"dimensao_caixa\"><strong>Dimens\u00e3o da caixa (cm):\u00a0<\/strong>L62 x C80 x A62<\/li>\n<\/ul>\n<\/div>\n<\/div>\n","protected":false},"excerpt":{"rendered":"Cadeira M3 Ortobras Descubra com a nova cadeira de rodas ativa M3 Premium uma nova forma de viver.&hellip;","protected":false},"featured_media":7650,"comment_status":"open","ping_status":"closed","template":"","meta":{"slim_seo":{"title":"Cadeira de Rodas M3 Premium - Ortobras - Hospitalaria RS","description":"Cadeira M3 Ortobras Descubra com a nova cadeira de rodas ativa M3 Premium uma nova forma de viver. Com um peso incrivelmente leve e um espirito jovem e esportiv"}},"product_brand":[131],"product_cat":[118,34],"product_tag":[437,439,119,440,438],"class_list":{"0":"post-7649","1":"product","2":"type-product","3":"status-publish","4":"has-post-thumbnail","6":"product_brand-ortobras","7":"product_cat-cadeira-de-rodas","8":"product_cat-equipamentos","9":"product_tag-ajuste-centro-de-gravidade","10":"product_tag-cadeira-ativa-leve","11":"product_tag-cadeira-de-rodas","12":"product_tag-encosto-balance-back","13":"product_tag-m3-premium-ortobras","14":"mbf-entry","16":"first","17":"outofstock","18":"sale","19":"shipping-taxable","20":"purchasable","21":"product-type-simple"},"_links":{"self":[{"href":"https:\/\/hospitalariars.com.br\/index.php\/wp-json\/wp\/v2\/product\/7649","targetHints":{"allow":["GET"]}}],"collection":[{"href":"https:\/\/hospitalariars.com.br\/index.php\/wp-json\/wp\/v2\/product"}],"about":[{"href":"https:\/\/hospitalariars.com.br\/index.php\/wp-json\/wp\/v2\/types\/product"}],"replies":[{"embeddable":true,"href":"https:\/\/hospitalariars.com.br\/index.php\/wp-json\/wp\/v2\/comments?post=7649"}],"wp:featuredmedia":[{"embeddable":true,"href":"https:\/\/hospitalariars.com.br\/index.php\/wp-json\/wp\/v2\/media\/7650"}],"wp:attachment":[{"href":"https:\/\/hospitalariars.com.br\/index.php\/wp-json\/wp\/v2\/media?parent=7649"}],"wp:term":[{"taxonomy":"product_brand","embeddable":true,"href":"https:\/\/hospitalariars.com.br\/index.php\/wp-json\/wp\/v2\/product_brand?post=7649"},{"taxonomy":"product_cat","embeddable":true,"href":"https:\/\/hospitalariars.com.br\/index.php\/wp-json\/wp\/v2\/product_cat?post=7649"},{"taxonomy":"product_tag","embeddable":true,"href":"https:\/\/hospitalariars.com.br\/index.php\/wp-json\/wp\/v2\/product_tag?post=7649"}],"curies":[{"name":"wp","href":"https:\/\/api.w.org\/{rel}","templated":true}]}}