{"id":7656,"date":"2025-06-18T15:44:36","date_gmt":"2025-06-18T18:44:36","guid":{"rendered":"https:\/\/hospitalariars.com.br\/?post_type=product&#038;p=7656"},"modified":"2026-03-27T16:03:40","modified_gmt":"2026-03-27T19:03:40","slug":"encosto-hummel-ortobras","status":"publish","type":"product","link":"https:\/\/hospitalariars.com.br\/index.php\/produto\/encosto-hummel-ortobras\/","title":{"rendered":"Encosto Hummel 01 un &#8211; Ortobras"},"content":{"rendered":"<h2 data-start=\"140\" data-end=\"188\"><strong data-start=\"146\" data-end=\"186\">Encosto Hummel para Cadeira de Rodas<\/strong><\/h2>\n<p data-start=\"189\" data-end=\"236\"><strong data-start=\"189\" data-end=\"236\">Postura, Conforto e Efici\u00eancia na Propuls\u00e3o<\/strong><\/p>\n<p data-start=\"238\" data-end=\"444\">O <strong data-start=\"240\" data-end=\"258\">Encosto Hummel<\/strong> foi desenvolvido para auxiliar o usu\u00e1rio a manter uma postura <strong data-start=\"321\" data-end=\"354\">erguida, est\u00e1vel e ergon\u00f4mica<\/strong>, oferecendo mais conforto e maior toler\u00e2ncia \u00e0 perman\u00eancia prolongada na posi\u00e7\u00e3o sentada.<\/p>\n<h3 data-start=\"446\" data-end=\"467\"><strong data-start=\"452\" data-end=\"467\">Benef\u00edcios:<\/strong><\/h3>\n<ul data-start=\"469\" data-end=\"761\">\n<li data-start=\"469\" data-end=\"551\">\n<p data-start=\"471\" data-end=\"551\">Proporciona <strong data-start=\"483\" data-end=\"500\">suporte firme<\/strong> e promove o <strong data-start=\"513\" data-end=\"549\">posicionamento correto da coluna<\/strong><\/p>\n<\/li>\n<li data-start=\"552\" data-end=\"623\">\n<p data-start=\"554\" data-end=\"623\"><strong data-start=\"554\" data-end=\"578\">Facilita a propuls\u00e3o<\/strong> da cadeira de rodas \u2013 requer menos esfor\u00e7o<\/p>\n<\/li>\n<li data-start=\"624\" data-end=\"683\">\n<p data-start=\"626\" data-end=\"683\">Oferece <strong data-start=\"634\" data-end=\"660\">tr\u00eas op\u00e7\u00f5es de suporte<\/strong>: Baixo, M\u00e9dio e Alto<\/p>\n<\/li>\n<li data-start=\"684\" data-end=\"761\">\n<p data-start=\"686\" data-end=\"761\"><strong data-start=\"686\" data-end=\"708\">F\u00e1cil de desmontar<\/strong>, permitindo o fechamento da cadeira sem dificuldades<\/p>\n<\/li>\n<\/ul>\n<hr data-start=\"763\" data-end=\"766\" \/>\n<h3 data-start=\"768\" data-end=\"800\"><strong data-start=\"775\" data-end=\"800\">Tamanhos Dispon\u00edveis:<\/strong><\/h3>\n<h4 data-start=\"802\" data-end=\"821\"><strong data-start=\"810\" data-end=\"819\">Baixo<\/strong><\/h4>\n<ul data-start=\"822\" data-end=\"900\">\n<li data-start=\"822\" data-end=\"862\">\n<p data-start=\"824\" data-end=\"862\">Largura: 36\/38 cm | Altura: 30\/35 cm<\/p>\n<\/li>\n<li data-start=\"863\" data-end=\"900\">\n<p data-start=\"865\" data-end=\"900\">Largura: 36\/38 cm | Altura: 40 cm<\/p>\n<\/li>\n<\/ul>\n<h4 data-start=\"902\" data-end=\"921\"><strong data-start=\"910\" data-end=\"919\">M\u00e9dio<\/strong><\/h4>\n<ul data-start=\"922\" data-end=\"959\">\n<li data-start=\"922\" data-end=\"959\">\n<p data-start=\"924\" data-end=\"959\">Largura: 40\/42 cm | Altura: 40 cm<\/p>\n<\/li>\n<\/ul>\n<h4 data-start=\"961\" data-end=\"979\"><strong data-start=\"969\" data-end=\"977\">Alto<\/strong><\/h4>\n<ul data-start=\"980\" data-end=\"1017\">\n<li data-start=\"980\" data-end=\"1017\">\n<p data-start=\"982\" data-end=\"1017\">Largura: 44\/46 cm | Altura: 40 cm<\/p>\n<\/li>\n<\/ul>\n","protected":false},"excerpt":{"rendered":"Encosto Hummel para Cadeira de Rodas Postura, Conforto e Efici\u00eancia na Propuls\u00e3o O Encosto Hummel foi desenvolvido para&hellip;","protected":false},"featured_media":7657,"comment_status":"open","ping_status":"closed","template":"","meta":{"slim_seo":{"title":"Encosto Hummel 01 un - Ortobras - Hospitalaria RS","description":"Encosto Hummel para Cadeira de Rodas Postura, Conforto e Efici\u00eancia na Propuls\u00e3o O Encosto Hummel foi desenvolvido para auxiliar o usu\u00e1rio a manter uma postura"}},"product_brand":[131],"product_cat":[163,34],"product_tag":[554,551,553,552],"class_list":{"0":"post-7656","1":"product","2":"type-product","3":"status-publish","4":"has-post-thumbnail","6":"product_brand-ortobras","7":"product_cat-almofada","8":"product_cat-equipamentos","9":"product_tag-desmontavel-facil","10":"product_tag-encosto-postura-ergonomico","11":"product_tag-facilita-propulsao-cadeira","12":"product_tag-suporte-coluna-estavel","13":"mbf-entry","15":"first","16":"outofstock","17":"shipping-taxable","18":"product-type-simple"},"_links":{"self":[{"href":"https:\/\/hospitalariars.com.br\/index.php\/wp-json\/wp\/v2\/product\/7656","targetHints":{"allow":["GET"]}}],"collection":[{"href":"https:\/\/hospitalariars.com.br\/index.php\/wp-json\/wp\/v2\/product"}],"about":[{"href":"https:\/\/hospitalariars.com.br\/index.php\/wp-json\/wp\/v2\/types\/product"}],"replies":[{"embeddable":true,"href":"https:\/\/hospitalariars.com.br\/index.php\/wp-json\/wp\/v2\/comments?post=7656"}],"wp:featuredmedia":[{"embeddable":true,"href":"https:\/\/hospitalariars.com.br\/index.php\/wp-json\/wp\/v2\/media\/7657"}],"wp:attachment":[{"href":"https:\/\/hospitalariars.com.br\/index.php\/wp-json\/wp\/v2\/media?parent=7656"}],"wp:term":[{"taxonomy":"product_brand","embeddable":true,"href":"https:\/\/hospitalariars.com.br\/index.php\/wp-json\/wp\/v2\/product_brand?post=7656"},{"taxonomy":"product_cat","embeddable":true,"href":"https:\/\/hospitalariars.com.br\/index.php\/wp-json\/wp\/v2\/product_cat?post=7656"},{"taxonomy":"product_tag","embeddable":true,"href":"https:\/\/hospitalariars.com.br\/index.php\/wp-json\/wp\/v2\/product_tag?post=7656"}],"curies":[{"name":"wp","href":"https:\/\/api.w.org\/{rel}","templated":true}]}}