{"id":7658,"date":"2025-06-18T15:53:09","date_gmt":"2025-06-18T18:53:09","guid":{"rendered":"https:\/\/hospitalariars.com.br\/?post_type=product&#038;p=7658"},"modified":"2026-03-27T16:03:40","modified_gmt":"2026-03-27T19:03:40","slug":"elevador-de-piscina-pool-lift-ortobras","status":"publish","type":"product","link":"https:\/\/hospitalariars.com.br\/index.php\/produto\/elevador-de-piscina-pool-lift-ortobras\/","title":{"rendered":"Elevador de Piscina Pool Lift &#8211; Ortobras"},"content":{"rendered":"<div class=\"pd-description\">\n<div class=\"pd-content\">\n<div class=\"std \">\n<div class=\"block-description w-100 mt-2 mb-2 \">\n<h2>Elevador de Piscina Pool Lift<\/h2>\n<p>O\u00a0<strong>Elevador de Piscina\u00a0Pool Lift da Ortobras<\/strong>\u00a0\u00e9 uma refer\u00eancia em acessibilidade aqu\u00e1tica, oferecendo uma transi\u00e7\u00e3o suave e segura para voc\u00ea que gosta de aproveitar a piscina. Proporcionando uma experi\u00eancia inclusiva na piscina, sua estrutura robusta e os materiais de alta qualidade garantem conforto durante seu momento de lazer. Os avan\u00e7ados sistemas de seguran\u00e7a garantem tranquilidade tanto para voc\u00ea quanto para os cuidadores, enquanto a opera\u00e7\u00e3o intuitiva torna o acesso \u00e0 piscina f\u00e1cil para todos. Assim, destaca-se como uma solu\u00e7\u00e3o confi\u00e1vel e acess\u00edvel, promovendo sua participa\u00e7\u00e3o nas atividades aqu\u00e1ticas de forma confort\u00e1vel e inclusiva.<\/p>\n<p>&nbsp;<\/p>\n<p><strong>Pricipais Caracter\u00edsticas:<\/strong><\/p>\n<ul>\n<li><strong>Comprimento MONTADO ABERTO de:<\/strong>\u00a0106,5cm<\/li>\n<li><strong>Largura MONTADO ABERTO de:<\/strong>141,8cm<\/li>\n<li><strong>Altura MONTADO ABERTO de:<\/strong>\u00a0153,5cm<\/li>\n<li><strong>Capacidade de Peso:<\/strong>\u00a0150 Kg<\/li>\n<li><strong>Instala\u00e7\u00e3o:<\/strong>\u00a0Direita e Esquerda<\/li>\n<\/ul>\n<p><strong>OBS:\u00a0Instala\u00e7\u00e3o por conta do adquirente<\/strong><\/p>\n<p>&nbsp;<\/p>\n<\/div>\n<\/div>\n<\/div>\n<\/div>\n<div class=\"pd-additional\">\n<p><span class=\"h5\">Informa\u00e7\u00f5es adicionais<\/span><\/p>\n<div class=\"pd-content\">\n<ul>\n<li data-attr-code=\"marca\"><strong>Marca:\u00a0<\/strong>Ortobras<\/li>\n<li data-attr-code=\"classificacao_riscos\"><strong>Classifica\u00e7\u00e3o de Risco:\u00a0<\/strong>I-Baixo Risco<\/li>\n<\/ul>\n<\/div>\n<\/div>\n","protected":false},"excerpt":{"rendered":"Elevador de Piscina Pool Lift O\u00a0Elevador de Piscina\u00a0Pool Lift da Ortobras\u00a0\u00e9 uma refer\u00eancia em acessibilidade aqu\u00e1tica, oferecendo uma&hellip;","protected":false},"featured_media":7659,"comment_status":"open","ping_status":"closed","template":"","meta":{"slim_seo":{"title":"Elevador de Piscina Pool Lift - Ortobras - Hospitalaria RS","description":"Elevador de Piscina Pool Lift O\u00a0 Elevador de Piscina\u00a0Pool Lift da Ortobras \u00a0\u00e9 uma refer\u00eancia em acessibilidade aqu\u00e1tica, oferecendo uma transi\u00e7\u00e3o suave e segura"}},"product_brand":[131],"product_cat":[34],"product_tag":[534,535,533,537,536],"class_list":{"0":"post-7658","1":"product","2":"type-product","3":"status-publish","4":"has-post-thumbnail","6":"product_brand-ortobras","7":"product_cat-equipamentos","8":"product_tag-acessibilidade-aquatica","9":"product_tag-capacidade-150kg","10":"product_tag-elevador-de-piscina-acessivel","11":"product_tag-estrutura-robusta-ortobras","12":"product_tag-operacao-intuitiva","13":"mbf-entry","15":"first","16":"outofstock","17":"shipping-taxable","18":"product-type-simple"},"_links":{"self":[{"href":"https:\/\/hospitalariars.com.br\/index.php\/wp-json\/wp\/v2\/product\/7658","targetHints":{"allow":["GET"]}}],"collection":[{"href":"https:\/\/hospitalariars.com.br\/index.php\/wp-json\/wp\/v2\/product"}],"about":[{"href":"https:\/\/hospitalariars.com.br\/index.php\/wp-json\/wp\/v2\/types\/product"}],"replies":[{"embeddable":true,"href":"https:\/\/hospitalariars.com.br\/index.php\/wp-json\/wp\/v2\/comments?post=7658"}],"wp:featuredmedia":[{"embeddable":true,"href":"https:\/\/hospitalariars.com.br\/index.php\/wp-json\/wp\/v2\/media\/7659"}],"wp:attachment":[{"href":"https:\/\/hospitalariars.com.br\/index.php\/wp-json\/wp\/v2\/media?parent=7658"}],"wp:term":[{"taxonomy":"product_brand","embeddable":true,"href":"https:\/\/hospitalariars.com.br\/index.php\/wp-json\/wp\/v2\/product_brand?post=7658"},{"taxonomy":"product_cat","embeddable":true,"href":"https:\/\/hospitalariars.com.br\/index.php\/wp-json\/wp\/v2\/product_cat?post=7658"},{"taxonomy":"product_tag","embeddable":true,"href":"https:\/\/hospitalariars.com.br\/index.php\/wp-json\/wp\/v2\/product_tag?post=7658"}],"curies":[{"name":"wp","href":"https:\/\/api.w.org\/{rel}","templated":true}]}}