{"id":7684,"date":"2025-06-20T10:00:23","date_gmt":"2025-06-20T13:00:23","guid":{"rendered":"https:\/\/hospitalariars.com.br\/?post_type=product&#038;p=7684"},"modified":"2026-03-27T16:03:40","modified_gmt":"2026-03-27T19:03:40","slug":"polihexam-liquido-solucao-de-phmb-01-helianto","status":"publish","type":"product","link":"https:\/\/hospitalariars.com.br\/index.php\/produto\/polihexam-liquido-solucao-de-phmb-01-helianto\/","title":{"rendered":"Polihexam L\u00edquido Solu\u00e7\u00e3o de PHMB 0,1% 100ml | 350ml &#8211; Helianto"},"content":{"rendered":"<div class=\"elementor-element elementor-element-8a0d28d elementor-widget elementor-widget-text-editor\" data-id=\"8a0d28d\" data-element_type=\"widget\" data-widget_type=\"text-editor.default\">\n<div class=\"elementor-widget-container\">\n<p>Solu\u00e7\u00e3o de PHMB (Polihexanida), Cocoamidopropil Beta\u00edna 0,1% (beta\u00edna) e \u00e1gua purificada. Limpa, descontamina, controla a carga microbiana e o biofilme das feridas. Indicado para limpeza de feridas.<\/p>\n<ul>\n<li>N\u00e3o citot\u00f3xico; n\u00e3o irritante;<\/li>\n<li>Previne e remove biofilme;<\/li>\n<li>Diminui odores desagrad\u00e1veis;<\/li>\n<li>Promove limpeza e descontamina\u00e7\u00e3o dos tecidos sem fric\u00e7\u00e3o;<\/li>\n<li>Compat\u00edvel com outros tipos de curativos industrializados.<\/li>\n<\/ul>\n<\/div>\n<\/div>\n<div class=\"elementor-element elementor-element-1538214 elementor-widget elementor-widget-text-editor\" data-id=\"1538214\" data-element_type=\"widget\" data-widget_type=\"text-editor.default\">\n<div class=\"elementor-widget-container\">\n<p>\u00a0Anvisa: Classe IV 80225200020<\/p>\n<\/div>\n<\/div>\n","protected":false},"excerpt":{"rendered":"Solu\u00e7\u00e3o de PHMB (Polihexanida), Cocoamidopropil Beta\u00edna 0,1% (beta\u00edna) e \u00e1gua purificada. Limpa, descontamina, controla a carga microbiana e&hellip;","protected":false},"featured_media":7832,"comment_status":"open","ping_status":"closed","template":"","meta":{"slim_seo":{"title":"Polihexam L\u00edquido Solu\u00e7\u00e3o de PHMB 0,1% 100ml | 350ml - Helianto - Hospitalaria RS","description":"Solu\u00e7\u00e3o de PHMB (Polihexanida), Cocoamidopropil Beta\u00edna 0,1% (beta\u00edna) e \u00e1gua purificada. Limpa, descontamina, controla a carga microbiana e o biofilme das feri"}},"product_brand":[103],"product_cat":[102],"product_tag":[578,576,577,575,574],"class_list":{"0":"post-7684","1":"product","2":"type-product","3":"status-publish","4":"has-post-thumbnail","6":"product_brand-helianto","7":"product_cat-feridas-e-pele","8":"product_tag-antisseptico-nao-citotoxico","9":"product_tag-controle-de-biofilme","10":"product_tag-descontaminacao-sem-friccao","11":"product_tag-limpeza-de-feridas","12":"product_tag-solucao-de-phmb","13":"mbf-entry","15":"first","16":"outofstock","17":"shipping-taxable","18":"purchasable","19":"product-type-variable"},"_links":{"self":[{"href":"https:\/\/hospitalariars.com.br\/index.php\/wp-json\/wp\/v2\/product\/7684","targetHints":{"allow":["GET"]}}],"collection":[{"href":"https:\/\/hospitalariars.com.br\/index.php\/wp-json\/wp\/v2\/product"}],"about":[{"href":"https:\/\/hospitalariars.com.br\/index.php\/wp-json\/wp\/v2\/types\/product"}],"replies":[{"embeddable":true,"href":"https:\/\/hospitalariars.com.br\/index.php\/wp-json\/wp\/v2\/comments?post=7684"}],"wp:featuredmedia":[{"embeddable":true,"href":"https:\/\/hospitalariars.com.br\/index.php\/wp-json\/wp\/v2\/media\/7832"}],"wp:attachment":[{"href":"https:\/\/hospitalariars.com.br\/index.php\/wp-json\/wp\/v2\/media?parent=7684"}],"wp:term":[{"taxonomy":"product_brand","embeddable":true,"href":"https:\/\/hospitalariars.com.br\/index.php\/wp-json\/wp\/v2\/product_brand?post=7684"},{"taxonomy":"product_cat","embeddable":true,"href":"https:\/\/hospitalariars.com.br\/index.php\/wp-json\/wp\/v2\/product_cat?post=7684"},{"taxonomy":"product_tag","embeddable":true,"href":"https:\/\/hospitalariars.com.br\/index.php\/wp-json\/wp\/v2\/product_tag?post=7684"}],"curies":[{"name":"wp","href":"https:\/\/api.w.org\/{rel}","templated":true}]}}