{"id":7686,"date":"2025-06-20T10:02:58","date_gmt":"2025-06-20T13:02:58","guid":{"rendered":"https:\/\/hospitalariars.com.br\/?post_type=product&#038;p=7686"},"modified":"2026-03-27T16:03:40","modified_gmt":"2026-03-27T19:03:40","slug":"polihexam-solugel-gel-de-phmb-01-helianto","status":"publish","type":"product","link":"https:\/\/hospitalariars.com.br\/index.php\/produto\/polihexam-solugel-gel-de-phmb-01-helianto\/","title":{"rendered":"Polihexam Solugel Gel de PHMB 0,1% 100ml &#8211; Helianto"},"content":{"rendered":"<div class=\"elementor-element elementor-element-71b1153 elementor-widget elementor-widget-text-editor\" data-id=\"71b1153\" data-element_type=\"widget\" data-widget_type=\"text-editor.default\">\n<div class=\"elementor-widget-container\">\n<p>Gel para limpeza, hidrata\u00e7\u00e3o e descontamina\u00e7\u00e3o de feridas. Composto de PHMB 0,1% (polihexanida), Cocoamidopropil Beta\u00edna 0,1% (beta\u00edna), glicerina, hidroxietilcelulose e \u00e1gua purificada. Indicado para limpeza, hidrata\u00e7\u00e3o e descontamina\u00e7\u00e3o das feridas.<\/p>\n<ul>\n<li>Hidrata o leito da ferida;<\/li>\n<li>Controle do biofilme;<\/li>\n<li>Diminui odores desagrad\u00e1veis;<\/li>\n<li>Potente a\u00e7\u00e3o antimicrobiana por at\u00e9 72h;<\/li>\n<li>Auxilia e promove o desbridamento seletivo;<\/li>\n<li>Acelera o processo de cicatriza\u00e7\u00e3o;<\/li>\n<li>N\u00e3o \u00e9 citot\u00f3xico;<\/li>\n<li>Compat\u00edvel com outros tipos de curativos industrializado;<\/li>\n<li>Hipoalerg\u00eanico, diminuindo poss\u00edveis rea\u00e7\u00f5es al\u00e9rgicas.<\/li>\n<li>Previne e remove biofilme;<\/li>\n<\/ul>\n<\/div>\n<\/div>\n<div class=\"elementor-element elementor-element-ad3a284 elementor-widget elementor-widget-text-editor\" data-id=\"ad3a284\" data-element_type=\"widget\" data-widget_type=\"text-editor.default\">\n<div class=\"elementor-widget-container\">\n<p>Anvisa: Classe\u00a0 IV 80225200022<\/p>\n<p>Apresenta\u00e7\u00e3o:\u00a0 100 ml<\/p>\n<\/div>\n<\/div>\n","protected":false},"excerpt":{"rendered":"Gel para limpeza, hidrata\u00e7\u00e3o e descontamina\u00e7\u00e3o de feridas. Composto de PHMB 0,1% (polihexanida), Cocoamidopropil Beta\u00edna 0,1% (beta\u00edna), glicerina,&hellip;","protected":false},"featured_media":7771,"comment_status":"open","ping_status":"closed","template":"","meta":{"slim_seo":{"title":"Polihexam Solugel Gel de PHMB 0,1% 100ml - Helianto - Hospitalaria RS","description":"Gel para limpeza, hidrata\u00e7\u00e3o e descontamina\u00e7\u00e3o de feridas. Composto de PHMB 0,1% (polihexanida), Cocoamidopropil Beta\u00edna 0,1% (beta\u00edna), glicerina, hidroxietilc"}},"product_brand":[103],"product_cat":[102],"product_tag":[190,191,192,107,189],"class_list":{"0":"post-7686","1":"product","2":"type-product","3":"status-publish","4":"has-post-thumbnail","6":"product_brand-helianto","7":"product_cat-feridas-e-pele","8":"product_tag-descontaminacao-de-feridas","9":"product_tag-diminui-odores-desagradaveis","10":"product_tag-gel-para-limpeza","11":"product_tag-hidratacao","12":"product_tag-solucao-de-limpeza","13":"mbf-entry","15":"first","16":"outofstock","17":"shipping-taxable","18":"purchasable","19":"product-type-simple"},"_links":{"self":[{"href":"https:\/\/hospitalariars.com.br\/index.php\/wp-json\/wp\/v2\/product\/7686","targetHints":{"allow":["GET"]}}],"collection":[{"href":"https:\/\/hospitalariars.com.br\/index.php\/wp-json\/wp\/v2\/product"}],"about":[{"href":"https:\/\/hospitalariars.com.br\/index.php\/wp-json\/wp\/v2\/types\/product"}],"replies":[{"embeddable":true,"href":"https:\/\/hospitalariars.com.br\/index.php\/wp-json\/wp\/v2\/comments?post=7686"}],"wp:featuredmedia":[{"embeddable":true,"href":"https:\/\/hospitalariars.com.br\/index.php\/wp-json\/wp\/v2\/media\/7771"}],"wp:attachment":[{"href":"https:\/\/hospitalariars.com.br\/index.php\/wp-json\/wp\/v2\/media?parent=7686"}],"wp:term":[{"taxonomy":"product_brand","embeddable":true,"href":"https:\/\/hospitalariars.com.br\/index.php\/wp-json\/wp\/v2\/product_brand?post=7686"},{"taxonomy":"product_cat","embeddable":true,"href":"https:\/\/hospitalariars.com.br\/index.php\/wp-json\/wp\/v2\/product_cat?post=7686"},{"taxonomy":"product_tag","embeddable":true,"href":"https:\/\/hospitalariars.com.br\/index.php\/wp-json\/wp\/v2\/product_tag?post=7686"}],"curies":[{"name":"wp","href":"https:\/\/api.w.org\/{rel}","templated":true}]}}